{"id":525,"date":"2025-12-12T00:13:27","date_gmt":"2025-12-11T23:13:27","guid":{"rendered":"https:\/\/dekorativnisvijet.com\/?post_type=product&#038;p=525"},"modified":"2025-12-12T00:13:27","modified_gmt":"2025-12-11T23:13:27","slug":"kinder-jaje-kutija","status":"publish","type":"product","link":"https:\/\/dekorativnisvijet.com\/bs\/proizvod\/kinder-jaje-kutija\/","title":{"rendered":"Kinder jaje kutija"},"content":{"rendered":"<p><img loading=\"lazy\" decoding=\"async\" class=\"alignnone size-medium wp-image-529\" src=\"https:\/\/dekorativnisvijet.com\/wp-content\/uploads\/2025\/12\/IMG_4975-300x400.jpeg\" alt=\"\" width=\"300\" height=\"400\" srcset=\"https:\/\/dekorativnisvijet.com\/wp-content\/uploads\/2025\/12\/IMG_4975-300x400.jpeg 300w, https:\/\/dekorativnisvijet.com\/wp-content\/uploads\/2025\/12\/IMG_4975-600x800.jpeg 600w, https:\/\/dekorativnisvijet.com\/wp-content\/uploads\/2025\/12\/IMG_4975-768x1024.jpeg 768w, https:\/\/dekorativnisvijet.com\/wp-content\/uploads\/2025\/12\/IMG_4975-1152x1536.jpeg 1152w, https:\/\/dekorativnisvijet.com\/wp-content\/uploads\/2025\/12\/IMG_4975-1536x2048.jpeg 1536w, https:\/\/dekorativnisvijet.com\/wp-content\/uploads\/2025\/12\/IMG_4975-9x12.jpeg 9w, https:\/\/dekorativnisvijet.com\/wp-content\/uploads\/2025\/12\/IMG_4975-1320x1760.jpeg 1320w, https:\/\/dekorativnisvijet.com\/wp-content\/uploads\/2025\/12\/IMG_4975-scaled.jpeg 1920w\" sizes=\"auto, (max-width: 300px) 100vw, 300px\" \/><\/p>\n<h3 data-start=\"111\" data-end=\"190\"><strong data-start=\"115\" data-end=\"188\">\u201eTra\u017ei\u0161 poklon koji odu\u0161evi na prvi pogled i iznenadi kad se otvori?\u201c<\/strong><\/h3>\n<p data-start=\"191\" data-end=\"294\">Na\u0161e personalizirano <strong data-start=\"212\" data-end=\"232\">mega Kinder jaje<\/strong> je upravo to \u2014 veliki WOW efekat spakovan u preslatku kutiju!<\/p>\n<p data-start=\"296\" data-end=\"437\">Svako jaje izra\u0111eno je pa\u017eljivo i kvalitetno, sa imenom po \u017eelji, \u0161to ga \u010dini posebnim i potpuno unikatnim.<br data-start=\"403\" data-end=\"406\" \/>Ali ono \u0161to ga \u010dini jo\u0161 boljim?<\/p>","protected":false},"excerpt":{"rendered":"<p><img loading=\"lazy\" decoding=\"async\" class=\"alignnone size-medium wp-image-528\" src=\"https:\/\/dekorativnisvijet.com\/wp-content\/uploads\/2025\/12\/IMG_4940-300x400.jpeg\" alt=\"\" width=\"300\" height=\"400\" srcset=\"https:\/\/dekorativnisvijet.com\/wp-content\/uploads\/2025\/12\/IMG_4940-300x400.jpeg 300w, https:\/\/dekorativnisvijet.com\/wp-content\/uploads\/2025\/12\/IMG_4940-600x800.jpeg 600w, https:\/\/dekorativnisvijet.com\/wp-content\/uploads\/2025\/12\/IMG_4940-768x1024.jpeg 768w, https:\/\/dekorativnisvijet.com\/wp-content\/uploads\/2025\/12\/IMG_4940-1152x1536.jpeg 1152w, https:\/\/dekorativnisvijet.com\/wp-content\/uploads\/2025\/12\/IMG_4940-1536x2048.jpeg 1536w, https:\/\/dekorativnisvijet.com\/wp-content\/uploads\/2025\/12\/IMG_4940-9x12.jpeg 9w, https:\/\/dekorativnisvijet.com\/wp-content\/uploads\/2025\/12\/IMG_4940-1320x1760.jpeg 1320w, https:\/\/dekorativnisvijet.com\/wp-content\/uploads\/2025\/12\/IMG_4940-scaled.jpeg 1920w\" sizes=\"auto, (max-width: 300px) 100vw, 300px\" \/><\/p>\n<p data-start=\"439\" data-end=\"580\">\ud83c\udf81 <strong data-start=\"442\" data-end=\"478\">Mo\u017ee\u0161 ga napuniti \u010dim god \u017eeli\u0161!<\/strong><br data-start=\"478\" data-end=\"481\" \/>Slatki\u0161i, sitni pokloni, kozmetika, igra\u010dke, vau\u010deri, novac, mini iznena\u0111enja\u2026 ma \u0161ta god zamisli\u0161.<\/p>\n<p data-start=\"582\" data-end=\"751\">Zbog toga je savr\u0161eno za:<br data-start=\"607\" data-end=\"610\" \/>\u2728 ro\u0111endane<br data-start=\"621\" data-end=\"624\" \/>\u2728 iznena\u0111enja za djecu i odrasle<br data-start=\"656\" data-end=\"659\" \/>\u2728 poklone za partnere<br data-start=\"680\" data-end=\"683\" \/>\u2728 \u010destitke i slavlja<br data-start=\"703\" data-end=\"706\" \/>\u2728 dekoraciju ili kutiju za \u010duvanje uspomena<\/p>\n<p data-start=\"753\" data-end=\"860\">\u010cim se poklopac podigne, kre\u0107e odu\u0161evljenje.<br data-start=\"797\" data-end=\"800\" \/><strong data-start=\"800\" data-end=\"860\">Ovo nije samo kutija \u2013 ovo je iznena\u0111enje koje se pamti.<\/strong><\/p>","protected":false},"featured_media":0,"comment_status":"open","ping_status":"closed","template":"","meta":[],"product_brand":[],"product_cat":[75,73],"product_tag":[],"class_list":{"0":"post-525","1":"product","2":"type-product","3":"status-publish","5":"product_cat-pokloni-od-drveta","6":"product_cat-unikatni-personalizovani-poklon","8":"first","9":"instock","10":"shipping-taxable","11":"purchasable","12":"product-type-simple"},"yoast_head":"<!-- This site is optimized with the Yoast SEO plugin v26.5 - https:\/\/yoast.com\/wordpress\/plugins\/seo\/ -->\n<title>Kinder jaje kutija - Dekorativni svijet \u2013 Ru\u010dno ra\u0111eni i personalizirani pokloni<\/title>\n<meta name=\"robots\" content=\"index, follow, max-snippet:-1, max-image-preview:large, max-video-preview:-1\" \/>\n<link rel=\"canonical\" href=\"https:\/\/dekorativnisvijet.com\/bs\/proizvod\/kinder-jaje-kutija\/\" \/>\n<meta property=\"og:locale\" content=\"bs_BA\" \/>\n<meta property=\"og:type\" content=\"article\" \/>\n<meta property=\"og:title\" content=\"Kinder jaje kutija - Dekorativni svijet \u2013 Ru\u010dno ra\u0111eni i personalizirani pokloni\" \/>\n<meta property=\"og:description\" content=\"\ud83c\udf81 Mo\u017ee\u0161 ga napuniti \u010dim god \u017eeli\u0161!Slatki\u0161i, sitni pokloni, kozmetika, igra\u010dke, vau\u010deri, novac, mini iznena\u0111enja\u2026 ma \u0161ta god zamisli\u0161. Zbog toga je savr\u0161eno za:\u2728 ro\u0111endane\u2728 iznena\u0111enja za djecu i odrasle\u2728 poklone za partnere\u2728 \u010destitke i slavlja\u2728 dekoraciju ili kutiju za \u010duvanje uspomena \u010cim se poklopac podigne, kre\u0107e odu\u0161evljenje.Ovo nije samo kutija \u2013 ovo je iznena\u0111enje koje se pamti.\" \/>\n<meta property=\"og:url\" content=\"https:\/\/dekorativnisvijet.com\/bs\/proizvod\/kinder-jaje-kutija\/\" \/>\n<meta property=\"og:site_name\" content=\"Dekorativni svijet \u2013 Ru\u010dno ra\u0111eni i personalizirani pokloni\" \/>\n<meta property=\"article:publisher\" content=\"https:\/\/www.facebook.com\/profile.php?id=100089319944185\" \/>\n<meta property=\"og:image\" content=\"https:\/\/dekorativnisvijet.com\/wp-content\/uploads\/2025\/12\/IMG_4975-scaled.jpeg\" \/>\n\t<meta property=\"og:image:width\" content=\"1920\" \/>\n\t<meta property=\"og:image:height\" content=\"2560\" \/>\n\t<meta property=\"og:image:type\" content=\"image\/jpeg\" \/>\n<meta name=\"twitter:card\" content=\"summary_large_image\" \/>\n<script type=\"application\/ld+json\" class=\"yoast-schema-graph\">{\"@context\":\"https:\/\/schema.org\",\"@graph\":[{\"@type\":\"WebPage\",\"@id\":\"https:\/\/dekorativnisvijet.com\/product\/kinder-jaje-kutija\/\",\"url\":\"https:\/\/dekorativnisvijet.com\/product\/kinder-jaje-kutija\/\",\"name\":\"Kinder jaje kutija - Dekorativni svijet \u2013 Ru\u010dno ra\u0111eni i personalizirani pokloni\",\"isPartOf\":{\"@id\":\"https:\/\/dekorativnisvijet.com\/#website\"},\"primaryImageOfPage\":{\"@id\":\"https:\/\/dekorativnisvijet.com\/product\/kinder-jaje-kutija\/#primaryimage\"},\"image\":{\"@id\":\"https:\/\/dekorativnisvijet.com\/product\/kinder-jaje-kutija\/#primaryimage\"},\"thumbnailUrl\":\"https:\/\/dekorativnisvijet.com\/wp-content\/uploads\/2025\/12\/IMG_4975-300x400.jpeg\",\"datePublished\":\"2025-12-11T23:13:27+00:00\",\"breadcrumb\":{\"@id\":\"https:\/\/dekorativnisvijet.com\/product\/kinder-jaje-kutija\/#breadcrumb\"},\"inLanguage\":\"bs-BA\",\"potentialAction\":[{\"@type\":\"ReadAction\",\"target\":[\"https:\/\/dekorativnisvijet.com\/product\/kinder-jaje-kutija\/\"]}]},{\"@type\":\"ImageObject\",\"inLanguage\":\"bs-BA\",\"@id\":\"https:\/\/dekorativnisvijet.com\/product\/kinder-jaje-kutija\/#primaryimage\",\"url\":\"https:\/\/dekorativnisvijet.com\/wp-content\/uploads\/2025\/12\/IMG_4975-300x400.jpeg\",\"contentUrl\":\"https:\/\/dekorativnisvijet.com\/wp-content\/uploads\/2025\/12\/IMG_4975-300x400.jpeg\"},{\"@type\":\"BreadcrumbList\",\"@id\":\"https:\/\/dekorativnisvijet.com\/product\/kinder-jaje-kutija\/#breadcrumb\",\"itemListElement\":[{\"@type\":\"ListItem\",\"position\":1,\"name\":\"Home\",\"item\":\"https:\/\/dekorativnisvijet.com\/\"},{\"@type\":\"ListItem\",\"position\":2,\"name\":\"Classic Shop\",\"item\":\"https:\/\/dekorativnisvijet.com\/bs\/demos\/shop-demos\/classic-shop\/\"},{\"@type\":\"ListItem\",\"position\":3,\"name\":\"Kinder jaje kutija\"}]},{\"@type\":\"WebSite\",\"@id\":\"https:\/\/dekorativnisvijet.com\/#website\",\"url\":\"https:\/\/dekorativnisvijet.com\/\",\"name\":\"dekorativnisvijet.com\",\"description\":\"Ru\u010dni rad i personalizovani pokloni\",\"publisher\":{\"@id\":\"https:\/\/dekorativnisvijet.com\/#\/schema\/person\/1defecf5e510b1dc3d648d2741c0252b\"},\"potentialAction\":[{\"@type\":\"SearchAction\",\"target\":{\"@type\":\"EntryPoint\",\"urlTemplate\":\"https:\/\/dekorativnisvijet.com\/?s={search_term_string}\"},\"query-input\":{\"@type\":\"PropertyValueSpecification\",\"valueRequired\":true,\"valueName\":\"search_term_string\"}}],\"inLanguage\":\"bs-BA\"},{\"@type\":[\"Person\",\"Organization\"],\"@id\":\"https:\/\/dekorativnisvijet.com\/#\/schema\/person\/1defecf5e510b1dc3d648d2741c0252b\",\"name\":\"Irhada Kurtalija\",\"image\":{\"@type\":\"ImageObject\",\"inLanguage\":\"bs-BA\",\"@id\":\"https:\/\/dekorativnisvijet.com\/#\/schema\/person\/image\/\",\"url\":\"https:\/\/dekorativnisvijet.com\/wp-content\/uploads\/2025\/12\/logo.jpg\",\"contentUrl\":\"https:\/\/dekorativnisvijet.com\/wp-content\/uploads\/2025\/12\/logo.jpg\",\"width\":1024,\"height\":1024,\"caption\":\"Irhada Kurtalija\"},\"logo\":{\"@id\":\"https:\/\/dekorativnisvijet.com\/#\/schema\/person\/image\/\"},\"sameAs\":[\"https:\/\/www.facebook.com\/profile.php?id=100089319944185\",\"https:\/\/www.instagram.com\/accounts\/edit\/?__coig_login=1\"]}]}<\/script>\n<!-- \/ Yoast SEO plugin. -->","yoast_head_json":{"title":"Kinder jaje kutija - Dekorativni svijet \u2013 Ru\u010dno ra\u0111eni i personalizirani pokloni","robots":{"index":"index","follow":"follow","max-snippet":"max-snippet:-1","max-image-preview":"max-image-preview:large","max-video-preview":"max-video-preview:-1"},"canonical":"https:\/\/dekorativnisvijet.com\/bs\/proizvod\/kinder-jaje-kutija\/","og_locale":"bs_BA","og_type":"article","og_title":"Kinder jaje kutija - Dekorativni svijet \u2013 Ru\u010dno ra\u0111eni i personalizirani pokloni","og_description":"\ud83c\udf81 Mo\u017ee\u0161 ga napuniti \u010dim god \u017eeli\u0161!Slatki\u0161i, sitni pokloni, kozmetika, igra\u010dke, vau\u010deri, novac, mini iznena\u0111enja\u2026 ma \u0161ta god zamisli\u0161. Zbog toga je savr\u0161eno za:\u2728 ro\u0111endane\u2728 iznena\u0111enja za djecu i odrasle\u2728 poklone za partnere\u2728 \u010destitke i slavlja\u2728 dekoraciju ili kutiju za \u010duvanje uspomena \u010cim se poklopac podigne, kre\u0107e odu\u0161evljenje.Ovo nije samo kutija \u2013 ovo je iznena\u0111enje koje se pamti.","og_url":"https:\/\/dekorativnisvijet.com\/bs\/proizvod\/kinder-jaje-kutija\/","og_site_name":"Dekorativni svijet \u2013 Ru\u010dno ra\u0111eni i personalizirani pokloni","article_publisher":"https:\/\/www.facebook.com\/profile.php?id=100089319944185","og_image":[{"width":1920,"height":2560,"url":"https:\/\/dekorativnisvijet.com\/wp-content\/uploads\/2025\/12\/IMG_4975-scaled.jpeg","type":"image\/jpeg"}],"twitter_card":"summary_large_image","schema":{"@context":"https:\/\/schema.org","@graph":[{"@type":"WebPage","@id":"https:\/\/dekorativnisvijet.com\/product\/kinder-jaje-kutija\/","url":"https:\/\/dekorativnisvijet.com\/product\/kinder-jaje-kutija\/","name":"Kinder jaje kutija - Dekorativni svijet \u2013 Ru\u010dno ra\u0111eni i personalizirani pokloni","isPartOf":{"@id":"https:\/\/dekorativnisvijet.com\/#website"},"primaryImageOfPage":{"@id":"https:\/\/dekorativnisvijet.com\/product\/kinder-jaje-kutija\/#primaryimage"},"image":{"@id":"https:\/\/dekorativnisvijet.com\/product\/kinder-jaje-kutija\/#primaryimage"},"thumbnailUrl":"https:\/\/dekorativnisvijet.com\/wp-content\/uploads\/2025\/12\/IMG_4975-300x400.jpeg","datePublished":"2025-12-11T23:13:27+00:00","breadcrumb":{"@id":"https:\/\/dekorativnisvijet.com\/product\/kinder-jaje-kutija\/#breadcrumb"},"inLanguage":"bs-BA","potentialAction":[{"@type":"ReadAction","target":["https:\/\/dekorativnisvijet.com\/product\/kinder-jaje-kutija\/"]}]},{"@type":"ImageObject","inLanguage":"bs-BA","@id":"https:\/\/dekorativnisvijet.com\/product\/kinder-jaje-kutija\/#primaryimage","url":"https:\/\/dekorativnisvijet.com\/wp-content\/uploads\/2025\/12\/IMG_4975-300x400.jpeg","contentUrl":"https:\/\/dekorativnisvijet.com\/wp-content\/uploads\/2025\/12\/IMG_4975-300x400.jpeg"},{"@type":"BreadcrumbList","@id":"https:\/\/dekorativnisvijet.com\/product\/kinder-jaje-kutija\/#breadcrumb","itemListElement":[{"@type":"ListItem","position":1,"name":"Home","item":"https:\/\/dekorativnisvijet.com\/"},{"@type":"ListItem","position":2,"name":"Classic Shop","item":"https:\/\/dekorativnisvijet.com\/bs\/demos\/shop-demos\/classic-shop\/"},{"@type":"ListItem","position":3,"name":"Kinder jaje kutija"}]},{"@type":"WebSite","@id":"https:\/\/dekorativnisvijet.com\/#website","url":"https:\/\/dekorativnisvijet.com\/","name":"dekorativnisvijet.com","description":"Ru\u010dni rad i personalizovani pokloni","publisher":{"@id":"https:\/\/dekorativnisvijet.com\/#\/schema\/person\/1defecf5e510b1dc3d648d2741c0252b"},"potentialAction":[{"@type":"SearchAction","target":{"@type":"EntryPoint","urlTemplate":"https:\/\/dekorativnisvijet.com\/?s={search_term_string}"},"query-input":{"@type":"PropertyValueSpecification","valueRequired":true,"valueName":"search_term_string"}}],"inLanguage":"bs-BA"},{"@type":["Person","Organization"],"@id":"https:\/\/dekorativnisvijet.com\/#\/schema\/person\/1defecf5e510b1dc3d648d2741c0252b","name":"Irhada Kurtalija","image":{"@type":"ImageObject","inLanguage":"bs-BA","@id":"https:\/\/dekorativnisvijet.com\/#\/schema\/person\/image\/","url":"https:\/\/dekorativnisvijet.com\/wp-content\/uploads\/2025\/12\/logo.jpg","contentUrl":"https:\/\/dekorativnisvijet.com\/wp-content\/uploads\/2025\/12\/logo.jpg","width":1024,"height":1024,"caption":"Irhada Kurtalija"},"logo":{"@id":"https:\/\/dekorativnisvijet.com\/#\/schema\/person\/image\/"},"sameAs":["https:\/\/www.facebook.com\/profile.php?id=100089319944185","https:\/\/www.instagram.com\/accounts\/edit\/?__coig_login=1"]}]}},"jetpack_sharing_enabled":true,"_links":{"self":[{"href":"https:\/\/dekorativnisvijet.com\/bs\/wp-json\/wp\/v2\/product\/525","targetHints":{"allow":["GET"]}}],"collection":[{"href":"https:\/\/dekorativnisvijet.com\/bs\/wp-json\/wp\/v2\/product"}],"about":[{"href":"https:\/\/dekorativnisvijet.com\/bs\/wp-json\/wp\/v2\/types\/product"}],"replies":[{"embeddable":true,"href":"https:\/\/dekorativnisvijet.com\/bs\/wp-json\/wp\/v2\/comments?post=525"}],"wp:attachment":[{"href":"https:\/\/dekorativnisvijet.com\/bs\/wp-json\/wp\/v2\/media?parent=525"}],"wp:term":[{"taxonomy":"product_brand","embeddable":true,"href":"https:\/\/dekorativnisvijet.com\/bs\/wp-json\/wp\/v2\/product_brand?post=525"},{"taxonomy":"product_cat","embeddable":true,"href":"https:\/\/dekorativnisvijet.com\/bs\/wp-json\/wp\/v2\/product_cat?post=525"},{"taxonomy":"product_tag","embeddable":true,"href":"https:\/\/dekorativnisvijet.com\/bs\/wp-json\/wp\/v2\/product_tag?post=525"}],"curies":[{"name":"wp","href":"https:\/\/api.w.org\/{rel}","templated":true}]}}