{"id":524,"date":"2025-12-12T00:06:31","date_gmt":"2025-12-11T23:06:31","guid":{"rendered":"https:\/\/dekorativnisvijet.com\/?post_type=product&#038;p=524"},"modified":"2025-12-12T00:06:31","modified_gmt":"2025-12-11T23:06:31","slug":"karikatura-poster","status":"publish","type":"product","link":"https:\/\/dekorativnisvijet.com\/bs\/proizvod\/karikatura-poster\/","title":{"rendered":"Karikatura poster"},"content":{"rendered":"<p data-start=\"342\" data-end=\"502\"><img loading=\"lazy\" decoding=\"async\" class=\"alignnone size-medium wp-image-522\" src=\"https:\/\/dekorativnisvijet.com\/wp-content\/uploads\/2025\/12\/att.9flm9CD9vdn5gflwO0JHVw9vuzx0Jd-7xPOVn4XvbTU-300x400.jpeg\" alt=\"\" width=\"300\" height=\"400\" srcset=\"https:\/\/dekorativnisvijet.com\/wp-content\/uploads\/2025\/12\/att.9flm9CD9vdn5gflwO0JHVw9vuzx0Jd-7xPOVn4XvbTU-300x400.jpeg 300w, https:\/\/dekorativnisvijet.com\/wp-content\/uploads\/2025\/12\/att.9flm9CD9vdn5gflwO0JHVw9vuzx0Jd-7xPOVn4XvbTU-600x800.jpeg 600w, https:\/\/dekorativnisvijet.com\/wp-content\/uploads\/2025\/12\/att.9flm9CD9vdn5gflwO0JHVw9vuzx0Jd-7xPOVn4XvbTU-768x1024.jpeg 768w, https:\/\/dekorativnisvijet.com\/wp-content\/uploads\/2025\/12\/att.9flm9CD9vdn5gflwO0JHVw9vuzx0Jd-7xPOVn4XvbTU-1152x1536.jpeg 1152w, https:\/\/dekorativnisvijet.com\/wp-content\/uploads\/2025\/12\/att.9flm9CD9vdn5gflwO0JHVw9vuzx0Jd-7xPOVn4XvbTU-1536x2048.jpeg 1536w, https:\/\/dekorativnisvijet.com\/wp-content\/uploads\/2025\/12\/att.9flm9CD9vdn5gflwO0JHVw9vuzx0Jd-7xPOVn4XvbTU-9x12.jpeg 9w, https:\/\/dekorativnisvijet.com\/wp-content\/uploads\/2025\/12\/att.9flm9CD9vdn5gflwO0JHVw9vuzx0Jd-7xPOVn4XvbTU-1320x1760.jpeg 1320w, https:\/\/dekorativnisvijet.com\/wp-content\/uploads\/2025\/12\/att.9flm9CD9vdn5gflwO0JHVw9vuzx0Jd-7xPOVn4XvbTU-scaled.jpeg 1920w\" sizes=\"auto, (max-width: 300px) 100vw, 300px\" \/><\/p>\n<h3 data-start=\"132\" data-end=\"209\"><strong data-start=\"136\" data-end=\"207\">\u201eTra\u017ei\u0161 poklon koji \u0107e nasmijati \u2013 ali i ostati zapam\u0107en godinama?\u201c<\/strong><\/h3>\n<p data-start=\"210\" data-end=\"340\">Na\u0161e personalizirane karikature nisu samo slike.<br data-start=\"258\" data-end=\"261\" \/><strong data-start=\"261\" data-end=\"340\">One su trenutak uhva\u0107en u humoru, emociji i karakteru osobe koju poklanja\u0161.<\/strong><\/p>\n<p data-start=\"342\" data-end=\"502\">Bilo da je za automehani\u010dara, frizera, kuhara, tatu, mamu, \u0161efa ili prijatelja \u2013 svaka karikatura je napravljena tako da izgleda jedinstveno, li\u010dno i posebno.<\/p>","protected":false},"excerpt":{"rendered":"<p><img loading=\"lazy\" decoding=\"async\" class=\"alignnone size-medium wp-image-522\" src=\"https:\/\/dekorativnisvijet.com\/wp-content\/uploads\/2025\/12\/att.9flm9CD9vdn5gflwO0JHVw9vuzx0Jd-7xPOVn4XvbTU-300x400.jpeg\" alt=\"\" width=\"300\" height=\"400\" srcset=\"https:\/\/dekorativnisvijet.com\/wp-content\/uploads\/2025\/12\/att.9flm9CD9vdn5gflwO0JHVw9vuzx0Jd-7xPOVn4XvbTU-300x400.jpeg 300w, https:\/\/dekorativnisvijet.com\/wp-content\/uploads\/2025\/12\/att.9flm9CD9vdn5gflwO0JHVw9vuzx0Jd-7xPOVn4XvbTU-600x800.jpeg 600w, https:\/\/dekorativnisvijet.com\/wp-content\/uploads\/2025\/12\/att.9flm9CD9vdn5gflwO0JHVw9vuzx0Jd-7xPOVn4XvbTU-768x1024.jpeg 768w, https:\/\/dekorativnisvijet.com\/wp-content\/uploads\/2025\/12\/att.9flm9CD9vdn5gflwO0JHVw9vuzx0Jd-7xPOVn4XvbTU-1152x1536.jpeg 1152w, https:\/\/dekorativnisvijet.com\/wp-content\/uploads\/2025\/12\/att.9flm9CD9vdn5gflwO0JHVw9vuzx0Jd-7xPOVn4XvbTU-1536x2048.jpeg 1536w, https:\/\/dekorativnisvijet.com\/wp-content\/uploads\/2025\/12\/att.9flm9CD9vdn5gflwO0JHVw9vuzx0Jd-7xPOVn4XvbTU-9x12.jpeg 9w, https:\/\/dekorativnisvijet.com\/wp-content\/uploads\/2025\/12\/att.9flm9CD9vdn5gflwO0JHVw9vuzx0Jd-7xPOVn4XvbTU-1320x1760.jpeg 1320w, https:\/\/dekorativnisvijet.com\/wp-content\/uploads\/2025\/12\/att.9flm9CD9vdn5gflwO0JHVw9vuzx0Jd-7xPOVn4XvbTU-scaled.jpeg 1920w\" sizes=\"auto, (max-width: 300px) 100vw, 300px\" \/><\/p>\n<p data-start=\"504\" data-end=\"873\">\ud83d\udc68\u200d\ud83c\udfa8 <strong data-start=\"510\" data-end=\"532\">Ru\u010dno izra\u0111en stil<\/strong> koji hvata karakter i prenosi osmijeh na prvi pogled.<br data-start=\"586\" data-end=\"589\" \/>\ud83d\ude02 <strong data-start=\"592\" data-end=\"628\">Dodatak personaliziranog natpisa<\/strong> (ozbiljan, emotivan ili potpuno lud \u2013 ti bira\u0161!)<br data-start=\"677\" data-end=\"680\" \/>\ud83c\udf81 <strong data-start=\"683\" data-end=\"701\">Savr\u0161en poklon<\/strong> za ro\u0111endane, razne prilike, poslovne poklone ili kao dekoracija radnog prostora.<br data-start=\"783\" data-end=\"786\" \/>\ud83d\uddbc\ufe0f Dolazi spremno za uokvirivanje ili ve\u0107 u okviru \u2013 samo pokloni i u\u017eivaj u reakciji.<\/p>\n<p data-start=\"875\" data-end=\"974\">Ovaj poster nije samo ukras.<br data-start=\"903\" data-end=\"906\" \/><strong data-start=\"906\" data-end=\"974\">To je poklon koji pri\u010da pri\u010du i postaje omiljeni detalj na zidu.<\/strong><\/p>","protected":false},"featured_media":0,"comment_status":"open","ping_status":"closed","template":"","meta":[],"product_brand":[],"product_cat":[73],"product_tag":[],"class_list":{"0":"post-524","1":"product","2":"type-product","3":"status-publish","5":"product_cat-unikatni-personalizovani-poklon","7":"first","8":"instock","9":"shipping-taxable","10":"purchasable","11":"product-type-simple"},"yoast_head":"<!-- This site is optimized with the Yoast SEO plugin v26.5 - https:\/\/yoast.com\/wordpress\/plugins\/seo\/ -->\n<title>Karikatura poster - Dekorativni svijet \u2013 Ru\u010dno ra\u0111eni i personalizirani pokloni<\/title>\n<meta name=\"robots\" content=\"index, follow, max-snippet:-1, max-image-preview:large, max-video-preview:-1\" \/>\n<link rel=\"canonical\" href=\"https:\/\/dekorativnisvijet.com\/bs\/proizvod\/karikatura-poster\/\" \/>\n<meta property=\"og:locale\" content=\"bs_BA\" \/>\n<meta property=\"og:type\" content=\"article\" \/>\n<meta property=\"og:title\" content=\"Karikatura poster - Dekorativni svijet \u2013 Ru\u010dno ra\u0111eni i personalizirani pokloni\" \/>\n<meta property=\"og:description\" content=\"\ud83d\udc68\u200d\ud83c\udfa8 Ru\u010dno izra\u0111en stil koji hvata karakter i prenosi osmijeh na prvi pogled.\ud83d\ude02 Dodatak personaliziranog natpisa (ozbiljan, emotivan ili potpuno lud \u2013 ti bira\u0161!)\ud83c\udf81 Savr\u0161en poklon za ro\u0111endane, razne prilike, poslovne poklone ili kao dekoracija radnog prostora.\ud83d\uddbc\ufe0f Dolazi spremno za uokvirivanje ili ve\u0107 u okviru \u2013 samo pokloni i u\u017eivaj u reakciji. Ovaj poster nije samo ukras.To je poklon koji pri\u010da pri\u010du i postaje omiljeni detalj na zidu.\" \/>\n<meta property=\"og:url\" content=\"https:\/\/dekorativnisvijet.com\/bs\/proizvod\/karikatura-poster\/\" \/>\n<meta property=\"og:site_name\" content=\"Dekorativni svijet \u2013 Ru\u010dno ra\u0111eni i personalizirani pokloni\" \/>\n<meta property=\"article:publisher\" content=\"https:\/\/www.facebook.com\/profile.php?id=100089319944185\" \/>\n<meta property=\"og:image\" content=\"https:\/\/dekorativnisvijet.com\/wp-content\/uploads\/2025\/12\/att.9flm9CD9vdn5gflwO0JHVw9vuzx0Jd-7xPOVn4XvbTU-scaled.jpeg\" \/>\n\t<meta property=\"og:image:width\" content=\"1920\" \/>\n\t<meta property=\"og:image:height\" content=\"2560\" \/>\n\t<meta property=\"og:image:type\" content=\"image\/jpeg\" \/>\n<meta name=\"twitter:card\" content=\"summary_large_image\" \/>\n<script type=\"application\/ld+json\" class=\"yoast-schema-graph\">{\"@context\":\"https:\/\/schema.org\",\"@graph\":[{\"@type\":\"WebPage\",\"@id\":\"https:\/\/dekorativnisvijet.com\/product\/karikatura-poster\/\",\"url\":\"https:\/\/dekorativnisvijet.com\/product\/karikatura-poster\/\",\"name\":\"Karikatura poster - Dekorativni svijet \u2013 Ru\u010dno ra\u0111eni i personalizirani pokloni\",\"isPartOf\":{\"@id\":\"https:\/\/dekorativnisvijet.com\/#website\"},\"primaryImageOfPage\":{\"@id\":\"https:\/\/dekorativnisvijet.com\/product\/karikatura-poster\/#primaryimage\"},\"image\":{\"@id\":\"https:\/\/dekorativnisvijet.com\/product\/karikatura-poster\/#primaryimage\"},\"thumbnailUrl\":\"https:\/\/dekorativnisvijet.com\/wp-content\/uploads\/2025\/12\/att.9flm9CD9vdn5gflwO0JHVw9vuzx0Jd-7xPOVn4XvbTU-300x400.jpeg\",\"datePublished\":\"2025-12-11T23:06:31+00:00\",\"breadcrumb\":{\"@id\":\"https:\/\/dekorativnisvijet.com\/product\/karikatura-poster\/#breadcrumb\"},\"inLanguage\":\"bs-BA\",\"potentialAction\":[{\"@type\":\"ReadAction\",\"target\":[\"https:\/\/dekorativnisvijet.com\/product\/karikatura-poster\/\"]}]},{\"@type\":\"ImageObject\",\"inLanguage\":\"bs-BA\",\"@id\":\"https:\/\/dekorativnisvijet.com\/product\/karikatura-poster\/#primaryimage\",\"url\":\"https:\/\/dekorativnisvijet.com\/wp-content\/uploads\/2025\/12\/att.9flm9CD9vdn5gflwO0JHVw9vuzx0Jd-7xPOVn4XvbTU-300x400.jpeg\",\"contentUrl\":\"https:\/\/dekorativnisvijet.com\/wp-content\/uploads\/2025\/12\/att.9flm9CD9vdn5gflwO0JHVw9vuzx0Jd-7xPOVn4XvbTU-300x400.jpeg\"},{\"@type\":\"BreadcrumbList\",\"@id\":\"https:\/\/dekorativnisvijet.com\/product\/karikatura-poster\/#breadcrumb\",\"itemListElement\":[{\"@type\":\"ListItem\",\"position\":1,\"name\":\"Home\",\"item\":\"https:\/\/dekorativnisvijet.com\/\"},{\"@type\":\"ListItem\",\"position\":2,\"name\":\"Classic Shop\",\"item\":\"https:\/\/dekorativnisvijet.com\/bs\/demos\/shop-demos\/classic-shop\/\"},{\"@type\":\"ListItem\",\"position\":3,\"name\":\"Karikatura poster\"}]},{\"@type\":\"WebSite\",\"@id\":\"https:\/\/dekorativnisvijet.com\/#website\",\"url\":\"https:\/\/dekorativnisvijet.com\/\",\"name\":\"dekorativnisvijet.com\",\"description\":\"Ru\u010dni rad i personalizovani pokloni\",\"publisher\":{\"@id\":\"https:\/\/dekorativnisvijet.com\/#\/schema\/person\/1defecf5e510b1dc3d648d2741c0252b\"},\"potentialAction\":[{\"@type\":\"SearchAction\",\"target\":{\"@type\":\"EntryPoint\",\"urlTemplate\":\"https:\/\/dekorativnisvijet.com\/?s={search_term_string}\"},\"query-input\":{\"@type\":\"PropertyValueSpecification\",\"valueRequired\":true,\"valueName\":\"search_term_string\"}}],\"inLanguage\":\"bs-BA\"},{\"@type\":[\"Person\",\"Organization\"],\"@id\":\"https:\/\/dekorativnisvijet.com\/#\/schema\/person\/1defecf5e510b1dc3d648d2741c0252b\",\"name\":\"Irhada Kurtalija\",\"image\":{\"@type\":\"ImageObject\",\"inLanguage\":\"bs-BA\",\"@id\":\"https:\/\/dekorativnisvijet.com\/#\/schema\/person\/image\/\",\"url\":\"https:\/\/dekorativnisvijet.com\/wp-content\/uploads\/2025\/12\/logo.jpg\",\"contentUrl\":\"https:\/\/dekorativnisvijet.com\/wp-content\/uploads\/2025\/12\/logo.jpg\",\"width\":1024,\"height\":1024,\"caption\":\"Irhada Kurtalija\"},\"logo\":{\"@id\":\"https:\/\/dekorativnisvijet.com\/#\/schema\/person\/image\/\"},\"sameAs\":[\"https:\/\/www.facebook.com\/profile.php?id=100089319944185\",\"https:\/\/www.instagram.com\/accounts\/edit\/?__coig_login=1\"]}]}<\/script>\n<!-- \/ Yoast SEO plugin. -->","yoast_head_json":{"title":"Karikatura poster - Dekorativni svijet \u2013 Ru\u010dno ra\u0111eni i personalizirani pokloni","robots":{"index":"index","follow":"follow","max-snippet":"max-snippet:-1","max-image-preview":"max-image-preview:large","max-video-preview":"max-video-preview:-1"},"canonical":"https:\/\/dekorativnisvijet.com\/bs\/proizvod\/karikatura-poster\/","og_locale":"bs_BA","og_type":"article","og_title":"Karikatura poster - Dekorativni svijet \u2013 Ru\u010dno ra\u0111eni i personalizirani pokloni","og_description":"\ud83d\udc68\u200d\ud83c\udfa8 Ru\u010dno izra\u0111en stil koji hvata karakter i prenosi osmijeh na prvi pogled.\ud83d\ude02 Dodatak personaliziranog natpisa (ozbiljan, emotivan ili potpuno lud \u2013 ti bira\u0161!)\ud83c\udf81 Savr\u0161en poklon za ro\u0111endane, razne prilike, poslovne poklone ili kao dekoracija radnog prostora.\ud83d\uddbc\ufe0f Dolazi spremno za uokvirivanje ili ve\u0107 u okviru \u2013 samo pokloni i u\u017eivaj u reakciji. Ovaj poster nije samo ukras.To je poklon koji pri\u010da pri\u010du i postaje omiljeni detalj na zidu.","og_url":"https:\/\/dekorativnisvijet.com\/bs\/proizvod\/karikatura-poster\/","og_site_name":"Dekorativni svijet \u2013 Ru\u010dno ra\u0111eni i personalizirani pokloni","article_publisher":"https:\/\/www.facebook.com\/profile.php?id=100089319944185","og_image":[{"width":1920,"height":2560,"url":"https:\/\/dekorativnisvijet.com\/wp-content\/uploads\/2025\/12\/att.9flm9CD9vdn5gflwO0JHVw9vuzx0Jd-7xPOVn4XvbTU-scaled.jpeg","type":"image\/jpeg"}],"twitter_card":"summary_large_image","schema":{"@context":"https:\/\/schema.org","@graph":[{"@type":"WebPage","@id":"https:\/\/dekorativnisvijet.com\/product\/karikatura-poster\/","url":"https:\/\/dekorativnisvijet.com\/product\/karikatura-poster\/","name":"Karikatura poster - Dekorativni svijet \u2013 Ru\u010dno ra\u0111eni i personalizirani pokloni","isPartOf":{"@id":"https:\/\/dekorativnisvijet.com\/#website"},"primaryImageOfPage":{"@id":"https:\/\/dekorativnisvijet.com\/product\/karikatura-poster\/#primaryimage"},"image":{"@id":"https:\/\/dekorativnisvijet.com\/product\/karikatura-poster\/#primaryimage"},"thumbnailUrl":"https:\/\/dekorativnisvijet.com\/wp-content\/uploads\/2025\/12\/att.9flm9CD9vdn5gflwO0JHVw9vuzx0Jd-7xPOVn4XvbTU-300x400.jpeg","datePublished":"2025-12-11T23:06:31+00:00","breadcrumb":{"@id":"https:\/\/dekorativnisvijet.com\/product\/karikatura-poster\/#breadcrumb"},"inLanguage":"bs-BA","potentialAction":[{"@type":"ReadAction","target":["https:\/\/dekorativnisvijet.com\/product\/karikatura-poster\/"]}]},{"@type":"ImageObject","inLanguage":"bs-BA","@id":"https:\/\/dekorativnisvijet.com\/product\/karikatura-poster\/#primaryimage","url":"https:\/\/dekorativnisvijet.com\/wp-content\/uploads\/2025\/12\/att.9flm9CD9vdn5gflwO0JHVw9vuzx0Jd-7xPOVn4XvbTU-300x400.jpeg","contentUrl":"https:\/\/dekorativnisvijet.com\/wp-content\/uploads\/2025\/12\/att.9flm9CD9vdn5gflwO0JHVw9vuzx0Jd-7xPOVn4XvbTU-300x400.jpeg"},{"@type":"BreadcrumbList","@id":"https:\/\/dekorativnisvijet.com\/product\/karikatura-poster\/#breadcrumb","itemListElement":[{"@type":"ListItem","position":1,"name":"Home","item":"https:\/\/dekorativnisvijet.com\/"},{"@type":"ListItem","position":2,"name":"Classic Shop","item":"https:\/\/dekorativnisvijet.com\/bs\/demos\/shop-demos\/classic-shop\/"},{"@type":"ListItem","position":3,"name":"Karikatura poster"}]},{"@type":"WebSite","@id":"https:\/\/dekorativnisvijet.com\/#website","url":"https:\/\/dekorativnisvijet.com\/","name":"dekorativnisvijet.com","description":"Ru\u010dni rad i personalizovani pokloni","publisher":{"@id":"https:\/\/dekorativnisvijet.com\/#\/schema\/person\/1defecf5e510b1dc3d648d2741c0252b"},"potentialAction":[{"@type":"SearchAction","target":{"@type":"EntryPoint","urlTemplate":"https:\/\/dekorativnisvijet.com\/?s={search_term_string}"},"query-input":{"@type":"PropertyValueSpecification","valueRequired":true,"valueName":"search_term_string"}}],"inLanguage":"bs-BA"},{"@type":["Person","Organization"],"@id":"https:\/\/dekorativnisvijet.com\/#\/schema\/person\/1defecf5e510b1dc3d648d2741c0252b","name":"Irhada Kurtalija","image":{"@type":"ImageObject","inLanguage":"bs-BA","@id":"https:\/\/dekorativnisvijet.com\/#\/schema\/person\/image\/","url":"https:\/\/dekorativnisvijet.com\/wp-content\/uploads\/2025\/12\/logo.jpg","contentUrl":"https:\/\/dekorativnisvijet.com\/wp-content\/uploads\/2025\/12\/logo.jpg","width":1024,"height":1024,"caption":"Irhada Kurtalija"},"logo":{"@id":"https:\/\/dekorativnisvijet.com\/#\/schema\/person\/image\/"},"sameAs":["https:\/\/www.facebook.com\/profile.php?id=100089319944185","https:\/\/www.instagram.com\/accounts\/edit\/?__coig_login=1"]}]}},"jetpack_sharing_enabled":true,"_links":{"self":[{"href":"https:\/\/dekorativnisvijet.com\/bs\/wp-json\/wp\/v2\/product\/524","targetHints":{"allow":["GET"]}}],"collection":[{"href":"https:\/\/dekorativnisvijet.com\/bs\/wp-json\/wp\/v2\/product"}],"about":[{"href":"https:\/\/dekorativnisvijet.com\/bs\/wp-json\/wp\/v2\/types\/product"}],"replies":[{"embeddable":true,"href":"https:\/\/dekorativnisvijet.com\/bs\/wp-json\/wp\/v2\/comments?post=524"}],"wp:attachment":[{"href":"https:\/\/dekorativnisvijet.com\/bs\/wp-json\/wp\/v2\/media?parent=524"}],"wp:term":[{"taxonomy":"product_brand","embeddable":true,"href":"https:\/\/dekorativnisvijet.com\/bs\/wp-json\/wp\/v2\/product_brand?post=524"},{"taxonomy":"product_cat","embeddable":true,"href":"https:\/\/dekorativnisvijet.com\/bs\/wp-json\/wp\/v2\/product_cat?post=524"},{"taxonomy":"product_tag","embeddable":true,"href":"https:\/\/dekorativnisvijet.com\/bs\/wp-json\/wp\/v2\/product_tag?post=524"}],"curies":[{"name":"wp","href":"https:\/\/api.w.org\/{rel}","templated":true}]}}