{"id":518,"date":"2025-12-12T00:03:46","date_gmt":"2025-12-11T23:03:46","guid":{"rendered":"https:\/\/dekorativnisvijet.com\/?post_type=product&#038;p=518"},"modified":"2025-12-12T00:03:46","modified_gmt":"2025-12-11T23:03:46","slug":"poster-dvije-drzave-dva-srca","status":"publish","type":"product","link":"https:\/\/dekorativnisvijet.com\/bs\/proizvod\/poster-dvije-drzave-dva-srca\/","title":{"rendered":"poster dvije drzave dva srca"},"content":{"rendered":"<p><img loading=\"lazy\" decoding=\"async\" class=\"alignnone size-medium wp-image-523\" src=\"https:\/\/dekorativnisvijet.com\/wp-content\/uploads\/2025\/12\/att.kKYXBf2g0c4UDqOY1l4lvW8SiKxoR3E4GnbZFudTcMM-300x400.jpeg\" alt=\"\" width=\"300\" height=\"400\" srcset=\"https:\/\/dekorativnisvijet.com\/wp-content\/uploads\/2025\/12\/att.kKYXBf2g0c4UDqOY1l4lvW8SiKxoR3E4GnbZFudTcMM-300x400.jpeg 300w, https:\/\/dekorativnisvijet.com\/wp-content\/uploads\/2025\/12\/att.kKYXBf2g0c4UDqOY1l4lvW8SiKxoR3E4GnbZFudTcMM-600x800.jpeg 600w, https:\/\/dekorativnisvijet.com\/wp-content\/uploads\/2025\/12\/att.kKYXBf2g0c4UDqOY1l4lvW8SiKxoR3E4GnbZFudTcMM-768x1024.jpeg 768w, https:\/\/dekorativnisvijet.com\/wp-content\/uploads\/2025\/12\/att.kKYXBf2g0c4UDqOY1l4lvW8SiKxoR3E4GnbZFudTcMM-1152x1536.jpeg 1152w, https:\/\/dekorativnisvijet.com\/wp-content\/uploads\/2025\/12\/att.kKYXBf2g0c4UDqOY1l4lvW8SiKxoR3E4GnbZFudTcMM-1536x2048.jpeg 1536w, https:\/\/dekorativnisvijet.com\/wp-content\/uploads\/2025\/12\/att.kKYXBf2g0c4UDqOY1l4lvW8SiKxoR3E4GnbZFudTcMM-9x12.jpeg 9w, https:\/\/dekorativnisvijet.com\/wp-content\/uploads\/2025\/12\/att.kKYXBf2g0c4UDqOY1l4lvW8SiKxoR3E4GnbZFudTcMM-1320x1760.jpeg 1320w, https:\/\/dekorativnisvijet.com\/wp-content\/uploads\/2025\/12\/att.kKYXBf2g0c4UDqOY1l4lvW8SiKxoR3E4GnbZFudTcMM-scaled.jpeg 1920w\" sizes=\"auto, (max-width: 300px) 100vw, 300px\" \/><\/p>\n<h3 data-start=\"130\" data-end=\"174\"><strong data-start=\"134\" data-end=\"172\">\u201eKoliko daleko mo\u017ee sti\u0107i ljubav?\u201c<\/strong><\/h3>\n<p data-start=\"175\" data-end=\"276\">Daleko \u2014 do druge dr\u017eave, drugog grada, drugog svijeta\u2026 ali uvijek prona\u0111e put nazad, pravo u srce.<\/p>\n<p data-start=\"278\" data-end=\"526\">Na\u0161a personalizirana mapa <strong data-start=\"304\" data-end=\"333\">\u201eDva srca \u2013 jedna ljubav\u201c<\/strong> savr\u0161en je poklon za sve koji \u017eive daleko, ali vole najbli\u017ee. Svaki detalj je ru\u010dno dizajniran: od ozna\u010davanja gradova, do nje\u017ene isprekidane linije koja simbolizira put kojim ljubav putuje.<\/p>","protected":false},"excerpt":{"rendered":"<p><img loading=\"lazy\" decoding=\"async\" class=\"alignnone size-medium wp-image-523\" src=\"https:\/\/dekorativnisvijet.com\/wp-content\/uploads\/2025\/12\/att.kKYXBf2g0c4UDqOY1l4lvW8SiKxoR3E4GnbZFudTcMM-300x400.jpeg\" alt=\"\" width=\"300\" height=\"400\" srcset=\"https:\/\/dekorativnisvijet.com\/wp-content\/uploads\/2025\/12\/att.kKYXBf2g0c4UDqOY1l4lvW8SiKxoR3E4GnbZFudTcMM-300x400.jpeg 300w, https:\/\/dekorativnisvijet.com\/wp-content\/uploads\/2025\/12\/att.kKYXBf2g0c4UDqOY1l4lvW8SiKxoR3E4GnbZFudTcMM-600x800.jpeg 600w, https:\/\/dekorativnisvijet.com\/wp-content\/uploads\/2025\/12\/att.kKYXBf2g0c4UDqOY1l4lvW8SiKxoR3E4GnbZFudTcMM-768x1024.jpeg 768w, https:\/\/dekorativnisvijet.com\/wp-content\/uploads\/2025\/12\/att.kKYXBf2g0c4UDqOY1l4lvW8SiKxoR3E4GnbZFudTcMM-1152x1536.jpeg 1152w, https:\/\/dekorativnisvijet.com\/wp-content\/uploads\/2025\/12\/att.kKYXBf2g0c4UDqOY1l4lvW8SiKxoR3E4GnbZFudTcMM-1536x2048.jpeg 1536w, https:\/\/dekorativnisvijet.com\/wp-content\/uploads\/2025\/12\/att.kKYXBf2g0c4UDqOY1l4lvW8SiKxoR3E4GnbZFudTcMM-9x12.jpeg 9w, https:\/\/dekorativnisvijet.com\/wp-content\/uploads\/2025\/12\/att.kKYXBf2g0c4UDqOY1l4lvW8SiKxoR3E4GnbZFudTcMM-1320x1760.jpeg 1320w, https:\/\/dekorativnisvijet.com\/wp-content\/uploads\/2025\/12\/att.kKYXBf2g0c4UDqOY1l4lvW8SiKxoR3E4GnbZFudTcMM-scaled.jpeg 1920w\" sizes=\"auto, (max-width: 300px) 100vw, 300px\" \/><\/p>\n<p data-start=\"528\" data-end=\"737\">\u2728 <strong data-start=\"530\" data-end=\"650\">Idealno za godi\u0161njice, poklone na daljinu, ro\u0111endane, veze i brakove na daljinu, ali i kao predivna dekoracija doma.<\/strong><br data-start=\"650\" data-end=\"653\" \/>\u2728 Personaliziramo imena, datume, zemlje, gradove i boje \u2013 tvoja pri\u010da, tvoja mapa.<\/p>\n<p data-start=\"739\" data-end=\"814\">Ovaj poklon nije samo slika.<br data-start=\"767\" data-end=\"770\" \/><strong data-start=\"770\" data-end=\"814\">To je emocija uramljena za cijeli \u017eivot.<\/strong><\/p>","protected":false},"featured_media":0,"comment_status":"open","ping_status":"closed","template":"","meta":[],"product_brand":[],"product_cat":[73],"product_tag":[],"class_list":{"0":"post-518","1":"product","2":"type-product","3":"status-publish","5":"product_cat-unikatni-personalizovani-poklon","7":"first","8":"instock","9":"shipping-taxable","10":"purchasable","11":"product-type-simple"},"yoast_head":"<!-- This site is optimized with the Yoast SEO plugin v26.5 - https:\/\/yoast.com\/wordpress\/plugins\/seo\/ -->\n<title>poster dvije drzave dva srca - Dekorativni svijet \u2013 Ru\u010dno ra\u0111eni i personalizirani pokloni<\/title>\n<meta name=\"robots\" content=\"index, follow, max-snippet:-1, max-image-preview:large, max-video-preview:-1\" \/>\n<link rel=\"canonical\" href=\"https:\/\/dekorativnisvijet.com\/bs\/proizvod\/poster-dvije-drzave-dva-srca\/\" \/>\n<meta property=\"og:locale\" content=\"bs_BA\" \/>\n<meta property=\"og:type\" content=\"article\" \/>\n<meta property=\"og:title\" content=\"poster dvije drzave dva srca - Dekorativni svijet \u2013 Ru\u010dno ra\u0111eni i personalizirani pokloni\" \/>\n<meta property=\"og:description\" content=\"\u2728 Idealno za godi\u0161njice, poklone na daljinu, ro\u0111endane, veze i brakove na daljinu, ali i kao predivna dekoracija doma.\u2728 Personaliziramo imena, datume, zemlje, gradove i boje \u2013 tvoja pri\u010da, tvoja mapa. Ovaj poklon nije samo slika.To je emocija uramljena za cijeli \u017eivot.\" \/>\n<meta property=\"og:url\" content=\"https:\/\/dekorativnisvijet.com\/bs\/proizvod\/poster-dvije-drzave-dva-srca\/\" \/>\n<meta property=\"og:site_name\" content=\"Dekorativni svijet \u2013 Ru\u010dno ra\u0111eni i personalizirani pokloni\" \/>\n<meta property=\"article:publisher\" content=\"https:\/\/www.facebook.com\/profile.php?id=100089319944185\" \/>\n<meta property=\"og:image\" content=\"https:\/\/dekorativnisvijet.com\/wp-content\/uploads\/2025\/12\/att.kKYXBf2g0c4UDqOY1l4lvW8SiKxoR3E4GnbZFudTcMM-scaled.jpeg\" \/>\n\t<meta property=\"og:image:width\" content=\"1920\" \/>\n\t<meta property=\"og:image:height\" content=\"2560\" \/>\n\t<meta property=\"og:image:type\" content=\"image\/jpeg\" \/>\n<meta name=\"twitter:card\" content=\"summary_large_image\" \/>\n<script type=\"application\/ld+json\" class=\"yoast-schema-graph\">{\"@context\":\"https:\/\/schema.org\",\"@graph\":[{\"@type\":\"WebPage\",\"@id\":\"https:\/\/dekorativnisvijet.com\/product\/poster-dvije-drzave-dva-srca\/\",\"url\":\"https:\/\/dekorativnisvijet.com\/product\/poster-dvije-drzave-dva-srca\/\",\"name\":\"poster dvije drzave dva srca - Dekorativni svijet \u2013 Ru\u010dno ra\u0111eni i personalizirani pokloni\",\"isPartOf\":{\"@id\":\"https:\/\/dekorativnisvijet.com\/#website\"},\"primaryImageOfPage\":{\"@id\":\"https:\/\/dekorativnisvijet.com\/product\/poster-dvije-drzave-dva-srca\/#primaryimage\"},\"image\":{\"@id\":\"https:\/\/dekorativnisvijet.com\/product\/poster-dvije-drzave-dva-srca\/#primaryimage\"},\"thumbnailUrl\":\"https:\/\/dekorativnisvijet.com\/wp-content\/uploads\/2025\/12\/att.kKYXBf2g0c4UDqOY1l4lvW8SiKxoR3E4GnbZFudTcMM-300x400.jpeg\",\"datePublished\":\"2025-12-11T23:03:46+00:00\",\"breadcrumb\":{\"@id\":\"https:\/\/dekorativnisvijet.com\/product\/poster-dvije-drzave-dva-srca\/#breadcrumb\"},\"inLanguage\":\"bs-BA\",\"potentialAction\":[{\"@type\":\"ReadAction\",\"target\":[\"https:\/\/dekorativnisvijet.com\/product\/poster-dvije-drzave-dva-srca\/\"]}]},{\"@type\":\"ImageObject\",\"inLanguage\":\"bs-BA\",\"@id\":\"https:\/\/dekorativnisvijet.com\/product\/poster-dvije-drzave-dva-srca\/#primaryimage\",\"url\":\"https:\/\/dekorativnisvijet.com\/wp-content\/uploads\/2025\/12\/att.kKYXBf2g0c4UDqOY1l4lvW8SiKxoR3E4GnbZFudTcMM-300x400.jpeg\",\"contentUrl\":\"https:\/\/dekorativnisvijet.com\/wp-content\/uploads\/2025\/12\/att.kKYXBf2g0c4UDqOY1l4lvW8SiKxoR3E4GnbZFudTcMM-300x400.jpeg\"},{\"@type\":\"BreadcrumbList\",\"@id\":\"https:\/\/dekorativnisvijet.com\/product\/poster-dvije-drzave-dva-srca\/#breadcrumb\",\"itemListElement\":[{\"@type\":\"ListItem\",\"position\":1,\"name\":\"Home\",\"item\":\"https:\/\/dekorativnisvijet.com\/\"},{\"@type\":\"ListItem\",\"position\":2,\"name\":\"Classic Shop\",\"item\":\"https:\/\/dekorativnisvijet.com\/bs\/demos\/shop-demos\/classic-shop\/\"},{\"@type\":\"ListItem\",\"position\":3,\"name\":\"poster dvije drzave dva srca\"}]},{\"@type\":\"WebSite\",\"@id\":\"https:\/\/dekorativnisvijet.com\/#website\",\"url\":\"https:\/\/dekorativnisvijet.com\/\",\"name\":\"dekorativnisvijet.com\",\"description\":\"Ru\u010dni rad i personalizovani pokloni\",\"publisher\":{\"@id\":\"https:\/\/dekorativnisvijet.com\/#\/schema\/person\/1defecf5e510b1dc3d648d2741c0252b\"},\"potentialAction\":[{\"@type\":\"SearchAction\",\"target\":{\"@type\":\"EntryPoint\",\"urlTemplate\":\"https:\/\/dekorativnisvijet.com\/?s={search_term_string}\"},\"query-input\":{\"@type\":\"PropertyValueSpecification\",\"valueRequired\":true,\"valueName\":\"search_term_string\"}}],\"inLanguage\":\"bs-BA\"},{\"@type\":[\"Person\",\"Organization\"],\"@id\":\"https:\/\/dekorativnisvijet.com\/#\/schema\/person\/1defecf5e510b1dc3d648d2741c0252b\",\"name\":\"Irhada Kurtalija\",\"image\":{\"@type\":\"ImageObject\",\"inLanguage\":\"bs-BA\",\"@id\":\"https:\/\/dekorativnisvijet.com\/#\/schema\/person\/image\/\",\"url\":\"https:\/\/dekorativnisvijet.com\/wp-content\/uploads\/2025\/12\/logo.jpg\",\"contentUrl\":\"https:\/\/dekorativnisvijet.com\/wp-content\/uploads\/2025\/12\/logo.jpg\",\"width\":1024,\"height\":1024,\"caption\":\"Irhada Kurtalija\"},\"logo\":{\"@id\":\"https:\/\/dekorativnisvijet.com\/#\/schema\/person\/image\/\"},\"sameAs\":[\"https:\/\/www.facebook.com\/profile.php?id=100089319944185\",\"https:\/\/www.instagram.com\/accounts\/edit\/?__coig_login=1\"]}]}<\/script>\n<!-- \/ Yoast SEO plugin. -->","yoast_head_json":{"title":"poster dvije drzave dva srca - Dekorativni svijet \u2013 Ru\u010dno ra\u0111eni i personalizirani pokloni","robots":{"index":"index","follow":"follow","max-snippet":"max-snippet:-1","max-image-preview":"max-image-preview:large","max-video-preview":"max-video-preview:-1"},"canonical":"https:\/\/dekorativnisvijet.com\/bs\/proizvod\/poster-dvije-drzave-dva-srca\/","og_locale":"bs_BA","og_type":"article","og_title":"poster dvije drzave dva srca - Dekorativni svijet \u2013 Ru\u010dno ra\u0111eni i personalizirani pokloni","og_description":"\u2728 Idealno za godi\u0161njice, poklone na daljinu, ro\u0111endane, veze i brakove na daljinu, ali i kao predivna dekoracija doma.\u2728 Personaliziramo imena, datume, zemlje, gradove i boje \u2013 tvoja pri\u010da, tvoja mapa. Ovaj poklon nije samo slika.To je emocija uramljena za cijeli \u017eivot.","og_url":"https:\/\/dekorativnisvijet.com\/bs\/proizvod\/poster-dvije-drzave-dva-srca\/","og_site_name":"Dekorativni svijet \u2013 Ru\u010dno ra\u0111eni i personalizirani pokloni","article_publisher":"https:\/\/www.facebook.com\/profile.php?id=100089319944185","og_image":[{"width":1920,"height":2560,"url":"https:\/\/dekorativnisvijet.com\/wp-content\/uploads\/2025\/12\/att.kKYXBf2g0c4UDqOY1l4lvW8SiKxoR3E4GnbZFudTcMM-scaled.jpeg","type":"image\/jpeg"}],"twitter_card":"summary_large_image","schema":{"@context":"https:\/\/schema.org","@graph":[{"@type":"WebPage","@id":"https:\/\/dekorativnisvijet.com\/product\/poster-dvije-drzave-dva-srca\/","url":"https:\/\/dekorativnisvijet.com\/product\/poster-dvije-drzave-dva-srca\/","name":"poster dvije drzave dva srca - Dekorativni svijet \u2013 Ru\u010dno ra\u0111eni i personalizirani pokloni","isPartOf":{"@id":"https:\/\/dekorativnisvijet.com\/#website"},"primaryImageOfPage":{"@id":"https:\/\/dekorativnisvijet.com\/product\/poster-dvije-drzave-dva-srca\/#primaryimage"},"image":{"@id":"https:\/\/dekorativnisvijet.com\/product\/poster-dvije-drzave-dva-srca\/#primaryimage"},"thumbnailUrl":"https:\/\/dekorativnisvijet.com\/wp-content\/uploads\/2025\/12\/att.kKYXBf2g0c4UDqOY1l4lvW8SiKxoR3E4GnbZFudTcMM-300x400.jpeg","datePublished":"2025-12-11T23:03:46+00:00","breadcrumb":{"@id":"https:\/\/dekorativnisvijet.com\/product\/poster-dvije-drzave-dva-srca\/#breadcrumb"},"inLanguage":"bs-BA","potentialAction":[{"@type":"ReadAction","target":["https:\/\/dekorativnisvijet.com\/product\/poster-dvije-drzave-dva-srca\/"]}]},{"@type":"ImageObject","inLanguage":"bs-BA","@id":"https:\/\/dekorativnisvijet.com\/product\/poster-dvije-drzave-dva-srca\/#primaryimage","url":"https:\/\/dekorativnisvijet.com\/wp-content\/uploads\/2025\/12\/att.kKYXBf2g0c4UDqOY1l4lvW8SiKxoR3E4GnbZFudTcMM-300x400.jpeg","contentUrl":"https:\/\/dekorativnisvijet.com\/wp-content\/uploads\/2025\/12\/att.kKYXBf2g0c4UDqOY1l4lvW8SiKxoR3E4GnbZFudTcMM-300x400.jpeg"},{"@type":"BreadcrumbList","@id":"https:\/\/dekorativnisvijet.com\/product\/poster-dvije-drzave-dva-srca\/#breadcrumb","itemListElement":[{"@type":"ListItem","position":1,"name":"Home","item":"https:\/\/dekorativnisvijet.com\/"},{"@type":"ListItem","position":2,"name":"Classic Shop","item":"https:\/\/dekorativnisvijet.com\/bs\/demos\/shop-demos\/classic-shop\/"},{"@type":"ListItem","position":3,"name":"poster dvije drzave dva srca"}]},{"@type":"WebSite","@id":"https:\/\/dekorativnisvijet.com\/#website","url":"https:\/\/dekorativnisvijet.com\/","name":"dekorativnisvijet.com","description":"Ru\u010dni rad i personalizovani pokloni","publisher":{"@id":"https:\/\/dekorativnisvijet.com\/#\/schema\/person\/1defecf5e510b1dc3d648d2741c0252b"},"potentialAction":[{"@type":"SearchAction","target":{"@type":"EntryPoint","urlTemplate":"https:\/\/dekorativnisvijet.com\/?s={search_term_string}"},"query-input":{"@type":"PropertyValueSpecification","valueRequired":true,"valueName":"search_term_string"}}],"inLanguage":"bs-BA"},{"@type":["Person","Organization"],"@id":"https:\/\/dekorativnisvijet.com\/#\/schema\/person\/1defecf5e510b1dc3d648d2741c0252b","name":"Irhada Kurtalija","image":{"@type":"ImageObject","inLanguage":"bs-BA","@id":"https:\/\/dekorativnisvijet.com\/#\/schema\/person\/image\/","url":"https:\/\/dekorativnisvijet.com\/wp-content\/uploads\/2025\/12\/logo.jpg","contentUrl":"https:\/\/dekorativnisvijet.com\/wp-content\/uploads\/2025\/12\/logo.jpg","width":1024,"height":1024,"caption":"Irhada Kurtalija"},"logo":{"@id":"https:\/\/dekorativnisvijet.com\/#\/schema\/person\/image\/"},"sameAs":["https:\/\/www.facebook.com\/profile.php?id=100089319944185","https:\/\/www.instagram.com\/accounts\/edit\/?__coig_login=1"]}]}},"jetpack_sharing_enabled":true,"_links":{"self":[{"href":"https:\/\/dekorativnisvijet.com\/bs\/wp-json\/wp\/v2\/product\/518","targetHints":{"allow":["GET"]}}],"collection":[{"href":"https:\/\/dekorativnisvijet.com\/bs\/wp-json\/wp\/v2\/product"}],"about":[{"href":"https:\/\/dekorativnisvijet.com\/bs\/wp-json\/wp\/v2\/types\/product"}],"replies":[{"embeddable":true,"href":"https:\/\/dekorativnisvijet.com\/bs\/wp-json\/wp\/v2\/comments?post=518"}],"wp:attachment":[{"href":"https:\/\/dekorativnisvijet.com\/bs\/wp-json\/wp\/v2\/media?parent=518"}],"wp:term":[{"taxonomy":"product_brand","embeddable":true,"href":"https:\/\/dekorativnisvijet.com\/bs\/wp-json\/wp\/v2\/product_brand?post=518"},{"taxonomy":"product_cat","embeddable":true,"href":"https:\/\/dekorativnisvijet.com\/bs\/wp-json\/wp\/v2\/product_cat?post=518"},{"taxonomy":"product_tag","embeddable":true,"href":"https:\/\/dekorativnisvijet.com\/bs\/wp-json\/wp\/v2\/product_tag?post=518"}],"curies":[{"name":"wp","href":"https:\/\/api.w.org\/{rel}","templated":true}]}}