{"id":514,"date":"2025-12-03T18:51:17","date_gmt":"2025-12-03T17:51:17","guid":{"rendered":"https:\/\/dekorativnisvijet.com\/?post_type=product&#038;p=514"},"modified":"2025-12-03T18:51:17","modified_gmt":"2025-12-03T17:51:17","slug":"vijenac-za-vrata","status":"publish","type":"product","link":"https:\/\/dekorativnisvijet.com\/bs\/proizvod\/vijenac-za-vrata\/","title":{"rendered":"Vijenac za vrata"},"content":{"rendered":"<p data-start=\"80\" data-end=\"146\">\u2728 <strong data-start=\"82\" data-end=\"142\">Luksuzni Bo\u017ei\u0107ni \/ Novogodi\u0161nji Vijenac \u2013 Personalizovan po \u017eelji!<\/strong> \u2728<\/p>\n<p data-start=\"148\" data-end=\"361\">Unesite prazni\u010dnu toplinu u svoj dom uz predivan, moderno dizajniran vijenac koji spaja <strong data-start=\"236\" data-end=\"263\">zlatne i crvene kuglice<\/strong>, prirodne \u0161i\u0161arke i minimalisti\u010dki metalni okvir.<br data-start=\"313\" data-end=\"316\" \/>Savr\u0161en balans elegancije i prazni\u010dnog sjaja!<\/p>","protected":false},"excerpt":{"rendered":"<p><img loading=\"lazy\" decoding=\"async\" class=\"alignnone size-medium wp-image-515\" src=\"https:\/\/dekorativnisvijet.com\/wp-content\/uploads\/2025\/12\/DA6D8A01-864D-4C69-B83F-EC6E9E02220A-300x400.jpeg\" alt=\"\" width=\"300\" height=\"400\" srcset=\"https:\/\/dekorativnisvijet.com\/wp-content\/uploads\/2025\/12\/DA6D8A01-864D-4C69-B83F-EC6E9E02220A-300x400.jpeg 300w, https:\/\/dekorativnisvijet.com\/wp-content\/uploads\/2025\/12\/DA6D8A01-864D-4C69-B83F-EC6E9E02220A-600x800.jpeg 600w, https:\/\/dekorativnisvijet.com\/wp-content\/uploads\/2025\/12\/DA6D8A01-864D-4C69-B83F-EC6E9E02220A-768x1024.jpeg 768w, https:\/\/dekorativnisvijet.com\/wp-content\/uploads\/2025\/12\/DA6D8A01-864D-4C69-B83F-EC6E9E02220A-9x12.jpeg 9w, https:\/\/dekorativnisvijet.com\/wp-content\/uploads\/2025\/12\/DA6D8A01-864D-4C69-B83F-EC6E9E02220A.jpeg 1024w\" sizes=\"auto, (max-width: 300px) 100vw, 300px\" \/><\/p>\n<p data-start=\"363\" data-end=\"645\">\u2728 \u0160ta ovaj vijenac \u010dini posebnim?<br data-start=\"396\" data-end=\"399\" \/>\u2022 Ru\u010dni rad<br data-start=\"410\" data-end=\"413\" \/>\u2022 Visokokvalitetne kuglice u glam zlatno-crvenoj kombinaciji<br data-start=\"473\" data-end=\"476\" \/>\u2022 Lagani metalni okvir za moderan izgled<br data-start=\"516\" data-end=\"519\" \/>\u2022 Personalizacija prezimena ili natpisa \u2013 ba\u0161 kao na slici!<br data-start=\"578\" data-end=\"581\" \/>\u2022 Idealno za ulazna vrata, hodnik, dnevni boravak ili kao poklon<\/p>\n<p data-start=\"647\" data-end=\"748\">Ovaj vijenac nije samo dekor \u2013 to je detalj koji govori o toplini doma i do\u010deku praznika sa stilom.<\/p>\n<p data-start=\"750\" data-end=\"803\" data-is-last-node=\"\" data-is-only-node=\"\">\ud83c\udf81 Dostupan odmah!<br data-start=\"768\" data-end=\"771\" \/>Javi se da personalizujemo tvoj!<\/p>","protected":false},"featured_media":515,"comment_status":"open","ping_status":"closed","template":"","meta":[],"product_brand":[],"product_cat":[74,73],"product_tag":[],"class_list":{"0":"post-514","1":"product","2":"type-product","3":"status-publish","4":"has-post-thumbnail","6":"product_cat-bozicni-pokloni","7":"product_cat-unikatni-personalizovani-poklon","9":"first","10":"instock","11":"shipping-taxable","12":"purchasable","13":"product-type-simple"},"yoast_head":"<!-- This site is optimized with the Yoast SEO plugin v26.5 - https:\/\/yoast.com\/wordpress\/plugins\/seo\/ -->\n<title>Vijenac za vrata - Dekorativni svijet \u2013 Ru\u010dno ra\u0111eni i personalizirani pokloni<\/title>\n<meta name=\"robots\" content=\"index, follow, max-snippet:-1, max-image-preview:large, max-video-preview:-1\" \/>\n<link rel=\"canonical\" href=\"https:\/\/dekorativnisvijet.com\/bs\/proizvod\/vijenac-za-vrata\/\" \/>\n<meta property=\"og:locale\" content=\"bs_BA\" \/>\n<meta property=\"og:type\" content=\"article\" \/>\n<meta property=\"og:title\" content=\"Vijenac za vrata - Dekorativni svijet \u2013 Ru\u010dno ra\u0111eni i personalizirani pokloni\" \/>\n<meta property=\"og:description\" content=\"\u2728 \u0160ta ovaj vijenac \u010dini posebnim?\u2022 Ru\u010dni rad\u2022 Visokokvalitetne kuglice u glam zlatno-crvenoj kombinaciji\u2022 Lagani metalni okvir za moderan izgled\u2022 Personalizacija prezimena ili natpisa \u2013 ba\u0161 kao na slici!\u2022 Idealno za ulazna vrata, hodnik, dnevni boravak ili kao poklon Ovaj vijenac nije samo dekor \u2013 to je detalj koji govori o toplini doma i do\u010deku praznika sa stilom. \ud83c\udf81 Dostupan odmah!Javi se da personalizujemo tvoj!\" \/>\n<meta property=\"og:url\" content=\"https:\/\/dekorativnisvijet.com\/bs\/proizvod\/vijenac-za-vrata\/\" \/>\n<meta property=\"og:site_name\" content=\"Dekorativni svijet \u2013 Ru\u010dno ra\u0111eni i personalizirani pokloni\" \/>\n<meta property=\"article:publisher\" content=\"https:\/\/www.facebook.com\/profile.php?id=100089319944185\" \/>\n<meta property=\"og:image\" content=\"https:\/\/dekorativnisvijet.com\/wp-content\/uploads\/2025\/12\/DA6D8A01-864D-4C69-B83F-EC6E9E02220A.jpeg\" \/>\n\t<meta property=\"og:image:width\" content=\"1024\" \/>\n\t<meta property=\"og:image:height\" content=\"1365\" \/>\n\t<meta property=\"og:image:type\" content=\"image\/jpeg\" \/>\n<meta name=\"twitter:card\" content=\"summary_large_image\" \/>\n<script type=\"application\/ld+json\" class=\"yoast-schema-graph\">{\"@context\":\"https:\/\/schema.org\",\"@graph\":[{\"@type\":\"WebPage\",\"@id\":\"https:\/\/dekorativnisvijet.com\/product\/vijenac-za-vrata\/\",\"url\":\"https:\/\/dekorativnisvijet.com\/product\/vijenac-za-vrata\/\",\"name\":\"Vijenac za vrata - Dekorativni svijet \u2013 Ru\u010dno ra\u0111eni i personalizirani pokloni\",\"isPartOf\":{\"@id\":\"https:\/\/dekorativnisvijet.com\/#website\"},\"primaryImageOfPage\":{\"@id\":\"https:\/\/dekorativnisvijet.com\/product\/vijenac-za-vrata\/#primaryimage\"},\"image\":{\"@id\":\"https:\/\/dekorativnisvijet.com\/product\/vijenac-za-vrata\/#primaryimage\"},\"thumbnailUrl\":\"https:\/\/dekorativnisvijet.com\/wp-content\/uploads\/2025\/12\/DA6D8A01-864D-4C69-B83F-EC6E9E02220A.jpeg\",\"datePublished\":\"2025-12-03T17:51:17+00:00\",\"breadcrumb\":{\"@id\":\"https:\/\/dekorativnisvijet.com\/product\/vijenac-za-vrata\/#breadcrumb\"},\"inLanguage\":\"bs-BA\",\"potentialAction\":[{\"@type\":\"ReadAction\",\"target\":[\"https:\/\/dekorativnisvijet.com\/product\/vijenac-za-vrata\/\"]}]},{\"@type\":\"ImageObject\",\"inLanguage\":\"bs-BA\",\"@id\":\"https:\/\/dekorativnisvijet.com\/product\/vijenac-za-vrata\/#primaryimage\",\"url\":\"https:\/\/dekorativnisvijet.com\/wp-content\/uploads\/2025\/12\/DA6D8A01-864D-4C69-B83F-EC6E9E02220A.jpeg\",\"contentUrl\":\"https:\/\/dekorativnisvijet.com\/wp-content\/uploads\/2025\/12\/DA6D8A01-864D-4C69-B83F-EC6E9E02220A.jpeg\",\"width\":1024,\"height\":1365},{\"@type\":\"BreadcrumbList\",\"@id\":\"https:\/\/dekorativnisvijet.com\/product\/vijenac-za-vrata\/#breadcrumb\",\"itemListElement\":[{\"@type\":\"ListItem\",\"position\":1,\"name\":\"Home\",\"item\":\"https:\/\/dekorativnisvijet.com\/\"},{\"@type\":\"ListItem\",\"position\":2,\"name\":\"Classic Shop\",\"item\":\"https:\/\/dekorativnisvijet.com\/bs\/demos\/shop-demos\/classic-shop\/\"},{\"@type\":\"ListItem\",\"position\":3,\"name\":\"Vijenac za vrata\"}]},{\"@type\":\"WebSite\",\"@id\":\"https:\/\/dekorativnisvijet.com\/#website\",\"url\":\"https:\/\/dekorativnisvijet.com\/\",\"name\":\"dekorativnisvijet.com\",\"description\":\"Ru\u010dni rad i personalizovani pokloni\",\"publisher\":{\"@id\":\"https:\/\/dekorativnisvijet.com\/#\/schema\/person\/1defecf5e510b1dc3d648d2741c0252b\"},\"potentialAction\":[{\"@type\":\"SearchAction\",\"target\":{\"@type\":\"EntryPoint\",\"urlTemplate\":\"https:\/\/dekorativnisvijet.com\/?s={search_term_string}\"},\"query-input\":{\"@type\":\"PropertyValueSpecification\",\"valueRequired\":true,\"valueName\":\"search_term_string\"}}],\"inLanguage\":\"bs-BA\"},{\"@type\":[\"Person\",\"Organization\"],\"@id\":\"https:\/\/dekorativnisvijet.com\/#\/schema\/person\/1defecf5e510b1dc3d648d2741c0252b\",\"name\":\"Irhada Kurtalija\",\"image\":{\"@type\":\"ImageObject\",\"inLanguage\":\"bs-BA\",\"@id\":\"https:\/\/dekorativnisvijet.com\/#\/schema\/person\/image\/\",\"url\":\"https:\/\/dekorativnisvijet.com\/wp-content\/uploads\/2025\/12\/logo.jpg\",\"contentUrl\":\"https:\/\/dekorativnisvijet.com\/wp-content\/uploads\/2025\/12\/logo.jpg\",\"width\":1024,\"height\":1024,\"caption\":\"Irhada Kurtalija\"},\"logo\":{\"@id\":\"https:\/\/dekorativnisvijet.com\/#\/schema\/person\/image\/\"},\"sameAs\":[\"https:\/\/www.facebook.com\/profile.php?id=100089319944185\",\"https:\/\/www.instagram.com\/accounts\/edit\/?__coig_login=1\"]}]}<\/script>\n<!-- \/ Yoast SEO plugin. -->","yoast_head_json":{"title":"Vijenac za vrata - Dekorativni svijet \u2013 Ru\u010dno ra\u0111eni i personalizirani pokloni","robots":{"index":"index","follow":"follow","max-snippet":"max-snippet:-1","max-image-preview":"max-image-preview:large","max-video-preview":"max-video-preview:-1"},"canonical":"https:\/\/dekorativnisvijet.com\/bs\/proizvod\/vijenac-za-vrata\/","og_locale":"bs_BA","og_type":"article","og_title":"Vijenac za vrata - Dekorativni svijet \u2013 Ru\u010dno ra\u0111eni i personalizirani pokloni","og_description":"\u2728 \u0160ta ovaj vijenac \u010dini posebnim?\u2022 Ru\u010dni rad\u2022 Visokokvalitetne kuglice u glam zlatno-crvenoj kombinaciji\u2022 Lagani metalni okvir za moderan izgled\u2022 Personalizacija prezimena ili natpisa \u2013 ba\u0161 kao na slici!\u2022 Idealno za ulazna vrata, hodnik, dnevni boravak ili kao poklon Ovaj vijenac nije samo dekor \u2013 to je detalj koji govori o toplini doma i do\u010deku praznika sa stilom. \ud83c\udf81 Dostupan odmah!Javi se da personalizujemo tvoj!","og_url":"https:\/\/dekorativnisvijet.com\/bs\/proizvod\/vijenac-za-vrata\/","og_site_name":"Dekorativni svijet \u2013 Ru\u010dno ra\u0111eni i personalizirani pokloni","article_publisher":"https:\/\/www.facebook.com\/profile.php?id=100089319944185","og_image":[{"width":1024,"height":1365,"url":"https:\/\/dekorativnisvijet.com\/wp-content\/uploads\/2025\/12\/DA6D8A01-864D-4C69-B83F-EC6E9E02220A.jpeg","type":"image\/jpeg"}],"twitter_card":"summary_large_image","schema":{"@context":"https:\/\/schema.org","@graph":[{"@type":"WebPage","@id":"https:\/\/dekorativnisvijet.com\/product\/vijenac-za-vrata\/","url":"https:\/\/dekorativnisvijet.com\/product\/vijenac-za-vrata\/","name":"Vijenac za vrata - Dekorativni svijet \u2013 Ru\u010dno ra\u0111eni i personalizirani pokloni","isPartOf":{"@id":"https:\/\/dekorativnisvijet.com\/#website"},"primaryImageOfPage":{"@id":"https:\/\/dekorativnisvijet.com\/product\/vijenac-za-vrata\/#primaryimage"},"image":{"@id":"https:\/\/dekorativnisvijet.com\/product\/vijenac-za-vrata\/#primaryimage"},"thumbnailUrl":"https:\/\/dekorativnisvijet.com\/wp-content\/uploads\/2025\/12\/DA6D8A01-864D-4C69-B83F-EC6E9E02220A.jpeg","datePublished":"2025-12-03T17:51:17+00:00","breadcrumb":{"@id":"https:\/\/dekorativnisvijet.com\/product\/vijenac-za-vrata\/#breadcrumb"},"inLanguage":"bs-BA","potentialAction":[{"@type":"ReadAction","target":["https:\/\/dekorativnisvijet.com\/product\/vijenac-za-vrata\/"]}]},{"@type":"ImageObject","inLanguage":"bs-BA","@id":"https:\/\/dekorativnisvijet.com\/product\/vijenac-za-vrata\/#primaryimage","url":"https:\/\/dekorativnisvijet.com\/wp-content\/uploads\/2025\/12\/DA6D8A01-864D-4C69-B83F-EC6E9E02220A.jpeg","contentUrl":"https:\/\/dekorativnisvijet.com\/wp-content\/uploads\/2025\/12\/DA6D8A01-864D-4C69-B83F-EC6E9E02220A.jpeg","width":1024,"height":1365},{"@type":"BreadcrumbList","@id":"https:\/\/dekorativnisvijet.com\/product\/vijenac-za-vrata\/#breadcrumb","itemListElement":[{"@type":"ListItem","position":1,"name":"Home","item":"https:\/\/dekorativnisvijet.com\/"},{"@type":"ListItem","position":2,"name":"Classic Shop","item":"https:\/\/dekorativnisvijet.com\/bs\/demos\/shop-demos\/classic-shop\/"},{"@type":"ListItem","position":3,"name":"Vijenac za vrata"}]},{"@type":"WebSite","@id":"https:\/\/dekorativnisvijet.com\/#website","url":"https:\/\/dekorativnisvijet.com\/","name":"dekorativnisvijet.com","description":"Ru\u010dni rad i personalizovani pokloni","publisher":{"@id":"https:\/\/dekorativnisvijet.com\/#\/schema\/person\/1defecf5e510b1dc3d648d2741c0252b"},"potentialAction":[{"@type":"SearchAction","target":{"@type":"EntryPoint","urlTemplate":"https:\/\/dekorativnisvijet.com\/?s={search_term_string}"},"query-input":{"@type":"PropertyValueSpecification","valueRequired":true,"valueName":"search_term_string"}}],"inLanguage":"bs-BA"},{"@type":["Person","Organization"],"@id":"https:\/\/dekorativnisvijet.com\/#\/schema\/person\/1defecf5e510b1dc3d648d2741c0252b","name":"Irhada Kurtalija","image":{"@type":"ImageObject","inLanguage":"bs-BA","@id":"https:\/\/dekorativnisvijet.com\/#\/schema\/person\/image\/","url":"https:\/\/dekorativnisvijet.com\/wp-content\/uploads\/2025\/12\/logo.jpg","contentUrl":"https:\/\/dekorativnisvijet.com\/wp-content\/uploads\/2025\/12\/logo.jpg","width":1024,"height":1024,"caption":"Irhada Kurtalija"},"logo":{"@id":"https:\/\/dekorativnisvijet.com\/#\/schema\/person\/image\/"},"sameAs":["https:\/\/www.facebook.com\/profile.php?id=100089319944185","https:\/\/www.instagram.com\/accounts\/edit\/?__coig_login=1"]}]}},"jetpack_sharing_enabled":true,"_links":{"self":[{"href":"https:\/\/dekorativnisvijet.com\/bs\/wp-json\/wp\/v2\/product\/514","targetHints":{"allow":["GET"]}}],"collection":[{"href":"https:\/\/dekorativnisvijet.com\/bs\/wp-json\/wp\/v2\/product"}],"about":[{"href":"https:\/\/dekorativnisvijet.com\/bs\/wp-json\/wp\/v2\/types\/product"}],"replies":[{"embeddable":true,"href":"https:\/\/dekorativnisvijet.com\/bs\/wp-json\/wp\/v2\/comments?post=514"}],"wp:featuredmedia":[{"embeddable":true,"href":"https:\/\/dekorativnisvijet.com\/bs\/wp-json\/wp\/v2\/media\/515"}],"wp:attachment":[{"href":"https:\/\/dekorativnisvijet.com\/bs\/wp-json\/wp\/v2\/media?parent=514"}],"wp:term":[{"taxonomy":"product_brand","embeddable":true,"href":"https:\/\/dekorativnisvijet.com\/bs\/wp-json\/wp\/v2\/product_brand?post=514"},{"taxonomy":"product_cat","embeddable":true,"href":"https:\/\/dekorativnisvijet.com\/bs\/wp-json\/wp\/v2\/product_cat?post=514"},{"taxonomy":"product_tag","embeddable":true,"href":"https:\/\/dekorativnisvijet.com\/bs\/wp-json\/wp\/v2\/product_tag?post=514"}],"curies":[{"name":"wp","href":"https:\/\/api.w.org\/{rel}","templated":true}]}}