{"id":494,"date":"2025-11-25T00:41:06","date_gmt":"2025-11-24T23:41:06","guid":{"rendered":"https:\/\/dekorativnisvijet.com\/?post_type=product&#038;p=494"},"modified":"2025-11-25T00:41:06","modified_gmt":"2025-11-24T23:41:06","slug":"kolekcija-luksuznih-poklona","status":"publish","type":"product","link":"https:\/\/dekorativnisvijet.com\/bs\/proizvod\/kolekcija-luksuznih-poklona\/","title":{"rendered":"Kolekcija Luksuznih Poklona"},"content":{"rendered":"<p><img loading=\"lazy\" decoding=\"async\" class=\"alignnone size-medium wp-image-462\" src=\"https:\/\/dekorativnisvijet.com\/wp-content\/uploads\/2025\/11\/viber_slika_2025-11-24_01-53-35-174-800x360.jpg\" alt=\"\" width=\"800\" height=\"360\" srcset=\"https:\/\/dekorativnisvijet.com\/wp-content\/uploads\/2025\/11\/viber_slika_2025-11-24_01-53-35-174-800x360.jpg 800w, https:\/\/dekorativnisvijet.com\/wp-content\/uploads\/2025\/11\/viber_slika_2025-11-24_01-53-35-174-1400x630.jpg 1400w, https:\/\/dekorativnisvijet.com\/wp-content\/uploads\/2025\/11\/viber_slika_2025-11-24_01-53-35-174-768x346.jpg 768w, https:\/\/dekorativnisvijet.com\/wp-content\/uploads\/2025\/11\/viber_slika_2025-11-24_01-53-35-174-1536x691.jpg 1536w, https:\/\/dekorativnisvijet.com\/wp-content\/uploads\/2025\/11\/viber_slika_2025-11-24_01-53-35-174-18x8.jpg 18w, https:\/\/dekorativnisvijet.com\/wp-content\/uploads\/2025\/11\/viber_slika_2025-11-24_01-53-35-174-1320x594.jpg 1320w, https:\/\/dekorativnisvijet.com\/wp-content\/uploads\/2025\/11\/viber_slika_2025-11-24_01-53-35-174-600x270.jpg 600w, https:\/\/dekorativnisvijet.com\/wp-content\/uploads\/2025\/11\/viber_slika_2025-11-24_01-53-35-174.jpg 1600w\" sizes=\"auto, (max-width: 800px) 100vw, 800px\" \/><\/p>","protected":false},"excerpt":{"rendered":"<p data-path-to-node=\"4\"><b>Poklon koji vri\u0161ti ROMANTIKU!<\/b> \ud83d\udc96 Na\u0161a <b>Luksuzna Kutija &#8220;Vje\u010dna LJUBAV&#8221;<\/b> je najglamurozniji na\u010din da ka\u017eete &#8220;Volim te&#8221;. Spoj trajnih ru\u017ea i slatkog u\u017eitka stvara nezaboravnu uspomenu!<\/p>\n<p data-path-to-node=\"5\">\n<h3><\/h3>","protected":false},"featured_media":466,"comment_status":"open","ping_status":"closed","template":"","meta":[],"product_brand":[],"product_cat":[70],"product_tag":[],"class_list":{"0":"post-494","1":"product","2":"type-product","3":"status-publish","4":"has-post-thumbnail","6":"product_cat-saten-ruze","8":"first","9":"instock","10":"shipping-taxable","11":"purchasable","12":"product-type-simple"},"yoast_head":"<!-- This site is optimized with the Yoast SEO plugin v26.5 - https:\/\/yoast.com\/wordpress\/plugins\/seo\/ -->\n<title>Kolekcija Luksuznih Poklona - Dekorativni svijet \u2013 Ru\u010dno ra\u0111eni i personalizirani pokloni<\/title>\n<meta name=\"robots\" content=\"index, follow, max-snippet:-1, max-image-preview:large, max-video-preview:-1\" \/>\n<link rel=\"canonical\" href=\"https:\/\/dekorativnisvijet.com\/bs\/proizvod\/kolekcija-luksuznih-poklona\/\" \/>\n<meta property=\"og:locale\" content=\"bs_BA\" \/>\n<meta property=\"og:type\" content=\"article\" \/>\n<meta property=\"og:title\" content=\"Kolekcija Luksuznih Poklona - Dekorativni svijet \u2013 Ru\u010dno ra\u0111eni i personalizirani pokloni\" \/>\n<meta property=\"og:description\" content=\"Poklon koji vri\u0161ti ROMANTIKU! \ud83d\udc96 Na\u0161a Luksuzna Kutija &quot;Vje\u010dna LJUBAV&quot; je najglamurozniji na\u010din da ka\u017eete &quot;Volim te&quot;. Spoj trajnih ru\u017ea i slatkog u\u017eitka stvara nezaboravnu uspomenu!\" \/>\n<meta property=\"og:url\" content=\"https:\/\/dekorativnisvijet.com\/bs\/proizvod\/kolekcija-luksuznih-poklona\/\" \/>\n<meta property=\"og:site_name\" content=\"Dekorativni svijet \u2013 Ru\u010dno ra\u0111eni i personalizirani pokloni\" \/>\n<meta property=\"article:publisher\" content=\"https:\/\/www.facebook.com\/profile.php?id=100089319944185\" \/>\n<meta property=\"og:image\" content=\"https:\/\/dekorativnisvijet.com\/wp-content\/uploads\/2025\/11\/viber_slika_2025-11-24_01-51-38-726.jpg\" \/>\n\t<meta property=\"og:image:width\" content=\"720\" \/>\n\t<meta property=\"og:image:height\" content=\"1600\" \/>\n\t<meta property=\"og:image:type\" content=\"image\/jpeg\" \/>\n<meta name=\"twitter:card\" content=\"summary_large_image\" \/>\n<script type=\"application\/ld+json\" class=\"yoast-schema-graph\">{\"@context\":\"https:\/\/schema.org\",\"@graph\":[{\"@type\":\"WebPage\",\"@id\":\"https:\/\/dekorativnisvijet.com\/product\/kolekcija-luksuznih-poklona\/\",\"url\":\"https:\/\/dekorativnisvijet.com\/product\/kolekcija-luksuznih-poklona\/\",\"name\":\"Kolekcija Luksuznih Poklona - Dekorativni svijet \u2013 Ru\u010dno ra\u0111eni i personalizirani pokloni\",\"isPartOf\":{\"@id\":\"https:\/\/dekorativnisvijet.com\/#website\"},\"primaryImageOfPage\":{\"@id\":\"https:\/\/dekorativnisvijet.com\/product\/kolekcija-luksuznih-poklona\/#primaryimage\"},\"image\":{\"@id\":\"https:\/\/dekorativnisvijet.com\/product\/kolekcija-luksuznih-poklona\/#primaryimage\"},\"thumbnailUrl\":\"https:\/\/dekorativnisvijet.com\/wp-content\/uploads\/2025\/11\/viber_slika_2025-11-24_01-51-38-726.jpg\",\"datePublished\":\"2025-11-24T23:41:06+00:00\",\"breadcrumb\":{\"@id\":\"https:\/\/dekorativnisvijet.com\/product\/kolekcija-luksuznih-poklona\/#breadcrumb\"},\"inLanguage\":\"bs-BA\",\"potentialAction\":[{\"@type\":\"ReadAction\",\"target\":[\"https:\/\/dekorativnisvijet.com\/product\/kolekcija-luksuznih-poklona\/\"]}]},{\"@type\":\"ImageObject\",\"inLanguage\":\"bs-BA\",\"@id\":\"https:\/\/dekorativnisvijet.com\/product\/kolekcija-luksuznih-poklona\/#primaryimage\",\"url\":\"https:\/\/dekorativnisvijet.com\/wp-content\/uploads\/2025\/11\/viber_slika_2025-11-24_01-51-38-726.jpg\",\"contentUrl\":\"https:\/\/dekorativnisvijet.com\/wp-content\/uploads\/2025\/11\/viber_slika_2025-11-24_01-51-38-726.jpg\",\"width\":720,\"height\":1600},{\"@type\":\"BreadcrumbList\",\"@id\":\"https:\/\/dekorativnisvijet.com\/product\/kolekcija-luksuznih-poklona\/#breadcrumb\",\"itemListElement\":[{\"@type\":\"ListItem\",\"position\":1,\"name\":\"Home\",\"item\":\"https:\/\/dekorativnisvijet.com\/\"},{\"@type\":\"ListItem\",\"position\":2,\"name\":\"Classic Shop\",\"item\":\"https:\/\/dekorativnisvijet.com\/bs\/demos\/shop-demos\/classic-shop\/\"},{\"@type\":\"ListItem\",\"position\":3,\"name\":\"Kolekcija Luksuznih Poklona\"}]},{\"@type\":\"WebSite\",\"@id\":\"https:\/\/dekorativnisvijet.com\/#website\",\"url\":\"https:\/\/dekorativnisvijet.com\/\",\"name\":\"dekorativnisvijet.com\",\"description\":\"Ru\u010dni rad i personalizovani pokloni\",\"publisher\":{\"@id\":\"https:\/\/dekorativnisvijet.com\/#\/schema\/person\/1defecf5e510b1dc3d648d2741c0252b\"},\"potentialAction\":[{\"@type\":\"SearchAction\",\"target\":{\"@type\":\"EntryPoint\",\"urlTemplate\":\"https:\/\/dekorativnisvijet.com\/?s={search_term_string}\"},\"query-input\":{\"@type\":\"PropertyValueSpecification\",\"valueRequired\":true,\"valueName\":\"search_term_string\"}}],\"inLanguage\":\"bs-BA\"},{\"@type\":[\"Person\",\"Organization\"],\"@id\":\"https:\/\/dekorativnisvijet.com\/#\/schema\/person\/1defecf5e510b1dc3d648d2741c0252b\",\"name\":\"Irhada Kurtalija\",\"image\":{\"@type\":\"ImageObject\",\"inLanguage\":\"bs-BA\",\"@id\":\"https:\/\/dekorativnisvijet.com\/#\/schema\/person\/image\/\",\"url\":\"https:\/\/dekorativnisvijet.com\/wp-content\/uploads\/2025\/12\/logo.jpg\",\"contentUrl\":\"https:\/\/dekorativnisvijet.com\/wp-content\/uploads\/2025\/12\/logo.jpg\",\"width\":1024,\"height\":1024,\"caption\":\"Irhada Kurtalija\"},\"logo\":{\"@id\":\"https:\/\/dekorativnisvijet.com\/#\/schema\/person\/image\/\"},\"sameAs\":[\"https:\/\/www.facebook.com\/profile.php?id=100089319944185\",\"https:\/\/www.instagram.com\/accounts\/edit\/?__coig_login=1\"]}]}<\/script>\n<!-- \/ Yoast SEO plugin. -->","yoast_head_json":{"title":"Kolekcija Luksuznih Poklona - Dekorativni svijet \u2013 Ru\u010dno ra\u0111eni i personalizirani pokloni","robots":{"index":"index","follow":"follow","max-snippet":"max-snippet:-1","max-image-preview":"max-image-preview:large","max-video-preview":"max-video-preview:-1"},"canonical":"https:\/\/dekorativnisvijet.com\/bs\/proizvod\/kolekcija-luksuznih-poklona\/","og_locale":"bs_BA","og_type":"article","og_title":"Kolekcija Luksuznih Poklona - Dekorativni svijet \u2013 Ru\u010dno ra\u0111eni i personalizirani pokloni","og_description":"Poklon koji vri\u0161ti ROMANTIKU! \ud83d\udc96 Na\u0161a Luksuzna Kutija \"Vje\u010dna LJUBAV\" je najglamurozniji na\u010din da ka\u017eete \"Volim te\". Spoj trajnih ru\u017ea i slatkog u\u017eitka stvara nezaboravnu uspomenu!","og_url":"https:\/\/dekorativnisvijet.com\/bs\/proizvod\/kolekcija-luksuznih-poklona\/","og_site_name":"Dekorativni svijet \u2013 Ru\u010dno ra\u0111eni i personalizirani pokloni","article_publisher":"https:\/\/www.facebook.com\/profile.php?id=100089319944185","og_image":[{"width":720,"height":1600,"url":"https:\/\/dekorativnisvijet.com\/wp-content\/uploads\/2025\/11\/viber_slika_2025-11-24_01-51-38-726.jpg","type":"image\/jpeg"}],"twitter_card":"summary_large_image","schema":{"@context":"https:\/\/schema.org","@graph":[{"@type":"WebPage","@id":"https:\/\/dekorativnisvijet.com\/product\/kolekcija-luksuznih-poklona\/","url":"https:\/\/dekorativnisvijet.com\/product\/kolekcija-luksuznih-poklona\/","name":"Kolekcija Luksuznih Poklona - Dekorativni svijet \u2013 Ru\u010dno ra\u0111eni i personalizirani pokloni","isPartOf":{"@id":"https:\/\/dekorativnisvijet.com\/#website"},"primaryImageOfPage":{"@id":"https:\/\/dekorativnisvijet.com\/product\/kolekcija-luksuznih-poklona\/#primaryimage"},"image":{"@id":"https:\/\/dekorativnisvijet.com\/product\/kolekcija-luksuznih-poklona\/#primaryimage"},"thumbnailUrl":"https:\/\/dekorativnisvijet.com\/wp-content\/uploads\/2025\/11\/viber_slika_2025-11-24_01-51-38-726.jpg","datePublished":"2025-11-24T23:41:06+00:00","breadcrumb":{"@id":"https:\/\/dekorativnisvijet.com\/product\/kolekcija-luksuznih-poklona\/#breadcrumb"},"inLanguage":"bs-BA","potentialAction":[{"@type":"ReadAction","target":["https:\/\/dekorativnisvijet.com\/product\/kolekcija-luksuznih-poklona\/"]}]},{"@type":"ImageObject","inLanguage":"bs-BA","@id":"https:\/\/dekorativnisvijet.com\/product\/kolekcija-luksuznih-poklona\/#primaryimage","url":"https:\/\/dekorativnisvijet.com\/wp-content\/uploads\/2025\/11\/viber_slika_2025-11-24_01-51-38-726.jpg","contentUrl":"https:\/\/dekorativnisvijet.com\/wp-content\/uploads\/2025\/11\/viber_slika_2025-11-24_01-51-38-726.jpg","width":720,"height":1600},{"@type":"BreadcrumbList","@id":"https:\/\/dekorativnisvijet.com\/product\/kolekcija-luksuznih-poklona\/#breadcrumb","itemListElement":[{"@type":"ListItem","position":1,"name":"Home","item":"https:\/\/dekorativnisvijet.com\/"},{"@type":"ListItem","position":2,"name":"Classic Shop","item":"https:\/\/dekorativnisvijet.com\/bs\/demos\/shop-demos\/classic-shop\/"},{"@type":"ListItem","position":3,"name":"Kolekcija Luksuznih Poklona"}]},{"@type":"WebSite","@id":"https:\/\/dekorativnisvijet.com\/#website","url":"https:\/\/dekorativnisvijet.com\/","name":"dekorativnisvijet.com","description":"Ru\u010dni rad i personalizovani pokloni","publisher":{"@id":"https:\/\/dekorativnisvijet.com\/#\/schema\/person\/1defecf5e510b1dc3d648d2741c0252b"},"potentialAction":[{"@type":"SearchAction","target":{"@type":"EntryPoint","urlTemplate":"https:\/\/dekorativnisvijet.com\/?s={search_term_string}"},"query-input":{"@type":"PropertyValueSpecification","valueRequired":true,"valueName":"search_term_string"}}],"inLanguage":"bs-BA"},{"@type":["Person","Organization"],"@id":"https:\/\/dekorativnisvijet.com\/#\/schema\/person\/1defecf5e510b1dc3d648d2741c0252b","name":"Irhada Kurtalija","image":{"@type":"ImageObject","inLanguage":"bs-BA","@id":"https:\/\/dekorativnisvijet.com\/#\/schema\/person\/image\/","url":"https:\/\/dekorativnisvijet.com\/wp-content\/uploads\/2025\/12\/logo.jpg","contentUrl":"https:\/\/dekorativnisvijet.com\/wp-content\/uploads\/2025\/12\/logo.jpg","width":1024,"height":1024,"caption":"Irhada Kurtalija"},"logo":{"@id":"https:\/\/dekorativnisvijet.com\/#\/schema\/person\/image\/"},"sameAs":["https:\/\/www.facebook.com\/profile.php?id=100089319944185","https:\/\/www.instagram.com\/accounts\/edit\/?__coig_login=1"]}]}},"jetpack_sharing_enabled":true,"_links":{"self":[{"href":"https:\/\/dekorativnisvijet.com\/bs\/wp-json\/wp\/v2\/product\/494","targetHints":{"allow":["GET"]}}],"collection":[{"href":"https:\/\/dekorativnisvijet.com\/bs\/wp-json\/wp\/v2\/product"}],"about":[{"href":"https:\/\/dekorativnisvijet.com\/bs\/wp-json\/wp\/v2\/types\/product"}],"replies":[{"embeddable":true,"href":"https:\/\/dekorativnisvijet.com\/bs\/wp-json\/wp\/v2\/comments?post=494"}],"wp:featuredmedia":[{"embeddable":true,"href":"https:\/\/dekorativnisvijet.com\/bs\/wp-json\/wp\/v2\/media\/466"}],"wp:attachment":[{"href":"https:\/\/dekorativnisvijet.com\/bs\/wp-json\/wp\/v2\/media?parent=494"}],"wp:term":[{"taxonomy":"product_brand","embeddable":true,"href":"https:\/\/dekorativnisvijet.com\/bs\/wp-json\/wp\/v2\/product_brand?post=494"},{"taxonomy":"product_cat","embeddable":true,"href":"https:\/\/dekorativnisvijet.com\/bs\/wp-json\/wp\/v2\/product_cat?post=494"},{"taxonomy":"product_tag","embeddable":true,"href":"https:\/\/dekorativnisvijet.com\/bs\/wp-json\/wp\/v2\/product_tag?post=494"}],"curies":[{"name":"wp","href":"https:\/\/api.w.org\/{rel}","templated":true}]}}