{"id":493,"date":"2025-11-25T00:36:41","date_gmt":"2025-11-24T23:36:41","guid":{"rendered":"https:\/\/dekorativnisvijet.com\/?post_type=product&#038;p=493"},"modified":"2025-11-25T00:36:41","modified_gmt":"2025-11-24T23:36:41","slug":"personalizovani-tespih","status":"publish","type":"product","link":"https:\/\/dekorativnisvijet.com\/bs\/proizvod\/personalizovani-tespih\/","title":{"rendered":"Personalizovani Tespih"},"content":{"rendered":"<p><img loading=\"lazy\" decoding=\"async\" class=\"alignnone size-medium wp-image-478\" src=\"https:\/\/dekorativnisvijet.com\/wp-content\/uploads\/2025\/11\/viber_slika_2025-11-24_01-46-03-530-180x400.jpg\" alt=\"\" width=\"180\" height=\"400\" srcset=\"https:\/\/dekorativnisvijet.com\/wp-content\/uploads\/2025\/11\/viber_slika_2025-11-24_01-46-03-530-180x400.jpg 180w, https:\/\/dekorativnisvijet.com\/wp-content\/uploads\/2025\/11\/viber_slika_2025-11-24_01-46-03-530-360x800.jpg 360w, https:\/\/dekorativnisvijet.com\/wp-content\/uploads\/2025\/11\/viber_slika_2025-11-24_01-46-03-530-691x1536.jpg 691w, https:\/\/dekorativnisvijet.com\/wp-content\/uploads\/2025\/11\/viber_slika_2025-11-24_01-46-03-530-5x12.jpg 5w, https:\/\/dekorativnisvijet.com\/wp-content\/uploads\/2025\/11\/viber_slika_2025-11-24_01-46-03-530-600x1333.jpg 600w, https:\/\/dekorativnisvijet.com\/wp-content\/uploads\/2025\/11\/viber_slika_2025-11-24_01-46-03-530.jpg 720w\" sizes=\"auto, (max-width: 180px) 100vw, 180px\" \/><\/p>\n<p><b>Poklonite vjeru, uspomenu i ljubav u jednom!<\/b> Na\u0161 personalizovani tespih\/brojanica je mnogo vi\u0161e od nakita \u2013 to je <b>molitveno pomagalo<\/b> i <b>emotivni podsjetnik<\/b> na va\u0161e najdra\u017ee.<\/p>","protected":false},"excerpt":{"rendered":"<h3>\u2728 Detalji i Personalizacija:<\/h3>\n<p>&nbsp;<\/p>\n<ol start=\"1\" data-path-to-node=\"6\">\n<li>\n<p data-path-to-node=\"6,0,0\"><b>Prirodno Kamen\/Perle:<\/b> Izra\u0111en od glatkih, elegantnih perli (poput ru\u017ei\u010dastog kvarca i mramornog kamena) koje su ugodne na dodir.<\/p>\n<\/li>\n<li>\n<p data-path-to-node=\"6,1,0\"><b>Dekorativne Kifle:<\/b> Svaki tespih zavr\u0161ava rasko\u0161nom <b>svilenom kiflom\/ki\u0107ankom<\/b>, daju\u0107i mu luksuzan i tradicionalan izgled.<\/p>\n<\/li>\n<li>\n<p data-path-to-node=\"6,2,0\"><b>Personalizovani Privjesak:<\/b> Klju\u010dni element je <b>privjesak u obliku srca<\/b> sa graviranim porukama:<\/p>\n<ul data-path-to-node=\"6,2,1\">\n<li>\n<p data-path-to-node=\"6,2,1,0,0\"><b>&#8220;Najbolja \u0107erka&#8221;<\/b> (idealno za k\u0107erke).<\/p>\n<\/li>\n<li>\n<p data-path-to-node=\"6,2,1,1,0\"><b>&#8220;Spomeni me u dovama&#8221;<\/b> (savr\u0161eno za prijatelje i voljene osobe).<\/p>\n<\/li>\n<li>\n<p data-path-to-node=\"6,2,1,2,0\"><b>Mogu\u0107nost Graviranja Po \u017delji:<\/b> (Ime, Datum, Kratka poruka).<\/p>\n<\/li>\n<\/ul>\n<\/li>\n<\/ol>\n<p data-path-to-node=\"7\">\n<h3>\ud83c\udf1f Za\u0161to je ovo idealan poklon?<\/h3>\n<p>&nbsp;<\/p>\n<ul data-path-to-node=\"8\">\n<li>\n<p data-path-to-node=\"8,0,0\"><b>Duhovna Vrijednost:<\/b> Koristan kao tespih\/brojanica, poma\u017ee u meditaciji i molitvi.<\/p>\n<\/li>\n<li>\n<p data-path-to-node=\"8,1,0\"><b>Emotivna Veza:<\/b> Personalizovana poruka stvara trajnu uspomenu i emocionalnu vezu.<\/p>\n<\/li>\n<li>\n<p data-path-to-node=\"8,2,0\"><b>Estetika:<\/b> Predivan modni dodatak i ukras.<\/p>\n<\/li>\n<\/ul>\n<p data-path-to-node=\"9\">\n<h3>\ud83c\udf81 Prilike za Darivanje:<\/h3>\n<p>&nbsp;<\/p>\n<ul data-path-to-node=\"10\">\n<li>\n<p data-path-to-node=\"10,0,0\"><b>Bajramski Poklon<\/b><\/p>\n<\/li>\n<li>\n<p data-path-to-node=\"10,1,0\"><b>Maj\u010din Dan \/ Dan \u017dena<\/b><\/p>\n<\/li>\n<li>\n<p data-path-to-node=\"10,2,0\"><b>Ro\u0111endan (za k\u0107erku\/sestru\/prijateljicu)<\/b><\/p>\n<\/li>\n<li>\n<p data-path-to-node=\"10,3,0\"><b>Znak pa\u017enje, sa \u017eeljom za blagoslov<\/b><\/p>\n<\/li>\n<\/ul>\n<hr data-path-to-node=\"11\" \/>\n<p data-path-to-node=\"12\"><b>Naru\u010dite odmah!<\/b> Poklonite nekome mir i ljubav, upakovane u elegantan tespih.<\/p>","protected":false},"featured_media":477,"comment_status":"open","ping_status":"closed","template":"","meta":[],"product_brand":[],"product_cat":[73],"product_tag":[],"class_list":{"0":"post-493","1":"product","2":"type-product","3":"status-publish","4":"has-post-thumbnail","6":"product_cat-unikatni-personalizovani-poklon","8":"first","9":"instock","10":"shipping-taxable","11":"purchasable","12":"product-type-simple"},"yoast_head":"<!-- This site is optimized with the Yoast SEO plugin v26.5 - https:\/\/yoast.com\/wordpress\/plugins\/seo\/ -->\n<title>Personalizovani Tespih - Dekorativni svijet \u2013 Ru\u010dno ra\u0111eni i personalizirani pokloni<\/title>\n<meta name=\"robots\" content=\"index, follow, max-snippet:-1, max-image-preview:large, max-video-preview:-1\" \/>\n<link rel=\"canonical\" href=\"https:\/\/dekorativnisvijet.com\/bs\/proizvod\/personalizovani-tespih\/\" \/>\n<meta property=\"og:locale\" content=\"bs_BA\" \/>\n<meta property=\"og:type\" content=\"article\" \/>\n<meta property=\"og:title\" content=\"Personalizovani Tespih - Dekorativni svijet \u2013 Ru\u010dno ra\u0111eni i personalizirani pokloni\" \/>\n<meta property=\"og:description\" content=\"\u2728 Detalji i Personalizacija: &nbsp;    Prirodno Kamen\/Perle: Izra\u0111en od glatkih, elegantnih perli (poput ru\u017ei\u010dastog kvarca i mramornog kamena) koje su ugodne na dodir.    Dekorativne Kifle: Svaki tespih zavr\u0161ava rasko\u0161nom svilenom kiflom\/ki\u0107ankom, daju\u0107i mu luksuzan i tradicionalan izgled.    Personalizovani Privjesak: Klju\u010dni element je privjesak u obliku srca sa graviranim porukama:     &quot;Najbolja \u0107erka&quot; (idealno za k\u0107erke).    &quot;Spomeni me u dovama&quot; (savr\u0161eno za prijatelje i voljene osobe).    Mogu\u0107nost Graviranja Po \u017delji: (Ime, Datum, Kratka poruka).       \ud83c\udf1f Za\u0161to je ovo idealan poklon? &nbsp;    Duhovna Vrijednost: Koristan kao tespih\/brojanica, poma\u017ee u meditaciji i molitvi.    Emotivna Veza: Personalizovana poruka stvara trajnu uspomenu i emocionalnu vezu.    Estetika: Predivan modni dodatak i ukras.     \ud83c\udf81 Prilike za Darivanje: &nbsp;    Bajramski Poklon    Maj\u010din Dan \/ Dan \u017dena    Ro\u0111endan (za k\u0107erku\/sestru\/prijateljicu)    Znak pa\u017enje, sa \u017eeljom za blagoslov     Naru\u010dite odmah! Poklonite nekome mir i ljubav, upakovane u elegantan tespih.\" \/>\n<meta property=\"og:url\" content=\"https:\/\/dekorativnisvijet.com\/bs\/proizvod\/personalizovani-tespih\/\" \/>\n<meta property=\"og:site_name\" content=\"Dekorativni svijet \u2013 Ru\u010dno ra\u0111eni i personalizirani pokloni\" \/>\n<meta property=\"article:publisher\" content=\"https:\/\/www.facebook.com\/profile.php?id=100089319944185\" \/>\n<meta property=\"og:image\" content=\"https:\/\/dekorativnisvijet.com\/wp-content\/uploads\/2025\/11\/viber_slika_2025-11-24_01-46-03-160.jpg\" \/>\n\t<meta property=\"og:image:width\" content=\"720\" \/>\n\t<meta property=\"og:image:height\" content=\"1600\" \/>\n\t<meta property=\"og:image:type\" content=\"image\/jpeg\" \/>\n<meta name=\"twitter:card\" content=\"summary_large_image\" \/>\n<script type=\"application\/ld+json\" class=\"yoast-schema-graph\">{\"@context\":\"https:\/\/schema.org\",\"@graph\":[{\"@type\":\"WebPage\",\"@id\":\"https:\/\/dekorativnisvijet.com\/product\/personalizovani-tespih\/\",\"url\":\"https:\/\/dekorativnisvijet.com\/product\/personalizovani-tespih\/\",\"name\":\"Personalizovani Tespih - Dekorativni svijet \u2013 Ru\u010dno ra\u0111eni i personalizirani pokloni\",\"isPartOf\":{\"@id\":\"https:\/\/dekorativnisvijet.com\/#website\"},\"primaryImageOfPage\":{\"@id\":\"https:\/\/dekorativnisvijet.com\/product\/personalizovani-tespih\/#primaryimage\"},\"image\":{\"@id\":\"https:\/\/dekorativnisvijet.com\/product\/personalizovani-tespih\/#primaryimage\"},\"thumbnailUrl\":\"https:\/\/dekorativnisvijet.com\/wp-content\/uploads\/2025\/11\/viber_slika_2025-11-24_01-46-03-160.jpg\",\"datePublished\":\"2025-11-24T23:36:41+00:00\",\"breadcrumb\":{\"@id\":\"https:\/\/dekorativnisvijet.com\/product\/personalizovani-tespih\/#breadcrumb\"},\"inLanguage\":\"bs-BA\",\"potentialAction\":[{\"@type\":\"ReadAction\",\"target\":[\"https:\/\/dekorativnisvijet.com\/product\/personalizovani-tespih\/\"]}]},{\"@type\":\"ImageObject\",\"inLanguage\":\"bs-BA\",\"@id\":\"https:\/\/dekorativnisvijet.com\/product\/personalizovani-tespih\/#primaryimage\",\"url\":\"https:\/\/dekorativnisvijet.com\/wp-content\/uploads\/2025\/11\/viber_slika_2025-11-24_01-46-03-160.jpg\",\"contentUrl\":\"https:\/\/dekorativnisvijet.com\/wp-content\/uploads\/2025\/11\/viber_slika_2025-11-24_01-46-03-160.jpg\",\"width\":720,\"height\":1600},{\"@type\":\"BreadcrumbList\",\"@id\":\"https:\/\/dekorativnisvijet.com\/product\/personalizovani-tespih\/#breadcrumb\",\"itemListElement\":[{\"@type\":\"ListItem\",\"position\":1,\"name\":\"Home\",\"item\":\"https:\/\/dekorativnisvijet.com\/\"},{\"@type\":\"ListItem\",\"position\":2,\"name\":\"Classic Shop\",\"item\":\"https:\/\/dekorativnisvijet.com\/bs\/demos\/shop-demos\/classic-shop\/\"},{\"@type\":\"ListItem\",\"position\":3,\"name\":\"Personalizovani Tespih\"}]},{\"@type\":\"WebSite\",\"@id\":\"https:\/\/dekorativnisvijet.com\/#website\",\"url\":\"https:\/\/dekorativnisvijet.com\/\",\"name\":\"dekorativnisvijet.com\",\"description\":\"Ru\u010dni rad i personalizovani pokloni\",\"publisher\":{\"@id\":\"https:\/\/dekorativnisvijet.com\/#\/schema\/person\/1defecf5e510b1dc3d648d2741c0252b\"},\"potentialAction\":[{\"@type\":\"SearchAction\",\"target\":{\"@type\":\"EntryPoint\",\"urlTemplate\":\"https:\/\/dekorativnisvijet.com\/?s={search_term_string}\"},\"query-input\":{\"@type\":\"PropertyValueSpecification\",\"valueRequired\":true,\"valueName\":\"search_term_string\"}}],\"inLanguage\":\"bs-BA\"},{\"@type\":[\"Person\",\"Organization\"],\"@id\":\"https:\/\/dekorativnisvijet.com\/#\/schema\/person\/1defecf5e510b1dc3d648d2741c0252b\",\"name\":\"Irhada Kurtalija\",\"image\":{\"@type\":\"ImageObject\",\"inLanguage\":\"bs-BA\",\"@id\":\"https:\/\/dekorativnisvijet.com\/#\/schema\/person\/image\/\",\"url\":\"https:\/\/dekorativnisvijet.com\/wp-content\/uploads\/2025\/12\/logo.jpg\",\"contentUrl\":\"https:\/\/dekorativnisvijet.com\/wp-content\/uploads\/2025\/12\/logo.jpg\",\"width\":1024,\"height\":1024,\"caption\":\"Irhada Kurtalija\"},\"logo\":{\"@id\":\"https:\/\/dekorativnisvijet.com\/#\/schema\/person\/image\/\"},\"sameAs\":[\"https:\/\/www.facebook.com\/profile.php?id=100089319944185\",\"https:\/\/www.instagram.com\/accounts\/edit\/?__coig_login=1\"]}]}<\/script>\n<!-- \/ Yoast SEO plugin. -->","yoast_head_json":{"title":"Personalizovani Tespih - Dekorativni svijet \u2013 Ru\u010dno ra\u0111eni i personalizirani pokloni","robots":{"index":"index","follow":"follow","max-snippet":"max-snippet:-1","max-image-preview":"max-image-preview:large","max-video-preview":"max-video-preview:-1"},"canonical":"https:\/\/dekorativnisvijet.com\/bs\/proizvod\/personalizovani-tespih\/","og_locale":"bs_BA","og_type":"article","og_title":"Personalizovani Tespih - Dekorativni svijet \u2013 Ru\u010dno ra\u0111eni i personalizirani pokloni","og_description":"\u2728 Detalji i Personalizacija: &nbsp;    Prirodno Kamen\/Perle: Izra\u0111en od glatkih, elegantnih perli (poput ru\u017ei\u010dastog kvarca i mramornog kamena) koje su ugodne na dodir.    Dekorativne Kifle: Svaki tespih zavr\u0161ava rasko\u0161nom svilenom kiflom\/ki\u0107ankom, daju\u0107i mu luksuzan i tradicionalan izgled.    Personalizovani Privjesak: Klju\u010dni element je privjesak u obliku srca sa graviranim porukama:     \"Najbolja \u0107erka\" (idealno za k\u0107erke).    \"Spomeni me u dovama\" (savr\u0161eno za prijatelje i voljene osobe).    Mogu\u0107nost Graviranja Po \u017delji: (Ime, Datum, Kratka poruka).       \ud83c\udf1f Za\u0161to je ovo idealan poklon? &nbsp;    Duhovna Vrijednost: Koristan kao tespih\/brojanica, poma\u017ee u meditaciji i molitvi.    Emotivna Veza: Personalizovana poruka stvara trajnu uspomenu i emocionalnu vezu.    Estetika: Predivan modni dodatak i ukras.     \ud83c\udf81 Prilike za Darivanje: &nbsp;    Bajramski Poklon    Maj\u010din Dan \/ Dan \u017dena    Ro\u0111endan (za k\u0107erku\/sestru\/prijateljicu)    Znak pa\u017enje, sa \u017eeljom za blagoslov     Naru\u010dite odmah! Poklonite nekome mir i ljubav, upakovane u elegantan tespih.","og_url":"https:\/\/dekorativnisvijet.com\/bs\/proizvod\/personalizovani-tespih\/","og_site_name":"Dekorativni svijet \u2013 Ru\u010dno ra\u0111eni i personalizirani pokloni","article_publisher":"https:\/\/www.facebook.com\/profile.php?id=100089319944185","og_image":[{"width":720,"height":1600,"url":"https:\/\/dekorativnisvijet.com\/wp-content\/uploads\/2025\/11\/viber_slika_2025-11-24_01-46-03-160.jpg","type":"image\/jpeg"}],"twitter_card":"summary_large_image","schema":{"@context":"https:\/\/schema.org","@graph":[{"@type":"WebPage","@id":"https:\/\/dekorativnisvijet.com\/product\/personalizovani-tespih\/","url":"https:\/\/dekorativnisvijet.com\/product\/personalizovani-tespih\/","name":"Personalizovani Tespih - Dekorativni svijet \u2013 Ru\u010dno ra\u0111eni i personalizirani pokloni","isPartOf":{"@id":"https:\/\/dekorativnisvijet.com\/#website"},"primaryImageOfPage":{"@id":"https:\/\/dekorativnisvijet.com\/product\/personalizovani-tespih\/#primaryimage"},"image":{"@id":"https:\/\/dekorativnisvijet.com\/product\/personalizovani-tespih\/#primaryimage"},"thumbnailUrl":"https:\/\/dekorativnisvijet.com\/wp-content\/uploads\/2025\/11\/viber_slika_2025-11-24_01-46-03-160.jpg","datePublished":"2025-11-24T23:36:41+00:00","breadcrumb":{"@id":"https:\/\/dekorativnisvijet.com\/product\/personalizovani-tespih\/#breadcrumb"},"inLanguage":"bs-BA","potentialAction":[{"@type":"ReadAction","target":["https:\/\/dekorativnisvijet.com\/product\/personalizovani-tespih\/"]}]},{"@type":"ImageObject","inLanguage":"bs-BA","@id":"https:\/\/dekorativnisvijet.com\/product\/personalizovani-tespih\/#primaryimage","url":"https:\/\/dekorativnisvijet.com\/wp-content\/uploads\/2025\/11\/viber_slika_2025-11-24_01-46-03-160.jpg","contentUrl":"https:\/\/dekorativnisvijet.com\/wp-content\/uploads\/2025\/11\/viber_slika_2025-11-24_01-46-03-160.jpg","width":720,"height":1600},{"@type":"BreadcrumbList","@id":"https:\/\/dekorativnisvijet.com\/product\/personalizovani-tespih\/#breadcrumb","itemListElement":[{"@type":"ListItem","position":1,"name":"Home","item":"https:\/\/dekorativnisvijet.com\/"},{"@type":"ListItem","position":2,"name":"Classic Shop","item":"https:\/\/dekorativnisvijet.com\/bs\/demos\/shop-demos\/classic-shop\/"},{"@type":"ListItem","position":3,"name":"Personalizovani Tespih"}]},{"@type":"WebSite","@id":"https:\/\/dekorativnisvijet.com\/#website","url":"https:\/\/dekorativnisvijet.com\/","name":"dekorativnisvijet.com","description":"Ru\u010dni rad i personalizovani pokloni","publisher":{"@id":"https:\/\/dekorativnisvijet.com\/#\/schema\/person\/1defecf5e510b1dc3d648d2741c0252b"},"potentialAction":[{"@type":"SearchAction","target":{"@type":"EntryPoint","urlTemplate":"https:\/\/dekorativnisvijet.com\/?s={search_term_string}"},"query-input":{"@type":"PropertyValueSpecification","valueRequired":true,"valueName":"search_term_string"}}],"inLanguage":"bs-BA"},{"@type":["Person","Organization"],"@id":"https:\/\/dekorativnisvijet.com\/#\/schema\/person\/1defecf5e510b1dc3d648d2741c0252b","name":"Irhada Kurtalija","image":{"@type":"ImageObject","inLanguage":"bs-BA","@id":"https:\/\/dekorativnisvijet.com\/#\/schema\/person\/image\/","url":"https:\/\/dekorativnisvijet.com\/wp-content\/uploads\/2025\/12\/logo.jpg","contentUrl":"https:\/\/dekorativnisvijet.com\/wp-content\/uploads\/2025\/12\/logo.jpg","width":1024,"height":1024,"caption":"Irhada Kurtalija"},"logo":{"@id":"https:\/\/dekorativnisvijet.com\/#\/schema\/person\/image\/"},"sameAs":["https:\/\/www.facebook.com\/profile.php?id=100089319944185","https:\/\/www.instagram.com\/accounts\/edit\/?__coig_login=1"]}]}},"jetpack_sharing_enabled":true,"_links":{"self":[{"href":"https:\/\/dekorativnisvijet.com\/bs\/wp-json\/wp\/v2\/product\/493","targetHints":{"allow":["GET"]}}],"collection":[{"href":"https:\/\/dekorativnisvijet.com\/bs\/wp-json\/wp\/v2\/product"}],"about":[{"href":"https:\/\/dekorativnisvijet.com\/bs\/wp-json\/wp\/v2\/types\/product"}],"replies":[{"embeddable":true,"href":"https:\/\/dekorativnisvijet.com\/bs\/wp-json\/wp\/v2\/comments?post=493"}],"wp:featuredmedia":[{"embeddable":true,"href":"https:\/\/dekorativnisvijet.com\/bs\/wp-json\/wp\/v2\/media\/477"}],"wp:attachment":[{"href":"https:\/\/dekorativnisvijet.com\/bs\/wp-json\/wp\/v2\/media?parent=493"}],"wp:term":[{"taxonomy":"product_brand","embeddable":true,"href":"https:\/\/dekorativnisvijet.com\/bs\/wp-json\/wp\/v2\/product_brand?post=493"},{"taxonomy":"product_cat","embeddable":true,"href":"https:\/\/dekorativnisvijet.com\/bs\/wp-json\/wp\/v2\/product_cat?post=493"},{"taxonomy":"product_tag","embeddable":true,"href":"https:\/\/dekorativnisvijet.com\/bs\/wp-json\/wp\/v2\/product_tag?post=493"}],"curies":[{"name":"wp","href":"https:\/\/api.w.org\/{rel}","templated":true}]}}