{"id":490,"date":"2025-11-25T00:26:16","date_gmt":"2025-11-24T23:26:16","guid":{"rendered":"https:\/\/dekorativnisvijet.com\/?post_type=product&#038;p=490"},"modified":"2025-11-25T00:26:16","modified_gmt":"2025-11-24T23:26:16","slug":"poklon-box-snaga-i-njeznost","status":"publish","type":"product","link":"https:\/\/dekorativnisvijet.com\/bs\/proizvod\/poklon-box-snaga-i-njeznost\/","title":{"rendered":"Poklon Box &#8220;Snaga i Nje\u017enost&#8221;"},"content":{"rendered":"<p><img loading=\"lazy\" decoding=\"async\" class=\"alignnone size-medium wp-image-489\" src=\"https:\/\/dekorativnisvijet.com\/wp-content\/uploads\/2025\/11\/viber_slika_2025-11-24_01-45-51-664-180x400.jpg\" alt=\"\" width=\"180\" height=\"400\" srcset=\"https:\/\/dekorativnisvijet.com\/wp-content\/uploads\/2025\/11\/viber_slika_2025-11-24_01-45-51-664-180x400.jpg 180w, https:\/\/dekorativnisvijet.com\/wp-content\/uploads\/2025\/11\/viber_slika_2025-11-24_01-45-51-664-360x800.jpg 360w, https:\/\/dekorativnisvijet.com\/wp-content\/uploads\/2025\/11\/viber_slika_2025-11-24_01-45-51-664-691x1536.jpg 691w, https:\/\/dekorativnisvijet.com\/wp-content\/uploads\/2025\/11\/viber_slika_2025-11-24_01-45-51-664-5x12.jpg 5w, https:\/\/dekorativnisvijet.com\/wp-content\/uploads\/2025\/11\/viber_slika_2025-11-24_01-45-51-664-600x1333.jpg 600w, https:\/\/dekorativnisvijet.com\/wp-content\/uploads\/2025\/11\/viber_slika_2025-11-24_01-45-51-664.jpg 720w\" sizes=\"auto, (max-width: 180px) 100vw, 180px\" \/><\/p>\n<p><b>Poklonite joj djeli\u0107 vje\u010dnosti i slatki u\u017eitak!<\/b> Na\u0161 elegantni poklon box <b>&#8220;Snaga i Nje\u017enost&#8221;<\/b> je savr\u0161en na\u010din da proslavite \u017eenu u va\u0161em \u017eivotu. Spoj emocije, ljepote i \u010dokolade u jednom predivnom paketu!<\/p>","protected":false},"excerpt":{"rendered":"<h3>\u2728 Sadr\u017eaj Kutije:<\/h3>\n<p>&nbsp;<\/p>\n<ol start=\"1\" data-path-to-node=\"6\">\n<li>\n<p data-path-to-node=\"6,0,0\"><b>Vje\u010dni Simbol:<\/b> Ru\u010dno izra\u0111ene satenske ru\u017ee (boja fuksije\/roza) koje trajno simbolizuju va\u0161u ljubav, za razliku od pravog cvije\u0107a.<\/p>\n<\/li>\n<li>\n<p data-path-to-node=\"6,1,0\"><b>Slatki U\u017eitak:<\/b> Nekoliko <b>Ferrero Rocher pralina<\/b> \u2013 sinonim za luksuz i ukusno zadovoljstvo.<\/p>\n<\/li>\n<li>\n<p data-path-to-node=\"6,2,0\"><b>Emotivna Poruka:<\/b> Unutra\u0161nja strana poklopca sadr\u017ei inspirativnu i dirljivu poruku posve\u0107enu \u017eeni:<\/p>\n<blockquote data-path-to-node=\"6,2,1\">\n<p data-path-to-node=\"6,2,1,0\"><i>&#8220;\u017dena nije samo simbol nje\u017enosti i ljepote, ve\u0107 i snage i hrabrosti. Svijet bez tebe ne bi bio isti!&#8221;<\/i><\/p>\n<\/blockquote>\n<\/li>\n<\/ol>\n<p data-path-to-node=\"7\">\n<h3>\ud83c\udf81 Idealan Poklon za:<\/h3>\n<p>&nbsp;<\/p>\n<ul data-path-to-node=\"8\">\n<li>\n<p data-path-to-node=\"8,0,0\"><b>Dan \u017dena (8. Mart)<\/b><\/p>\n<\/li>\n<li>\n<p data-path-to-node=\"8,1,0\"><b>Godi\u0161njice i Valentinovo<\/b><\/p>\n<\/li>\n<li>\n<p data-path-to-node=\"8,2,0\"><b>Ro\u0111endane<\/b><\/p>\n<\/li>\n<li>\n<p data-path-to-node=\"8,3,0\"><b>Znak pa\u017enje, bez posebnog povoda<\/b><\/p>\n<\/li>\n<\/ul>\n<p data-path-to-node=\"9\">Ova kutija je savr\u0161en poklon jer kombinuje <b>trajnu uspomenu<\/b> (ru\u017ee), <b>trenutni u\u017eitak<\/b> (\u010dokolada) i <b>iskrenu emotivnu poruku<\/b>.<\/p>\n<hr data-path-to-node=\"10\" \/>\n<p data-path-to-node=\"11\"><b>Naru\u010dite odmah!<\/b> Izrazite svoje divljenje na najelegantniji i najsla\u0111i na\u010din.<\/p>","protected":false},"featured_media":489,"comment_status":"open","ping_status":"closed","template":"","meta":[],"product_brand":[],"product_cat":[70,73],"product_tag":[],"class_list":{"0":"post-490","1":"product","2":"type-product","3":"status-publish","4":"has-post-thumbnail","6":"product_cat-saten-ruze","7":"product_cat-unikatni-personalizovani-poklon","9":"first","10":"instock","11":"shipping-taxable","12":"purchasable","13":"product-type-simple"},"yoast_head":"<!-- This site is optimized with the Yoast SEO plugin v26.5 - https:\/\/yoast.com\/wordpress\/plugins\/seo\/ -->\n<title>Poklon Box &quot;Snaga i Nje\u017enost&quot; - Dekorativni svijet \u2013 Ru\u010dno ra\u0111eni i personalizirani pokloni<\/title>\n<meta name=\"robots\" content=\"index, follow, max-snippet:-1, max-image-preview:large, max-video-preview:-1\" \/>\n<link rel=\"canonical\" href=\"https:\/\/dekorativnisvijet.com\/bs\/proizvod\/poklon-box-snaga-i-njeznost\/\" \/>\n<meta property=\"og:locale\" content=\"bs_BA\" \/>\n<meta property=\"og:type\" content=\"article\" \/>\n<meta property=\"og:title\" content=\"Poklon Box &quot;Snaga i Nje\u017enost&quot; - Dekorativni svijet \u2013 Ru\u010dno ra\u0111eni i personalizirani pokloni\" \/>\n<meta property=\"og:description\" content=\"\u2728 Sadr\u017eaj Kutije: &nbsp;    Vje\u010dni Simbol: Ru\u010dno izra\u0111ene satenske ru\u017ee (boja fuksije\/roza) koje trajno simbolizuju va\u0161u ljubav, za razliku od pravog cvije\u0107a.    Slatki U\u017eitak: Nekoliko Ferrero Rocher pralina \u2013 sinonim za luksuz i ukusno zadovoljstvo.    Emotivna Poruka: Unutra\u0161nja strana poklopca sadr\u017ei inspirativnu i dirljivu poruku posve\u0107enu \u017eeni:   &quot;\u017dena nije samo simbol nje\u017enosti i ljepote, ve\u0107 i snage i hrabrosti. Svijet bez tebe ne bi bio isti!&quot;      \ud83c\udf81 Idealan Poklon za: &nbsp;    Dan \u017dena (8. Mart)    Godi\u0161njice i Valentinovo    Ro\u0111endane    Znak pa\u017enje, bez posebnog povoda   Ova kutija je savr\u0161en poklon jer kombinuje trajnu uspomenu (ru\u017ee), trenutni u\u017eitak (\u010dokolada) i iskrenu emotivnu poruku.    Naru\u010dite odmah! Izrazite svoje divljenje na najelegantniji i najsla\u0111i na\u010din.\" \/>\n<meta property=\"og:url\" content=\"https:\/\/dekorativnisvijet.com\/bs\/proizvod\/poklon-box-snaga-i-njeznost\/\" \/>\n<meta property=\"og:site_name\" content=\"Dekorativni svijet \u2013 Ru\u010dno ra\u0111eni i personalizirani pokloni\" \/>\n<meta property=\"article:publisher\" content=\"https:\/\/www.facebook.com\/profile.php?id=100089319944185\" \/>\n<meta property=\"og:image\" content=\"https:\/\/dekorativnisvijet.com\/wp-content\/uploads\/2025\/11\/viber_slika_2025-11-24_01-45-51-664.jpg\" \/>\n\t<meta property=\"og:image:width\" content=\"720\" \/>\n\t<meta property=\"og:image:height\" content=\"1600\" \/>\n\t<meta property=\"og:image:type\" content=\"image\/jpeg\" \/>\n<meta name=\"twitter:card\" content=\"summary_large_image\" \/>\n<script type=\"application\/ld+json\" class=\"yoast-schema-graph\">{\"@context\":\"https:\/\/schema.org\",\"@graph\":[{\"@type\":\"WebPage\",\"@id\":\"https:\/\/dekorativnisvijet.com\/product\/poklon-box-snaga-i-njeznost\/\",\"url\":\"https:\/\/dekorativnisvijet.com\/product\/poklon-box-snaga-i-njeznost\/\",\"name\":\"Poklon Box \\\"Snaga i Nje\u017enost\\\" - Dekorativni svijet \u2013 Ru\u010dno ra\u0111eni i personalizirani pokloni\",\"isPartOf\":{\"@id\":\"https:\/\/dekorativnisvijet.com\/#website\"},\"primaryImageOfPage\":{\"@id\":\"https:\/\/dekorativnisvijet.com\/product\/poklon-box-snaga-i-njeznost\/#primaryimage\"},\"image\":{\"@id\":\"https:\/\/dekorativnisvijet.com\/product\/poklon-box-snaga-i-njeznost\/#primaryimage\"},\"thumbnailUrl\":\"https:\/\/dekorativnisvijet.com\/wp-content\/uploads\/2025\/11\/viber_slika_2025-11-24_01-45-51-664.jpg\",\"datePublished\":\"2025-11-24T23:26:16+00:00\",\"breadcrumb\":{\"@id\":\"https:\/\/dekorativnisvijet.com\/product\/poklon-box-snaga-i-njeznost\/#breadcrumb\"},\"inLanguage\":\"bs-BA\",\"potentialAction\":[{\"@type\":\"ReadAction\",\"target\":[\"https:\/\/dekorativnisvijet.com\/product\/poklon-box-snaga-i-njeznost\/\"]}]},{\"@type\":\"ImageObject\",\"inLanguage\":\"bs-BA\",\"@id\":\"https:\/\/dekorativnisvijet.com\/product\/poklon-box-snaga-i-njeznost\/#primaryimage\",\"url\":\"https:\/\/dekorativnisvijet.com\/wp-content\/uploads\/2025\/11\/viber_slika_2025-11-24_01-45-51-664.jpg\",\"contentUrl\":\"https:\/\/dekorativnisvijet.com\/wp-content\/uploads\/2025\/11\/viber_slika_2025-11-24_01-45-51-664.jpg\",\"width\":720,\"height\":1600},{\"@type\":\"BreadcrumbList\",\"@id\":\"https:\/\/dekorativnisvijet.com\/product\/poklon-box-snaga-i-njeznost\/#breadcrumb\",\"itemListElement\":[{\"@type\":\"ListItem\",\"position\":1,\"name\":\"Home\",\"item\":\"https:\/\/dekorativnisvijet.com\/\"},{\"@type\":\"ListItem\",\"position\":2,\"name\":\"Classic Shop\",\"item\":\"https:\/\/dekorativnisvijet.com\/bs\/demos\/shop-demos\/classic-shop\/\"},{\"@type\":\"ListItem\",\"position\":3,\"name\":\"Poklon Box &#8220;Snaga i Nje\u017enost&#8221;\"}]},{\"@type\":\"WebSite\",\"@id\":\"https:\/\/dekorativnisvijet.com\/#website\",\"url\":\"https:\/\/dekorativnisvijet.com\/\",\"name\":\"dekorativnisvijet.com\",\"description\":\"Ru\u010dni rad i personalizovani pokloni\",\"publisher\":{\"@id\":\"https:\/\/dekorativnisvijet.com\/#\/schema\/person\/1defecf5e510b1dc3d648d2741c0252b\"},\"potentialAction\":[{\"@type\":\"SearchAction\",\"target\":{\"@type\":\"EntryPoint\",\"urlTemplate\":\"https:\/\/dekorativnisvijet.com\/?s={search_term_string}\"},\"query-input\":{\"@type\":\"PropertyValueSpecification\",\"valueRequired\":true,\"valueName\":\"search_term_string\"}}],\"inLanguage\":\"bs-BA\"},{\"@type\":[\"Person\",\"Organization\"],\"@id\":\"https:\/\/dekorativnisvijet.com\/#\/schema\/person\/1defecf5e510b1dc3d648d2741c0252b\",\"name\":\"Irhada Kurtalija\",\"image\":{\"@type\":\"ImageObject\",\"inLanguage\":\"bs-BA\",\"@id\":\"https:\/\/dekorativnisvijet.com\/#\/schema\/person\/image\/\",\"url\":\"https:\/\/dekorativnisvijet.com\/wp-content\/uploads\/2025\/12\/logo.jpg\",\"contentUrl\":\"https:\/\/dekorativnisvijet.com\/wp-content\/uploads\/2025\/12\/logo.jpg\",\"width\":1024,\"height\":1024,\"caption\":\"Irhada Kurtalija\"},\"logo\":{\"@id\":\"https:\/\/dekorativnisvijet.com\/#\/schema\/person\/image\/\"},\"sameAs\":[\"https:\/\/www.facebook.com\/profile.php?id=100089319944185\",\"https:\/\/www.instagram.com\/accounts\/edit\/?__coig_login=1\"]}]}<\/script>\n<!-- \/ Yoast SEO plugin. -->","yoast_head_json":{"title":"Poklon Box \"Snaga i Nje\u017enost\" - Dekorativni svijet \u2013 Ru\u010dno ra\u0111eni i personalizirani pokloni","robots":{"index":"index","follow":"follow","max-snippet":"max-snippet:-1","max-image-preview":"max-image-preview:large","max-video-preview":"max-video-preview:-1"},"canonical":"https:\/\/dekorativnisvijet.com\/bs\/proizvod\/poklon-box-snaga-i-njeznost\/","og_locale":"bs_BA","og_type":"article","og_title":"Poklon Box \"Snaga i Nje\u017enost\" - Dekorativni svijet \u2013 Ru\u010dno ra\u0111eni i personalizirani pokloni","og_description":"\u2728 Sadr\u017eaj Kutije: &nbsp;    Vje\u010dni Simbol: Ru\u010dno izra\u0111ene satenske ru\u017ee (boja fuksije\/roza) koje trajno simbolizuju va\u0161u ljubav, za razliku od pravog cvije\u0107a.    Slatki U\u017eitak: Nekoliko Ferrero Rocher pralina \u2013 sinonim za luksuz i ukusno zadovoljstvo.    Emotivna Poruka: Unutra\u0161nja strana poklopca sadr\u017ei inspirativnu i dirljivu poruku posve\u0107enu \u017eeni:   \"\u017dena nije samo simbol nje\u017enosti i ljepote, ve\u0107 i snage i hrabrosti. Svijet bez tebe ne bi bio isti!\"      \ud83c\udf81 Idealan Poklon za: &nbsp;    Dan \u017dena (8. Mart)    Godi\u0161njice i Valentinovo    Ro\u0111endane    Znak pa\u017enje, bez posebnog povoda   Ova kutija je savr\u0161en poklon jer kombinuje trajnu uspomenu (ru\u017ee), trenutni u\u017eitak (\u010dokolada) i iskrenu emotivnu poruku.    Naru\u010dite odmah! Izrazite svoje divljenje na najelegantniji i najsla\u0111i na\u010din.","og_url":"https:\/\/dekorativnisvijet.com\/bs\/proizvod\/poklon-box-snaga-i-njeznost\/","og_site_name":"Dekorativni svijet \u2013 Ru\u010dno ra\u0111eni i personalizirani pokloni","article_publisher":"https:\/\/www.facebook.com\/profile.php?id=100089319944185","og_image":[{"width":720,"height":1600,"url":"https:\/\/dekorativnisvijet.com\/wp-content\/uploads\/2025\/11\/viber_slika_2025-11-24_01-45-51-664.jpg","type":"image\/jpeg"}],"twitter_card":"summary_large_image","schema":{"@context":"https:\/\/schema.org","@graph":[{"@type":"WebPage","@id":"https:\/\/dekorativnisvijet.com\/product\/poklon-box-snaga-i-njeznost\/","url":"https:\/\/dekorativnisvijet.com\/product\/poklon-box-snaga-i-njeznost\/","name":"Poklon Box \"Snaga i Nje\u017enost\" - Dekorativni svijet \u2013 Ru\u010dno ra\u0111eni i personalizirani pokloni","isPartOf":{"@id":"https:\/\/dekorativnisvijet.com\/#website"},"primaryImageOfPage":{"@id":"https:\/\/dekorativnisvijet.com\/product\/poklon-box-snaga-i-njeznost\/#primaryimage"},"image":{"@id":"https:\/\/dekorativnisvijet.com\/product\/poklon-box-snaga-i-njeznost\/#primaryimage"},"thumbnailUrl":"https:\/\/dekorativnisvijet.com\/wp-content\/uploads\/2025\/11\/viber_slika_2025-11-24_01-45-51-664.jpg","datePublished":"2025-11-24T23:26:16+00:00","breadcrumb":{"@id":"https:\/\/dekorativnisvijet.com\/product\/poklon-box-snaga-i-njeznost\/#breadcrumb"},"inLanguage":"bs-BA","potentialAction":[{"@type":"ReadAction","target":["https:\/\/dekorativnisvijet.com\/product\/poklon-box-snaga-i-njeznost\/"]}]},{"@type":"ImageObject","inLanguage":"bs-BA","@id":"https:\/\/dekorativnisvijet.com\/product\/poklon-box-snaga-i-njeznost\/#primaryimage","url":"https:\/\/dekorativnisvijet.com\/wp-content\/uploads\/2025\/11\/viber_slika_2025-11-24_01-45-51-664.jpg","contentUrl":"https:\/\/dekorativnisvijet.com\/wp-content\/uploads\/2025\/11\/viber_slika_2025-11-24_01-45-51-664.jpg","width":720,"height":1600},{"@type":"BreadcrumbList","@id":"https:\/\/dekorativnisvijet.com\/product\/poklon-box-snaga-i-njeznost\/#breadcrumb","itemListElement":[{"@type":"ListItem","position":1,"name":"Home","item":"https:\/\/dekorativnisvijet.com\/"},{"@type":"ListItem","position":2,"name":"Classic Shop","item":"https:\/\/dekorativnisvijet.com\/bs\/demos\/shop-demos\/classic-shop\/"},{"@type":"ListItem","position":3,"name":"Poklon Box &#8220;Snaga i Nje\u017enost&#8221;"}]},{"@type":"WebSite","@id":"https:\/\/dekorativnisvijet.com\/#website","url":"https:\/\/dekorativnisvijet.com\/","name":"dekorativnisvijet.com","description":"Ru\u010dni rad i personalizovani pokloni","publisher":{"@id":"https:\/\/dekorativnisvijet.com\/#\/schema\/person\/1defecf5e510b1dc3d648d2741c0252b"},"potentialAction":[{"@type":"SearchAction","target":{"@type":"EntryPoint","urlTemplate":"https:\/\/dekorativnisvijet.com\/?s={search_term_string}"},"query-input":{"@type":"PropertyValueSpecification","valueRequired":true,"valueName":"search_term_string"}}],"inLanguage":"bs-BA"},{"@type":["Person","Organization"],"@id":"https:\/\/dekorativnisvijet.com\/#\/schema\/person\/1defecf5e510b1dc3d648d2741c0252b","name":"Irhada Kurtalija","image":{"@type":"ImageObject","inLanguage":"bs-BA","@id":"https:\/\/dekorativnisvijet.com\/#\/schema\/person\/image\/","url":"https:\/\/dekorativnisvijet.com\/wp-content\/uploads\/2025\/12\/logo.jpg","contentUrl":"https:\/\/dekorativnisvijet.com\/wp-content\/uploads\/2025\/12\/logo.jpg","width":1024,"height":1024,"caption":"Irhada Kurtalija"},"logo":{"@id":"https:\/\/dekorativnisvijet.com\/#\/schema\/person\/image\/"},"sameAs":["https:\/\/www.facebook.com\/profile.php?id=100089319944185","https:\/\/www.instagram.com\/accounts\/edit\/?__coig_login=1"]}]}},"jetpack_sharing_enabled":true,"_links":{"self":[{"href":"https:\/\/dekorativnisvijet.com\/bs\/wp-json\/wp\/v2\/product\/490","targetHints":{"allow":["GET"]}}],"collection":[{"href":"https:\/\/dekorativnisvijet.com\/bs\/wp-json\/wp\/v2\/product"}],"about":[{"href":"https:\/\/dekorativnisvijet.com\/bs\/wp-json\/wp\/v2\/types\/product"}],"replies":[{"embeddable":true,"href":"https:\/\/dekorativnisvijet.com\/bs\/wp-json\/wp\/v2\/comments?post=490"}],"wp:featuredmedia":[{"embeddable":true,"href":"https:\/\/dekorativnisvijet.com\/bs\/wp-json\/wp\/v2\/media\/489"}],"wp:attachment":[{"href":"https:\/\/dekorativnisvijet.com\/bs\/wp-json\/wp\/v2\/media?parent=490"}],"wp:term":[{"taxonomy":"product_brand","embeddable":true,"href":"https:\/\/dekorativnisvijet.com\/bs\/wp-json\/wp\/v2\/product_brand?post=490"},{"taxonomy":"product_cat","embeddable":true,"href":"https:\/\/dekorativnisvijet.com\/bs\/wp-json\/wp\/v2\/product_cat?post=490"},{"taxonomy":"product_tag","embeddable":true,"href":"https:\/\/dekorativnisvijet.com\/bs\/wp-json\/wp\/v2\/product_tag?post=490"}],"curies":[{"name":"wp","href":"https:\/\/api.w.org\/{rel}","templated":true}]}}