{"id":454,"date":"2025-11-25T00:23:51","date_gmt":"2025-11-24T23:23:51","guid":{"rendered":"https:\/\/dekorativnisvijet.com\/?post_type=product&#038;p=454"},"modified":"2025-11-25T00:23:51","modified_gmt":"2025-11-24T23:23:51","slug":"buket-zahvalnosti","status":"publish","type":"product","link":"https:\/\/dekorativnisvijet.com\/bs\/proizvod\/buket-zahvalnosti\/","title":{"rendered":"Buket Zahvalnosti"},"content":{"rendered":"<p><b>Savr\u0161en poklon koji traje!<\/b> Na\u0161 aran\u017eman <b>&#8220;Buket Zahvalnosti&#8221;<\/b> kombinuje eleganciju ru\u010dno ra\u0111enih satenskih ru\u017ea sa \u0161armantnim, personalizovanim drvenim sandu\u010di\u0107em. Idealan na\u010din da izrazite po\u0161tovanje i divljenje!<\/p>\n<h3>a:<\/h3>\n<p>&nbsp;<\/p>\n<ul data-path-to-node=\"6\">\n<li>\n<p data-path-to-node=\"6,0,0\"><b>Vje\u010dni Cvijet:<\/b> Buket je sastavljen od <b>rasko\u0161nih satenskih ru\u017ea<\/b> u vibrantnoj boji (magenta\/fuksija), koje nikada ne\u0107e uvenuti.<\/p>\n<\/li>\n<li>\n<p data-path-to-node=\"6,1,0\"><b>Personalizovana Kutija:<\/b> Ru\u017ee su smje\u0161tene u <b>elegantni drveni sandu\u010di\u0107<\/b> (bijele boje) sa graviranom porukom.<\/p>\n<\/li>\n<\/ul>\n<p><img loading=\"lazy\" decoding=\"async\" class=\"alignnone size-medium wp-image-455\" src=\"https:\/\/dekorativnisvijet.com\/wp-content\/uploads\/2025\/11\/kutija-180x400.jpg\" alt=\"\" width=\"180\" height=\"400\" srcset=\"https:\/\/dekorativnisvijet.com\/wp-content\/uploads\/2025\/11\/kutija-180x400.jpg 180w, https:\/\/dekorativnisvijet.com\/wp-content\/uploads\/2025\/11\/kutija-360x800.jpg 360w, https:\/\/dekorativnisvijet.com\/wp-content\/uploads\/2025\/11\/kutija-691x1536.jpg 691w, https:\/\/dekorativnisvijet.com\/wp-content\/uploads\/2025\/11\/kutija-5x12.jpg 5w, https:\/\/dekorativnisvijet.com\/wp-content\/uploads\/2025\/11\/kutija-600x1333.jpg 600w, https:\/\/dekorativnisvijet.com\/wp-content\/uploads\/2025\/11\/kutija.jpg 720w\" sizes=\"auto, (max-width: 180px) 100vw, 180px\" \/><\/p>","protected":false},"excerpt":{"rendered":"<p data-path-to-node=\"6,0,0\"><b>Vje\u010dni Cvijet:<\/b> Buket je sastavljen od <b>rasko\u0161nih satenskih ru\u017ea<\/b> u vibrantnoj boji (magenta\/fuksija), koje nikada ne\u0107e uvenuti.<\/p>\n<ul data-path-to-node=\"6\">\n<li>\n<p data-path-to-node=\"6,1,0\"><b>Personalizovana Kutija:<\/b> Ru\u017ee su smje\u0161tene u <b>elegantni drveni sandu\u010di\u0107<\/b> (bijele boje) sa graviranom porukom.<\/p>\n<\/li>\n<li>\n<h3>\ud83c\udf81 Idealan Poklon za:<\/h3>\n<p>&nbsp;<\/p>\n<ul data-path-to-node=\"8\">\n<li>\n<p data-path-to-node=\"8,0,0\"><b>Kolegice:<\/b> Savr\u0161eno za odlazak u penziju, ro\u0111endane, ili kao znak zahvalnosti za dobru saradnju.<\/p>\n<\/li>\n<li>\n<p data-path-to-node=\"8,1,0\"><b>Mamu\/Prijateljicu:<\/b> Poruku je lako promijeniti u &#8220;Najbolja Mama&#8221;, &#8220;Najdra\u017ea Prijateljica&#8221;, itd.<\/p>\n<\/li>\n<li>\n<p data-path-to-node=\"8,2,0\"><b>Trajna Uspomena:<\/b> Prelijep dekorativni predmet za radni sto, policu ili no\u0107ni ormari\u0107.<\/p>\n<\/li>\n<\/ul>\n<hr data-path-to-node=\"9\" \/>\n<p data-path-to-node=\"10\"><b>Neka va\u0161a zahvalnost traje vje\u010dno!<\/b><\/p>\n<p data-path-to-node=\"11\"><b>Naru\u010dite odmah!<\/b> Dovoljno je da nam ka\u017eete <b>\u017deljenu Poruku<\/b>!<\/p>\n<\/li>\n<\/ul>","protected":false},"featured_media":469,"comment_status":"open","ping_status":"closed","template":"","meta":[],"product_brand":[],"product_cat":[70,73],"product_tag":[],"class_list":{"0":"post-454","1":"product","2":"type-product","3":"status-publish","4":"has-post-thumbnail","6":"product_cat-saten-ruze","7":"product_cat-unikatni-personalizovani-poklon","9":"first","10":"instock","11":"shipping-taxable","12":"purchasable","13":"product-type-simple"},"yoast_head":"<!-- This site is optimized with the Yoast SEO plugin v26.5 - https:\/\/yoast.com\/wordpress\/plugins\/seo\/ -->\n<title>Buket Zahvalnosti - Dekorativni svijet \u2013 Ru\u010dno ra\u0111eni i personalizirani pokloni<\/title>\n<meta name=\"robots\" content=\"index, follow, max-snippet:-1, max-image-preview:large, max-video-preview:-1\" \/>\n<link rel=\"canonical\" href=\"https:\/\/dekorativnisvijet.com\/bs\/proizvod\/buket-zahvalnosti\/\" \/>\n<meta property=\"og:locale\" content=\"bs_BA\" \/>\n<meta property=\"og:type\" content=\"article\" \/>\n<meta property=\"og:title\" content=\"Buket Zahvalnosti - Dekorativni svijet \u2013 Ru\u010dno ra\u0111eni i personalizirani pokloni\" \/>\n<meta property=\"og:description\" content=\"Vje\u010dni Cvijet: Buket je sastavljen od rasko\u0161nih satenskih ru\u017ea u vibrantnoj boji (magenta\/fuksija), koje nikada ne\u0107e uvenuti.     Personalizovana Kutija: Ru\u017ee su smje\u0161tene u elegantni drveni sandu\u010di\u0107 (bijele boje) sa graviranom porukom.    \ud83c\udf81 Idealan Poklon za: &nbsp;    Kolegice: Savr\u0161eno za odlazak u penziju, ro\u0111endane, ili kao znak zahvalnosti za dobru saradnju.    Mamu\/Prijateljicu: Poruku je lako promijeniti u &quot;Najbolja Mama&quot;, &quot;Najdra\u017ea Prijateljica&quot;, itd.    Trajna Uspomena: Prelijep dekorativni predmet za radni sto, policu ili no\u0107ni ormari\u0107.     Neka va\u0161a zahvalnost traje vje\u010dno! Naru\u010dite odmah! Dovoljno je da nam ka\u017eete \u017deljenu Poruku!\" \/>\n<meta property=\"og:url\" content=\"https:\/\/dekorativnisvijet.com\/bs\/proizvod\/buket-zahvalnosti\/\" \/>\n<meta property=\"og:site_name\" content=\"Dekorativni svijet \u2013 Ru\u010dno ra\u0111eni i personalizirani pokloni\" \/>\n<meta property=\"article:publisher\" content=\"https:\/\/www.facebook.com\/profile.php?id=100089319944185\" \/>\n<meta property=\"og:image\" content=\"https:\/\/dekorativnisvijet.com\/wp-content\/uploads\/2025\/11\/viber_slika_2025-11-24_01-51-35-996.jpg\" \/>\n\t<meta property=\"og:image:width\" content=\"720\" \/>\n\t<meta property=\"og:image:height\" content=\"1600\" \/>\n\t<meta property=\"og:image:type\" content=\"image\/jpeg\" \/>\n<meta name=\"twitter:card\" content=\"summary_large_image\" \/>\n<script type=\"application\/ld+json\" class=\"yoast-schema-graph\">{\"@context\":\"https:\/\/schema.org\",\"@graph\":[{\"@type\":\"WebPage\",\"@id\":\"https:\/\/dekorativnisvijet.com\/product\/buket-zahvalnosti\/\",\"url\":\"https:\/\/dekorativnisvijet.com\/product\/buket-zahvalnosti\/\",\"name\":\"Buket Zahvalnosti - Dekorativni svijet \u2013 Ru\u010dno ra\u0111eni i personalizirani pokloni\",\"isPartOf\":{\"@id\":\"https:\/\/dekorativnisvijet.com\/#website\"},\"primaryImageOfPage\":{\"@id\":\"https:\/\/dekorativnisvijet.com\/product\/buket-zahvalnosti\/#primaryimage\"},\"image\":{\"@id\":\"https:\/\/dekorativnisvijet.com\/product\/buket-zahvalnosti\/#primaryimage\"},\"thumbnailUrl\":\"https:\/\/dekorativnisvijet.com\/wp-content\/uploads\/2025\/11\/viber_slika_2025-11-24_01-51-35-996.jpg\",\"datePublished\":\"2025-11-24T23:23:51+00:00\",\"breadcrumb\":{\"@id\":\"https:\/\/dekorativnisvijet.com\/product\/buket-zahvalnosti\/#breadcrumb\"},\"inLanguage\":\"bs-BA\",\"potentialAction\":[{\"@type\":\"ReadAction\",\"target\":[\"https:\/\/dekorativnisvijet.com\/product\/buket-zahvalnosti\/\"]}]},{\"@type\":\"ImageObject\",\"inLanguage\":\"bs-BA\",\"@id\":\"https:\/\/dekorativnisvijet.com\/product\/buket-zahvalnosti\/#primaryimage\",\"url\":\"https:\/\/dekorativnisvijet.com\/wp-content\/uploads\/2025\/11\/viber_slika_2025-11-24_01-51-35-996.jpg\",\"contentUrl\":\"https:\/\/dekorativnisvijet.com\/wp-content\/uploads\/2025\/11\/viber_slika_2025-11-24_01-51-35-996.jpg\",\"width\":720,\"height\":1600},{\"@type\":\"BreadcrumbList\",\"@id\":\"https:\/\/dekorativnisvijet.com\/product\/buket-zahvalnosti\/#breadcrumb\",\"itemListElement\":[{\"@type\":\"ListItem\",\"position\":1,\"name\":\"Home\",\"item\":\"https:\/\/dekorativnisvijet.com\/\"},{\"@type\":\"ListItem\",\"position\":2,\"name\":\"Classic Shop\",\"item\":\"https:\/\/dekorativnisvijet.com\/bs\/demos\/shop-demos\/classic-shop\/\"},{\"@type\":\"ListItem\",\"position\":3,\"name\":\"Buket Zahvalnosti\"}]},{\"@type\":\"WebSite\",\"@id\":\"https:\/\/dekorativnisvijet.com\/#website\",\"url\":\"https:\/\/dekorativnisvijet.com\/\",\"name\":\"dekorativnisvijet.com\",\"description\":\"Ru\u010dni rad i personalizovani pokloni\",\"publisher\":{\"@id\":\"https:\/\/dekorativnisvijet.com\/#\/schema\/person\/1defecf5e510b1dc3d648d2741c0252b\"},\"potentialAction\":[{\"@type\":\"SearchAction\",\"target\":{\"@type\":\"EntryPoint\",\"urlTemplate\":\"https:\/\/dekorativnisvijet.com\/?s={search_term_string}\"},\"query-input\":{\"@type\":\"PropertyValueSpecification\",\"valueRequired\":true,\"valueName\":\"search_term_string\"}}],\"inLanguage\":\"bs-BA\"},{\"@type\":[\"Person\",\"Organization\"],\"@id\":\"https:\/\/dekorativnisvijet.com\/#\/schema\/person\/1defecf5e510b1dc3d648d2741c0252b\",\"name\":\"Irhada Kurtalija\",\"image\":{\"@type\":\"ImageObject\",\"inLanguage\":\"bs-BA\",\"@id\":\"https:\/\/dekorativnisvijet.com\/#\/schema\/person\/image\/\",\"url\":\"https:\/\/dekorativnisvijet.com\/wp-content\/uploads\/2025\/12\/logo.jpg\",\"contentUrl\":\"https:\/\/dekorativnisvijet.com\/wp-content\/uploads\/2025\/12\/logo.jpg\",\"width\":1024,\"height\":1024,\"caption\":\"Irhada Kurtalija\"},\"logo\":{\"@id\":\"https:\/\/dekorativnisvijet.com\/#\/schema\/person\/image\/\"},\"sameAs\":[\"https:\/\/www.facebook.com\/profile.php?id=100089319944185\",\"https:\/\/www.instagram.com\/accounts\/edit\/?__coig_login=1\"]}]}<\/script>\n<!-- \/ Yoast SEO plugin. -->","yoast_head_json":{"title":"Buket Zahvalnosti - Dekorativni svijet \u2013 Ru\u010dno ra\u0111eni i personalizirani pokloni","robots":{"index":"index","follow":"follow","max-snippet":"max-snippet:-1","max-image-preview":"max-image-preview:large","max-video-preview":"max-video-preview:-1"},"canonical":"https:\/\/dekorativnisvijet.com\/bs\/proizvod\/buket-zahvalnosti\/","og_locale":"bs_BA","og_type":"article","og_title":"Buket Zahvalnosti - Dekorativni svijet \u2013 Ru\u010dno ra\u0111eni i personalizirani pokloni","og_description":"Vje\u010dni Cvijet: Buket je sastavljen od rasko\u0161nih satenskih ru\u017ea u vibrantnoj boji (magenta\/fuksija), koje nikada ne\u0107e uvenuti.     Personalizovana Kutija: Ru\u017ee su smje\u0161tene u elegantni drveni sandu\u010di\u0107 (bijele boje) sa graviranom porukom.    \ud83c\udf81 Idealan Poklon za: &nbsp;    Kolegice: Savr\u0161eno za odlazak u penziju, ro\u0111endane, ili kao znak zahvalnosti za dobru saradnju.    Mamu\/Prijateljicu: Poruku je lako promijeniti u \"Najbolja Mama\", \"Najdra\u017ea Prijateljica\", itd.    Trajna Uspomena: Prelijep dekorativni predmet za radni sto, policu ili no\u0107ni ormari\u0107.     Neka va\u0161a zahvalnost traje vje\u010dno! Naru\u010dite odmah! Dovoljno je da nam ka\u017eete \u017deljenu Poruku!","og_url":"https:\/\/dekorativnisvijet.com\/bs\/proizvod\/buket-zahvalnosti\/","og_site_name":"Dekorativni svijet \u2013 Ru\u010dno ra\u0111eni i personalizirani pokloni","article_publisher":"https:\/\/www.facebook.com\/profile.php?id=100089319944185","og_image":[{"width":720,"height":1600,"url":"https:\/\/dekorativnisvijet.com\/wp-content\/uploads\/2025\/11\/viber_slika_2025-11-24_01-51-35-996.jpg","type":"image\/jpeg"}],"twitter_card":"summary_large_image","schema":{"@context":"https:\/\/schema.org","@graph":[{"@type":"WebPage","@id":"https:\/\/dekorativnisvijet.com\/product\/buket-zahvalnosti\/","url":"https:\/\/dekorativnisvijet.com\/product\/buket-zahvalnosti\/","name":"Buket Zahvalnosti - Dekorativni svijet \u2013 Ru\u010dno ra\u0111eni i personalizirani pokloni","isPartOf":{"@id":"https:\/\/dekorativnisvijet.com\/#website"},"primaryImageOfPage":{"@id":"https:\/\/dekorativnisvijet.com\/product\/buket-zahvalnosti\/#primaryimage"},"image":{"@id":"https:\/\/dekorativnisvijet.com\/product\/buket-zahvalnosti\/#primaryimage"},"thumbnailUrl":"https:\/\/dekorativnisvijet.com\/wp-content\/uploads\/2025\/11\/viber_slika_2025-11-24_01-51-35-996.jpg","datePublished":"2025-11-24T23:23:51+00:00","breadcrumb":{"@id":"https:\/\/dekorativnisvijet.com\/product\/buket-zahvalnosti\/#breadcrumb"},"inLanguage":"bs-BA","potentialAction":[{"@type":"ReadAction","target":["https:\/\/dekorativnisvijet.com\/product\/buket-zahvalnosti\/"]}]},{"@type":"ImageObject","inLanguage":"bs-BA","@id":"https:\/\/dekorativnisvijet.com\/product\/buket-zahvalnosti\/#primaryimage","url":"https:\/\/dekorativnisvijet.com\/wp-content\/uploads\/2025\/11\/viber_slika_2025-11-24_01-51-35-996.jpg","contentUrl":"https:\/\/dekorativnisvijet.com\/wp-content\/uploads\/2025\/11\/viber_slika_2025-11-24_01-51-35-996.jpg","width":720,"height":1600},{"@type":"BreadcrumbList","@id":"https:\/\/dekorativnisvijet.com\/product\/buket-zahvalnosti\/#breadcrumb","itemListElement":[{"@type":"ListItem","position":1,"name":"Home","item":"https:\/\/dekorativnisvijet.com\/"},{"@type":"ListItem","position":2,"name":"Classic Shop","item":"https:\/\/dekorativnisvijet.com\/bs\/demos\/shop-demos\/classic-shop\/"},{"@type":"ListItem","position":3,"name":"Buket Zahvalnosti"}]},{"@type":"WebSite","@id":"https:\/\/dekorativnisvijet.com\/#website","url":"https:\/\/dekorativnisvijet.com\/","name":"dekorativnisvijet.com","description":"Ru\u010dni rad i personalizovani pokloni","publisher":{"@id":"https:\/\/dekorativnisvijet.com\/#\/schema\/person\/1defecf5e510b1dc3d648d2741c0252b"},"potentialAction":[{"@type":"SearchAction","target":{"@type":"EntryPoint","urlTemplate":"https:\/\/dekorativnisvijet.com\/?s={search_term_string}"},"query-input":{"@type":"PropertyValueSpecification","valueRequired":true,"valueName":"search_term_string"}}],"inLanguage":"bs-BA"},{"@type":["Person","Organization"],"@id":"https:\/\/dekorativnisvijet.com\/#\/schema\/person\/1defecf5e510b1dc3d648d2741c0252b","name":"Irhada Kurtalija","image":{"@type":"ImageObject","inLanguage":"bs-BA","@id":"https:\/\/dekorativnisvijet.com\/#\/schema\/person\/image\/","url":"https:\/\/dekorativnisvijet.com\/wp-content\/uploads\/2025\/12\/logo.jpg","contentUrl":"https:\/\/dekorativnisvijet.com\/wp-content\/uploads\/2025\/12\/logo.jpg","width":1024,"height":1024,"caption":"Irhada Kurtalija"},"logo":{"@id":"https:\/\/dekorativnisvijet.com\/#\/schema\/person\/image\/"},"sameAs":["https:\/\/www.facebook.com\/profile.php?id=100089319944185","https:\/\/www.instagram.com\/accounts\/edit\/?__coig_login=1"]}]}},"jetpack_sharing_enabled":true,"_links":{"self":[{"href":"https:\/\/dekorativnisvijet.com\/bs\/wp-json\/wp\/v2\/product\/454","targetHints":{"allow":["GET"]}}],"collection":[{"href":"https:\/\/dekorativnisvijet.com\/bs\/wp-json\/wp\/v2\/product"}],"about":[{"href":"https:\/\/dekorativnisvijet.com\/bs\/wp-json\/wp\/v2\/types\/product"}],"replies":[{"embeddable":true,"href":"https:\/\/dekorativnisvijet.com\/bs\/wp-json\/wp\/v2\/comments?post=454"}],"wp:featuredmedia":[{"embeddable":true,"href":"https:\/\/dekorativnisvijet.com\/bs\/wp-json\/wp\/v2\/media\/469"}],"wp:attachment":[{"href":"https:\/\/dekorativnisvijet.com\/bs\/wp-json\/wp\/v2\/media?parent=454"}],"wp:term":[{"taxonomy":"product_brand","embeddable":true,"href":"https:\/\/dekorativnisvijet.com\/bs\/wp-json\/wp\/v2\/product_brand?post=454"},{"taxonomy":"product_cat","embeddable":true,"href":"https:\/\/dekorativnisvijet.com\/bs\/wp-json\/wp\/v2\/product_cat?post=454"},{"taxonomy":"product_tag","embeddable":true,"href":"https:\/\/dekorativnisvijet.com\/bs\/wp-json\/wp\/v2\/product_tag?post=454"}],"curies":[{"name":"wp","href":"https:\/\/api.w.org\/{rel}","templated":true}]}}