{"id":452,"date":"2025-11-25T00:01:59","date_gmt":"2025-11-24T23:01:59","guid":{"rendered":"https:\/\/dekorativnisvijet.com\/?post_type=product&#038;p=452"},"modified":"2025-11-25T00:42:33","modified_gmt":"2025-11-24T23:42:33","slug":"personalizovane-lente","status":"publish","type":"product","link":"https:\/\/dekorativnisvijet.com\/bs\/proizvod\/personalizovane-lente\/","title":{"rendered":"Personalizovane Lente"},"content":{"rendered":"<p><b>Pretvorite obi\u010dan doga\u0111aj u nezaboravnu proslavu!<\/b> \ud83d\udc96 Na\u0161e <b>personalizovane lente<\/b> su savr\u0161en modni dodatak i uspomena za isticanje i slavljenje posebnih trenutaka u \u017eivotu!<img loading=\"lazy\" decoding=\"async\" class=\"alignnone size-medium wp-image-412\" src=\"https:\/\/dekorativnisvijet.com\/wp-content\/uploads\/2025\/11\/IMG_3954-300x400.jpeg\" alt=\"\" width=\"300\" height=\"400\" srcset=\"https:\/\/dekorativnisvijet.com\/wp-content\/uploads\/2025\/11\/IMG_3954-300x400.jpeg 300w, https:\/\/dekorativnisvijet.com\/wp-content\/uploads\/2025\/11\/IMG_3954-600x800.jpeg 600w, https:\/\/dekorativnisvijet.com\/wp-content\/uploads\/2025\/11\/IMG_3954-768x1024.jpeg 768w, https:\/\/dekorativnisvijet.com\/wp-content\/uploads\/2025\/11\/IMG_3954-1152x1536.jpeg 1152w, https:\/\/dekorativnisvijet.com\/wp-content\/uploads\/2025\/11\/IMG_3954-1536x2048.jpeg 1536w, https:\/\/dekorativnisvijet.com\/wp-content\/uploads\/2025\/11\/IMG_3954-9x12.jpeg 9w, https:\/\/dekorativnisvijet.com\/wp-content\/uploads\/2025\/11\/IMG_3954-1320x1760.jpeg 1320w, https:\/\/dekorativnisvijet.com\/wp-content\/uploads\/2025\/11\/IMG_3954-scaled.jpeg 1920w\" sizes=\"auto, (max-width: 300px) 100vw, 300px\" \/><\/p>\n<p><b>Pretvorite obi\u010dan doga\u0111aj u nezaboravnu proslavu!<\/b> \ud83d\udc96 Na\u0161e <b>personalizovane lente<\/b> su savr\u0161en modni dodatak i uspomena za isticanje i slavljenje posebnih trenutaka u \u017eivotu!<\/p>","protected":false},"excerpt":{"rendered":"<ul data-path-to-node=\"5\">\n<li>\n<p data-path-to-node=\"5,0,0\"><b>Visok Kvalitet Materijala:<\/b> Lente su izra\u0111ene od <b>svilenkastog satena<\/b> koji lijepo pada, mekan je na dodir i udoban za no\u0161enje tokom cijelog doga\u0111aja.<\/p>\n<\/li>\n<li>\n<p data-path-to-node=\"5,1,0\"><b>Premium \u0160tampa\/Vez:<\/b> Koristimo tehnike \u0161tampe (ili veza) koje garantuju <b>jasan, sjajan i postojan natpis<\/b> koji ne\u0107e pucati niti se skidati.<\/p>\n<\/li>\n<li>\n<p data-path-to-node=\"5,2,0\"><b>Potpuna Personalizacija:<\/b> Vi birate:<\/p>\n<ul data-path-to-node=\"5,2,1\">\n<li>\n<p data-path-to-node=\"5,2,1,0,0\"><b>Tekst:<\/b> (npr. <i>Kraljica Mature, Budu\u0107a Mlada, Najbolja Kuma, Diplomant 2025<\/i>).<\/p>\n<\/li>\n<li>\n<p data-path-to-node=\"5,2,1,1,0\"><b>Boja Lente:<\/b> (Veliki izbor boja satena).<\/p>\n<\/li>\n<li>\n<p data-path-to-node=\"5,2,1,2,0\"><b>Boja Natpisa:<\/b> (Zlatna, srebrna, roza, crna, itd.).<\/p>\n<\/li>\n<\/ul>\n<\/li>\n<li>\n<p data-path-to-node=\"5,3,0\"><b>Trenutak Pa\u017enje:<\/b> Lenta automatski izdvaja osobu koja slavi, \u010dine\u0107i je centralnom figurom proslave!<\/p>\n<\/li>\n<\/ul>\n<h3>\ud83c\udf93 Prilike za No\u0161enje:<\/h3>\n<p>&nbsp;<\/p>\n<ul data-path-to-node=\"7\">\n<li>\n<p data-path-to-node=\"7,0,0\"><b>Diplome i Mature:<\/b> Elegantan simbol uspjeha.<\/p>\n<\/li>\n<li>\n<p data-path-to-node=\"7,1,0\"><b>Djevoja\u010dke Ve\u010deri:<\/b> Smije\u0161ne i zabavne poruke za mladu i ekipu.<\/p>\n<\/li>\n<li>\n<p data-path-to-node=\"7,2,0\"><b>Izbori Ljepote (Misice):<\/b> Glamurozne lente sa titulom.<\/p>\n<\/li>\n<li>\n<p data-path-to-node=\"7,3,0\"><b>Ro\u0111endani:<\/b> Poseban dodatak za slavljenika.<\/p>\n<\/li>\n<\/ul>\n<hr data-path-to-node=\"8\" \/>\n<p data-path-to-node=\"9\"><b>Neka va\u0161 poseban dan bude obojen glamurom i uspomenama!<\/b><\/p>","protected":false},"featured_media":412,"comment_status":"open","ping_status":"closed","template":"","meta":[],"product_brand":[],"product_cat":[73],"product_tag":[],"class_list":{"0":"post-452","1":"product","2":"type-product","3":"status-publish","4":"has-post-thumbnail","6":"product_cat-unikatni-personalizovani-poklon","8":"first","9":"instock","10":"shipping-taxable","11":"purchasable","12":"product-type-simple"},"yoast_head":"<!-- This site is optimized with the Yoast SEO plugin v26.5 - https:\/\/yoast.com\/wordpress\/plugins\/seo\/ -->\n<title>Personalizovane Lente - Dekorativni svijet \u2013 Ru\u010dno ra\u0111eni i personalizirani pokloni<\/title>\n<meta name=\"robots\" content=\"index, follow, max-snippet:-1, max-image-preview:large, max-video-preview:-1\" \/>\n<link rel=\"canonical\" href=\"https:\/\/dekorativnisvijet.com\/bs\/proizvod\/personalizovane-lente\/\" \/>\n<meta property=\"og:locale\" content=\"bs_BA\" \/>\n<meta property=\"og:type\" content=\"article\" \/>\n<meta property=\"og:title\" content=\"Personalizovane Lente - Dekorativni svijet \u2013 Ru\u010dno ra\u0111eni i personalizirani pokloni\" \/>\n<meta property=\"og:description\" content=\"Visok Kvalitet Materijala: Lente su izra\u0111ene od svilenkastog satena koji lijepo pada, mekan je na dodir i udoban za no\u0161enje tokom cijelog doga\u0111aja.    Premium \u0160tampa\/Vez: Koristimo tehnike \u0161tampe (ili veza) koje garantuju jasan, sjajan i postojan natpis koji ne\u0107e pucati niti se skidati.    Potpuna Personalizacija: Vi birate:     Tekst: (npr. Kraljica Mature, Budu\u0107a Mlada, Najbolja Kuma, Diplomant 2025).    Boja Lente: (Veliki izbor boja satena).    Boja Natpisa: (Zlatna, srebrna, roza, crna, itd.).      Trenutak Pa\u017enje: Lenta automatski izdvaja osobu koja slavi, \u010dine\u0107i je centralnom figurom proslave!   \ud83c\udf93 Prilike za No\u0161enje: &nbsp;    Diplome i Mature: Elegantan simbol uspjeha.    Djevoja\u010dke Ve\u010deri: Smije\u0161ne i zabavne poruke za mladu i ekipu.    Izbori Ljepote (Misice): Glamurozne lente sa titulom.    Ro\u0111endani: Poseban dodatak za slavljenika.     Neka va\u0161 poseban dan bude obojen glamurom i uspomenama!\" \/>\n<meta property=\"og:url\" content=\"https:\/\/dekorativnisvijet.com\/bs\/proizvod\/personalizovane-lente\/\" \/>\n<meta property=\"og:site_name\" content=\"Dekorativni svijet \u2013 Ru\u010dno ra\u0111eni i personalizirani pokloni\" \/>\n<meta property=\"article:publisher\" content=\"https:\/\/www.facebook.com\/profile.php?id=100089319944185\" \/>\n<meta property=\"article:modified_time\" content=\"2025-11-24T23:42:33+00:00\" \/>\n<meta property=\"og:image\" content=\"https:\/\/dekorativnisvijet.com\/wp-content\/uploads\/2025\/11\/IMG_3954-scaled.jpeg\" \/>\n\t<meta property=\"og:image:width\" content=\"1920\" \/>\n\t<meta property=\"og:image:height\" content=\"2560\" \/>\n\t<meta property=\"og:image:type\" content=\"image\/jpeg\" \/>\n<meta name=\"twitter:card\" content=\"summary_large_image\" \/>\n<script type=\"application\/ld+json\" class=\"yoast-schema-graph\">{\"@context\":\"https:\/\/schema.org\",\"@graph\":[{\"@type\":\"WebPage\",\"@id\":\"https:\/\/dekorativnisvijet.com\/product\/personalizovane-lente\/\",\"url\":\"https:\/\/dekorativnisvijet.com\/product\/personalizovane-lente\/\",\"name\":\"Personalizovane Lente - Dekorativni svijet \u2013 Ru\u010dno ra\u0111eni i personalizirani pokloni\",\"isPartOf\":{\"@id\":\"https:\/\/dekorativnisvijet.com\/#website\"},\"primaryImageOfPage\":{\"@id\":\"https:\/\/dekorativnisvijet.com\/product\/personalizovane-lente\/#primaryimage\"},\"image\":{\"@id\":\"https:\/\/dekorativnisvijet.com\/product\/personalizovane-lente\/#primaryimage\"},\"thumbnailUrl\":\"https:\/\/dekorativnisvijet.com\/wp-content\/uploads\/2025\/11\/IMG_3954-scaled.jpeg\",\"datePublished\":\"2025-11-24T23:01:59+00:00\",\"dateModified\":\"2025-11-24T23:42:33+00:00\",\"breadcrumb\":{\"@id\":\"https:\/\/dekorativnisvijet.com\/product\/personalizovane-lente\/#breadcrumb\"},\"inLanguage\":\"bs-BA\",\"potentialAction\":[{\"@type\":\"ReadAction\",\"target\":[\"https:\/\/dekorativnisvijet.com\/product\/personalizovane-lente\/\"]}]},{\"@type\":\"ImageObject\",\"inLanguage\":\"bs-BA\",\"@id\":\"https:\/\/dekorativnisvijet.com\/product\/personalizovane-lente\/#primaryimage\",\"url\":\"https:\/\/dekorativnisvijet.com\/wp-content\/uploads\/2025\/11\/IMG_3954-scaled.jpeg\",\"contentUrl\":\"https:\/\/dekorativnisvijet.com\/wp-content\/uploads\/2025\/11\/IMG_3954-scaled.jpeg\",\"width\":1920,\"height\":2560},{\"@type\":\"BreadcrumbList\",\"@id\":\"https:\/\/dekorativnisvijet.com\/product\/personalizovane-lente\/#breadcrumb\",\"itemListElement\":[{\"@type\":\"ListItem\",\"position\":1,\"name\":\"Home\",\"item\":\"https:\/\/dekorativnisvijet.com\/\"},{\"@type\":\"ListItem\",\"position\":2,\"name\":\"Classic Shop\",\"item\":\"https:\/\/dekorativnisvijet.com\/bs\/demos\/shop-demos\/classic-shop\/\"},{\"@type\":\"ListItem\",\"position\":3,\"name\":\"Personalizovane Lente\"}]},{\"@type\":\"WebSite\",\"@id\":\"https:\/\/dekorativnisvijet.com\/#website\",\"url\":\"https:\/\/dekorativnisvijet.com\/\",\"name\":\"dekorativnisvijet.com\",\"description\":\"Ru\u010dni rad i personalizovani pokloni\",\"publisher\":{\"@id\":\"https:\/\/dekorativnisvijet.com\/#\/schema\/person\/1defecf5e510b1dc3d648d2741c0252b\"},\"potentialAction\":[{\"@type\":\"SearchAction\",\"target\":{\"@type\":\"EntryPoint\",\"urlTemplate\":\"https:\/\/dekorativnisvijet.com\/?s={search_term_string}\"},\"query-input\":{\"@type\":\"PropertyValueSpecification\",\"valueRequired\":true,\"valueName\":\"search_term_string\"}}],\"inLanguage\":\"bs-BA\"},{\"@type\":[\"Person\",\"Organization\"],\"@id\":\"https:\/\/dekorativnisvijet.com\/#\/schema\/person\/1defecf5e510b1dc3d648d2741c0252b\",\"name\":\"Irhada Kurtalija\",\"image\":{\"@type\":\"ImageObject\",\"inLanguage\":\"bs-BA\",\"@id\":\"https:\/\/dekorativnisvijet.com\/#\/schema\/person\/image\/\",\"url\":\"https:\/\/dekorativnisvijet.com\/wp-content\/uploads\/2025\/12\/logo.jpg\",\"contentUrl\":\"https:\/\/dekorativnisvijet.com\/wp-content\/uploads\/2025\/12\/logo.jpg\",\"width\":1024,\"height\":1024,\"caption\":\"Irhada Kurtalija\"},\"logo\":{\"@id\":\"https:\/\/dekorativnisvijet.com\/#\/schema\/person\/image\/\"},\"sameAs\":[\"https:\/\/www.facebook.com\/profile.php?id=100089319944185\",\"https:\/\/www.instagram.com\/accounts\/edit\/?__coig_login=1\"]}]}<\/script>\n<!-- \/ Yoast SEO plugin. -->","yoast_head_json":{"title":"Personalizovane Lente - Dekorativni svijet \u2013 Ru\u010dno ra\u0111eni i personalizirani pokloni","robots":{"index":"index","follow":"follow","max-snippet":"max-snippet:-1","max-image-preview":"max-image-preview:large","max-video-preview":"max-video-preview:-1"},"canonical":"https:\/\/dekorativnisvijet.com\/bs\/proizvod\/personalizovane-lente\/","og_locale":"bs_BA","og_type":"article","og_title":"Personalizovane Lente - Dekorativni svijet \u2013 Ru\u010dno ra\u0111eni i personalizirani pokloni","og_description":"Visok Kvalitet Materijala: Lente su izra\u0111ene od svilenkastog satena koji lijepo pada, mekan je na dodir i udoban za no\u0161enje tokom cijelog doga\u0111aja.    Premium \u0160tampa\/Vez: Koristimo tehnike \u0161tampe (ili veza) koje garantuju jasan, sjajan i postojan natpis koji ne\u0107e pucati niti se skidati.    Potpuna Personalizacija: Vi birate:     Tekst: (npr. Kraljica Mature, Budu\u0107a Mlada, Najbolja Kuma, Diplomant 2025).    Boja Lente: (Veliki izbor boja satena).    Boja Natpisa: (Zlatna, srebrna, roza, crna, itd.).      Trenutak Pa\u017enje: Lenta automatski izdvaja osobu koja slavi, \u010dine\u0107i je centralnom figurom proslave!   \ud83c\udf93 Prilike za No\u0161enje: &nbsp;    Diplome i Mature: Elegantan simbol uspjeha.    Djevoja\u010dke Ve\u010deri: Smije\u0161ne i zabavne poruke za mladu i ekipu.    Izbori Ljepote (Misice): Glamurozne lente sa titulom.    Ro\u0111endani: Poseban dodatak za slavljenika.     Neka va\u0161 poseban dan bude obojen glamurom i uspomenama!","og_url":"https:\/\/dekorativnisvijet.com\/bs\/proizvod\/personalizovane-lente\/","og_site_name":"Dekorativni svijet \u2013 Ru\u010dno ra\u0111eni i personalizirani pokloni","article_publisher":"https:\/\/www.facebook.com\/profile.php?id=100089319944185","article_modified_time":"2025-11-24T23:42:33+00:00","og_image":[{"width":1920,"height":2560,"url":"https:\/\/dekorativnisvijet.com\/wp-content\/uploads\/2025\/11\/IMG_3954-scaled.jpeg","type":"image\/jpeg"}],"twitter_card":"summary_large_image","schema":{"@context":"https:\/\/schema.org","@graph":[{"@type":"WebPage","@id":"https:\/\/dekorativnisvijet.com\/product\/personalizovane-lente\/","url":"https:\/\/dekorativnisvijet.com\/product\/personalizovane-lente\/","name":"Personalizovane Lente - Dekorativni svijet \u2013 Ru\u010dno ra\u0111eni i personalizirani pokloni","isPartOf":{"@id":"https:\/\/dekorativnisvijet.com\/#website"},"primaryImageOfPage":{"@id":"https:\/\/dekorativnisvijet.com\/product\/personalizovane-lente\/#primaryimage"},"image":{"@id":"https:\/\/dekorativnisvijet.com\/product\/personalizovane-lente\/#primaryimage"},"thumbnailUrl":"https:\/\/dekorativnisvijet.com\/wp-content\/uploads\/2025\/11\/IMG_3954-scaled.jpeg","datePublished":"2025-11-24T23:01:59+00:00","dateModified":"2025-11-24T23:42:33+00:00","breadcrumb":{"@id":"https:\/\/dekorativnisvijet.com\/product\/personalizovane-lente\/#breadcrumb"},"inLanguage":"bs-BA","potentialAction":[{"@type":"ReadAction","target":["https:\/\/dekorativnisvijet.com\/product\/personalizovane-lente\/"]}]},{"@type":"ImageObject","inLanguage":"bs-BA","@id":"https:\/\/dekorativnisvijet.com\/product\/personalizovane-lente\/#primaryimage","url":"https:\/\/dekorativnisvijet.com\/wp-content\/uploads\/2025\/11\/IMG_3954-scaled.jpeg","contentUrl":"https:\/\/dekorativnisvijet.com\/wp-content\/uploads\/2025\/11\/IMG_3954-scaled.jpeg","width":1920,"height":2560},{"@type":"BreadcrumbList","@id":"https:\/\/dekorativnisvijet.com\/product\/personalizovane-lente\/#breadcrumb","itemListElement":[{"@type":"ListItem","position":1,"name":"Home","item":"https:\/\/dekorativnisvijet.com\/"},{"@type":"ListItem","position":2,"name":"Classic Shop","item":"https:\/\/dekorativnisvijet.com\/bs\/demos\/shop-demos\/classic-shop\/"},{"@type":"ListItem","position":3,"name":"Personalizovane Lente"}]},{"@type":"WebSite","@id":"https:\/\/dekorativnisvijet.com\/#website","url":"https:\/\/dekorativnisvijet.com\/","name":"dekorativnisvijet.com","description":"Ru\u010dni rad i personalizovani pokloni","publisher":{"@id":"https:\/\/dekorativnisvijet.com\/#\/schema\/person\/1defecf5e510b1dc3d648d2741c0252b"},"potentialAction":[{"@type":"SearchAction","target":{"@type":"EntryPoint","urlTemplate":"https:\/\/dekorativnisvijet.com\/?s={search_term_string}"},"query-input":{"@type":"PropertyValueSpecification","valueRequired":true,"valueName":"search_term_string"}}],"inLanguage":"bs-BA"},{"@type":["Person","Organization"],"@id":"https:\/\/dekorativnisvijet.com\/#\/schema\/person\/1defecf5e510b1dc3d648d2741c0252b","name":"Irhada Kurtalija","image":{"@type":"ImageObject","inLanguage":"bs-BA","@id":"https:\/\/dekorativnisvijet.com\/#\/schema\/person\/image\/","url":"https:\/\/dekorativnisvijet.com\/wp-content\/uploads\/2025\/12\/logo.jpg","contentUrl":"https:\/\/dekorativnisvijet.com\/wp-content\/uploads\/2025\/12\/logo.jpg","width":1024,"height":1024,"caption":"Irhada Kurtalija"},"logo":{"@id":"https:\/\/dekorativnisvijet.com\/#\/schema\/person\/image\/"},"sameAs":["https:\/\/www.facebook.com\/profile.php?id=100089319944185","https:\/\/www.instagram.com\/accounts\/edit\/?__coig_login=1"]}]}},"jetpack_sharing_enabled":true,"_links":{"self":[{"href":"https:\/\/dekorativnisvijet.com\/bs\/wp-json\/wp\/v2\/product\/452","targetHints":{"allow":["GET"]}}],"collection":[{"href":"https:\/\/dekorativnisvijet.com\/bs\/wp-json\/wp\/v2\/product"}],"about":[{"href":"https:\/\/dekorativnisvijet.com\/bs\/wp-json\/wp\/v2\/types\/product"}],"replies":[{"embeddable":true,"href":"https:\/\/dekorativnisvijet.com\/bs\/wp-json\/wp\/v2\/comments?post=452"}],"wp:featuredmedia":[{"embeddable":true,"href":"https:\/\/dekorativnisvijet.com\/bs\/wp-json\/wp\/v2\/media\/412"}],"wp:attachment":[{"href":"https:\/\/dekorativnisvijet.com\/bs\/wp-json\/wp\/v2\/media?parent=452"}],"wp:term":[{"taxonomy":"product_brand","embeddable":true,"href":"https:\/\/dekorativnisvijet.com\/bs\/wp-json\/wp\/v2\/product_brand?post=452"},{"taxonomy":"product_cat","embeddable":true,"href":"https:\/\/dekorativnisvijet.com\/bs\/wp-json\/wp\/v2\/product_cat?post=452"},{"taxonomy":"product_tag","embeddable":true,"href":"https:\/\/dekorativnisvijet.com\/bs\/wp-json\/wp\/v2\/product_tag?post=452"}],"curies":[{"name":"wp","href":"https:\/\/api.w.org\/{rel}","templated":true}]}}