{"id":448,"date":"2025-11-24T23:38:50","date_gmt":"2025-11-24T22:38:50","guid":{"rendered":"https:\/\/dekorativnisvijet.com\/?post_type=product&#038;p=448"},"modified":"2025-11-24T23:42:50","modified_gmt":"2025-11-24T22:42:50","slug":"andeo-cuvar","status":"publish","type":"product","link":"https:\/\/dekorativnisvijet.com\/bs\/proizvod\/andeo-cuvar\/","title":{"rendered":"&#8220;An\u0111eo \u010cuvar&#8221;"},"content":{"rendered":"<p><img loading=\"lazy\" decoding=\"async\" class=\"alignnone size-medium wp-image-391\" src=\"https:\/\/dekorativnisvijet.com\/wp-content\/uploads\/2025\/11\/IMG_2550-300x400.jpeg\" alt=\"\" width=\"300\" height=\"400\" srcset=\"https:\/\/dekorativnisvijet.com\/wp-content\/uploads\/2025\/11\/IMG_2550-300x400.jpeg 300w, https:\/\/dekorativnisvijet.com\/wp-content\/uploads\/2025\/11\/IMG_2550-600x800.jpeg 600w, https:\/\/dekorativnisvijet.com\/wp-content\/uploads\/2025\/11\/IMG_2550-768x1024.jpeg 768w, https:\/\/dekorativnisvijet.com\/wp-content\/uploads\/2025\/11\/IMG_2550-1152x1536.jpeg 1152w, https:\/\/dekorativnisvijet.com\/wp-content\/uploads\/2025\/11\/IMG_2550-1536x2048.jpeg 1536w, https:\/\/dekorativnisvijet.com\/wp-content\/uploads\/2025\/11\/IMG_2550-9x12.jpeg 9w, https:\/\/dekorativnisvijet.com\/wp-content\/uploads\/2025\/11\/IMG_2550-1320x1760.jpeg 1320w, https:\/\/dekorativnisvijet.com\/wp-content\/uploads\/2025\/11\/IMG_2550-scaled.jpeg 1920w\" sizes=\"auto, (max-width: 300px) 100vw, 300px\" \/><\/p>\n<p><b>Poklon koji traje vje\u010dno!<\/b> \ud83d\udc96 Na\u0161 personalizovani <b>Okvir za Uspomenu &#8220;An\u0111eo \u010cuvar&#8221;<\/b> je najljep\u0161i i najsentimentalniji na\u010din da obilje\u017eite Sveto Kr\u0161tenje. Nije samo ukras, ve\u0107 trajna uspomena i blagoslov!<\/p>\n<p>&nbsp;<\/p>","protected":false},"excerpt":{"rendered":"<h3>\ud83c\udf1f Za\u0161to je ovaj okvir savr\u0161en poklon?<\/h3>\n<p>&nbsp;<\/p>\n<ul data-path-to-node=\"6\">\n<li>\n<p data-path-to-node=\"6,0,0\"><b>Personalizacija:<\/b> Okvir je posebno dizajniran sa <b>imenom djeteta (Luka)<\/b>, datumom kr\u0161tenja i imenima kumova\/darovatelja.<\/p>\n<\/li>\n<li>\n<p data-path-to-node=\"6,1,0\"><b>Brojanica\/Narukvica:<\/b> Sadr\u017ei <b>prekrasnu brojanicu<\/b> (ili narukvicu) sa krsti\u0107em i perlicama u nje\u017enoj, mint\/plavoj boji, koja stoji kao centralni element.<\/p>\n<\/li>\n<li>\n<p data-path-to-node=\"6,2,0\"><b>Trajni Blagoslov:<\/b> Uokvirena je popularna molitva <b>&#8220;An\u0111ele \u010duvaru mili&#8230;&#8221;<\/b> ili personalizovana posveta, koja daje duhovnu i emotivnu vrijednost.<\/p>\n<\/li>\n<li>\n<p data-path-to-node=\"6,3,0\"><b>Dekorativni Detalji:<\/b> Dno okvira je ukra\u0161eno rasutim perlicama koje dodatno nagla\u0161avaju kr\u0161tenje.<\/p>\n<\/li>\n<li>\n<p data-path-to-node=\"6,4,0\"><b>Elegantan Dizajn:<\/b> Kvalitetan bijeli <i>shadow box<\/i> okvir savr\u0161eno se uklapa u svaku dje\u010diju sobu.<\/p>\n<\/li>\n<\/ul>\n<h3>\ud83c\udf81 Idealan Poklon za:<\/h3>\n<p>&nbsp;<\/p>\n<ul data-path-to-node=\"8\">\n<li>\n<p data-path-to-node=\"8,0,0\"><b>Kumove:<\/b> Predivan i originalan poklon za kum\u010de.<\/p>\n<\/li>\n<li>\n<p data-path-to-node=\"8,1,0\"><b>Bake i Dede:<\/b> Nezamjenjiv dar ljubavi.<\/p>\n<\/li>\n<li>\n<p data-path-to-node=\"8,2,0\"><b>Prijatelje\/Porodicu:<\/b> Sentimentalna uspomena na poseban dan.<\/p>\n<\/li>\n<\/ul>\n<hr data-path-to-node=\"9\" \/>\n<p data-path-to-node=\"10\"><b>U\u010dinite Kr\u0161tenje nezaboravnim!<\/b><\/p>\n<p data-path-to-node=\"11\"><b>NARU\u010cITE SVOJ PERSONALIZOVANI OKVIR:<\/b><\/p>\n<ol start=\"1\" data-path-to-node=\"12\">\n<li>\n<p data-path-to-node=\"12,0,0\">Unesite Ime Bebe:<\/p>\n<\/li>\n<li>\n<p data-path-to-node=\"12,1,0\">Unesite Datum Kr\u0161tenja:<\/p>\n<\/li>\n<li>\n<p data-path-to-node=\"12,2,0\">Unesite Posvetu (npr. Od tetke i te\u010de):<\/p>\n<\/li>\n<\/ol>","protected":false},"featured_media":391,"comment_status":"open","ping_status":"closed","template":"","meta":[],"product_brand":[],"product_cat":[72,73],"product_tag":[],"class_list":{"0":"post-448","1":"product","2":"type-product","3":"status-publish","4":"has-post-thumbnail","6":"product_cat-baby-pokloni","7":"product_cat-unikatni-personalizovani-poklon","9":"first","10":"instock","11":"shipping-taxable","12":"purchasable","13":"product-type-simple"},"yoast_head":"<!-- This site is optimized with the Yoast SEO plugin v26.5 - https:\/\/yoast.com\/wordpress\/plugins\/seo\/ -->\n<title>&quot;An\u0111eo \u010cuvar&quot; - Dekorativni svijet \u2013 Ru\u010dno ra\u0111eni i personalizirani pokloni<\/title>\n<meta name=\"robots\" content=\"index, follow, max-snippet:-1, max-image-preview:large, max-video-preview:-1\" \/>\n<link rel=\"canonical\" href=\"https:\/\/dekorativnisvijet.com\/bs\/proizvod\/andeo-cuvar\/\" \/>\n<meta property=\"og:locale\" content=\"bs_BA\" \/>\n<meta property=\"og:type\" content=\"article\" \/>\n<meta property=\"og:title\" content=\"&quot;An\u0111eo \u010cuvar&quot; - Dekorativni svijet \u2013 Ru\u010dno ra\u0111eni i personalizirani pokloni\" \/>\n<meta property=\"og:description\" content=\"\ud83c\udf1f Za\u0161to je ovaj okvir savr\u0161en poklon? &nbsp;    Personalizacija: Okvir je posebno dizajniran sa imenom djeteta (Luka), datumom kr\u0161tenja i imenima kumova\/darovatelja.    Brojanica\/Narukvica: Sadr\u017ei prekrasnu brojanicu (ili narukvicu) sa krsti\u0107em i perlicama u nje\u017enoj, mint\/plavoj boji, koja stoji kao centralni element.    Trajni Blagoslov: Uokvirena je popularna molitva &quot;An\u0111ele \u010duvaru mili...&quot; ili personalizovana posveta, koja daje duhovnu i emotivnu vrijednost.    Dekorativni Detalji: Dno okvira je ukra\u0161eno rasutim perlicama koje dodatno nagla\u0161avaju kr\u0161tenje.    Elegantan Dizajn: Kvalitetan bijeli shadow box okvir savr\u0161eno se uklapa u svaku dje\u010diju sobu.   \ud83c\udf81 Idealan Poklon za: &nbsp;    Kumove: Predivan i originalan poklon za kum\u010de.    Bake i Dede: Nezamjenjiv dar ljubavi.    Prijatelje\/Porodicu: Sentimentalna uspomena na poseban dan.     U\u010dinite Kr\u0161tenje nezaboravnim! NARU\u010cITE SVOJ PERSONALIZOVANI OKVIR:     Unesite Ime Bebe:    Unesite Datum Kr\u0161tenja:    Unesite Posvetu (npr. Od tetke i te\u010de):\" \/>\n<meta property=\"og:url\" content=\"https:\/\/dekorativnisvijet.com\/bs\/proizvod\/andeo-cuvar\/\" \/>\n<meta property=\"og:site_name\" content=\"Dekorativni svijet \u2013 Ru\u010dno ra\u0111eni i personalizirani pokloni\" \/>\n<meta property=\"article:publisher\" content=\"https:\/\/www.facebook.com\/profile.php?id=100089319944185\" \/>\n<meta property=\"article:modified_time\" content=\"2025-11-24T22:42:50+00:00\" \/>\n<meta property=\"og:image\" content=\"https:\/\/dekorativnisvijet.com\/wp-content\/uploads\/2025\/11\/IMG_2550-scaled.jpeg\" \/>\n\t<meta property=\"og:image:width\" content=\"1920\" \/>\n\t<meta property=\"og:image:height\" content=\"2560\" \/>\n\t<meta property=\"og:image:type\" content=\"image\/jpeg\" \/>\n<meta name=\"twitter:card\" content=\"summary_large_image\" \/>\n<script type=\"application\/ld+json\" class=\"yoast-schema-graph\">{\"@context\":\"https:\/\/schema.org\",\"@graph\":[{\"@type\":\"WebPage\",\"@id\":\"https:\/\/dekorativnisvijet.com\/product\/andeo-cuvar\/\",\"url\":\"https:\/\/dekorativnisvijet.com\/product\/andeo-cuvar\/\",\"name\":\"\\\"An\u0111eo \u010cuvar\\\" - Dekorativni svijet \u2013 Ru\u010dno ra\u0111eni i personalizirani pokloni\",\"isPartOf\":{\"@id\":\"https:\/\/dekorativnisvijet.com\/#website\"},\"primaryImageOfPage\":{\"@id\":\"https:\/\/dekorativnisvijet.com\/product\/andeo-cuvar\/#primaryimage\"},\"image\":{\"@id\":\"https:\/\/dekorativnisvijet.com\/product\/andeo-cuvar\/#primaryimage\"},\"thumbnailUrl\":\"https:\/\/dekorativnisvijet.com\/wp-content\/uploads\/2025\/11\/IMG_2550-scaled.jpeg\",\"datePublished\":\"2025-11-24T22:38:50+00:00\",\"dateModified\":\"2025-11-24T22:42:50+00:00\",\"breadcrumb\":{\"@id\":\"https:\/\/dekorativnisvijet.com\/product\/andeo-cuvar\/#breadcrumb\"},\"inLanguage\":\"bs-BA\",\"potentialAction\":[{\"@type\":\"ReadAction\",\"target\":[\"https:\/\/dekorativnisvijet.com\/product\/andeo-cuvar\/\"]}]},{\"@type\":\"ImageObject\",\"inLanguage\":\"bs-BA\",\"@id\":\"https:\/\/dekorativnisvijet.com\/product\/andeo-cuvar\/#primaryimage\",\"url\":\"https:\/\/dekorativnisvijet.com\/wp-content\/uploads\/2025\/11\/IMG_2550-scaled.jpeg\",\"contentUrl\":\"https:\/\/dekorativnisvijet.com\/wp-content\/uploads\/2025\/11\/IMG_2550-scaled.jpeg\",\"width\":1920,\"height\":2560},{\"@type\":\"BreadcrumbList\",\"@id\":\"https:\/\/dekorativnisvijet.com\/product\/andeo-cuvar\/#breadcrumb\",\"itemListElement\":[{\"@type\":\"ListItem\",\"position\":1,\"name\":\"Home\",\"item\":\"https:\/\/dekorativnisvijet.com\/\"},{\"@type\":\"ListItem\",\"position\":2,\"name\":\"Classic Shop\",\"item\":\"https:\/\/dekorativnisvijet.com\/bs\/demos\/shop-demos\/classic-shop\/\"},{\"@type\":\"ListItem\",\"position\":3,\"name\":\"&#8220;An\u0111eo \u010cuvar&#8221;\"}]},{\"@type\":\"WebSite\",\"@id\":\"https:\/\/dekorativnisvijet.com\/#website\",\"url\":\"https:\/\/dekorativnisvijet.com\/\",\"name\":\"dekorativnisvijet.com\",\"description\":\"Ru\u010dni rad i personalizovani pokloni\",\"publisher\":{\"@id\":\"https:\/\/dekorativnisvijet.com\/#\/schema\/person\/1defecf5e510b1dc3d648d2741c0252b\"},\"potentialAction\":[{\"@type\":\"SearchAction\",\"target\":{\"@type\":\"EntryPoint\",\"urlTemplate\":\"https:\/\/dekorativnisvijet.com\/?s={search_term_string}\"},\"query-input\":{\"@type\":\"PropertyValueSpecification\",\"valueRequired\":true,\"valueName\":\"search_term_string\"}}],\"inLanguage\":\"bs-BA\"},{\"@type\":[\"Person\",\"Organization\"],\"@id\":\"https:\/\/dekorativnisvijet.com\/#\/schema\/person\/1defecf5e510b1dc3d648d2741c0252b\",\"name\":\"Irhada Kurtalija\",\"image\":{\"@type\":\"ImageObject\",\"inLanguage\":\"bs-BA\",\"@id\":\"https:\/\/dekorativnisvijet.com\/#\/schema\/person\/image\/\",\"url\":\"https:\/\/dekorativnisvijet.com\/wp-content\/uploads\/2025\/12\/logo.jpg\",\"contentUrl\":\"https:\/\/dekorativnisvijet.com\/wp-content\/uploads\/2025\/12\/logo.jpg\",\"width\":1024,\"height\":1024,\"caption\":\"Irhada Kurtalija\"},\"logo\":{\"@id\":\"https:\/\/dekorativnisvijet.com\/#\/schema\/person\/image\/\"},\"sameAs\":[\"https:\/\/www.facebook.com\/profile.php?id=100089319944185\",\"https:\/\/www.instagram.com\/accounts\/edit\/?__coig_login=1\"]}]}<\/script>\n<!-- \/ Yoast SEO plugin. -->","yoast_head_json":{"title":"\"An\u0111eo \u010cuvar\" - Dekorativni svijet \u2013 Ru\u010dno ra\u0111eni i personalizirani pokloni","robots":{"index":"index","follow":"follow","max-snippet":"max-snippet:-1","max-image-preview":"max-image-preview:large","max-video-preview":"max-video-preview:-1"},"canonical":"https:\/\/dekorativnisvijet.com\/bs\/proizvod\/andeo-cuvar\/","og_locale":"bs_BA","og_type":"article","og_title":"\"An\u0111eo \u010cuvar\" - Dekorativni svijet \u2013 Ru\u010dno ra\u0111eni i personalizirani pokloni","og_description":"\ud83c\udf1f Za\u0161to je ovaj okvir savr\u0161en poklon? &nbsp;    Personalizacija: Okvir je posebno dizajniran sa imenom djeteta (Luka), datumom kr\u0161tenja i imenima kumova\/darovatelja.    Brojanica\/Narukvica: Sadr\u017ei prekrasnu brojanicu (ili narukvicu) sa krsti\u0107em i perlicama u nje\u017enoj, mint\/plavoj boji, koja stoji kao centralni element.    Trajni Blagoslov: Uokvirena je popularna molitva \"An\u0111ele \u010duvaru mili...\" ili personalizovana posveta, koja daje duhovnu i emotivnu vrijednost.    Dekorativni Detalji: Dno okvira je ukra\u0161eno rasutim perlicama koje dodatno nagla\u0161avaju kr\u0161tenje.    Elegantan Dizajn: Kvalitetan bijeli shadow box okvir savr\u0161eno se uklapa u svaku dje\u010diju sobu.   \ud83c\udf81 Idealan Poklon za: &nbsp;    Kumove: Predivan i originalan poklon za kum\u010de.    Bake i Dede: Nezamjenjiv dar ljubavi.    Prijatelje\/Porodicu: Sentimentalna uspomena na poseban dan.     U\u010dinite Kr\u0161tenje nezaboravnim! NARU\u010cITE SVOJ PERSONALIZOVANI OKVIR:     Unesite Ime Bebe:    Unesite Datum Kr\u0161tenja:    Unesite Posvetu (npr. Od tetke i te\u010de):","og_url":"https:\/\/dekorativnisvijet.com\/bs\/proizvod\/andeo-cuvar\/","og_site_name":"Dekorativni svijet \u2013 Ru\u010dno ra\u0111eni i personalizirani pokloni","article_publisher":"https:\/\/www.facebook.com\/profile.php?id=100089319944185","article_modified_time":"2025-11-24T22:42:50+00:00","og_image":[{"width":1920,"height":2560,"url":"https:\/\/dekorativnisvijet.com\/wp-content\/uploads\/2025\/11\/IMG_2550-scaled.jpeg","type":"image\/jpeg"}],"twitter_card":"summary_large_image","schema":{"@context":"https:\/\/schema.org","@graph":[{"@type":"WebPage","@id":"https:\/\/dekorativnisvijet.com\/product\/andeo-cuvar\/","url":"https:\/\/dekorativnisvijet.com\/product\/andeo-cuvar\/","name":"\"An\u0111eo \u010cuvar\" - Dekorativni svijet \u2013 Ru\u010dno ra\u0111eni i personalizirani pokloni","isPartOf":{"@id":"https:\/\/dekorativnisvijet.com\/#website"},"primaryImageOfPage":{"@id":"https:\/\/dekorativnisvijet.com\/product\/andeo-cuvar\/#primaryimage"},"image":{"@id":"https:\/\/dekorativnisvijet.com\/product\/andeo-cuvar\/#primaryimage"},"thumbnailUrl":"https:\/\/dekorativnisvijet.com\/wp-content\/uploads\/2025\/11\/IMG_2550-scaled.jpeg","datePublished":"2025-11-24T22:38:50+00:00","dateModified":"2025-11-24T22:42:50+00:00","breadcrumb":{"@id":"https:\/\/dekorativnisvijet.com\/product\/andeo-cuvar\/#breadcrumb"},"inLanguage":"bs-BA","potentialAction":[{"@type":"ReadAction","target":["https:\/\/dekorativnisvijet.com\/product\/andeo-cuvar\/"]}]},{"@type":"ImageObject","inLanguage":"bs-BA","@id":"https:\/\/dekorativnisvijet.com\/product\/andeo-cuvar\/#primaryimage","url":"https:\/\/dekorativnisvijet.com\/wp-content\/uploads\/2025\/11\/IMG_2550-scaled.jpeg","contentUrl":"https:\/\/dekorativnisvijet.com\/wp-content\/uploads\/2025\/11\/IMG_2550-scaled.jpeg","width":1920,"height":2560},{"@type":"BreadcrumbList","@id":"https:\/\/dekorativnisvijet.com\/product\/andeo-cuvar\/#breadcrumb","itemListElement":[{"@type":"ListItem","position":1,"name":"Home","item":"https:\/\/dekorativnisvijet.com\/"},{"@type":"ListItem","position":2,"name":"Classic Shop","item":"https:\/\/dekorativnisvijet.com\/bs\/demos\/shop-demos\/classic-shop\/"},{"@type":"ListItem","position":3,"name":"&#8220;An\u0111eo \u010cuvar&#8221;"}]},{"@type":"WebSite","@id":"https:\/\/dekorativnisvijet.com\/#website","url":"https:\/\/dekorativnisvijet.com\/","name":"dekorativnisvijet.com","description":"Ru\u010dni rad i personalizovani pokloni","publisher":{"@id":"https:\/\/dekorativnisvijet.com\/#\/schema\/person\/1defecf5e510b1dc3d648d2741c0252b"},"potentialAction":[{"@type":"SearchAction","target":{"@type":"EntryPoint","urlTemplate":"https:\/\/dekorativnisvijet.com\/?s={search_term_string}"},"query-input":{"@type":"PropertyValueSpecification","valueRequired":true,"valueName":"search_term_string"}}],"inLanguage":"bs-BA"},{"@type":["Person","Organization"],"@id":"https:\/\/dekorativnisvijet.com\/#\/schema\/person\/1defecf5e510b1dc3d648d2741c0252b","name":"Irhada Kurtalija","image":{"@type":"ImageObject","inLanguage":"bs-BA","@id":"https:\/\/dekorativnisvijet.com\/#\/schema\/person\/image\/","url":"https:\/\/dekorativnisvijet.com\/wp-content\/uploads\/2025\/12\/logo.jpg","contentUrl":"https:\/\/dekorativnisvijet.com\/wp-content\/uploads\/2025\/12\/logo.jpg","width":1024,"height":1024,"caption":"Irhada Kurtalija"},"logo":{"@id":"https:\/\/dekorativnisvijet.com\/#\/schema\/person\/image\/"},"sameAs":["https:\/\/www.facebook.com\/profile.php?id=100089319944185","https:\/\/www.instagram.com\/accounts\/edit\/?__coig_login=1"]}]}},"jetpack_sharing_enabled":true,"_links":{"self":[{"href":"https:\/\/dekorativnisvijet.com\/bs\/wp-json\/wp\/v2\/product\/448","targetHints":{"allow":["GET"]}}],"collection":[{"href":"https:\/\/dekorativnisvijet.com\/bs\/wp-json\/wp\/v2\/product"}],"about":[{"href":"https:\/\/dekorativnisvijet.com\/bs\/wp-json\/wp\/v2\/types\/product"}],"replies":[{"embeddable":true,"href":"https:\/\/dekorativnisvijet.com\/bs\/wp-json\/wp\/v2\/comments?post=448"}],"wp:featuredmedia":[{"embeddable":true,"href":"https:\/\/dekorativnisvijet.com\/bs\/wp-json\/wp\/v2\/media\/391"}],"wp:attachment":[{"href":"https:\/\/dekorativnisvijet.com\/bs\/wp-json\/wp\/v2\/media?parent=448"}],"wp:term":[{"taxonomy":"product_brand","embeddable":true,"href":"https:\/\/dekorativnisvijet.com\/bs\/wp-json\/wp\/v2\/product_brand?post=448"},{"taxonomy":"product_cat","embeddable":true,"href":"https:\/\/dekorativnisvijet.com\/bs\/wp-json\/wp\/v2\/product_cat?post=448"},{"taxonomy":"product_tag","embeddable":true,"href":"https:\/\/dekorativnisvijet.com\/bs\/wp-json\/wp\/v2\/product_tag?post=448"}],"curies":[{"name":"wp","href":"https:\/\/api.w.org\/{rel}","templated":true}]}}