{"id":440,"date":"2025-11-24T18:13:38","date_gmt":"2025-11-24T17:13:38","guid":{"rendered":"https:\/\/dekorativnisvijet.com\/?post_type=product&#038;p=440"},"modified":"2025-11-24T23:43:56","modified_gmt":"2025-11-24T22:43:56","slug":"baby-bodic","status":"publish","type":"product","link":"https:\/\/dekorativnisvijet.com\/bs\/proizvod\/baby-bodic\/","title":{"rendered":"Baby bodi\u0107"},"content":{"rendered":"<p><img loading=\"lazy\" decoding=\"async\" class=\"alignnone size-medium wp-image-419\" src=\"https:\/\/dekorativnisvijet.com\/wp-content\/uploads\/2025\/11\/IMG_4342-300x400.jpeg\" alt=\"\" width=\"300\" height=\"400\" srcset=\"https:\/\/dekorativnisvijet.com\/wp-content\/uploads\/2025\/11\/IMG_4342-300x400.jpeg 300w, https:\/\/dekorativnisvijet.com\/wp-content\/uploads\/2025\/11\/IMG_4342-600x800.jpeg 600w, https:\/\/dekorativnisvijet.com\/wp-content\/uploads\/2025\/11\/IMG_4342-768x1024.jpeg 768w, https:\/\/dekorativnisvijet.com\/wp-content\/uploads\/2025\/11\/IMG_4342-1152x1536.jpeg 1152w, https:\/\/dekorativnisvijet.com\/wp-content\/uploads\/2025\/11\/IMG_4342-1536x2048.jpeg 1536w, https:\/\/dekorativnisvijet.com\/wp-content\/uploads\/2025\/11\/IMG_4342-9x12.jpeg 9w, https:\/\/dekorativnisvijet.com\/wp-content\/uploads\/2025\/11\/IMG_4342-1320x1760.jpeg 1320w, https:\/\/dekorativnisvijet.com\/wp-content\/uploads\/2025\/11\/IMG_4342-scaled.jpeg 1920w\" sizes=\"auto, (max-width: 300px) 100vw, 300px\" \/><\/p>\n<p>Tra\u017eite <b>savr\u0161en poklon<\/b> za novoro\u0111en\u010de, kr\u0161tenje ili <i>baby shower<\/i>? Na\u0161 <b>personalizovani bebi bodi\u0107<\/b> je vi\u0161e od odje\u0107e \u2013 to je unikatna uspomena!<\/p>","protected":false},"excerpt":{"rendered":"<h3>\ud83c\udf1f Za\u0161to odabrati na\u0161 personalizovani bodi\u0107?<\/h3>\n<p>&nbsp;<\/p>\n<ul data-path-to-node=\"6\">\n<li>\n<p data-path-to-node=\"6,0,0\"><b>Jedinstven Dizajn:<\/b> Dajte nam <b>ime bebe, datum ro\u0111enja, smije\u0161nu poruku<\/b> (npr. &#8220;Tatin \u0160ampion&#8221;, &#8220;Mamina Princeza&#8221;) ili bilo koji dizajn po va\u0161oj \u017eelji. Kreiramo jedinstveni komad ba\u0161 za va\u0161u bebu!<\/p>\n<\/li>\n<li>\n<p data-path-to-node=\"6,1,0\"><b>Vrhunski Kvalitet:<\/b> Koristimo samo <b>100% pamuk<\/b> za nje\u017enu bebinu ko\u017eu. Bodi\u0107i su mekani, prozra\u010dni i izuzetno udobni.<\/p>\n<\/li>\n<li>\n<p data-path-to-node=\"6,2,0\"><b>Trajnost \u0160tampe:<\/b> Koristimo najkvalitetnije tehnike \u0161tampe koje su <b>otporne na pranje<\/b> i ne blijede. Dizajn ostaje jasan i vibrantan, bez obzira na to koliko puta se bodi\u0107 pere.<\/p>\n<\/li>\n<li>\n<p data-path-to-node=\"6,3,0\"><b>Savr\u0161en Poklon:<\/b> Personalizovani bodi\u0107 je izuzetno popularan za <b>prve fotografije<\/b> (ro\u0111endani, praznici), <i>baby shower<\/i> poklone ili kao poseban detalj u poklon korpi.<\/p>\n<\/li>\n<\/ul>","protected":false},"featured_media":419,"comment_status":"open","ping_status":"closed","template":"","meta":[],"product_brand":[],"product_cat":[72,73],"product_tag":[],"class_list":{"0":"post-440","1":"product","2":"type-product","3":"status-publish","4":"has-post-thumbnail","6":"product_cat-baby-pokloni","7":"product_cat-unikatni-personalizovani-poklon","9":"first","10":"instock","11":"shipping-taxable","12":"purchasable","13":"product-type-simple"},"yoast_head":"<!-- This site is optimized with the Yoast SEO plugin v26.5 - https:\/\/yoast.com\/wordpress\/plugins\/seo\/ -->\n<title>Baby bodi\u0107 - Dekorativni svijet \u2013 Ru\u010dno ra\u0111eni i personalizirani pokloni<\/title>\n<meta name=\"robots\" content=\"index, follow, max-snippet:-1, max-image-preview:large, max-video-preview:-1\" \/>\n<link rel=\"canonical\" href=\"https:\/\/dekorativnisvijet.com\/bs\/proizvod\/baby-bodic\/\" \/>\n<meta property=\"og:locale\" content=\"bs_BA\" \/>\n<meta property=\"og:type\" content=\"article\" \/>\n<meta property=\"og:title\" content=\"Baby bodi\u0107 - Dekorativni svijet \u2013 Ru\u010dno ra\u0111eni i personalizirani pokloni\" \/>\n<meta property=\"og:description\" content=\"\ud83c\udf1f Za\u0161to odabrati na\u0161 personalizovani bodi\u0107? &nbsp;    Jedinstven Dizajn: Dajte nam ime bebe, datum ro\u0111enja, smije\u0161nu poruku (npr. &quot;Tatin \u0160ampion&quot;, &quot;Mamina Princeza&quot;) ili bilo koji dizajn po va\u0161oj \u017eelji. Kreiramo jedinstveni komad ba\u0161 za va\u0161u bebu!    Vrhunski Kvalitet: Koristimo samo 100% pamuk za nje\u017enu bebinu ko\u017eu. Bodi\u0107i su mekani, prozra\u010dni i izuzetno udobni.    Trajnost \u0160tampe: Koristimo najkvalitetnije tehnike \u0161tampe koje su otporne na pranje i ne blijede. Dizajn ostaje jasan i vibrantan, bez obzira na to koliko puta se bodi\u0107 pere.    Savr\u0161en Poklon: Personalizovani bodi\u0107 je izuzetno popularan za prve fotografije (ro\u0111endani, praznici), baby shower poklone ili kao poseban detalj u poklon korpi.\" \/>\n<meta property=\"og:url\" content=\"https:\/\/dekorativnisvijet.com\/bs\/proizvod\/baby-bodic\/\" \/>\n<meta property=\"og:site_name\" content=\"Dekorativni svijet \u2013 Ru\u010dno ra\u0111eni i personalizirani pokloni\" \/>\n<meta property=\"article:publisher\" content=\"https:\/\/www.facebook.com\/profile.php?id=100089319944185\" \/>\n<meta property=\"article:modified_time\" content=\"2025-11-24T22:43:56+00:00\" \/>\n<meta property=\"og:image\" content=\"https:\/\/dekorativnisvijet.com\/wp-content\/uploads\/2025\/11\/IMG_4342-scaled.jpeg\" \/>\n\t<meta property=\"og:image:width\" content=\"1920\" \/>\n\t<meta property=\"og:image:height\" content=\"2560\" \/>\n\t<meta property=\"og:image:type\" content=\"image\/jpeg\" \/>\n<meta name=\"twitter:card\" content=\"summary_large_image\" \/>\n<script type=\"application\/ld+json\" class=\"yoast-schema-graph\">{\"@context\":\"https:\/\/schema.org\",\"@graph\":[{\"@type\":\"WebPage\",\"@id\":\"https:\/\/dekorativnisvijet.com\/product\/baby-bodic\/\",\"url\":\"https:\/\/dekorativnisvijet.com\/product\/baby-bodic\/\",\"name\":\"Baby bodi\u0107 - Dekorativni svijet \u2013 Ru\u010dno ra\u0111eni i personalizirani pokloni\",\"isPartOf\":{\"@id\":\"https:\/\/dekorativnisvijet.com\/#website\"},\"primaryImageOfPage\":{\"@id\":\"https:\/\/dekorativnisvijet.com\/product\/baby-bodic\/#primaryimage\"},\"image\":{\"@id\":\"https:\/\/dekorativnisvijet.com\/product\/baby-bodic\/#primaryimage\"},\"thumbnailUrl\":\"https:\/\/dekorativnisvijet.com\/wp-content\/uploads\/2025\/11\/IMG_4342-scaled.jpeg\",\"datePublished\":\"2025-11-24T17:13:38+00:00\",\"dateModified\":\"2025-11-24T22:43:56+00:00\",\"breadcrumb\":{\"@id\":\"https:\/\/dekorativnisvijet.com\/product\/baby-bodic\/#breadcrumb\"},\"inLanguage\":\"bs-BA\",\"potentialAction\":[{\"@type\":\"ReadAction\",\"target\":[\"https:\/\/dekorativnisvijet.com\/product\/baby-bodic\/\"]}]},{\"@type\":\"ImageObject\",\"inLanguage\":\"bs-BA\",\"@id\":\"https:\/\/dekorativnisvijet.com\/product\/baby-bodic\/#primaryimage\",\"url\":\"https:\/\/dekorativnisvijet.com\/wp-content\/uploads\/2025\/11\/IMG_4342-scaled.jpeg\",\"contentUrl\":\"https:\/\/dekorativnisvijet.com\/wp-content\/uploads\/2025\/11\/IMG_4342-scaled.jpeg\",\"width\":1920,\"height\":2560},{\"@type\":\"BreadcrumbList\",\"@id\":\"https:\/\/dekorativnisvijet.com\/product\/baby-bodic\/#breadcrumb\",\"itemListElement\":[{\"@type\":\"ListItem\",\"position\":1,\"name\":\"Home\",\"item\":\"https:\/\/dekorativnisvijet.com\/\"},{\"@type\":\"ListItem\",\"position\":2,\"name\":\"Classic Shop\",\"item\":\"https:\/\/dekorativnisvijet.com\/bs\/demos\/shop-demos\/classic-shop\/\"},{\"@type\":\"ListItem\",\"position\":3,\"name\":\"Baby bodi\u0107\"}]},{\"@type\":\"WebSite\",\"@id\":\"https:\/\/dekorativnisvijet.com\/#website\",\"url\":\"https:\/\/dekorativnisvijet.com\/\",\"name\":\"dekorativnisvijet.com\",\"description\":\"Ru\u010dni rad i personalizovani pokloni\",\"publisher\":{\"@id\":\"https:\/\/dekorativnisvijet.com\/#\/schema\/person\/1defecf5e510b1dc3d648d2741c0252b\"},\"potentialAction\":[{\"@type\":\"SearchAction\",\"target\":{\"@type\":\"EntryPoint\",\"urlTemplate\":\"https:\/\/dekorativnisvijet.com\/?s={search_term_string}\"},\"query-input\":{\"@type\":\"PropertyValueSpecification\",\"valueRequired\":true,\"valueName\":\"search_term_string\"}}],\"inLanguage\":\"bs-BA\"},{\"@type\":[\"Person\",\"Organization\"],\"@id\":\"https:\/\/dekorativnisvijet.com\/#\/schema\/person\/1defecf5e510b1dc3d648d2741c0252b\",\"name\":\"Irhada Kurtalija\",\"image\":{\"@type\":\"ImageObject\",\"inLanguage\":\"bs-BA\",\"@id\":\"https:\/\/dekorativnisvijet.com\/#\/schema\/person\/image\/\",\"url\":\"https:\/\/dekorativnisvijet.com\/wp-content\/uploads\/2025\/12\/logo.jpg\",\"contentUrl\":\"https:\/\/dekorativnisvijet.com\/wp-content\/uploads\/2025\/12\/logo.jpg\",\"width\":1024,\"height\":1024,\"caption\":\"Irhada Kurtalija\"},\"logo\":{\"@id\":\"https:\/\/dekorativnisvijet.com\/#\/schema\/person\/image\/\"},\"sameAs\":[\"https:\/\/www.facebook.com\/profile.php?id=100089319944185\",\"https:\/\/www.instagram.com\/accounts\/edit\/?__coig_login=1\"]}]}<\/script>\n<!-- \/ Yoast SEO plugin. -->","yoast_head_json":{"title":"Baby bodi\u0107 - Dekorativni svijet \u2013 Ru\u010dno ra\u0111eni i personalizirani pokloni","robots":{"index":"index","follow":"follow","max-snippet":"max-snippet:-1","max-image-preview":"max-image-preview:large","max-video-preview":"max-video-preview:-1"},"canonical":"https:\/\/dekorativnisvijet.com\/bs\/proizvod\/baby-bodic\/","og_locale":"bs_BA","og_type":"article","og_title":"Baby bodi\u0107 - Dekorativni svijet \u2013 Ru\u010dno ra\u0111eni i personalizirani pokloni","og_description":"\ud83c\udf1f Za\u0161to odabrati na\u0161 personalizovani bodi\u0107? &nbsp;    Jedinstven Dizajn: Dajte nam ime bebe, datum ro\u0111enja, smije\u0161nu poruku (npr. \"Tatin \u0160ampion\", \"Mamina Princeza\") ili bilo koji dizajn po va\u0161oj \u017eelji. Kreiramo jedinstveni komad ba\u0161 za va\u0161u bebu!    Vrhunski Kvalitet: Koristimo samo 100% pamuk za nje\u017enu bebinu ko\u017eu. Bodi\u0107i su mekani, prozra\u010dni i izuzetno udobni.    Trajnost \u0160tampe: Koristimo najkvalitetnije tehnike \u0161tampe koje su otporne na pranje i ne blijede. Dizajn ostaje jasan i vibrantan, bez obzira na to koliko puta se bodi\u0107 pere.    Savr\u0161en Poklon: Personalizovani bodi\u0107 je izuzetno popularan za prve fotografije (ro\u0111endani, praznici), baby shower poklone ili kao poseban detalj u poklon korpi.","og_url":"https:\/\/dekorativnisvijet.com\/bs\/proizvod\/baby-bodic\/","og_site_name":"Dekorativni svijet \u2013 Ru\u010dno ra\u0111eni i personalizirani pokloni","article_publisher":"https:\/\/www.facebook.com\/profile.php?id=100089319944185","article_modified_time":"2025-11-24T22:43:56+00:00","og_image":[{"width":1920,"height":2560,"url":"https:\/\/dekorativnisvijet.com\/wp-content\/uploads\/2025\/11\/IMG_4342-scaled.jpeg","type":"image\/jpeg"}],"twitter_card":"summary_large_image","schema":{"@context":"https:\/\/schema.org","@graph":[{"@type":"WebPage","@id":"https:\/\/dekorativnisvijet.com\/product\/baby-bodic\/","url":"https:\/\/dekorativnisvijet.com\/product\/baby-bodic\/","name":"Baby bodi\u0107 - Dekorativni svijet \u2013 Ru\u010dno ra\u0111eni i personalizirani pokloni","isPartOf":{"@id":"https:\/\/dekorativnisvijet.com\/#website"},"primaryImageOfPage":{"@id":"https:\/\/dekorativnisvijet.com\/product\/baby-bodic\/#primaryimage"},"image":{"@id":"https:\/\/dekorativnisvijet.com\/product\/baby-bodic\/#primaryimage"},"thumbnailUrl":"https:\/\/dekorativnisvijet.com\/wp-content\/uploads\/2025\/11\/IMG_4342-scaled.jpeg","datePublished":"2025-11-24T17:13:38+00:00","dateModified":"2025-11-24T22:43:56+00:00","breadcrumb":{"@id":"https:\/\/dekorativnisvijet.com\/product\/baby-bodic\/#breadcrumb"},"inLanguage":"bs-BA","potentialAction":[{"@type":"ReadAction","target":["https:\/\/dekorativnisvijet.com\/product\/baby-bodic\/"]}]},{"@type":"ImageObject","inLanguage":"bs-BA","@id":"https:\/\/dekorativnisvijet.com\/product\/baby-bodic\/#primaryimage","url":"https:\/\/dekorativnisvijet.com\/wp-content\/uploads\/2025\/11\/IMG_4342-scaled.jpeg","contentUrl":"https:\/\/dekorativnisvijet.com\/wp-content\/uploads\/2025\/11\/IMG_4342-scaled.jpeg","width":1920,"height":2560},{"@type":"BreadcrumbList","@id":"https:\/\/dekorativnisvijet.com\/product\/baby-bodic\/#breadcrumb","itemListElement":[{"@type":"ListItem","position":1,"name":"Home","item":"https:\/\/dekorativnisvijet.com\/"},{"@type":"ListItem","position":2,"name":"Classic Shop","item":"https:\/\/dekorativnisvijet.com\/bs\/demos\/shop-demos\/classic-shop\/"},{"@type":"ListItem","position":3,"name":"Baby bodi\u0107"}]},{"@type":"WebSite","@id":"https:\/\/dekorativnisvijet.com\/#website","url":"https:\/\/dekorativnisvijet.com\/","name":"dekorativnisvijet.com","description":"Ru\u010dni rad i personalizovani pokloni","publisher":{"@id":"https:\/\/dekorativnisvijet.com\/#\/schema\/person\/1defecf5e510b1dc3d648d2741c0252b"},"potentialAction":[{"@type":"SearchAction","target":{"@type":"EntryPoint","urlTemplate":"https:\/\/dekorativnisvijet.com\/?s={search_term_string}"},"query-input":{"@type":"PropertyValueSpecification","valueRequired":true,"valueName":"search_term_string"}}],"inLanguage":"bs-BA"},{"@type":["Person","Organization"],"@id":"https:\/\/dekorativnisvijet.com\/#\/schema\/person\/1defecf5e510b1dc3d648d2741c0252b","name":"Irhada Kurtalija","image":{"@type":"ImageObject","inLanguage":"bs-BA","@id":"https:\/\/dekorativnisvijet.com\/#\/schema\/person\/image\/","url":"https:\/\/dekorativnisvijet.com\/wp-content\/uploads\/2025\/12\/logo.jpg","contentUrl":"https:\/\/dekorativnisvijet.com\/wp-content\/uploads\/2025\/12\/logo.jpg","width":1024,"height":1024,"caption":"Irhada Kurtalija"},"logo":{"@id":"https:\/\/dekorativnisvijet.com\/#\/schema\/person\/image\/"},"sameAs":["https:\/\/www.facebook.com\/profile.php?id=100089319944185","https:\/\/www.instagram.com\/accounts\/edit\/?__coig_login=1"]}]}},"jetpack_sharing_enabled":true,"_links":{"self":[{"href":"https:\/\/dekorativnisvijet.com\/bs\/wp-json\/wp\/v2\/product\/440","targetHints":{"allow":["GET"]}}],"collection":[{"href":"https:\/\/dekorativnisvijet.com\/bs\/wp-json\/wp\/v2\/product"}],"about":[{"href":"https:\/\/dekorativnisvijet.com\/bs\/wp-json\/wp\/v2\/types\/product"}],"replies":[{"embeddable":true,"href":"https:\/\/dekorativnisvijet.com\/bs\/wp-json\/wp\/v2\/comments?post=440"}],"wp:featuredmedia":[{"embeddable":true,"href":"https:\/\/dekorativnisvijet.com\/bs\/wp-json\/wp\/v2\/media\/419"}],"wp:attachment":[{"href":"https:\/\/dekorativnisvijet.com\/bs\/wp-json\/wp\/v2\/media?parent=440"}],"wp:term":[{"taxonomy":"product_brand","embeddable":true,"href":"https:\/\/dekorativnisvijet.com\/bs\/wp-json\/wp\/v2\/product_brand?post=440"},{"taxonomy":"product_cat","embeddable":true,"href":"https:\/\/dekorativnisvijet.com\/bs\/wp-json\/wp\/v2\/product_cat?post=440"},{"taxonomy":"product_tag","embeddable":true,"href":"https:\/\/dekorativnisvijet.com\/bs\/wp-json\/wp\/v2\/product_tag?post=440"}],"curies":[{"name":"wp","href":"https:\/\/api.w.org\/{rel}","templated":true}]}}