{"id":437,"date":"2025-11-24T17:58:57","date_gmt":"2025-11-24T16:58:57","guid":{"rendered":"https:\/\/dekorativnisvijet.com\/?post_type=product&#038;p=437"},"modified":"2025-11-24T17:58:57","modified_gmt":"2025-11-24T16:58:57","slug":"buket-od-pelena-polarni-medic","status":"publish","type":"product","link":"https:\/\/dekorativnisvijet.com\/bs\/proizvod\/buket-od-pelena-polarni-medic\/","title":{"rendered":"Buket od Pelena &#8220;Polarni Medi\u0107&#8221;"},"content":{"rendered":"<p><img loading=\"lazy\" decoding=\"async\" class=\"alignnone size-medium wp-image-384\" src=\"https:\/\/dekorativnisvijet.com\/wp-content\/uploads\/2025\/11\/IMG_0513-300x400.jpeg\" alt=\"\" width=\"300\" height=\"400\" srcset=\"https:\/\/dekorativnisvijet.com\/wp-content\/uploads\/2025\/11\/IMG_0513-300x400.jpeg 300w, https:\/\/dekorativnisvijet.com\/wp-content\/uploads\/2025\/11\/IMG_0513-600x800.jpeg 600w, https:\/\/dekorativnisvijet.com\/wp-content\/uploads\/2025\/11\/IMG_0513-768x1024.jpeg 768w, https:\/\/dekorativnisvijet.com\/wp-content\/uploads\/2025\/11\/IMG_0513-1152x1536.jpeg 1152w, https:\/\/dekorativnisvijet.com\/wp-content\/uploads\/2025\/11\/IMG_0513-1536x2048.jpeg 1536w, https:\/\/dekorativnisvijet.com\/wp-content\/uploads\/2025\/11\/IMG_0513-9x12.jpeg 9w, https:\/\/dekorativnisvijet.com\/wp-content\/uploads\/2025\/11\/IMG_0513-1320x1760.jpeg 1320w, https:\/\/dekorativnisvijet.com\/wp-content\/uploads\/2025\/11\/IMG_0513-scaled.jpeg 1920w\" sizes=\"auto, (max-width: 300px) 100vw, 300px\" \/><\/p>\n<p>Zaboravite na tradicionalne poklone \u2013 predstavljamo <b>Buket od Pelena &#8220;Polarni Medi\u0107&#8221;<\/b>, najljep\u0161i i najkorisniji poklon za proslavu ro\u0111enja dje\u010daka!<\/p>","protected":false},"excerpt":{"rendered":"<h3>\u2728 Buket Snova:<\/h3>\n<p>&nbsp;<\/p>\n<ul data-path-to-node=\"6\">\n<li>\n<p data-path-to-node=\"6,0,0\"><b>Pravi Buket, Korisni Sadr\u017eaj:<\/b> Buket je umotan u elegantan papir u <b>svijetlo plavoj boji<\/b>, simuliraju\u0107i cvjetni aran\u017eman.<\/p>\n<\/li>\n<li>\n<p data-path-to-node=\"6,1,0\"><b>Neodoljivi Polarni Medi\u0107:<\/b> U centru buketa nalazi se mekani, <b>bijeli pli\u0161ani medvjedi\u0107<\/b> koji slu\u017ei kao centralni ukras i prva bebina igra\u010dka.<\/p>\n<\/li>\n<li>\n<p data-path-to-node=\"6,2,0\"><b>Srce Buketa \u2013 Pelene:<\/b> Sastoji se od brojnih <b>visokokvalitetnih pelena<\/b> (uvijenih u oblik ru\u017ea), koje su esencijalne za svakog roditelja.<\/p>\n<\/li>\n<li>\n<p data-path-to-node=\"6,3,0\"><b>Personalizovan Detalj:<\/b> Buket je ukra\u0161en imenom <b>LUKA<\/b> (ili imenom bebe po va\u0161oj \u017eelji) sa svjetlucavim plavim slovima, daju\u0107i poklonu li\u010dni pe\u010dat.<\/p>\n<\/li>\n<\/ul>\n<p data-path-to-node=\"7\">\ud83c\udf81 <b>Za\u0161to odabrati buket?<\/b><\/p>\n<p data-path-to-node=\"8\">Ovo je jedinstven na\u010din da poklonite pelene \u2013 estetski zadivljuju\u0107i, ali i izuzetno prakti\u010dan. Savr\u0161eno za <i>baby shower<\/i> ili kao poklon iznena\u0111enja za mamu u bolnici!<\/p>\n<p data-path-to-node=\"9\"><b>Naru\u010dite odmah<\/b> ovaj predivan i personalizovan buket za bebu <b>Luku<\/b>!<\/p>\n<ul data-path-to-node=\"10\">\n<li>\n<p data-path-to-node=\"10,0,0\"><b>Mogu\u0107nost izrade i u roze varijanti za djevoj\u010dice!<\/b><\/p>\n<\/li>\n<\/ul>","protected":false},"featured_media":384,"comment_status":"open","ping_status":"closed","template":"","meta":[],"product_brand":[],"product_cat":[72],"product_tag":[],"class_list":{"0":"post-437","1":"product","2":"type-product","3":"status-publish","4":"has-post-thumbnail","6":"product_cat-baby-pokloni","8":"first","9":"instock","10":"shipping-taxable","11":"purchasable","12":"product-type-simple"},"yoast_head":"<!-- This site is optimized with the Yoast SEO plugin v26.5 - https:\/\/yoast.com\/wordpress\/plugins\/seo\/ -->\n<title>Buket od Pelena &quot;Polarni Medi\u0107&quot; - Dekorativni svijet \u2013 Ru\u010dno ra\u0111eni i personalizirani pokloni<\/title>\n<meta name=\"robots\" content=\"index, follow, max-snippet:-1, max-image-preview:large, max-video-preview:-1\" \/>\n<link rel=\"canonical\" href=\"https:\/\/dekorativnisvijet.com\/bs\/proizvod\/buket-od-pelena-polarni-medic\/\" \/>\n<meta property=\"og:locale\" content=\"bs_BA\" \/>\n<meta property=\"og:type\" content=\"article\" \/>\n<meta property=\"og:title\" content=\"Buket od Pelena &quot;Polarni Medi\u0107&quot; - Dekorativni svijet \u2013 Ru\u010dno ra\u0111eni i personalizirani pokloni\" \/>\n<meta property=\"og:description\" content=\"\u2728 Buket Snova: &nbsp;    Pravi Buket, Korisni Sadr\u017eaj: Buket je umotan u elegantan papir u svijetlo plavoj boji, simuliraju\u0107i cvjetni aran\u017eman.    Neodoljivi Polarni Medi\u0107: U centru buketa nalazi se mekani, bijeli pli\u0161ani medvjedi\u0107 koji slu\u017ei kao centralni ukras i prva bebina igra\u010dka.    Srce Buketa \u2013 Pelene: Sastoji se od brojnih visokokvalitetnih pelena (uvijenih u oblik ru\u017ea), koje su esencijalne za svakog roditelja.    Personalizovan Detalj: Buket je ukra\u0161en imenom LUKA (ili imenom bebe po va\u0161oj \u017eelji) sa svjetlucavim plavim slovima, daju\u0107i poklonu li\u010dni pe\u010dat.   \ud83c\udf81 Za\u0161to odabrati buket? Ovo je jedinstven na\u010din da poklonite pelene \u2013 estetski zadivljuju\u0107i, ali i izuzetno prakti\u010dan. Savr\u0161eno za baby shower ili kao poklon iznena\u0111enja za mamu u bolnici! Naru\u010dite odmah ovaj predivan i personalizovan buket za bebu Luku!     Mogu\u0107nost izrade i u roze varijanti za djevoj\u010dice!\" \/>\n<meta property=\"og:url\" content=\"https:\/\/dekorativnisvijet.com\/bs\/proizvod\/buket-od-pelena-polarni-medic\/\" \/>\n<meta property=\"og:site_name\" content=\"Dekorativni svijet \u2013 Ru\u010dno ra\u0111eni i personalizirani pokloni\" \/>\n<meta property=\"article:publisher\" content=\"https:\/\/www.facebook.com\/profile.php?id=100089319944185\" \/>\n<meta property=\"og:image\" content=\"https:\/\/dekorativnisvijet.com\/wp-content\/uploads\/2025\/11\/IMG_0513-scaled.jpeg\" \/>\n\t<meta property=\"og:image:width\" content=\"1920\" \/>\n\t<meta property=\"og:image:height\" content=\"2560\" \/>\n\t<meta property=\"og:image:type\" content=\"image\/jpeg\" \/>\n<meta name=\"twitter:card\" content=\"summary_large_image\" \/>\n<script type=\"application\/ld+json\" class=\"yoast-schema-graph\">{\"@context\":\"https:\/\/schema.org\",\"@graph\":[{\"@type\":\"WebPage\",\"@id\":\"https:\/\/dekorativnisvijet.com\/product\/buket-od-pelena-polarni-medic\/\",\"url\":\"https:\/\/dekorativnisvijet.com\/product\/buket-od-pelena-polarni-medic\/\",\"name\":\"Buket od Pelena \\\"Polarni Medi\u0107\\\" - Dekorativni svijet \u2013 Ru\u010dno ra\u0111eni i personalizirani pokloni\",\"isPartOf\":{\"@id\":\"https:\/\/dekorativnisvijet.com\/#website\"},\"primaryImageOfPage\":{\"@id\":\"https:\/\/dekorativnisvijet.com\/product\/buket-od-pelena-polarni-medic\/#primaryimage\"},\"image\":{\"@id\":\"https:\/\/dekorativnisvijet.com\/product\/buket-od-pelena-polarni-medic\/#primaryimage\"},\"thumbnailUrl\":\"https:\/\/dekorativnisvijet.com\/wp-content\/uploads\/2025\/11\/IMG_0513-scaled.jpeg\",\"datePublished\":\"2025-11-24T16:58:57+00:00\",\"breadcrumb\":{\"@id\":\"https:\/\/dekorativnisvijet.com\/product\/buket-od-pelena-polarni-medic\/#breadcrumb\"},\"inLanguage\":\"bs-BA\",\"potentialAction\":[{\"@type\":\"ReadAction\",\"target\":[\"https:\/\/dekorativnisvijet.com\/product\/buket-od-pelena-polarni-medic\/\"]}]},{\"@type\":\"ImageObject\",\"inLanguage\":\"bs-BA\",\"@id\":\"https:\/\/dekorativnisvijet.com\/product\/buket-od-pelena-polarni-medic\/#primaryimage\",\"url\":\"https:\/\/dekorativnisvijet.com\/wp-content\/uploads\/2025\/11\/IMG_0513-scaled.jpeg\",\"contentUrl\":\"https:\/\/dekorativnisvijet.com\/wp-content\/uploads\/2025\/11\/IMG_0513-scaled.jpeg\",\"width\":1920,\"height\":2560},{\"@type\":\"BreadcrumbList\",\"@id\":\"https:\/\/dekorativnisvijet.com\/product\/buket-od-pelena-polarni-medic\/#breadcrumb\",\"itemListElement\":[{\"@type\":\"ListItem\",\"position\":1,\"name\":\"Home\",\"item\":\"https:\/\/dekorativnisvijet.com\/\"},{\"@type\":\"ListItem\",\"position\":2,\"name\":\"Classic Shop\",\"item\":\"https:\/\/dekorativnisvijet.com\/bs\/demos\/shop-demos\/classic-shop\/\"},{\"@type\":\"ListItem\",\"position\":3,\"name\":\"Buket od Pelena &#8220;Polarni Medi\u0107&#8221;\"}]},{\"@type\":\"WebSite\",\"@id\":\"https:\/\/dekorativnisvijet.com\/#website\",\"url\":\"https:\/\/dekorativnisvijet.com\/\",\"name\":\"dekorativnisvijet.com\",\"description\":\"Ru\u010dni rad i personalizovani pokloni\",\"publisher\":{\"@id\":\"https:\/\/dekorativnisvijet.com\/#\/schema\/person\/1defecf5e510b1dc3d648d2741c0252b\"},\"potentialAction\":[{\"@type\":\"SearchAction\",\"target\":{\"@type\":\"EntryPoint\",\"urlTemplate\":\"https:\/\/dekorativnisvijet.com\/?s={search_term_string}\"},\"query-input\":{\"@type\":\"PropertyValueSpecification\",\"valueRequired\":true,\"valueName\":\"search_term_string\"}}],\"inLanguage\":\"bs-BA\"},{\"@type\":[\"Person\",\"Organization\"],\"@id\":\"https:\/\/dekorativnisvijet.com\/#\/schema\/person\/1defecf5e510b1dc3d648d2741c0252b\",\"name\":\"Irhada Kurtalija\",\"image\":{\"@type\":\"ImageObject\",\"inLanguage\":\"bs-BA\",\"@id\":\"https:\/\/dekorativnisvijet.com\/#\/schema\/person\/image\/\",\"url\":\"https:\/\/dekorativnisvijet.com\/wp-content\/uploads\/2025\/12\/logo.jpg\",\"contentUrl\":\"https:\/\/dekorativnisvijet.com\/wp-content\/uploads\/2025\/12\/logo.jpg\",\"width\":1024,\"height\":1024,\"caption\":\"Irhada Kurtalija\"},\"logo\":{\"@id\":\"https:\/\/dekorativnisvijet.com\/#\/schema\/person\/image\/\"},\"sameAs\":[\"https:\/\/www.facebook.com\/profile.php?id=100089319944185\",\"https:\/\/www.instagram.com\/accounts\/edit\/?__coig_login=1\"]}]}<\/script>\n<!-- \/ Yoast SEO plugin. -->","yoast_head_json":{"title":"Buket od Pelena \"Polarni Medi\u0107\" - Dekorativni svijet \u2013 Ru\u010dno ra\u0111eni i personalizirani pokloni","robots":{"index":"index","follow":"follow","max-snippet":"max-snippet:-1","max-image-preview":"max-image-preview:large","max-video-preview":"max-video-preview:-1"},"canonical":"https:\/\/dekorativnisvijet.com\/bs\/proizvod\/buket-od-pelena-polarni-medic\/","og_locale":"bs_BA","og_type":"article","og_title":"Buket od Pelena \"Polarni Medi\u0107\" - Dekorativni svijet \u2013 Ru\u010dno ra\u0111eni i personalizirani pokloni","og_description":"\u2728 Buket Snova: &nbsp;    Pravi Buket, Korisni Sadr\u017eaj: Buket je umotan u elegantan papir u svijetlo plavoj boji, simuliraju\u0107i cvjetni aran\u017eman.    Neodoljivi Polarni Medi\u0107: U centru buketa nalazi se mekani, bijeli pli\u0161ani medvjedi\u0107 koji slu\u017ei kao centralni ukras i prva bebina igra\u010dka.    Srce Buketa \u2013 Pelene: Sastoji se od brojnih visokokvalitetnih pelena (uvijenih u oblik ru\u017ea), koje su esencijalne za svakog roditelja.    Personalizovan Detalj: Buket je ukra\u0161en imenom LUKA (ili imenom bebe po va\u0161oj \u017eelji) sa svjetlucavim plavim slovima, daju\u0107i poklonu li\u010dni pe\u010dat.   \ud83c\udf81 Za\u0161to odabrati buket? Ovo je jedinstven na\u010din da poklonite pelene \u2013 estetski zadivljuju\u0107i, ali i izuzetno prakti\u010dan. Savr\u0161eno za baby shower ili kao poklon iznena\u0111enja za mamu u bolnici! Naru\u010dite odmah ovaj predivan i personalizovan buket za bebu Luku!     Mogu\u0107nost izrade i u roze varijanti za djevoj\u010dice!","og_url":"https:\/\/dekorativnisvijet.com\/bs\/proizvod\/buket-od-pelena-polarni-medic\/","og_site_name":"Dekorativni svijet \u2013 Ru\u010dno ra\u0111eni i personalizirani pokloni","article_publisher":"https:\/\/www.facebook.com\/profile.php?id=100089319944185","og_image":[{"width":1920,"height":2560,"url":"https:\/\/dekorativnisvijet.com\/wp-content\/uploads\/2025\/11\/IMG_0513-scaled.jpeg","type":"image\/jpeg"}],"twitter_card":"summary_large_image","schema":{"@context":"https:\/\/schema.org","@graph":[{"@type":"WebPage","@id":"https:\/\/dekorativnisvijet.com\/product\/buket-od-pelena-polarni-medic\/","url":"https:\/\/dekorativnisvijet.com\/product\/buket-od-pelena-polarni-medic\/","name":"Buket od Pelena \"Polarni Medi\u0107\" - Dekorativni svijet \u2013 Ru\u010dno ra\u0111eni i personalizirani pokloni","isPartOf":{"@id":"https:\/\/dekorativnisvijet.com\/#website"},"primaryImageOfPage":{"@id":"https:\/\/dekorativnisvijet.com\/product\/buket-od-pelena-polarni-medic\/#primaryimage"},"image":{"@id":"https:\/\/dekorativnisvijet.com\/product\/buket-od-pelena-polarni-medic\/#primaryimage"},"thumbnailUrl":"https:\/\/dekorativnisvijet.com\/wp-content\/uploads\/2025\/11\/IMG_0513-scaled.jpeg","datePublished":"2025-11-24T16:58:57+00:00","breadcrumb":{"@id":"https:\/\/dekorativnisvijet.com\/product\/buket-od-pelena-polarni-medic\/#breadcrumb"},"inLanguage":"bs-BA","potentialAction":[{"@type":"ReadAction","target":["https:\/\/dekorativnisvijet.com\/product\/buket-od-pelena-polarni-medic\/"]}]},{"@type":"ImageObject","inLanguage":"bs-BA","@id":"https:\/\/dekorativnisvijet.com\/product\/buket-od-pelena-polarni-medic\/#primaryimage","url":"https:\/\/dekorativnisvijet.com\/wp-content\/uploads\/2025\/11\/IMG_0513-scaled.jpeg","contentUrl":"https:\/\/dekorativnisvijet.com\/wp-content\/uploads\/2025\/11\/IMG_0513-scaled.jpeg","width":1920,"height":2560},{"@type":"BreadcrumbList","@id":"https:\/\/dekorativnisvijet.com\/product\/buket-od-pelena-polarni-medic\/#breadcrumb","itemListElement":[{"@type":"ListItem","position":1,"name":"Home","item":"https:\/\/dekorativnisvijet.com\/"},{"@type":"ListItem","position":2,"name":"Classic Shop","item":"https:\/\/dekorativnisvijet.com\/bs\/demos\/shop-demos\/classic-shop\/"},{"@type":"ListItem","position":3,"name":"Buket od Pelena &#8220;Polarni Medi\u0107&#8221;"}]},{"@type":"WebSite","@id":"https:\/\/dekorativnisvijet.com\/#website","url":"https:\/\/dekorativnisvijet.com\/","name":"dekorativnisvijet.com","description":"Ru\u010dni rad i personalizovani pokloni","publisher":{"@id":"https:\/\/dekorativnisvijet.com\/#\/schema\/person\/1defecf5e510b1dc3d648d2741c0252b"},"potentialAction":[{"@type":"SearchAction","target":{"@type":"EntryPoint","urlTemplate":"https:\/\/dekorativnisvijet.com\/?s={search_term_string}"},"query-input":{"@type":"PropertyValueSpecification","valueRequired":true,"valueName":"search_term_string"}}],"inLanguage":"bs-BA"},{"@type":["Person","Organization"],"@id":"https:\/\/dekorativnisvijet.com\/#\/schema\/person\/1defecf5e510b1dc3d648d2741c0252b","name":"Irhada Kurtalija","image":{"@type":"ImageObject","inLanguage":"bs-BA","@id":"https:\/\/dekorativnisvijet.com\/#\/schema\/person\/image\/","url":"https:\/\/dekorativnisvijet.com\/wp-content\/uploads\/2025\/12\/logo.jpg","contentUrl":"https:\/\/dekorativnisvijet.com\/wp-content\/uploads\/2025\/12\/logo.jpg","width":1024,"height":1024,"caption":"Irhada Kurtalija"},"logo":{"@id":"https:\/\/dekorativnisvijet.com\/#\/schema\/person\/image\/"},"sameAs":["https:\/\/www.facebook.com\/profile.php?id=100089319944185","https:\/\/www.instagram.com\/accounts\/edit\/?__coig_login=1"]}]}},"jetpack_sharing_enabled":true,"_links":{"self":[{"href":"https:\/\/dekorativnisvijet.com\/bs\/wp-json\/wp\/v2\/product\/437","targetHints":{"allow":["GET"]}}],"collection":[{"href":"https:\/\/dekorativnisvijet.com\/bs\/wp-json\/wp\/v2\/product"}],"about":[{"href":"https:\/\/dekorativnisvijet.com\/bs\/wp-json\/wp\/v2\/types\/product"}],"replies":[{"embeddable":true,"href":"https:\/\/dekorativnisvijet.com\/bs\/wp-json\/wp\/v2\/comments?post=437"}],"wp:featuredmedia":[{"embeddable":true,"href":"https:\/\/dekorativnisvijet.com\/bs\/wp-json\/wp\/v2\/media\/384"}],"wp:attachment":[{"href":"https:\/\/dekorativnisvijet.com\/bs\/wp-json\/wp\/v2\/media?parent=437"}],"wp:term":[{"taxonomy":"product_brand","embeddable":true,"href":"https:\/\/dekorativnisvijet.com\/bs\/wp-json\/wp\/v2\/product_brand?post=437"},{"taxonomy":"product_cat","embeddable":true,"href":"https:\/\/dekorativnisvijet.com\/bs\/wp-json\/wp\/v2\/product_cat?post=437"},{"taxonomy":"product_tag","embeddable":true,"href":"https:\/\/dekorativnisvijet.com\/bs\/wp-json\/wp\/v2\/product_tag?post=437"}],"curies":[{"name":"wp","href":"https:\/\/api.w.org\/{rel}","templated":true}]}}