{"id":432,"date":"2025-11-24T17:42:51","date_gmt":"2025-11-24T16:42:51","guid":{"rendered":"https:\/\/dekorativnisvijet.com\/?post_type=product&#038;p=432"},"modified":"2025-11-24T17:42:51","modified_gmt":"2025-11-24T16:42:51","slug":"minnie-mouse-princeza","status":"publish","type":"product","link":"https:\/\/dekorativnisvijet.com\/bs\/proizvod\/minnie-mouse-princeza\/","title":{"rendered":"&#8220;Minnie Mouse Princeza&#8221;"},"content":{"rendered":"<p><img loading=\"lazy\" decoding=\"async\" class=\"alignnone size-medium wp-image-402\" src=\"https:\/\/dekorativnisvijet.com\/wp-content\/uploads\/2025\/11\/IMG_2911-300x400.jpeg\" alt=\"\" width=\"300\" height=\"400\" srcset=\"https:\/\/dekorativnisvijet.com\/wp-content\/uploads\/2025\/11\/IMG_2911-300x400.jpeg 300w, https:\/\/dekorativnisvijet.com\/wp-content\/uploads\/2025\/11\/IMG_2911-600x800.jpeg 600w, https:\/\/dekorativnisvijet.com\/wp-content\/uploads\/2025\/11\/IMG_2911-768x1024.jpeg 768w, https:\/\/dekorativnisvijet.com\/wp-content\/uploads\/2025\/11\/IMG_2911-1152x1536.jpeg 1152w, https:\/\/dekorativnisvijet.com\/wp-content\/uploads\/2025\/11\/IMG_2911-1536x2048.jpeg 1536w, https:\/\/dekorativnisvijet.com\/wp-content\/uploads\/2025\/11\/IMG_2911-9x12.jpeg 9w, https:\/\/dekorativnisvijet.com\/wp-content\/uploads\/2025\/11\/IMG_2911-1320x1760.jpeg 1320w, https:\/\/dekorativnisvijet.com\/wp-content\/uploads\/2025\/11\/IMG_2911-scaled.jpeg 1920w\" sizes=\"auto, (max-width: 300px) 100vw, 300px\" \/><\/p>\n<p><b>Najsla\u0111i start za djevoj\u010dice!<\/b> \ud83d\udc96 Na\u0161a <b>Minnie Mouse Princeza<\/b> poklon korpa je <i>must-have<\/i> za <b>baby shower<\/b> ili posjetu novoro\u0111en\u010detu.<\/p>","protected":false},"excerpt":{"rendered":"<ul data-path-to-node=\"6\">\n<li>\n<p data-path-to-node=\"6,0,0\"><b>Pletena Korpa:<\/b> Rusti\u010dna korpa za odlaganje, koja ostaje kao uspomena.<\/p>\n<\/li>\n<li>\n<p data-path-to-node=\"6,1,0\"><b>Minnie Mouse Pli\u0161ana Igra\u010dka:<\/b> Centralni ukras koji beba obo\u017eava!<\/p>\n<\/li>\n<li>\n<p data-path-to-node=\"6,2,0\"><b>Odje\u0107a za Princezu:<\/b> Predivni rozi bodi bez rukava i lepr\u0161ava haljinica.<\/p>\n<\/li>\n<li>\n<p data-path-to-node=\"6,3,0\"><b>Bebi Kozmetika:<\/b> Esencijalni proizvodi (losion, kupka, ulje) za nje\u017enu njegu.<\/p>\n<\/li>\n<li>\n<p data-path-to-node=\"6,4,0\"><b>Prakti\u010dni Dodaci:<\/b> Varalice\/dude i pelene za prve dane.<\/p>\n<\/li>\n<\/ul>\n<p data-path-to-node=\"7\">\ud83c\udf81 <b>Spremno za poklon!<\/b> Spoj elegancije, stila i prakti\u010dnosti u jednom paketu.<\/p>\n<p data-path-to-node=\"8\"><b>Naru\u010dite odmah<\/b> i poklonite nezaboravnu dobrodo\u0161licu maloj princezi!<\/p>","protected":false},"featured_media":402,"comment_status":"open","ping_status":"closed","template":"","meta":[],"product_brand":[],"product_cat":[72],"product_tag":[],"class_list":{"0":"post-432","1":"product","2":"type-product","3":"status-publish","4":"has-post-thumbnail","6":"product_cat-baby-pokloni","8":"first","9":"instock","10":"shipping-taxable","11":"purchasable","12":"product-type-simple"},"yoast_head":"<!-- This site is optimized with the Yoast SEO plugin v26.5 - https:\/\/yoast.com\/wordpress\/plugins\/seo\/ -->\n<title>&quot;Minnie Mouse Princeza&quot; - Dekorativni svijet \u2013 Ru\u010dno ra\u0111eni i personalizirani pokloni<\/title>\n<meta name=\"robots\" content=\"index, follow, max-snippet:-1, max-image-preview:large, max-video-preview:-1\" \/>\n<link rel=\"canonical\" href=\"https:\/\/dekorativnisvijet.com\/bs\/proizvod\/minnie-mouse-princeza\/\" \/>\n<meta property=\"og:locale\" content=\"bs_BA\" \/>\n<meta property=\"og:type\" content=\"article\" \/>\n<meta property=\"og:title\" content=\"&quot;Minnie Mouse Princeza&quot; - Dekorativni svijet \u2013 Ru\u010dno ra\u0111eni i personalizirani pokloni\" \/>\n<meta property=\"og:description\" content=\"Pletena Korpa: Rusti\u010dna korpa za odlaganje, koja ostaje kao uspomena.    Minnie Mouse Pli\u0161ana Igra\u010dka: Centralni ukras koji beba obo\u017eava!    Odje\u0107a za Princezu: Predivni rozi bodi bez rukava i lepr\u0161ava haljinica.    Bebi Kozmetika: Esencijalni proizvodi (losion, kupka, ulje) za nje\u017enu njegu.    Prakti\u010dni Dodaci: Varalice\/dude i pelene za prve dane.   \ud83c\udf81 Spremno za poklon! Spoj elegancije, stila i prakti\u010dnosti u jednom paketu. Naru\u010dite odmah i poklonite nezaboravnu dobrodo\u0161licu maloj princezi!\" \/>\n<meta property=\"og:url\" content=\"https:\/\/dekorativnisvijet.com\/bs\/proizvod\/minnie-mouse-princeza\/\" \/>\n<meta property=\"og:site_name\" content=\"Dekorativni svijet \u2013 Ru\u010dno ra\u0111eni i personalizirani pokloni\" \/>\n<meta property=\"article:publisher\" content=\"https:\/\/www.facebook.com\/profile.php?id=100089319944185\" \/>\n<meta property=\"og:image\" content=\"https:\/\/dekorativnisvijet.com\/wp-content\/uploads\/2025\/11\/IMG_2911-scaled.jpeg\" \/>\n\t<meta property=\"og:image:width\" content=\"1920\" \/>\n\t<meta property=\"og:image:height\" content=\"2560\" \/>\n\t<meta property=\"og:image:type\" content=\"image\/jpeg\" \/>\n<meta name=\"twitter:card\" content=\"summary_large_image\" \/>\n<script type=\"application\/ld+json\" class=\"yoast-schema-graph\">{\"@context\":\"https:\/\/schema.org\",\"@graph\":[{\"@type\":\"WebPage\",\"@id\":\"https:\/\/dekorativnisvijet.com\/product\/minnie-mouse-princeza\/\",\"url\":\"https:\/\/dekorativnisvijet.com\/product\/minnie-mouse-princeza\/\",\"name\":\"\\\"Minnie Mouse Princeza\\\" - Dekorativni svijet \u2013 Ru\u010dno ra\u0111eni i personalizirani pokloni\",\"isPartOf\":{\"@id\":\"https:\/\/dekorativnisvijet.com\/#website\"},\"primaryImageOfPage\":{\"@id\":\"https:\/\/dekorativnisvijet.com\/product\/minnie-mouse-princeza\/#primaryimage\"},\"image\":{\"@id\":\"https:\/\/dekorativnisvijet.com\/product\/minnie-mouse-princeza\/#primaryimage\"},\"thumbnailUrl\":\"https:\/\/dekorativnisvijet.com\/wp-content\/uploads\/2025\/11\/IMG_2911-scaled.jpeg\",\"datePublished\":\"2025-11-24T16:42:51+00:00\",\"breadcrumb\":{\"@id\":\"https:\/\/dekorativnisvijet.com\/product\/minnie-mouse-princeza\/#breadcrumb\"},\"inLanguage\":\"bs-BA\",\"potentialAction\":[{\"@type\":\"ReadAction\",\"target\":[\"https:\/\/dekorativnisvijet.com\/product\/minnie-mouse-princeza\/\"]}]},{\"@type\":\"ImageObject\",\"inLanguage\":\"bs-BA\",\"@id\":\"https:\/\/dekorativnisvijet.com\/product\/minnie-mouse-princeza\/#primaryimage\",\"url\":\"https:\/\/dekorativnisvijet.com\/wp-content\/uploads\/2025\/11\/IMG_2911-scaled.jpeg\",\"contentUrl\":\"https:\/\/dekorativnisvijet.com\/wp-content\/uploads\/2025\/11\/IMG_2911-scaled.jpeg\",\"width\":1920,\"height\":2560},{\"@type\":\"BreadcrumbList\",\"@id\":\"https:\/\/dekorativnisvijet.com\/product\/minnie-mouse-princeza\/#breadcrumb\",\"itemListElement\":[{\"@type\":\"ListItem\",\"position\":1,\"name\":\"Home\",\"item\":\"https:\/\/dekorativnisvijet.com\/\"},{\"@type\":\"ListItem\",\"position\":2,\"name\":\"Classic Shop\",\"item\":\"https:\/\/dekorativnisvijet.com\/bs\/demos\/shop-demos\/classic-shop\/\"},{\"@type\":\"ListItem\",\"position\":3,\"name\":\"&#8220;Minnie Mouse Princeza&#8221;\"}]},{\"@type\":\"WebSite\",\"@id\":\"https:\/\/dekorativnisvijet.com\/#website\",\"url\":\"https:\/\/dekorativnisvijet.com\/\",\"name\":\"dekorativnisvijet.com\",\"description\":\"Ru\u010dni rad i personalizovani pokloni\",\"publisher\":{\"@id\":\"https:\/\/dekorativnisvijet.com\/#\/schema\/person\/1defecf5e510b1dc3d648d2741c0252b\"},\"potentialAction\":[{\"@type\":\"SearchAction\",\"target\":{\"@type\":\"EntryPoint\",\"urlTemplate\":\"https:\/\/dekorativnisvijet.com\/?s={search_term_string}\"},\"query-input\":{\"@type\":\"PropertyValueSpecification\",\"valueRequired\":true,\"valueName\":\"search_term_string\"}}],\"inLanguage\":\"bs-BA\"},{\"@type\":[\"Person\",\"Organization\"],\"@id\":\"https:\/\/dekorativnisvijet.com\/#\/schema\/person\/1defecf5e510b1dc3d648d2741c0252b\",\"name\":\"Irhada Kurtalija\",\"image\":{\"@type\":\"ImageObject\",\"inLanguage\":\"bs-BA\",\"@id\":\"https:\/\/dekorativnisvijet.com\/#\/schema\/person\/image\/\",\"url\":\"https:\/\/dekorativnisvijet.com\/wp-content\/uploads\/2025\/12\/logo.jpg\",\"contentUrl\":\"https:\/\/dekorativnisvijet.com\/wp-content\/uploads\/2025\/12\/logo.jpg\",\"width\":1024,\"height\":1024,\"caption\":\"Irhada Kurtalija\"},\"logo\":{\"@id\":\"https:\/\/dekorativnisvijet.com\/#\/schema\/person\/image\/\"},\"sameAs\":[\"https:\/\/www.facebook.com\/profile.php?id=100089319944185\",\"https:\/\/www.instagram.com\/accounts\/edit\/?__coig_login=1\"]}]}<\/script>\n<!-- \/ Yoast SEO plugin. -->","yoast_head_json":{"title":"\"Minnie Mouse Princeza\" - Dekorativni svijet \u2013 Ru\u010dno ra\u0111eni i personalizirani pokloni","robots":{"index":"index","follow":"follow","max-snippet":"max-snippet:-1","max-image-preview":"max-image-preview:large","max-video-preview":"max-video-preview:-1"},"canonical":"https:\/\/dekorativnisvijet.com\/bs\/proizvod\/minnie-mouse-princeza\/","og_locale":"bs_BA","og_type":"article","og_title":"\"Minnie Mouse Princeza\" - Dekorativni svijet \u2013 Ru\u010dno ra\u0111eni i personalizirani pokloni","og_description":"Pletena Korpa: Rusti\u010dna korpa za odlaganje, koja ostaje kao uspomena.    Minnie Mouse Pli\u0161ana Igra\u010dka: Centralni ukras koji beba obo\u017eava!    Odje\u0107a za Princezu: Predivni rozi bodi bez rukava i lepr\u0161ava haljinica.    Bebi Kozmetika: Esencijalni proizvodi (losion, kupka, ulje) za nje\u017enu njegu.    Prakti\u010dni Dodaci: Varalice\/dude i pelene za prve dane.   \ud83c\udf81 Spremno za poklon! Spoj elegancije, stila i prakti\u010dnosti u jednom paketu. Naru\u010dite odmah i poklonite nezaboravnu dobrodo\u0161licu maloj princezi!","og_url":"https:\/\/dekorativnisvijet.com\/bs\/proizvod\/minnie-mouse-princeza\/","og_site_name":"Dekorativni svijet \u2013 Ru\u010dno ra\u0111eni i personalizirani pokloni","article_publisher":"https:\/\/www.facebook.com\/profile.php?id=100089319944185","og_image":[{"width":1920,"height":2560,"url":"https:\/\/dekorativnisvijet.com\/wp-content\/uploads\/2025\/11\/IMG_2911-scaled.jpeg","type":"image\/jpeg"}],"twitter_card":"summary_large_image","schema":{"@context":"https:\/\/schema.org","@graph":[{"@type":"WebPage","@id":"https:\/\/dekorativnisvijet.com\/product\/minnie-mouse-princeza\/","url":"https:\/\/dekorativnisvijet.com\/product\/minnie-mouse-princeza\/","name":"\"Minnie Mouse Princeza\" - Dekorativni svijet \u2013 Ru\u010dno ra\u0111eni i personalizirani pokloni","isPartOf":{"@id":"https:\/\/dekorativnisvijet.com\/#website"},"primaryImageOfPage":{"@id":"https:\/\/dekorativnisvijet.com\/product\/minnie-mouse-princeza\/#primaryimage"},"image":{"@id":"https:\/\/dekorativnisvijet.com\/product\/minnie-mouse-princeza\/#primaryimage"},"thumbnailUrl":"https:\/\/dekorativnisvijet.com\/wp-content\/uploads\/2025\/11\/IMG_2911-scaled.jpeg","datePublished":"2025-11-24T16:42:51+00:00","breadcrumb":{"@id":"https:\/\/dekorativnisvijet.com\/product\/minnie-mouse-princeza\/#breadcrumb"},"inLanguage":"bs-BA","potentialAction":[{"@type":"ReadAction","target":["https:\/\/dekorativnisvijet.com\/product\/minnie-mouse-princeza\/"]}]},{"@type":"ImageObject","inLanguage":"bs-BA","@id":"https:\/\/dekorativnisvijet.com\/product\/minnie-mouse-princeza\/#primaryimage","url":"https:\/\/dekorativnisvijet.com\/wp-content\/uploads\/2025\/11\/IMG_2911-scaled.jpeg","contentUrl":"https:\/\/dekorativnisvijet.com\/wp-content\/uploads\/2025\/11\/IMG_2911-scaled.jpeg","width":1920,"height":2560},{"@type":"BreadcrumbList","@id":"https:\/\/dekorativnisvijet.com\/product\/minnie-mouse-princeza\/#breadcrumb","itemListElement":[{"@type":"ListItem","position":1,"name":"Home","item":"https:\/\/dekorativnisvijet.com\/"},{"@type":"ListItem","position":2,"name":"Classic Shop","item":"https:\/\/dekorativnisvijet.com\/bs\/demos\/shop-demos\/classic-shop\/"},{"@type":"ListItem","position":3,"name":"&#8220;Minnie Mouse Princeza&#8221;"}]},{"@type":"WebSite","@id":"https:\/\/dekorativnisvijet.com\/#website","url":"https:\/\/dekorativnisvijet.com\/","name":"dekorativnisvijet.com","description":"Ru\u010dni rad i personalizovani pokloni","publisher":{"@id":"https:\/\/dekorativnisvijet.com\/#\/schema\/person\/1defecf5e510b1dc3d648d2741c0252b"},"potentialAction":[{"@type":"SearchAction","target":{"@type":"EntryPoint","urlTemplate":"https:\/\/dekorativnisvijet.com\/?s={search_term_string}"},"query-input":{"@type":"PropertyValueSpecification","valueRequired":true,"valueName":"search_term_string"}}],"inLanguage":"bs-BA"},{"@type":["Person","Organization"],"@id":"https:\/\/dekorativnisvijet.com\/#\/schema\/person\/1defecf5e510b1dc3d648d2741c0252b","name":"Irhada Kurtalija","image":{"@type":"ImageObject","inLanguage":"bs-BA","@id":"https:\/\/dekorativnisvijet.com\/#\/schema\/person\/image\/","url":"https:\/\/dekorativnisvijet.com\/wp-content\/uploads\/2025\/12\/logo.jpg","contentUrl":"https:\/\/dekorativnisvijet.com\/wp-content\/uploads\/2025\/12\/logo.jpg","width":1024,"height":1024,"caption":"Irhada Kurtalija"},"logo":{"@id":"https:\/\/dekorativnisvijet.com\/#\/schema\/person\/image\/"},"sameAs":["https:\/\/www.facebook.com\/profile.php?id=100089319944185","https:\/\/www.instagram.com\/accounts\/edit\/?__coig_login=1"]}]}},"jetpack_sharing_enabled":true,"_links":{"self":[{"href":"https:\/\/dekorativnisvijet.com\/bs\/wp-json\/wp\/v2\/product\/432","targetHints":{"allow":["GET"]}}],"collection":[{"href":"https:\/\/dekorativnisvijet.com\/bs\/wp-json\/wp\/v2\/product"}],"about":[{"href":"https:\/\/dekorativnisvijet.com\/bs\/wp-json\/wp\/v2\/types\/product"}],"replies":[{"embeddable":true,"href":"https:\/\/dekorativnisvijet.com\/bs\/wp-json\/wp\/v2\/comments?post=432"}],"wp:featuredmedia":[{"embeddable":true,"href":"https:\/\/dekorativnisvijet.com\/bs\/wp-json\/wp\/v2\/media\/402"}],"wp:attachment":[{"href":"https:\/\/dekorativnisvijet.com\/bs\/wp-json\/wp\/v2\/media?parent=432"}],"wp:term":[{"taxonomy":"product_brand","embeddable":true,"href":"https:\/\/dekorativnisvijet.com\/bs\/wp-json\/wp\/v2\/product_brand?post=432"},{"taxonomy":"product_cat","embeddable":true,"href":"https:\/\/dekorativnisvijet.com\/bs\/wp-json\/wp\/v2\/product_cat?post=432"},{"taxonomy":"product_tag","embeddable":true,"href":"https:\/\/dekorativnisvijet.com\/bs\/wp-json\/wp\/v2\/product_tag?post=432"}],"curies":[{"name":"wp","href":"https:\/\/api.w.org\/{rel}","templated":true}]}}