{"id":426,"date":"2025-11-24T16:16:15","date_gmt":"2025-11-24T15:16:15","guid":{"rendered":"https:\/\/dekorativnisvijet.com\/?post_type=product&#038;p=426"},"modified":"2025-11-24T16:16:15","modified_gmt":"2025-11-24T15:16:15","slug":"muski-premium-shaving-relax-set","status":"publish","type":"product","link":"https:\/\/dekorativnisvijet.com\/bs\/proizvod\/muski-premium-shaving-relax-set\/","title":{"rendered":"Mu\u0161ki Premium Shaving &#038; Relax Set"},"content":{"rendered":"<p><img loading=\"lazy\" decoding=\"async\" class=\"alignnone size-medium wp-image-408\" src=\"https:\/\/dekorativnisvijet.com\/wp-content\/uploads\/2025\/11\/att.C-B7fM1I6Zd4W-AM_Pc7qrVK1_GBPJiB_mf2zJqwrPg-300x400.jpeg\" alt=\"\" width=\"300\" height=\"400\" srcset=\"https:\/\/dekorativnisvijet.com\/wp-content\/uploads\/2025\/11\/att.C-B7fM1I6Zd4W-AM_Pc7qrVK1_GBPJiB_mf2zJqwrPg-300x400.jpeg 300w, https:\/\/dekorativnisvijet.com\/wp-content\/uploads\/2025\/11\/att.C-B7fM1I6Zd4W-AM_Pc7qrVK1_GBPJiB_mf2zJqwrPg-600x800.jpeg 600w, https:\/\/dekorativnisvijet.com\/wp-content\/uploads\/2025\/11\/att.C-B7fM1I6Zd4W-AM_Pc7qrVK1_GBPJiB_mf2zJqwrPg-768x1024.jpeg 768w, https:\/\/dekorativnisvijet.com\/wp-content\/uploads\/2025\/11\/att.C-B7fM1I6Zd4W-AM_Pc7qrVK1_GBPJiB_mf2zJqwrPg-1152x1536.jpeg 1152w, https:\/\/dekorativnisvijet.com\/wp-content\/uploads\/2025\/11\/att.C-B7fM1I6Zd4W-AM_Pc7qrVK1_GBPJiB_mf2zJqwrPg-9x12.jpeg 9w, https:\/\/dekorativnisvijet.com\/wp-content\/uploads\/2025\/11\/att.C-B7fM1I6Zd4W-AM_Pc7qrVK1_GBPJiB_mf2zJqwrPg-1320x1760.jpeg 1320w, https:\/\/dekorativnisvijet.com\/wp-content\/uploads\/2025\/11\/att.C-B7fM1I6Zd4W-AM_Pc7qrVK1_GBPJiB_mf2zJqwrPg.jpeg 1536w\" sizes=\"auto, (max-width: 300px) 100vw, 300px\" \/>Tra\u017eite poklon koji je prakti\u010dan, elegantan i potpuno u mu\u0161kom stilu?<br data-start=\"239\" data-end=\"242\" \/>Ovaj <strong data-start=\"247\" data-end=\"268\">Mu\u0161ki Premium Set<\/strong> kombinuje proizvode za vrhunsko brijanje sa sitnim u\u017eicima u kojima svaki mu\u0161karac rado u\u017eiva. Savr\u0161en je za ro\u0111endane, zahvalnice, Dan mu\u0161karaca ili kao posebno iznena\u0111enje za dragog.<\/p>","protected":false},"excerpt":{"rendered":"<h3 data-start=\"460\" data-end=\"486\">\ud83c\udf81 <strong data-start=\"467\" data-end=\"484\">SADR\u017dAJ SETA:<\/strong><\/h3>\n<p data-start=\"487\" data-end=\"794\">\u2714 <strong data-start=\"489\" data-end=\"513\">3\u00d7 bezalkoholna piva<\/strong> \u2013 idealna za opu\u0161tanje bez alkohola<br data-start=\"549\" data-end=\"552\" \/>\u2714 <strong data-start=\"554\" data-end=\"575\">Krema za brijanje<\/strong> \u2013 za glatko i ugodno brijanje<br data-start=\"605\" data-end=\"608\" \/>\u2714 <strong data-start=\"610\" data-end=\"633\">\u010cetkica za brijanje<\/strong> \u2013 klasi\u010dni dodatak za savr\u0161en ritual brijanja<br data-start=\"679\" data-end=\"682\" \/>\u2714 <strong data-start=\"684\" data-end=\"711\">Losion poslije brijanja<\/strong> \u2013 smiruje i njeguje ko\u017eu<br data-start=\"736\" data-end=\"739\" \/>\u2714 <strong data-start=\"741\" data-end=\"761\">2\u00d7 kutije cigara<\/strong> \u2013 elegancija i u\u017eivanje u jednom<\/p>\n<p data-start=\"487\" data-end=\"794\">Mogu\u0107nosti biranja sadr\u017eaja gift kutije<\/p>","protected":false},"featured_media":408,"comment_status":"open","ping_status":"closed","template":"","meta":[],"product_brand":[],"product_cat":[71],"product_tag":[],"class_list":{"0":"post-426","1":"product","2":"type-product","3":"status-publish","4":"has-post-thumbnail","6":"product_cat-poklon-box","8":"first","9":"instock","10":"shipping-taxable","11":"purchasable","12":"product-type-simple"},"yoast_head":"<!-- This site is optimized with the Yoast SEO plugin v26.5 - https:\/\/yoast.com\/wordpress\/plugins\/seo\/ -->\n<title>Mu\u0161ki Premium Shaving &amp; Relax Set - Dekorativni svijet \u2013 Ru\u010dno ra\u0111eni i personalizirani pokloni<\/title>\n<meta name=\"robots\" content=\"index, follow, max-snippet:-1, max-image-preview:large, max-video-preview:-1\" \/>\n<link rel=\"canonical\" href=\"https:\/\/dekorativnisvijet.com\/bs\/proizvod\/muski-premium-shaving-relax-set\/\" \/>\n<meta property=\"og:locale\" content=\"bs_BA\" \/>\n<meta property=\"og:type\" content=\"article\" \/>\n<meta property=\"og:title\" content=\"Mu\u0161ki Premium Shaving &amp; Relax Set - Dekorativni svijet \u2013 Ru\u010dno ra\u0111eni i personalizirani pokloni\" \/>\n<meta property=\"og:description\" content=\"\ud83c\udf81 SADR\u017dAJ SETA: \u2714 3\u00d7 bezalkoholna piva \u2013 idealna za opu\u0161tanje bez alkohola\u2714 Krema za brijanje \u2013 za glatko i ugodno brijanje\u2714 \u010cetkica za brijanje \u2013 klasi\u010dni dodatak za savr\u0161en ritual brijanja\u2714 Losion poslije brijanja \u2013 smiruje i njeguje ko\u017eu\u2714 2\u00d7 kutije cigara \u2013 elegancija i u\u017eivanje u jednom Mogu\u0107nosti biranja sadr\u017eaja gift kutije\" \/>\n<meta property=\"og:url\" content=\"https:\/\/dekorativnisvijet.com\/bs\/proizvod\/muski-premium-shaving-relax-set\/\" \/>\n<meta property=\"og:site_name\" content=\"Dekorativni svijet \u2013 Ru\u010dno ra\u0111eni i personalizirani pokloni\" \/>\n<meta property=\"article:publisher\" content=\"https:\/\/www.facebook.com\/profile.php?id=100089319944185\" \/>\n<meta property=\"og:image\" content=\"https:\/\/dekorativnisvijet.com\/wp-content\/uploads\/2025\/11\/att.C-B7fM1I6Zd4W-AM_Pc7qrVK1_GBPJiB_mf2zJqwrPg.jpeg\" \/>\n\t<meta property=\"og:image:width\" content=\"1536\" \/>\n\t<meta property=\"og:image:height\" content=\"2048\" \/>\n\t<meta property=\"og:image:type\" content=\"image\/jpeg\" \/>\n<meta name=\"twitter:card\" content=\"summary_large_image\" \/>\n<script type=\"application\/ld+json\" class=\"yoast-schema-graph\">{\"@context\":\"https:\/\/schema.org\",\"@graph\":[{\"@type\":\"WebPage\",\"@id\":\"https:\/\/dekorativnisvijet.com\/product\/muski-premium-shaving-relax-set\/\",\"url\":\"https:\/\/dekorativnisvijet.com\/product\/muski-premium-shaving-relax-set\/\",\"name\":\"Mu\u0161ki Premium Shaving & Relax Set - Dekorativni svijet \u2013 Ru\u010dno ra\u0111eni i personalizirani pokloni\",\"isPartOf\":{\"@id\":\"https:\/\/dekorativnisvijet.com\/#website\"},\"primaryImageOfPage\":{\"@id\":\"https:\/\/dekorativnisvijet.com\/product\/muski-premium-shaving-relax-set\/#primaryimage\"},\"image\":{\"@id\":\"https:\/\/dekorativnisvijet.com\/product\/muski-premium-shaving-relax-set\/#primaryimage\"},\"thumbnailUrl\":\"https:\/\/dekorativnisvijet.com\/wp-content\/uploads\/2025\/11\/att.C-B7fM1I6Zd4W-AM_Pc7qrVK1_GBPJiB_mf2zJqwrPg.jpeg\",\"datePublished\":\"2025-11-24T15:16:15+00:00\",\"breadcrumb\":{\"@id\":\"https:\/\/dekorativnisvijet.com\/product\/muski-premium-shaving-relax-set\/#breadcrumb\"},\"inLanguage\":\"bs-BA\",\"potentialAction\":[{\"@type\":\"ReadAction\",\"target\":[\"https:\/\/dekorativnisvijet.com\/product\/muski-premium-shaving-relax-set\/\"]}]},{\"@type\":\"ImageObject\",\"inLanguage\":\"bs-BA\",\"@id\":\"https:\/\/dekorativnisvijet.com\/product\/muski-premium-shaving-relax-set\/#primaryimage\",\"url\":\"https:\/\/dekorativnisvijet.com\/wp-content\/uploads\/2025\/11\/att.C-B7fM1I6Zd4W-AM_Pc7qrVK1_GBPJiB_mf2zJqwrPg.jpeg\",\"contentUrl\":\"https:\/\/dekorativnisvijet.com\/wp-content\/uploads\/2025\/11\/att.C-B7fM1I6Zd4W-AM_Pc7qrVK1_GBPJiB_mf2zJqwrPg.jpeg\",\"width\":1536,\"height\":2048},{\"@type\":\"BreadcrumbList\",\"@id\":\"https:\/\/dekorativnisvijet.com\/product\/muski-premium-shaving-relax-set\/#breadcrumb\",\"itemListElement\":[{\"@type\":\"ListItem\",\"position\":1,\"name\":\"Home\",\"item\":\"https:\/\/dekorativnisvijet.com\/\"},{\"@type\":\"ListItem\",\"position\":2,\"name\":\"Classic Shop\",\"item\":\"https:\/\/dekorativnisvijet.com\/bs\/demos\/shop-demos\/classic-shop\/\"},{\"@type\":\"ListItem\",\"position\":3,\"name\":\"Mu\u0161ki Premium Shaving &#038; Relax Set\"}]},{\"@type\":\"WebSite\",\"@id\":\"https:\/\/dekorativnisvijet.com\/#website\",\"url\":\"https:\/\/dekorativnisvijet.com\/\",\"name\":\"dekorativnisvijet.com\",\"description\":\"Ru\u010dni rad i personalizovani pokloni\",\"publisher\":{\"@id\":\"https:\/\/dekorativnisvijet.com\/#\/schema\/person\/1defecf5e510b1dc3d648d2741c0252b\"},\"potentialAction\":[{\"@type\":\"SearchAction\",\"target\":{\"@type\":\"EntryPoint\",\"urlTemplate\":\"https:\/\/dekorativnisvijet.com\/?s={search_term_string}\"},\"query-input\":{\"@type\":\"PropertyValueSpecification\",\"valueRequired\":true,\"valueName\":\"search_term_string\"}}],\"inLanguage\":\"bs-BA\"},{\"@type\":[\"Person\",\"Organization\"],\"@id\":\"https:\/\/dekorativnisvijet.com\/#\/schema\/person\/1defecf5e510b1dc3d648d2741c0252b\",\"name\":\"Irhada Kurtalija\",\"image\":{\"@type\":\"ImageObject\",\"inLanguage\":\"bs-BA\",\"@id\":\"https:\/\/dekorativnisvijet.com\/#\/schema\/person\/image\/\",\"url\":\"https:\/\/dekorativnisvijet.com\/wp-content\/uploads\/2025\/12\/logo.jpg\",\"contentUrl\":\"https:\/\/dekorativnisvijet.com\/wp-content\/uploads\/2025\/12\/logo.jpg\",\"width\":1024,\"height\":1024,\"caption\":\"Irhada Kurtalija\"},\"logo\":{\"@id\":\"https:\/\/dekorativnisvijet.com\/#\/schema\/person\/image\/\"},\"sameAs\":[\"https:\/\/www.facebook.com\/profile.php?id=100089319944185\",\"https:\/\/www.instagram.com\/accounts\/edit\/?__coig_login=1\"]}]}<\/script>\n<!-- \/ Yoast SEO plugin. -->","yoast_head_json":{"title":"Mu\u0161ki Premium Shaving & Relax Set - Dekorativni svijet \u2013 Ru\u010dno ra\u0111eni i personalizirani pokloni","robots":{"index":"index","follow":"follow","max-snippet":"max-snippet:-1","max-image-preview":"max-image-preview:large","max-video-preview":"max-video-preview:-1"},"canonical":"https:\/\/dekorativnisvijet.com\/bs\/proizvod\/muski-premium-shaving-relax-set\/","og_locale":"bs_BA","og_type":"article","og_title":"Mu\u0161ki Premium Shaving & Relax Set - Dekorativni svijet \u2013 Ru\u010dno ra\u0111eni i personalizirani pokloni","og_description":"\ud83c\udf81 SADR\u017dAJ SETA: \u2714 3\u00d7 bezalkoholna piva \u2013 idealna za opu\u0161tanje bez alkohola\u2714 Krema za brijanje \u2013 za glatko i ugodno brijanje\u2714 \u010cetkica za brijanje \u2013 klasi\u010dni dodatak za savr\u0161en ritual brijanja\u2714 Losion poslije brijanja \u2013 smiruje i njeguje ko\u017eu\u2714 2\u00d7 kutije cigara \u2013 elegancija i u\u017eivanje u jednom Mogu\u0107nosti biranja sadr\u017eaja gift kutije","og_url":"https:\/\/dekorativnisvijet.com\/bs\/proizvod\/muski-premium-shaving-relax-set\/","og_site_name":"Dekorativni svijet \u2013 Ru\u010dno ra\u0111eni i personalizirani pokloni","article_publisher":"https:\/\/www.facebook.com\/profile.php?id=100089319944185","og_image":[{"width":1536,"height":2048,"url":"https:\/\/dekorativnisvijet.com\/wp-content\/uploads\/2025\/11\/att.C-B7fM1I6Zd4W-AM_Pc7qrVK1_GBPJiB_mf2zJqwrPg.jpeg","type":"image\/jpeg"}],"twitter_card":"summary_large_image","schema":{"@context":"https:\/\/schema.org","@graph":[{"@type":"WebPage","@id":"https:\/\/dekorativnisvijet.com\/product\/muski-premium-shaving-relax-set\/","url":"https:\/\/dekorativnisvijet.com\/product\/muski-premium-shaving-relax-set\/","name":"Mu\u0161ki Premium Shaving & Relax Set - Dekorativni svijet \u2013 Ru\u010dno ra\u0111eni i personalizirani pokloni","isPartOf":{"@id":"https:\/\/dekorativnisvijet.com\/#website"},"primaryImageOfPage":{"@id":"https:\/\/dekorativnisvijet.com\/product\/muski-premium-shaving-relax-set\/#primaryimage"},"image":{"@id":"https:\/\/dekorativnisvijet.com\/product\/muski-premium-shaving-relax-set\/#primaryimage"},"thumbnailUrl":"https:\/\/dekorativnisvijet.com\/wp-content\/uploads\/2025\/11\/att.C-B7fM1I6Zd4W-AM_Pc7qrVK1_GBPJiB_mf2zJqwrPg.jpeg","datePublished":"2025-11-24T15:16:15+00:00","breadcrumb":{"@id":"https:\/\/dekorativnisvijet.com\/product\/muski-premium-shaving-relax-set\/#breadcrumb"},"inLanguage":"bs-BA","potentialAction":[{"@type":"ReadAction","target":["https:\/\/dekorativnisvijet.com\/product\/muski-premium-shaving-relax-set\/"]}]},{"@type":"ImageObject","inLanguage":"bs-BA","@id":"https:\/\/dekorativnisvijet.com\/product\/muski-premium-shaving-relax-set\/#primaryimage","url":"https:\/\/dekorativnisvijet.com\/wp-content\/uploads\/2025\/11\/att.C-B7fM1I6Zd4W-AM_Pc7qrVK1_GBPJiB_mf2zJqwrPg.jpeg","contentUrl":"https:\/\/dekorativnisvijet.com\/wp-content\/uploads\/2025\/11\/att.C-B7fM1I6Zd4W-AM_Pc7qrVK1_GBPJiB_mf2zJqwrPg.jpeg","width":1536,"height":2048},{"@type":"BreadcrumbList","@id":"https:\/\/dekorativnisvijet.com\/product\/muski-premium-shaving-relax-set\/#breadcrumb","itemListElement":[{"@type":"ListItem","position":1,"name":"Home","item":"https:\/\/dekorativnisvijet.com\/"},{"@type":"ListItem","position":2,"name":"Classic Shop","item":"https:\/\/dekorativnisvijet.com\/bs\/demos\/shop-demos\/classic-shop\/"},{"@type":"ListItem","position":3,"name":"Mu\u0161ki Premium Shaving &#038; Relax Set"}]},{"@type":"WebSite","@id":"https:\/\/dekorativnisvijet.com\/#website","url":"https:\/\/dekorativnisvijet.com\/","name":"dekorativnisvijet.com","description":"Ru\u010dni rad i personalizovani pokloni","publisher":{"@id":"https:\/\/dekorativnisvijet.com\/#\/schema\/person\/1defecf5e510b1dc3d648d2741c0252b"},"potentialAction":[{"@type":"SearchAction","target":{"@type":"EntryPoint","urlTemplate":"https:\/\/dekorativnisvijet.com\/?s={search_term_string}"},"query-input":{"@type":"PropertyValueSpecification","valueRequired":true,"valueName":"search_term_string"}}],"inLanguage":"bs-BA"},{"@type":["Person","Organization"],"@id":"https:\/\/dekorativnisvijet.com\/#\/schema\/person\/1defecf5e510b1dc3d648d2741c0252b","name":"Irhada Kurtalija","image":{"@type":"ImageObject","inLanguage":"bs-BA","@id":"https:\/\/dekorativnisvijet.com\/#\/schema\/person\/image\/","url":"https:\/\/dekorativnisvijet.com\/wp-content\/uploads\/2025\/12\/logo.jpg","contentUrl":"https:\/\/dekorativnisvijet.com\/wp-content\/uploads\/2025\/12\/logo.jpg","width":1024,"height":1024,"caption":"Irhada Kurtalija"},"logo":{"@id":"https:\/\/dekorativnisvijet.com\/#\/schema\/person\/image\/"},"sameAs":["https:\/\/www.facebook.com\/profile.php?id=100089319944185","https:\/\/www.instagram.com\/accounts\/edit\/?__coig_login=1"]}]}},"jetpack_sharing_enabled":true,"_links":{"self":[{"href":"https:\/\/dekorativnisvijet.com\/bs\/wp-json\/wp\/v2\/product\/426","targetHints":{"allow":["GET"]}}],"collection":[{"href":"https:\/\/dekorativnisvijet.com\/bs\/wp-json\/wp\/v2\/product"}],"about":[{"href":"https:\/\/dekorativnisvijet.com\/bs\/wp-json\/wp\/v2\/types\/product"}],"replies":[{"embeddable":true,"href":"https:\/\/dekorativnisvijet.com\/bs\/wp-json\/wp\/v2\/comments?post=426"}],"wp:featuredmedia":[{"embeddable":true,"href":"https:\/\/dekorativnisvijet.com\/bs\/wp-json\/wp\/v2\/media\/408"}],"wp:attachment":[{"href":"https:\/\/dekorativnisvijet.com\/bs\/wp-json\/wp\/v2\/media?parent=426"}],"wp:term":[{"taxonomy":"product_brand","embeddable":true,"href":"https:\/\/dekorativnisvijet.com\/bs\/wp-json\/wp\/v2\/product_brand?post=426"},{"taxonomy":"product_cat","embeddable":true,"href":"https:\/\/dekorativnisvijet.com\/bs\/wp-json\/wp\/v2\/product_cat?post=426"},{"taxonomy":"product_tag","embeddable":true,"href":"https:\/\/dekorativnisvijet.com\/bs\/wp-json\/wp\/v2\/product_tag?post=426"}],"curies":[{"name":"wp","href":"https:\/\/api.w.org\/{rel}","templated":true}]}}