{"id":423,"date":"2025-11-24T16:01:31","date_gmt":"2025-11-24T15:01:31","guid":{"rendered":"https:\/\/dekorativnisvijet.com\/?post_type=product&#038;p=423"},"modified":"2025-11-24T16:06:37","modified_gmt":"2025-11-24T15:06:37","slug":"muski-gift-set","status":"publish","type":"product","link":"https:\/\/dekorativnisvijet.com\/bs\/proizvod\/muski-gift-set\/","title":{"rendered":"Mu\u0161ki Gift Set"},"content":{"rendered":"<p><img loading=\"lazy\" decoding=\"async\" class=\"alignnone size-medium wp-image-404\" src=\"https:\/\/dekorativnisvijet.com\/wp-content\/uploads\/2025\/11\/7F0120C5-B0AE-477C-8EB7-660D45FDEB3A-1-400x400.jpeg\" alt=\"\" width=\"400\" height=\"400\" srcset=\"https:\/\/dekorativnisvijet.com\/wp-content\/uploads\/2025\/11\/7F0120C5-B0AE-477C-8EB7-660D45FDEB3A-1-400x400.jpeg 400w, https:\/\/dekorativnisvijet.com\/wp-content\/uploads\/2025\/11\/7F0120C5-B0AE-477C-8EB7-660D45FDEB3A-1-800x800.jpeg 800w, https:\/\/dekorativnisvijet.com\/wp-content\/uploads\/2025\/11\/7F0120C5-B0AE-477C-8EB7-660D45FDEB3A-1-280x280.jpeg 280w, https:\/\/dekorativnisvijet.com\/wp-content\/uploads\/2025\/11\/7F0120C5-B0AE-477C-8EB7-660D45FDEB3A-1-768x768.jpeg 768w, https:\/\/dekorativnisvijet.com\/wp-content\/uploads\/2025\/11\/7F0120C5-B0AE-477C-8EB7-660D45FDEB3A-1-12x12.jpeg 12w, https:\/\/dekorativnisvijet.com\/wp-content\/uploads\/2025\/11\/7F0120C5-B0AE-477C-8EB7-660D45FDEB3A-1-1320x1320.jpeg 1320w, https:\/\/dekorativnisvijet.com\/wp-content\/uploads\/2025\/11\/7F0120C5-B0AE-477C-8EB7-660D45FDEB3A-1-300x300.jpeg 300w, https:\/\/dekorativnisvijet.com\/wp-content\/uploads\/2025\/11\/7F0120C5-B0AE-477C-8EB7-660D45FDEB3A-1-600x600.jpeg 600w, https:\/\/dekorativnisvijet.com\/wp-content\/uploads\/2025\/11\/7F0120C5-B0AE-477C-8EB7-660D45FDEB3A-1-100x100.jpeg 100w, https:\/\/dekorativnisvijet.com\/wp-content\/uploads\/2025\/11\/7F0120C5-B0AE-477C-8EB7-660D45FDEB3A-1.jpeg 1502w\" sizes=\"auto, (max-width: 400px) 100vw, 400px\" \/>Tra\u017eite poklon koji je koristan, uredan i uvijek dobrodo\u0161ao?<br data-start=\"214\" data-end=\"217\" \/>Ovaj <strong data-start=\"222\" data-end=\"240\">Mu\u0161ki Gift Set<\/strong> sadr\u017ei sve neophodne proizvode za svakodnevnu njegu, plus mali slatki dodatak. Savr\u0161en je za ro\u0111endane, godi\u0161njice, Dan mu\u0161karaca ili kao znak pa\u017enje voljenoj osobi.<\/p>","protected":false},"excerpt":{"rendered":"<p>\u2714Personalizirana \u0161olja<br data-start=\"519\" data-end=\"522\" \/>\u2714 <strong data-start=\"524\" data-end=\"545\">Privjesak za auto<\/strong> \u2013 prakti\u010dan i dekorativan<br data-start=\"571\" data-end=\"574\" \/>\u2714 <strong data-start=\"576\" data-end=\"597\">Pjena za brijanje<\/strong> \u2013 za glatko i nje\u017eno brijanje<br data-start=\"627\" data-end=\"630\" \/>\u2714 <strong data-start=\"632\" data-end=\"642\">Rol-on<\/strong> \u2013 dugotrajna svje\u017eina<br data-start=\"664\" data-end=\"667\" \/>\u2714 <strong data-start=\"669\" data-end=\"689\">Gel za tu\u0161iranje<\/strong> \u2013 svakodnevna njega i osvje\u017eenje<br data-start=\"722\" data-end=\"725\" \/>\u2714 <strong data-start=\"727\" data-end=\"741\">Dezodorans<\/strong> \u2013 pouzdana za\u0161tita tokom cijelog dana<br data-start=\"779\" data-end=\"782\" \/>\u2714 <strong data-start=\"784\" data-end=\"812\">Kinder D\u00e9lice \u010dokoladice<\/strong> \u2013 slatko iznena\u0111enje koje zaokru\u017euje poklon<\/p>","protected":false},"featured_media":341,"comment_status":"open","ping_status":"closed","template":"","meta":[],"product_brand":[],"product_cat":[71],"product_tag":[],"class_list":{"0":"post-423","1":"product","2":"type-product","3":"status-publish","4":"has-post-thumbnail","6":"product_cat-poklon-box","8":"first","9":"instock","10":"shipping-taxable","11":"purchasable","12":"product-type-simple"},"yoast_head":"<!-- This site is optimized with the Yoast SEO plugin v26.5 - https:\/\/yoast.com\/wordpress\/plugins\/seo\/ -->\n<title>Mu\u0161ki Gift Set - Dekorativni svijet \u2013 Ru\u010dno ra\u0111eni i personalizirani pokloni<\/title>\n<meta name=\"robots\" content=\"index, follow, max-snippet:-1, max-image-preview:large, max-video-preview:-1\" \/>\n<link rel=\"canonical\" href=\"https:\/\/dekorativnisvijet.com\/bs\/proizvod\/muski-gift-set\/\" \/>\n<meta property=\"og:locale\" content=\"bs_BA\" \/>\n<meta property=\"og:type\" content=\"article\" \/>\n<meta property=\"og:title\" content=\"Mu\u0161ki Gift Set - Dekorativni svijet \u2013 Ru\u010dno ra\u0111eni i personalizirani pokloni\" \/>\n<meta property=\"og:description\" content=\"\u2714Personalizirana \u0161olja\u2714 Privjesak za auto \u2013 prakti\u010dan i dekorativan\u2714 Pjena za brijanje \u2013 za glatko i nje\u017eno brijanje\u2714 Rol-on \u2013 dugotrajna svje\u017eina\u2714 Gel za tu\u0161iranje \u2013 svakodnevna njega i osvje\u017eenje\u2714 Dezodorans \u2013 pouzdana za\u0161tita tokom cijelog dana\u2714 Kinder D\u00e9lice \u010dokoladice \u2013 slatko iznena\u0111enje koje zaokru\u017euje poklon\" \/>\n<meta property=\"og:url\" content=\"https:\/\/dekorativnisvijet.com\/bs\/proizvod\/muski-gift-set\/\" \/>\n<meta property=\"og:site_name\" content=\"Dekorativni svijet \u2013 Ru\u010dno ra\u0111eni i personalizirani pokloni\" \/>\n<meta property=\"article:publisher\" content=\"https:\/\/www.facebook.com\/profile.php?id=100089319944185\" \/>\n<meta property=\"article:modified_time\" content=\"2025-11-24T15:06:37+00:00\" \/>\n<meta property=\"og:image\" content=\"https:\/\/dekorativnisvijet.com\/wp-content\/uploads\/2025\/11\/7F0120C5-B0AE-477C-8EB7-660D45FDEB3A.jpeg\" \/>\n\t<meta property=\"og:image:width\" content=\"1502\" \/>\n\t<meta property=\"og:image:height\" content=\"1502\" \/>\n\t<meta property=\"og:image:type\" content=\"image\/jpeg\" \/>\n<meta name=\"twitter:card\" content=\"summary_large_image\" \/>\n<script type=\"application\/ld+json\" class=\"yoast-schema-graph\">{\"@context\":\"https:\/\/schema.org\",\"@graph\":[{\"@type\":\"WebPage\",\"@id\":\"https:\/\/dekorativnisvijet.com\/product\/muski-gift-set\/\",\"url\":\"https:\/\/dekorativnisvijet.com\/product\/muski-gift-set\/\",\"name\":\"Mu\u0161ki Gift Set - Dekorativni svijet \u2013 Ru\u010dno ra\u0111eni i personalizirani pokloni\",\"isPartOf\":{\"@id\":\"https:\/\/dekorativnisvijet.com\/#website\"},\"primaryImageOfPage\":{\"@id\":\"https:\/\/dekorativnisvijet.com\/product\/muski-gift-set\/#primaryimage\"},\"image\":{\"@id\":\"https:\/\/dekorativnisvijet.com\/product\/muski-gift-set\/#primaryimage\"},\"thumbnailUrl\":\"https:\/\/dekorativnisvijet.com\/wp-content\/uploads\/2025\/11\/7F0120C5-B0AE-477C-8EB7-660D45FDEB3A.jpeg\",\"datePublished\":\"2025-11-24T15:01:31+00:00\",\"dateModified\":\"2025-11-24T15:06:37+00:00\",\"breadcrumb\":{\"@id\":\"https:\/\/dekorativnisvijet.com\/product\/muski-gift-set\/#breadcrumb\"},\"inLanguage\":\"bs-BA\",\"potentialAction\":[{\"@type\":\"ReadAction\",\"target\":[\"https:\/\/dekorativnisvijet.com\/product\/muski-gift-set\/\"]}]},{\"@type\":\"ImageObject\",\"inLanguage\":\"bs-BA\",\"@id\":\"https:\/\/dekorativnisvijet.com\/product\/muski-gift-set\/#primaryimage\",\"url\":\"https:\/\/dekorativnisvijet.com\/wp-content\/uploads\/2025\/11\/7F0120C5-B0AE-477C-8EB7-660D45FDEB3A.jpeg\",\"contentUrl\":\"https:\/\/dekorativnisvijet.com\/wp-content\/uploads\/2025\/11\/7F0120C5-B0AE-477C-8EB7-660D45FDEB3A.jpeg\",\"width\":1502,\"height\":1502},{\"@type\":\"BreadcrumbList\",\"@id\":\"https:\/\/dekorativnisvijet.com\/product\/muski-gift-set\/#breadcrumb\",\"itemListElement\":[{\"@type\":\"ListItem\",\"position\":1,\"name\":\"Home\",\"item\":\"https:\/\/dekorativnisvijet.com\/\"},{\"@type\":\"ListItem\",\"position\":2,\"name\":\"Classic Shop\",\"item\":\"https:\/\/dekorativnisvijet.com\/bs\/demos\/shop-demos\/classic-shop\/\"},{\"@type\":\"ListItem\",\"position\":3,\"name\":\"Mu\u0161ki Gift Set\"}]},{\"@type\":\"WebSite\",\"@id\":\"https:\/\/dekorativnisvijet.com\/#website\",\"url\":\"https:\/\/dekorativnisvijet.com\/\",\"name\":\"dekorativnisvijet.com\",\"description\":\"Ru\u010dni rad i personalizovani pokloni\",\"publisher\":{\"@id\":\"https:\/\/dekorativnisvijet.com\/#\/schema\/person\/1defecf5e510b1dc3d648d2741c0252b\"},\"potentialAction\":[{\"@type\":\"SearchAction\",\"target\":{\"@type\":\"EntryPoint\",\"urlTemplate\":\"https:\/\/dekorativnisvijet.com\/?s={search_term_string}\"},\"query-input\":{\"@type\":\"PropertyValueSpecification\",\"valueRequired\":true,\"valueName\":\"search_term_string\"}}],\"inLanguage\":\"bs-BA\"},{\"@type\":[\"Person\",\"Organization\"],\"@id\":\"https:\/\/dekorativnisvijet.com\/#\/schema\/person\/1defecf5e510b1dc3d648d2741c0252b\",\"name\":\"Irhada Kurtalija\",\"image\":{\"@type\":\"ImageObject\",\"inLanguage\":\"bs-BA\",\"@id\":\"https:\/\/dekorativnisvijet.com\/#\/schema\/person\/image\/\",\"url\":\"https:\/\/dekorativnisvijet.com\/wp-content\/uploads\/2025\/12\/logo.jpg\",\"contentUrl\":\"https:\/\/dekorativnisvijet.com\/wp-content\/uploads\/2025\/12\/logo.jpg\",\"width\":1024,\"height\":1024,\"caption\":\"Irhada Kurtalija\"},\"logo\":{\"@id\":\"https:\/\/dekorativnisvijet.com\/#\/schema\/person\/image\/\"},\"sameAs\":[\"https:\/\/www.facebook.com\/profile.php?id=100089319944185\",\"https:\/\/www.instagram.com\/accounts\/edit\/?__coig_login=1\"]}]}<\/script>\n<!-- \/ Yoast SEO plugin. -->","yoast_head_json":{"title":"Mu\u0161ki Gift Set - Dekorativni svijet \u2013 Ru\u010dno ra\u0111eni i personalizirani pokloni","robots":{"index":"index","follow":"follow","max-snippet":"max-snippet:-1","max-image-preview":"max-image-preview:large","max-video-preview":"max-video-preview:-1"},"canonical":"https:\/\/dekorativnisvijet.com\/bs\/proizvod\/muski-gift-set\/","og_locale":"bs_BA","og_type":"article","og_title":"Mu\u0161ki Gift Set - Dekorativni svijet \u2013 Ru\u010dno ra\u0111eni i personalizirani pokloni","og_description":"\u2714Personalizirana \u0161olja\u2714 Privjesak za auto \u2013 prakti\u010dan i dekorativan\u2714 Pjena za brijanje \u2013 za glatko i nje\u017eno brijanje\u2714 Rol-on \u2013 dugotrajna svje\u017eina\u2714 Gel za tu\u0161iranje \u2013 svakodnevna njega i osvje\u017eenje\u2714 Dezodorans \u2013 pouzdana za\u0161tita tokom cijelog dana\u2714 Kinder D\u00e9lice \u010dokoladice \u2013 slatko iznena\u0111enje koje zaokru\u017euje poklon","og_url":"https:\/\/dekorativnisvijet.com\/bs\/proizvod\/muski-gift-set\/","og_site_name":"Dekorativni svijet \u2013 Ru\u010dno ra\u0111eni i personalizirani pokloni","article_publisher":"https:\/\/www.facebook.com\/profile.php?id=100089319944185","article_modified_time":"2025-11-24T15:06:37+00:00","og_image":[{"width":1502,"height":1502,"url":"https:\/\/dekorativnisvijet.com\/wp-content\/uploads\/2025\/11\/7F0120C5-B0AE-477C-8EB7-660D45FDEB3A.jpeg","type":"image\/jpeg"}],"twitter_card":"summary_large_image","schema":{"@context":"https:\/\/schema.org","@graph":[{"@type":"WebPage","@id":"https:\/\/dekorativnisvijet.com\/product\/muski-gift-set\/","url":"https:\/\/dekorativnisvijet.com\/product\/muski-gift-set\/","name":"Mu\u0161ki Gift Set - Dekorativni svijet \u2013 Ru\u010dno ra\u0111eni i personalizirani pokloni","isPartOf":{"@id":"https:\/\/dekorativnisvijet.com\/#website"},"primaryImageOfPage":{"@id":"https:\/\/dekorativnisvijet.com\/product\/muski-gift-set\/#primaryimage"},"image":{"@id":"https:\/\/dekorativnisvijet.com\/product\/muski-gift-set\/#primaryimage"},"thumbnailUrl":"https:\/\/dekorativnisvijet.com\/wp-content\/uploads\/2025\/11\/7F0120C5-B0AE-477C-8EB7-660D45FDEB3A.jpeg","datePublished":"2025-11-24T15:01:31+00:00","dateModified":"2025-11-24T15:06:37+00:00","breadcrumb":{"@id":"https:\/\/dekorativnisvijet.com\/product\/muski-gift-set\/#breadcrumb"},"inLanguage":"bs-BA","potentialAction":[{"@type":"ReadAction","target":["https:\/\/dekorativnisvijet.com\/product\/muski-gift-set\/"]}]},{"@type":"ImageObject","inLanguage":"bs-BA","@id":"https:\/\/dekorativnisvijet.com\/product\/muski-gift-set\/#primaryimage","url":"https:\/\/dekorativnisvijet.com\/wp-content\/uploads\/2025\/11\/7F0120C5-B0AE-477C-8EB7-660D45FDEB3A.jpeg","contentUrl":"https:\/\/dekorativnisvijet.com\/wp-content\/uploads\/2025\/11\/7F0120C5-B0AE-477C-8EB7-660D45FDEB3A.jpeg","width":1502,"height":1502},{"@type":"BreadcrumbList","@id":"https:\/\/dekorativnisvijet.com\/product\/muski-gift-set\/#breadcrumb","itemListElement":[{"@type":"ListItem","position":1,"name":"Home","item":"https:\/\/dekorativnisvijet.com\/"},{"@type":"ListItem","position":2,"name":"Classic Shop","item":"https:\/\/dekorativnisvijet.com\/bs\/demos\/shop-demos\/classic-shop\/"},{"@type":"ListItem","position":3,"name":"Mu\u0161ki Gift Set"}]},{"@type":"WebSite","@id":"https:\/\/dekorativnisvijet.com\/#website","url":"https:\/\/dekorativnisvijet.com\/","name":"dekorativnisvijet.com","description":"Ru\u010dni rad i personalizovani pokloni","publisher":{"@id":"https:\/\/dekorativnisvijet.com\/#\/schema\/person\/1defecf5e510b1dc3d648d2741c0252b"},"potentialAction":[{"@type":"SearchAction","target":{"@type":"EntryPoint","urlTemplate":"https:\/\/dekorativnisvijet.com\/?s={search_term_string}"},"query-input":{"@type":"PropertyValueSpecification","valueRequired":true,"valueName":"search_term_string"}}],"inLanguage":"bs-BA"},{"@type":["Person","Organization"],"@id":"https:\/\/dekorativnisvijet.com\/#\/schema\/person\/1defecf5e510b1dc3d648d2741c0252b","name":"Irhada Kurtalija","image":{"@type":"ImageObject","inLanguage":"bs-BA","@id":"https:\/\/dekorativnisvijet.com\/#\/schema\/person\/image\/","url":"https:\/\/dekorativnisvijet.com\/wp-content\/uploads\/2025\/12\/logo.jpg","contentUrl":"https:\/\/dekorativnisvijet.com\/wp-content\/uploads\/2025\/12\/logo.jpg","width":1024,"height":1024,"caption":"Irhada Kurtalija"},"logo":{"@id":"https:\/\/dekorativnisvijet.com\/#\/schema\/person\/image\/"},"sameAs":["https:\/\/www.facebook.com\/profile.php?id=100089319944185","https:\/\/www.instagram.com\/accounts\/edit\/?__coig_login=1"]}]}},"jetpack_sharing_enabled":true,"_links":{"self":[{"href":"https:\/\/dekorativnisvijet.com\/bs\/wp-json\/wp\/v2\/product\/423","targetHints":{"allow":["GET"]}}],"collection":[{"href":"https:\/\/dekorativnisvijet.com\/bs\/wp-json\/wp\/v2\/product"}],"about":[{"href":"https:\/\/dekorativnisvijet.com\/bs\/wp-json\/wp\/v2\/types\/product"}],"replies":[{"embeddable":true,"href":"https:\/\/dekorativnisvijet.com\/bs\/wp-json\/wp\/v2\/comments?post=423"}],"wp:featuredmedia":[{"embeddable":true,"href":"https:\/\/dekorativnisvijet.com\/bs\/wp-json\/wp\/v2\/media\/341"}],"wp:attachment":[{"href":"https:\/\/dekorativnisvijet.com\/bs\/wp-json\/wp\/v2\/media?parent=423"}],"wp:term":[{"taxonomy":"product_brand","embeddable":true,"href":"https:\/\/dekorativnisvijet.com\/bs\/wp-json\/wp\/v2\/product_brand?post=423"},{"taxonomy":"product_cat","embeddable":true,"href":"https:\/\/dekorativnisvijet.com\/bs\/wp-json\/wp\/v2\/product_cat?post=423"},{"taxonomy":"product_tag","embeddable":true,"href":"https:\/\/dekorativnisvijet.com\/bs\/wp-json\/wp\/v2\/product_tag?post=423"}],"curies":[{"name":"wp","href":"https:\/\/api.w.org\/{rel}","templated":true}]}}