{"id":354,"date":"2025-11-24T15:53:29","date_gmt":"2025-11-24T14:53:29","guid":{"rendered":"https:\/\/dekorativnisvijet.com\/?post_type=product&#038;p=354"},"modified":"2025-11-24T16:07:30","modified_gmt":"2025-11-24T15:07:30","slug":"luxury-gift-box","status":"publish","type":"product","link":"https:\/\/dekorativnisvijet.com\/bs\/proizvod\/luxury-gift-box\/","title":{"rendered":"Luxury Gift Box"},"content":{"rendered":"<p><img loading=\"lazy\" decoding=\"async\" class=\"alignnone size-medium wp-image-409\" src=\"https:\/\/dekorativnisvijet.com\/wp-content\/uploads\/2025\/11\/FFA60F0D-DD2B-430B-B9F2-0FD62B65BE42-300x400.jpeg\" alt=\"\" width=\"300\" height=\"400\" srcset=\"https:\/\/dekorativnisvijet.com\/wp-content\/uploads\/2025\/11\/FFA60F0D-DD2B-430B-B9F2-0FD62B65BE42-300x400.jpeg 300w, https:\/\/dekorativnisvijet.com\/wp-content\/uploads\/2025\/11\/FFA60F0D-DD2B-430B-B9F2-0FD62B65BE42-601x800.jpeg 601w, https:\/\/dekorativnisvijet.com\/wp-content\/uploads\/2025\/11\/FFA60F0D-DD2B-430B-B9F2-0FD62B65BE42-768x1023.jpeg 768w, https:\/\/dekorativnisvijet.com\/wp-content\/uploads\/2025\/11\/FFA60F0D-DD2B-430B-B9F2-0FD62B65BE42-1153x1536.jpeg 1153w, https:\/\/dekorativnisvijet.com\/wp-content\/uploads\/2025\/11\/FFA60F0D-DD2B-430B-B9F2-0FD62B65BE42-1537x2048.jpeg 1537w, https:\/\/dekorativnisvijet.com\/wp-content\/uploads\/2025\/11\/FFA60F0D-DD2B-430B-B9F2-0FD62B65BE42-9x12.jpeg 9w, https:\/\/dekorativnisvijet.com\/wp-content\/uploads\/2025\/11\/FFA60F0D-DD2B-430B-B9F2-0FD62B65BE42-1320x1758.jpeg 1320w, https:\/\/dekorativnisvijet.com\/wp-content\/uploads\/2025\/11\/FFA60F0D-DD2B-430B-B9F2-0FD62B65BE42-600x799.jpeg 600w, https:\/\/dekorativnisvijet.com\/wp-content\/uploads\/2025\/11\/FFA60F0D-DD2B-430B-B9F2-0FD62B65BE42-scaled.jpeg 1922w\" sizes=\"auto, (max-width: 300px) 100vw, 300px\" \/><\/p>\n<h3 data-start=\"112\" data-end=\"173\">\ud83c\udf81 <strong data-start=\"119\" data-end=\"173\">Luxury Gift Box \u2013 Set za Potpunu Njegu &amp; Opu\u0161tanje<\/strong><\/h3>\n<p data-start=\"175\" data-end=\"440\">Poklonite savr\u0161enu dozu njege i pa\u017enje uz na\u0161 <strong data-start=\"221\" data-end=\"240\">Luxury Gift Box<\/strong>, idealan za ro\u0111endane, godi\u0161njice, zahvalnice ili jednostavno kao mali znak pa\u017enje dragoj osobi.<br data-start=\"337\" data-end=\"340\" \/>Elegantno aran\u017eiran, prakti\u010dan i prepun proizvoda koji pru\u017eaju trenutke opu\u0161tanja i potpunog u\u017eitka.<\/p>\n<p data-start=\"442\" data-end=\"556\">Ovaj set je dizajniran da kombinuje korisno, slatko i luksuzno \u2014 idealan izbor za sve koji vole self-care rituale.<\/p>","protected":false},"excerpt":{"rendered":"<p data-start=\"442\" data-end=\"556\">.<\/p>\n<hr data-start=\"558\" data-end=\"561\" \/>\n<h3 data-start=\"563\" data-end=\"595\">\ud83c\udf80 <strong data-start=\"570\" data-end=\"593\">SADR\u017dAJ GIFT BOX-a:<\/strong><\/h3>\n<p data-start=\"596\" data-end=\"1159\">\u2714 <strong data-start=\"598\" data-end=\"614\">Pli\u0161ani medo<\/strong> \u2013 nje\u017ean i sladak detalj koji upotpunjuje poklon<br data-start=\"663\" data-end=\"666\" \/>\u2714 <strong data-start=\"668\" data-end=\"678\">Lan\u010di\u0107<\/strong> \u2013od nehr\u0111aju\u0107eg \u010delika elegantan dodatak za poseban osje\u0107aj pa\u017enje<br data-start=\"724\" data-end=\"727\" \/>\u2714 <strong data-start=\"729\" data-end=\"749\">Gel za tu\u0161iranje<\/strong> \u2013 osvje\u017eava i hidrira ko\u017eu<br data-start=\"776\" data-end=\"779\" \/>\u2714 <strong data-start=\"781\" data-end=\"798\">Krema za ruke<\/strong> \u2013 nje\u017ena, mirisna i brzo se upija<br data-start=\"832\" data-end=\"835\" \/>\u2714 <strong data-start=\"837\" data-end=\"855\">\u0160ampon za kosu<\/strong> \u2013 za \u010distu, mekanu i svje\u017eu kosu<br data-start=\"888\" data-end=\"891\" \/>\u2714 <strong data-start=\"893\" data-end=\"913\" data-is-only-node=\"\">Jastu\u010di\u0107i za o\u010di<\/strong> \u2013 za opu\u0161tanje i smanjenje umora<br data-start=\"946\" data-end=\"949\" \/>\u2714 <strong data-start=\"951\" data-end=\"968\">Maska za lice<\/strong> \u2013 dubinska njega i hidratacija<br data-start=\"999\" data-end=\"1002\" \/>\u2714 <strong data-start=\"1004\" data-end=\"1023\">Vla\u017ene maramice<\/strong> \u2013 prakti\u010dne za svaku torbu<br data-start=\"1050\" data-end=\"1053\" \/>\u2714 <strong data-start=\"1055\" data-end=\"1078\">Regenerator za kosu<\/strong> \u2013 dodatna meko\u0107a i sjaj<br data-start=\"1102\" data-end=\"1105\" \/>\u2714 <strong data-start=\"1107\" data-end=\"1134\">Jo\u0161 jedna maska za lice<\/strong> \u2013 dodatno razmazi ko\u017eu<\/p>\n<p data-start=\"1161\" data-end=\"1256\">Sve je lijepo slo\u017eeno u dekorativnu gift kutiju, spremnu za poklanjanje bez dodatnog pakovanja.<\/p>","protected":false},"featured_media":409,"comment_status":"open","ping_status":"closed","template":"","meta":[],"product_brand":[],"product_cat":[71],"product_tag":[],"class_list":{"0":"post-354","1":"product","2":"type-product","3":"status-publish","4":"has-post-thumbnail","6":"product_cat-poklon-box","8":"first","9":"instock","10":"shipping-taxable","11":"purchasable","12":"product-type-simple"},"yoast_head":"<!-- This site is optimized with the Yoast SEO plugin v26.5 - https:\/\/yoast.com\/wordpress\/plugins\/seo\/ -->\n<title>Luxury Gift Box - Dekorativni svijet \u2013 Ru\u010dno ra\u0111eni i personalizirani pokloni<\/title>\n<meta name=\"robots\" content=\"index, follow, max-snippet:-1, max-image-preview:large, max-video-preview:-1\" \/>\n<link rel=\"canonical\" href=\"https:\/\/dekorativnisvijet.com\/bs\/proizvod\/luxury-gift-box\/\" \/>\n<meta property=\"og:locale\" content=\"bs_BA\" \/>\n<meta property=\"og:type\" content=\"article\" \/>\n<meta property=\"og:title\" content=\"Luxury Gift Box - Dekorativni svijet \u2013 Ru\u010dno ra\u0111eni i personalizirani pokloni\" \/>\n<meta property=\"og:description\" content=\".     \ud83c\udf80 SADR\u017dAJ GIFT BOX-a: \u2714 Pli\u0161ani medo \u2013 nje\u017ean i sladak detalj koji upotpunjuje poklon\u2714 Lan\u010di\u0107 \u2013od nehr\u0111aju\u0107eg \u010delika elegantan dodatak za poseban osje\u0107aj pa\u017enje\u2714 Gel za tu\u0161iranje \u2013 osvje\u017eava i hidrira ko\u017eu\u2714 Krema za ruke \u2013 nje\u017ena, mirisna i brzo se upija\u2714 \u0160ampon za kosu \u2013 za \u010distu, mekanu i svje\u017eu kosu\u2714 Jastu\u010di\u0107i za o\u010di \u2013 za opu\u0161tanje i smanjenje umora\u2714 Maska za lice \u2013 dubinska njega i hidratacija\u2714 Vla\u017ene maramice \u2013 prakti\u010dne za svaku torbu\u2714 Regenerator za kosu \u2013 dodatna meko\u0107a i sjaj\u2714 Jo\u0161 jedna maska za lice \u2013 dodatno razmazi ko\u017eu Sve je lijepo slo\u017eeno u dekorativnu gift kutiju, spremnu za poklanjanje bez dodatnog pakovanja.\" \/>\n<meta property=\"og:url\" content=\"https:\/\/dekorativnisvijet.com\/bs\/proizvod\/luxury-gift-box\/\" \/>\n<meta property=\"og:site_name\" content=\"Dekorativni svijet \u2013 Ru\u010dno ra\u0111eni i personalizirani pokloni\" \/>\n<meta property=\"article:publisher\" content=\"https:\/\/www.facebook.com\/profile.php?id=100089319944185\" \/>\n<meta property=\"article:modified_time\" content=\"2025-11-24T15:07:30+00:00\" \/>\n<meta property=\"og:image\" content=\"https:\/\/dekorativnisvijet.com\/wp-content\/uploads\/2025\/11\/FFA60F0D-DD2B-430B-B9F2-0FD62B65BE42-scaled.jpeg\" \/>\n\t<meta property=\"og:image:width\" content=\"1922\" \/>\n\t<meta property=\"og:image:height\" content=\"2560\" \/>\n\t<meta property=\"og:image:type\" content=\"image\/jpeg\" \/>\n<meta name=\"twitter:card\" content=\"summary_large_image\" \/>\n<script type=\"application\/ld+json\" class=\"yoast-schema-graph\">{\"@context\":\"https:\/\/schema.org\",\"@graph\":[{\"@type\":\"WebPage\",\"@id\":\"https:\/\/dekorativnisvijet.com\/product\/luxury-gift-box\/\",\"url\":\"https:\/\/dekorativnisvijet.com\/product\/luxury-gift-box\/\",\"name\":\"Luxury Gift Box - Dekorativni svijet \u2013 Ru\u010dno ra\u0111eni i personalizirani pokloni\",\"isPartOf\":{\"@id\":\"https:\/\/dekorativnisvijet.com\/#website\"},\"primaryImageOfPage\":{\"@id\":\"https:\/\/dekorativnisvijet.com\/product\/luxury-gift-box\/#primaryimage\"},\"image\":{\"@id\":\"https:\/\/dekorativnisvijet.com\/product\/luxury-gift-box\/#primaryimage\"},\"thumbnailUrl\":\"https:\/\/dekorativnisvijet.com\/wp-content\/uploads\/2025\/11\/FFA60F0D-DD2B-430B-B9F2-0FD62B65BE42-scaled.jpeg\",\"datePublished\":\"2025-11-24T14:53:29+00:00\",\"dateModified\":\"2025-11-24T15:07:30+00:00\",\"breadcrumb\":{\"@id\":\"https:\/\/dekorativnisvijet.com\/product\/luxury-gift-box\/#breadcrumb\"},\"inLanguage\":\"bs-BA\",\"potentialAction\":[{\"@type\":\"ReadAction\",\"target\":[\"https:\/\/dekorativnisvijet.com\/product\/luxury-gift-box\/\"]}]},{\"@type\":\"ImageObject\",\"inLanguage\":\"bs-BA\",\"@id\":\"https:\/\/dekorativnisvijet.com\/product\/luxury-gift-box\/#primaryimage\",\"url\":\"https:\/\/dekorativnisvijet.com\/wp-content\/uploads\/2025\/11\/FFA60F0D-DD2B-430B-B9F2-0FD62B65BE42-scaled.jpeg\",\"contentUrl\":\"https:\/\/dekorativnisvijet.com\/wp-content\/uploads\/2025\/11\/FFA60F0D-DD2B-430B-B9F2-0FD62B65BE42-scaled.jpeg\",\"width\":1922,\"height\":2560},{\"@type\":\"BreadcrumbList\",\"@id\":\"https:\/\/dekorativnisvijet.com\/product\/luxury-gift-box\/#breadcrumb\",\"itemListElement\":[{\"@type\":\"ListItem\",\"position\":1,\"name\":\"Home\",\"item\":\"https:\/\/dekorativnisvijet.com\/\"},{\"@type\":\"ListItem\",\"position\":2,\"name\":\"Classic Shop\",\"item\":\"https:\/\/dekorativnisvijet.com\/bs\/demos\/shop-demos\/classic-shop\/\"},{\"@type\":\"ListItem\",\"position\":3,\"name\":\"Luxury Gift Box\"}]},{\"@type\":\"WebSite\",\"@id\":\"https:\/\/dekorativnisvijet.com\/#website\",\"url\":\"https:\/\/dekorativnisvijet.com\/\",\"name\":\"dekorativnisvijet.com\",\"description\":\"Ru\u010dni rad i personalizovani pokloni\",\"publisher\":{\"@id\":\"https:\/\/dekorativnisvijet.com\/#\/schema\/person\/1defecf5e510b1dc3d648d2741c0252b\"},\"potentialAction\":[{\"@type\":\"SearchAction\",\"target\":{\"@type\":\"EntryPoint\",\"urlTemplate\":\"https:\/\/dekorativnisvijet.com\/?s={search_term_string}\"},\"query-input\":{\"@type\":\"PropertyValueSpecification\",\"valueRequired\":true,\"valueName\":\"search_term_string\"}}],\"inLanguage\":\"bs-BA\"},{\"@type\":[\"Person\",\"Organization\"],\"@id\":\"https:\/\/dekorativnisvijet.com\/#\/schema\/person\/1defecf5e510b1dc3d648d2741c0252b\",\"name\":\"Irhada Kurtalija\",\"image\":{\"@type\":\"ImageObject\",\"inLanguage\":\"bs-BA\",\"@id\":\"https:\/\/dekorativnisvijet.com\/#\/schema\/person\/image\/\",\"url\":\"https:\/\/dekorativnisvijet.com\/wp-content\/uploads\/2025\/12\/logo.jpg\",\"contentUrl\":\"https:\/\/dekorativnisvijet.com\/wp-content\/uploads\/2025\/12\/logo.jpg\",\"width\":1024,\"height\":1024,\"caption\":\"Irhada Kurtalija\"},\"logo\":{\"@id\":\"https:\/\/dekorativnisvijet.com\/#\/schema\/person\/image\/\"},\"sameAs\":[\"https:\/\/www.facebook.com\/profile.php?id=100089319944185\",\"https:\/\/www.instagram.com\/accounts\/edit\/?__coig_login=1\"]}]}<\/script>\n<!-- \/ Yoast SEO plugin. -->","yoast_head_json":{"title":"Luxury Gift Box - Dekorativni svijet \u2013 Ru\u010dno ra\u0111eni i personalizirani pokloni","robots":{"index":"index","follow":"follow","max-snippet":"max-snippet:-1","max-image-preview":"max-image-preview:large","max-video-preview":"max-video-preview:-1"},"canonical":"https:\/\/dekorativnisvijet.com\/bs\/proizvod\/luxury-gift-box\/","og_locale":"bs_BA","og_type":"article","og_title":"Luxury Gift Box - Dekorativni svijet \u2013 Ru\u010dno ra\u0111eni i personalizirani pokloni","og_description":".     \ud83c\udf80 SADR\u017dAJ GIFT BOX-a: \u2714 Pli\u0161ani medo \u2013 nje\u017ean i sladak detalj koji upotpunjuje poklon\u2714 Lan\u010di\u0107 \u2013od nehr\u0111aju\u0107eg \u010delika elegantan dodatak za poseban osje\u0107aj pa\u017enje\u2714 Gel za tu\u0161iranje \u2013 osvje\u017eava i hidrira ko\u017eu\u2714 Krema za ruke \u2013 nje\u017ena, mirisna i brzo se upija\u2714 \u0160ampon za kosu \u2013 za \u010distu, mekanu i svje\u017eu kosu\u2714 Jastu\u010di\u0107i za o\u010di \u2013 za opu\u0161tanje i smanjenje umora\u2714 Maska za lice \u2013 dubinska njega i hidratacija\u2714 Vla\u017ene maramice \u2013 prakti\u010dne za svaku torbu\u2714 Regenerator za kosu \u2013 dodatna meko\u0107a i sjaj\u2714 Jo\u0161 jedna maska za lice \u2013 dodatno razmazi ko\u017eu Sve je lijepo slo\u017eeno u dekorativnu gift kutiju, spremnu za poklanjanje bez dodatnog pakovanja.","og_url":"https:\/\/dekorativnisvijet.com\/bs\/proizvod\/luxury-gift-box\/","og_site_name":"Dekorativni svijet \u2013 Ru\u010dno ra\u0111eni i personalizirani pokloni","article_publisher":"https:\/\/www.facebook.com\/profile.php?id=100089319944185","article_modified_time":"2025-11-24T15:07:30+00:00","og_image":[{"width":1922,"height":2560,"url":"https:\/\/dekorativnisvijet.com\/wp-content\/uploads\/2025\/11\/FFA60F0D-DD2B-430B-B9F2-0FD62B65BE42-scaled.jpeg","type":"image\/jpeg"}],"twitter_card":"summary_large_image","schema":{"@context":"https:\/\/schema.org","@graph":[{"@type":"WebPage","@id":"https:\/\/dekorativnisvijet.com\/product\/luxury-gift-box\/","url":"https:\/\/dekorativnisvijet.com\/product\/luxury-gift-box\/","name":"Luxury Gift Box - Dekorativni svijet \u2013 Ru\u010dno ra\u0111eni i personalizirani pokloni","isPartOf":{"@id":"https:\/\/dekorativnisvijet.com\/#website"},"primaryImageOfPage":{"@id":"https:\/\/dekorativnisvijet.com\/product\/luxury-gift-box\/#primaryimage"},"image":{"@id":"https:\/\/dekorativnisvijet.com\/product\/luxury-gift-box\/#primaryimage"},"thumbnailUrl":"https:\/\/dekorativnisvijet.com\/wp-content\/uploads\/2025\/11\/FFA60F0D-DD2B-430B-B9F2-0FD62B65BE42-scaled.jpeg","datePublished":"2025-11-24T14:53:29+00:00","dateModified":"2025-11-24T15:07:30+00:00","breadcrumb":{"@id":"https:\/\/dekorativnisvijet.com\/product\/luxury-gift-box\/#breadcrumb"},"inLanguage":"bs-BA","potentialAction":[{"@type":"ReadAction","target":["https:\/\/dekorativnisvijet.com\/product\/luxury-gift-box\/"]}]},{"@type":"ImageObject","inLanguage":"bs-BA","@id":"https:\/\/dekorativnisvijet.com\/product\/luxury-gift-box\/#primaryimage","url":"https:\/\/dekorativnisvijet.com\/wp-content\/uploads\/2025\/11\/FFA60F0D-DD2B-430B-B9F2-0FD62B65BE42-scaled.jpeg","contentUrl":"https:\/\/dekorativnisvijet.com\/wp-content\/uploads\/2025\/11\/FFA60F0D-DD2B-430B-B9F2-0FD62B65BE42-scaled.jpeg","width":1922,"height":2560},{"@type":"BreadcrumbList","@id":"https:\/\/dekorativnisvijet.com\/product\/luxury-gift-box\/#breadcrumb","itemListElement":[{"@type":"ListItem","position":1,"name":"Home","item":"https:\/\/dekorativnisvijet.com\/"},{"@type":"ListItem","position":2,"name":"Classic Shop","item":"https:\/\/dekorativnisvijet.com\/bs\/demos\/shop-demos\/classic-shop\/"},{"@type":"ListItem","position":3,"name":"Luxury Gift Box"}]},{"@type":"WebSite","@id":"https:\/\/dekorativnisvijet.com\/#website","url":"https:\/\/dekorativnisvijet.com\/","name":"dekorativnisvijet.com","description":"Ru\u010dni rad i personalizovani pokloni","publisher":{"@id":"https:\/\/dekorativnisvijet.com\/#\/schema\/person\/1defecf5e510b1dc3d648d2741c0252b"},"potentialAction":[{"@type":"SearchAction","target":{"@type":"EntryPoint","urlTemplate":"https:\/\/dekorativnisvijet.com\/?s={search_term_string}"},"query-input":{"@type":"PropertyValueSpecification","valueRequired":true,"valueName":"search_term_string"}}],"inLanguage":"bs-BA"},{"@type":["Person","Organization"],"@id":"https:\/\/dekorativnisvijet.com\/#\/schema\/person\/1defecf5e510b1dc3d648d2741c0252b","name":"Irhada Kurtalija","image":{"@type":"ImageObject","inLanguage":"bs-BA","@id":"https:\/\/dekorativnisvijet.com\/#\/schema\/person\/image\/","url":"https:\/\/dekorativnisvijet.com\/wp-content\/uploads\/2025\/12\/logo.jpg","contentUrl":"https:\/\/dekorativnisvijet.com\/wp-content\/uploads\/2025\/12\/logo.jpg","width":1024,"height":1024,"caption":"Irhada Kurtalija"},"logo":{"@id":"https:\/\/dekorativnisvijet.com\/#\/schema\/person\/image\/"},"sameAs":["https:\/\/www.facebook.com\/profile.php?id=100089319944185","https:\/\/www.instagram.com\/accounts\/edit\/?__coig_login=1"]}]}},"jetpack_sharing_enabled":true,"_links":{"self":[{"href":"https:\/\/dekorativnisvijet.com\/bs\/wp-json\/wp\/v2\/product\/354","targetHints":{"allow":["GET"]}}],"collection":[{"href":"https:\/\/dekorativnisvijet.com\/bs\/wp-json\/wp\/v2\/product"}],"about":[{"href":"https:\/\/dekorativnisvijet.com\/bs\/wp-json\/wp\/v2\/types\/product"}],"replies":[{"embeddable":true,"href":"https:\/\/dekorativnisvijet.com\/bs\/wp-json\/wp\/v2\/comments?post=354"}],"wp:featuredmedia":[{"embeddable":true,"href":"https:\/\/dekorativnisvijet.com\/bs\/wp-json\/wp\/v2\/media\/409"}],"wp:attachment":[{"href":"https:\/\/dekorativnisvijet.com\/bs\/wp-json\/wp\/v2\/media?parent=354"}],"wp:term":[{"taxonomy":"product_brand","embeddable":true,"href":"https:\/\/dekorativnisvijet.com\/bs\/wp-json\/wp\/v2\/product_brand?post=354"},{"taxonomy":"product_cat","embeddable":true,"href":"https:\/\/dekorativnisvijet.com\/bs\/wp-json\/wp\/v2\/product_cat?post=354"},{"taxonomy":"product_tag","embeddable":true,"href":"https:\/\/dekorativnisvijet.com\/bs\/wp-json\/wp\/v2\/product_tag?post=354"}],"curies":[{"name":"wp","href":"https:\/\/api.w.org\/{rel}","templated":true}]}}