{"id":350,"date":"2025-11-24T15:27:42","date_gmt":"2025-11-24T14:27:42","guid":{"rendered":"https:\/\/dekorativnisvijet.com\/?post_type=product&#038;p=350"},"modified":"2025-11-24T15:27:42","modified_gmt":"2025-11-24T14:27:42","slug":"savrseno-slatko-iznenadenje","status":"publish","type":"product","link":"https:\/\/dekorativnisvijet.com\/bs\/proizvod\/savrseno-slatko-iznenadenje\/","title":{"rendered":"Savr\u0161eno Slatko Iznena\u0111enje"},"content":{"rendered":"<p><img loading=\"lazy\" decoding=\"async\" class=\"alignnone size-medium wp-image-348\" src=\"https:\/\/dekorativnisvijet.com\/wp-content\/uploads\/2025\/11\/IMG_1946-300x400.jpeg\" alt=\"\" width=\"300\" height=\"400\" srcset=\"https:\/\/dekorativnisvijet.com\/wp-content\/uploads\/2025\/11\/IMG_1946-300x400.jpeg 300w, https:\/\/dekorativnisvijet.com\/wp-content\/uploads\/2025\/11\/IMG_1946-600x800.jpeg 600w, https:\/\/dekorativnisvijet.com\/wp-content\/uploads\/2025\/11\/IMG_1946-768x1024.jpeg 768w, https:\/\/dekorativnisvijet.com\/wp-content\/uploads\/2025\/11\/IMG_1946-1152x1536.jpeg 1152w, https:\/\/dekorativnisvijet.com\/wp-content\/uploads\/2025\/11\/IMG_1946-1536x2048.jpeg 1536w, https:\/\/dekorativnisvijet.com\/wp-content\/uploads\/2025\/11\/IMG_1946-9x12.jpeg 9w, https:\/\/dekorativnisvijet.com\/wp-content\/uploads\/2025\/11\/IMG_1946-1320x1760.jpeg 1320w, https:\/\/dekorativnisvijet.com\/wp-content\/uploads\/2025\/11\/IMG_1946-scaled.jpeg 1920w\" sizes=\"auto, (max-width: 300px) 100vw, 300px\" \/><\/p>\n<p data-start=\"212\" data-end=\"443\">Razveselite dragu osobu savr\u0161eno aran\u017eiranom <strong data-start=\"257\" data-end=\"293\">poklon kutijom prepunom slatki\u0161a<\/strong>!<br data-start=\"294\" data-end=\"297\" \/>Bilo da slavite ro\u0111endan, godi\u0161njicu, \u017eelite se zahvaliti nekome ili samo nekome izmamiti osmijeh \u2013 ova kutija je idealan, ukusan i efektan izbor.<\/p>\n<p data-start=\"445\" data-end=\"615\">Elegantna poklon kutija krije razne slatki\u0161e, birane tako da svako prona\u0111e ne\u0161to po svom ukusu. Predivno slo\u017eena, dekorativna i spremna za darivanje odmah po preuzimanju.<\/p>","protected":false},"excerpt":{"rendered":"<h3 data-start=\"622\" data-end=\"667\">\ud83c\udf81 <strong data-start=\"629\" data-end=\"665\">MOGU\u0106I SADR\u017dAJ (po \u017eelji kupca):<\/strong><\/h3>\n<p data-start=\"668\" data-end=\"848\">\u2714 \u010cokolade (razli\u010dite vrste)<br data-start=\"696\" data-end=\"699\" \/>\u2714 Bombonijere<br data-start=\"712\" data-end=\"715\" \/>\u2714 Napolitanke<br data-start=\"728\" data-end=\"731\" \/>\u2714 Kinder proizvodi<br data-start=\"749\" data-end=\"752\" \/>\u2714 Keksi\u0107i i mini pakovanja<br data-start=\"778\" data-end=\"781\" \/>\u2714 \u010cokoladne plo\u010dice<br data-start=\"800\" data-end=\"803\" \/>\u2714 \u017dele bombone<br data-start=\"817\" data-end=\"820\" \/>\u2714 Dekoracija i ukrasni papir<\/p>","protected":false},"featured_media":348,"comment_status":"open","ping_status":"closed","template":"","meta":[],"product_brand":[],"product_cat":[15],"product_tag":[],"class_list":{"0":"post-350","1":"product","2":"type-product","3":"status-publish","4":"has-post-thumbnail","6":"product_cat-uncategorized","8":"first","9":"instock","10":"shipping-taxable","11":"purchasable","12":"product-type-simple"},"yoast_head":"<!-- This site is optimized with the Yoast SEO plugin v26.5 - https:\/\/yoast.com\/wordpress\/plugins\/seo\/ -->\n<title>Savr\u0161eno Slatko Iznena\u0111enje - Dekorativni svijet \u2013 Ru\u010dno ra\u0111eni i personalizirani pokloni<\/title>\n<meta name=\"robots\" content=\"index, follow, max-snippet:-1, max-image-preview:large, max-video-preview:-1\" \/>\n<link rel=\"canonical\" href=\"https:\/\/dekorativnisvijet.com\/bs\/proizvod\/savrseno-slatko-iznenadenje\/\" \/>\n<meta property=\"og:locale\" content=\"bs_BA\" \/>\n<meta property=\"og:type\" content=\"article\" \/>\n<meta property=\"og:title\" content=\"Savr\u0161eno Slatko Iznena\u0111enje - Dekorativni svijet \u2013 Ru\u010dno ra\u0111eni i personalizirani pokloni\" \/>\n<meta property=\"og:description\" content=\"\ud83c\udf81 MOGU\u0106I SADR\u017dAJ (po \u017eelji kupca): \u2714 \u010cokolade (razli\u010dite vrste)\u2714 Bombonijere\u2714 Napolitanke\u2714 Kinder proizvodi\u2714 Keksi\u0107i i mini pakovanja\u2714 \u010cokoladne plo\u010dice\u2714 \u017dele bombone\u2714 Dekoracija i ukrasni papir\" \/>\n<meta property=\"og:url\" content=\"https:\/\/dekorativnisvijet.com\/bs\/proizvod\/savrseno-slatko-iznenadenje\/\" \/>\n<meta property=\"og:site_name\" content=\"Dekorativni svijet \u2013 Ru\u010dno ra\u0111eni i personalizirani pokloni\" \/>\n<meta property=\"article:publisher\" content=\"https:\/\/www.facebook.com\/profile.php?id=100089319944185\" \/>\n<meta property=\"og:image\" content=\"https:\/\/dekorativnisvijet.com\/wp-content\/uploads\/2025\/11\/IMG_1946-scaled.jpeg\" \/>\n\t<meta property=\"og:image:width\" content=\"1920\" \/>\n\t<meta property=\"og:image:height\" content=\"2560\" \/>\n\t<meta property=\"og:image:type\" content=\"image\/jpeg\" \/>\n<meta name=\"twitter:card\" content=\"summary_large_image\" \/>\n<script type=\"application\/ld+json\" class=\"yoast-schema-graph\">{\"@context\":\"https:\/\/schema.org\",\"@graph\":[{\"@type\":\"WebPage\",\"@id\":\"https:\/\/dekorativnisvijet.com\/bs\/proizvod\/savrseno-slatko-iznenadenje\/\",\"url\":\"https:\/\/dekorativnisvijet.com\/bs\/proizvod\/savrseno-slatko-iznenadenje\/\",\"name\":\"Savr\u0161eno Slatko Iznena\u0111enje - Dekorativni svijet \u2013 Ru\u010dno ra\u0111eni i personalizirani pokloni\",\"isPartOf\":{\"@id\":\"https:\/\/dekorativnisvijet.com\/#website\"},\"primaryImageOfPage\":{\"@id\":\"https:\/\/dekorativnisvijet.com\/bs\/proizvod\/savrseno-slatko-iznenadenje\/#primaryimage\"},\"image\":{\"@id\":\"https:\/\/dekorativnisvijet.com\/bs\/proizvod\/savrseno-slatko-iznenadenje\/#primaryimage\"},\"thumbnailUrl\":\"https:\/\/dekorativnisvijet.com\/wp-content\/uploads\/2025\/11\/IMG_1946-scaled.jpeg\",\"datePublished\":\"2025-11-24T14:27:42+00:00\",\"breadcrumb\":{\"@id\":\"https:\/\/dekorativnisvijet.com\/bs\/proizvod\/savrseno-slatko-iznenadenje\/#breadcrumb\"},\"inLanguage\":\"bs-BA\",\"potentialAction\":[{\"@type\":\"ReadAction\",\"target\":[\"https:\/\/dekorativnisvijet.com\/bs\/proizvod\/savrseno-slatko-iznenadenje\/\"]}]},{\"@type\":\"ImageObject\",\"inLanguage\":\"bs-BA\",\"@id\":\"https:\/\/dekorativnisvijet.com\/bs\/proizvod\/savrseno-slatko-iznenadenje\/#primaryimage\",\"url\":\"https:\/\/dekorativnisvijet.com\/wp-content\/uploads\/2025\/11\/IMG_1946-scaled.jpeg\",\"contentUrl\":\"https:\/\/dekorativnisvijet.com\/wp-content\/uploads\/2025\/11\/IMG_1946-scaled.jpeg\",\"width\":1920,\"height\":2560},{\"@type\":\"BreadcrumbList\",\"@id\":\"https:\/\/dekorativnisvijet.com\/bs\/proizvod\/savrseno-slatko-iznenadenje\/#breadcrumb\",\"itemListElement\":[{\"@type\":\"ListItem\",\"position\":1,\"name\":\"Home\",\"item\":\"https:\/\/dekorativnisvijet.com\/\"},{\"@type\":\"ListItem\",\"position\":2,\"name\":\"Classic Shop\",\"item\":\"https:\/\/dekorativnisvijet.com\/bs\/demos\/shop-demos\/classic-shop\/\"},{\"@type\":\"ListItem\",\"position\":3,\"name\":\"Savr\u0161eno Slatko Iznena\u0111enje\"}]},{\"@type\":\"WebSite\",\"@id\":\"https:\/\/dekorativnisvijet.com\/#website\",\"url\":\"https:\/\/dekorativnisvijet.com\/\",\"name\":\"dekorativnisvijet.com\",\"description\":\"Ru\u010dni rad i personalizovani pokloni\",\"publisher\":{\"@id\":\"https:\/\/dekorativnisvijet.com\/#\/schema\/person\/1defecf5e510b1dc3d648d2741c0252b\"},\"potentialAction\":[{\"@type\":\"SearchAction\",\"target\":{\"@type\":\"EntryPoint\",\"urlTemplate\":\"https:\/\/dekorativnisvijet.com\/?s={search_term_string}\"},\"query-input\":{\"@type\":\"PropertyValueSpecification\",\"valueRequired\":true,\"valueName\":\"search_term_string\"}}],\"inLanguage\":\"bs-BA\"},{\"@type\":[\"Person\",\"Organization\"],\"@id\":\"https:\/\/dekorativnisvijet.com\/#\/schema\/person\/1defecf5e510b1dc3d648d2741c0252b\",\"name\":\"Irhada Kurtalija\",\"image\":{\"@type\":\"ImageObject\",\"inLanguage\":\"bs-BA\",\"@id\":\"https:\/\/dekorativnisvijet.com\/#\/schema\/person\/image\/\",\"url\":\"https:\/\/dekorativnisvijet.com\/wp-content\/uploads\/2025\/12\/logo.jpg\",\"contentUrl\":\"https:\/\/dekorativnisvijet.com\/wp-content\/uploads\/2025\/12\/logo.jpg\",\"width\":1024,\"height\":1024,\"caption\":\"Irhada Kurtalija\"},\"logo\":{\"@id\":\"https:\/\/dekorativnisvijet.com\/#\/schema\/person\/image\/\"},\"sameAs\":[\"https:\/\/www.facebook.com\/profile.php?id=100089319944185\",\"https:\/\/www.instagram.com\/accounts\/edit\/?__coig_login=1\"]}]}<\/script>\n<!-- \/ Yoast SEO plugin. -->","yoast_head_json":{"title":"Savr\u0161eno Slatko Iznena\u0111enje - Dekorativni svijet \u2013 Ru\u010dno ra\u0111eni i personalizirani pokloni","robots":{"index":"index","follow":"follow","max-snippet":"max-snippet:-1","max-image-preview":"max-image-preview:large","max-video-preview":"max-video-preview:-1"},"canonical":"https:\/\/dekorativnisvijet.com\/bs\/proizvod\/savrseno-slatko-iznenadenje\/","og_locale":"bs_BA","og_type":"article","og_title":"Savr\u0161eno Slatko Iznena\u0111enje - Dekorativni svijet \u2013 Ru\u010dno ra\u0111eni i personalizirani pokloni","og_description":"\ud83c\udf81 MOGU\u0106I SADR\u017dAJ (po \u017eelji kupca): \u2714 \u010cokolade (razli\u010dite vrste)\u2714 Bombonijere\u2714 Napolitanke\u2714 Kinder proizvodi\u2714 Keksi\u0107i i mini pakovanja\u2714 \u010cokoladne plo\u010dice\u2714 \u017dele bombone\u2714 Dekoracija i ukrasni papir","og_url":"https:\/\/dekorativnisvijet.com\/bs\/proizvod\/savrseno-slatko-iznenadenje\/","og_site_name":"Dekorativni svijet \u2013 Ru\u010dno ra\u0111eni i personalizirani pokloni","article_publisher":"https:\/\/www.facebook.com\/profile.php?id=100089319944185","og_image":[{"width":1920,"height":2560,"url":"https:\/\/dekorativnisvijet.com\/wp-content\/uploads\/2025\/11\/IMG_1946-scaled.jpeg","type":"image\/jpeg"}],"twitter_card":"summary_large_image","schema":{"@context":"https:\/\/schema.org","@graph":[{"@type":"WebPage","@id":"https:\/\/dekorativnisvijet.com\/bs\/proizvod\/savrseno-slatko-iznenadenje\/","url":"https:\/\/dekorativnisvijet.com\/bs\/proizvod\/savrseno-slatko-iznenadenje\/","name":"Savr\u0161eno Slatko Iznena\u0111enje - Dekorativni svijet \u2013 Ru\u010dno ra\u0111eni i personalizirani pokloni","isPartOf":{"@id":"https:\/\/dekorativnisvijet.com\/#website"},"primaryImageOfPage":{"@id":"https:\/\/dekorativnisvijet.com\/bs\/proizvod\/savrseno-slatko-iznenadenje\/#primaryimage"},"image":{"@id":"https:\/\/dekorativnisvijet.com\/bs\/proizvod\/savrseno-slatko-iznenadenje\/#primaryimage"},"thumbnailUrl":"https:\/\/dekorativnisvijet.com\/wp-content\/uploads\/2025\/11\/IMG_1946-scaled.jpeg","datePublished":"2025-11-24T14:27:42+00:00","breadcrumb":{"@id":"https:\/\/dekorativnisvijet.com\/bs\/proizvod\/savrseno-slatko-iznenadenje\/#breadcrumb"},"inLanguage":"bs-BA","potentialAction":[{"@type":"ReadAction","target":["https:\/\/dekorativnisvijet.com\/bs\/proizvod\/savrseno-slatko-iznenadenje\/"]}]},{"@type":"ImageObject","inLanguage":"bs-BA","@id":"https:\/\/dekorativnisvijet.com\/bs\/proizvod\/savrseno-slatko-iznenadenje\/#primaryimage","url":"https:\/\/dekorativnisvijet.com\/wp-content\/uploads\/2025\/11\/IMG_1946-scaled.jpeg","contentUrl":"https:\/\/dekorativnisvijet.com\/wp-content\/uploads\/2025\/11\/IMG_1946-scaled.jpeg","width":1920,"height":2560},{"@type":"BreadcrumbList","@id":"https:\/\/dekorativnisvijet.com\/bs\/proizvod\/savrseno-slatko-iznenadenje\/#breadcrumb","itemListElement":[{"@type":"ListItem","position":1,"name":"Home","item":"https:\/\/dekorativnisvijet.com\/"},{"@type":"ListItem","position":2,"name":"Classic Shop","item":"https:\/\/dekorativnisvijet.com\/bs\/demos\/shop-demos\/classic-shop\/"},{"@type":"ListItem","position":3,"name":"Savr\u0161eno Slatko Iznena\u0111enje"}]},{"@type":"WebSite","@id":"https:\/\/dekorativnisvijet.com\/#website","url":"https:\/\/dekorativnisvijet.com\/","name":"dekorativnisvijet.com","description":"Ru\u010dni rad i personalizovani pokloni","publisher":{"@id":"https:\/\/dekorativnisvijet.com\/#\/schema\/person\/1defecf5e510b1dc3d648d2741c0252b"},"potentialAction":[{"@type":"SearchAction","target":{"@type":"EntryPoint","urlTemplate":"https:\/\/dekorativnisvijet.com\/?s={search_term_string}"},"query-input":{"@type":"PropertyValueSpecification","valueRequired":true,"valueName":"search_term_string"}}],"inLanguage":"bs-BA"},{"@type":["Person","Organization"],"@id":"https:\/\/dekorativnisvijet.com\/#\/schema\/person\/1defecf5e510b1dc3d648d2741c0252b","name":"Irhada Kurtalija","image":{"@type":"ImageObject","inLanguage":"bs-BA","@id":"https:\/\/dekorativnisvijet.com\/#\/schema\/person\/image\/","url":"https:\/\/dekorativnisvijet.com\/wp-content\/uploads\/2025\/12\/logo.jpg","contentUrl":"https:\/\/dekorativnisvijet.com\/wp-content\/uploads\/2025\/12\/logo.jpg","width":1024,"height":1024,"caption":"Irhada Kurtalija"},"logo":{"@id":"https:\/\/dekorativnisvijet.com\/#\/schema\/person\/image\/"},"sameAs":["https:\/\/www.facebook.com\/profile.php?id=100089319944185","https:\/\/www.instagram.com\/accounts\/edit\/?__coig_login=1"]}]}},"jetpack_sharing_enabled":true,"_links":{"self":[{"href":"https:\/\/dekorativnisvijet.com\/bs\/wp-json\/wp\/v2\/product\/350","targetHints":{"allow":["GET"]}}],"collection":[{"href":"https:\/\/dekorativnisvijet.com\/bs\/wp-json\/wp\/v2\/product"}],"about":[{"href":"https:\/\/dekorativnisvijet.com\/bs\/wp-json\/wp\/v2\/types\/product"}],"replies":[{"embeddable":true,"href":"https:\/\/dekorativnisvijet.com\/bs\/wp-json\/wp\/v2\/comments?post=350"}],"wp:featuredmedia":[{"embeddable":true,"href":"https:\/\/dekorativnisvijet.com\/bs\/wp-json\/wp\/v2\/media\/348"}],"wp:attachment":[{"href":"https:\/\/dekorativnisvijet.com\/bs\/wp-json\/wp\/v2\/media?parent=350"}],"wp:term":[{"taxonomy":"product_brand","embeddable":true,"href":"https:\/\/dekorativnisvijet.com\/bs\/wp-json\/wp\/v2\/product_brand?post=350"},{"taxonomy":"product_cat","embeddable":true,"href":"https:\/\/dekorativnisvijet.com\/bs\/wp-json\/wp\/v2\/product_cat?post=350"},{"taxonomy":"product_tag","embeddable":true,"href":"https:\/\/dekorativnisvijet.com\/bs\/wp-json\/wp\/v2\/product_tag?post=350"}],"curies":[{"name":"wp","href":"https:\/\/api.w.org\/{rel}","templated":true}]}}