{"id":335,"date":"2025-11-24T02:19:50","date_gmt":"2025-11-24T01:19:50","guid":{"rendered":"https:\/\/dekorativnisvijet.com\/?post_type=product&#038;p=335"},"modified":"2025-11-24T02:19:50","modified_gmt":"2025-11-24T01:19:50","slug":"buket-crvenih-ruza","status":"publish","type":"product","link":"https:\/\/dekorativnisvijet.com\/bs\/proizvod\/buket-crvenih-ruza\/","title":{"rendered":"Buket crvenih ru\u017ea"},"content":{"rendered":"<p><img loading=\"lazy\" decoding=\"async\" class=\"alignnone size-medium wp-image-336\" src=\"https:\/\/dekorativnisvijet.com\/wp-content\/uploads\/2025\/11\/buket-225x400.jpg\" alt=\"\" width=\"225\" height=\"400\" srcset=\"https:\/\/dekorativnisvijet.com\/wp-content\/uploads\/2025\/11\/buket-225x400.jpg 225w, https:\/\/dekorativnisvijet.com\/wp-content\/uploads\/2025\/11\/buket-450x800.jpg 450w, https:\/\/dekorativnisvijet.com\/wp-content\/uploads\/2025\/11\/buket-768x1365.jpg 768w, https:\/\/dekorativnisvijet.com\/wp-content\/uploads\/2025\/11\/buket-864x1536.jpg 864w, https:\/\/dekorativnisvijet.com\/wp-content\/uploads\/2025\/11\/buket-7x12.jpg 7w, https:\/\/dekorativnisvijet.com\/wp-content\/uploads\/2025\/11\/buket-600x1067.jpg 600w, https:\/\/dekorativnisvijet.com\/wp-content\/uploads\/2025\/11\/buket.jpg 900w\" sizes=\"auto, (max-width: 225px) 100vw, 225px\" \/> <img loading=\"lazy\" decoding=\"async\" class=\"alignnone size-medium wp-image-337\" src=\"https:\/\/dekorativnisvijet.com\/wp-content\/uploads\/2025\/11\/viber_slika_2025-11-24_01-51-35-153-225x400.jpg\" alt=\"\" width=\"225\" height=\"400\" srcset=\"https:\/\/dekorativnisvijet.com\/wp-content\/uploads\/2025\/11\/viber_slika_2025-11-24_01-51-35-153-225x400.jpg 225w, https:\/\/dekorativnisvijet.com\/wp-content\/uploads\/2025\/11\/viber_slika_2025-11-24_01-51-35-153-450x800.jpg 450w, https:\/\/dekorativnisvijet.com\/wp-content\/uploads\/2025\/11\/viber_slika_2025-11-24_01-51-35-153-768x1365.jpg 768w, https:\/\/dekorativnisvijet.com\/wp-content\/uploads\/2025\/11\/viber_slika_2025-11-24_01-51-35-153-864x1536.jpg 864w, https:\/\/dekorativnisvijet.com\/wp-content\/uploads\/2025\/11\/viber_slika_2025-11-24_01-51-35-153-7x12.jpg 7w, https:\/\/dekorativnisvijet.com\/wp-content\/uploads\/2025\/11\/viber_slika_2025-11-24_01-51-35-153-600x1067.jpg 600w, https:\/\/dekorativnisvijet.com\/wp-content\/uploads\/2025\/11\/viber_slika_2025-11-24_01-51-35-153.jpg 900w\" sizes=\"auto, (max-width: 225px) 100vw, 225px\" \/>Na\u0161e crvene ru\u017ee odi\u0161u luksuzom, stra\u0161\u0107u i besprijekornim stilom. Svaki cvijet je pa\u017eljivo odabran kako bi buket izgledao bogato, uredno i impresivno. Poklon koji ostavlja trag i pamti se.<\/p>","protected":false},"excerpt":{"rendered":"<p data-start=\"133\" data-end=\"313\">Unesite da\u0161ak luksuza u svaki poseban trenutak uz na\u0161e <strong data-start=\"188\" data-end=\"223\">crvene ru\u017ee vrhunskog kvaliteta<\/strong>. Svaka ru\u017ea pa\u017eljivo je odabrana zbog svoje intenzivne boje, svje\u017eine i savr\u0161enog oblika.<\/p>\n<p data-start=\"315\" data-end=\"454\"><strong data-start=\"315\" data-end=\"330\">Idealne za:<\/strong><br data-start=\"330\" data-end=\"333\" \/>\u2013 romanti\u010dne poklone<br data-start=\"353\" data-end=\"356\" \/>\u2013 godi\u0161njice<br data-start=\"368\" data-end=\"371\" \/>\u2013 ro\u0111endane<br data-start=\"382\" data-end=\"385\" \/>\u2013 iznena\u0111enja za voljenu osobu<br data-start=\"415\" data-end=\"418\" \/>\u2013 posebne datume i sve\u010dane prilike<\/p>\n<p data-start=\"456\" data-end=\"649\"><strong data-start=\"456\" data-end=\"492\">Za\u0161to odabrati na\u0161e crvene ru\u017ee?<\/strong><br data-start=\"492\" data-end=\"495\" \/>\u2713 Duboka, intenzivna boja<br data-start=\"520\" data-end=\"523\" \/>\u2713 Dugotrajna svje\u017eina<br data-start=\"544\" data-end=\"547\" \/>\u2713 Savr\u0161eno aran\u017eirane za elegantan izgled<br data-start=\"588\" data-end=\"591\" \/>\u2713 Dostupne u razli\u010ditim koli\u010dinama i stilovima pakovanja<\/p>\n<p data-start=\"651\" data-end=\"762\">Poklonite cvijet koji govori vi\u0161e od rije\u010di.<br data-start=\"695\" data-end=\"698\" \/><strong data-start=\"698\" data-end=\"762\">Crvene ru\u017ee \u2013 bezvremeni klasik koji uvijek ostavlja utisak.<\/strong><\/p>","protected":false},"featured_media":338,"comment_status":"open","ping_status":"closed","template":"","meta":[],"product_brand":[],"product_cat":[70],"product_tag":[],"class_list":{"0":"post-335","1":"product","2":"type-product","3":"status-publish","4":"has-post-thumbnail","6":"product_cat-saten-ruze","8":"first","9":"instock","10":"shipping-taxable","11":"purchasable","12":"product-type-simple"},"yoast_head":"<!-- This site is optimized with the Yoast SEO plugin v26.5 - https:\/\/yoast.com\/wordpress\/plugins\/seo\/ -->\n<title>Buket crvenih ru\u017ea - Dekorativni svijet \u2013 Ru\u010dno ra\u0111eni i personalizirani pokloni<\/title>\n<meta name=\"robots\" content=\"index, follow, max-snippet:-1, max-image-preview:large, max-video-preview:-1\" \/>\n<link rel=\"canonical\" href=\"https:\/\/dekorativnisvijet.com\/bs\/proizvod\/buket-crvenih-ruza\/\" \/>\n<meta property=\"og:locale\" content=\"bs_BA\" \/>\n<meta property=\"og:type\" content=\"article\" \/>\n<meta property=\"og:title\" content=\"Buket crvenih ru\u017ea - Dekorativni svijet \u2013 Ru\u010dno ra\u0111eni i personalizirani pokloni\" \/>\n<meta property=\"og:description\" content=\"Unesite da\u0161ak luksuza u svaki poseban trenutak uz na\u0161e crvene ru\u017ee vrhunskog kvaliteta. Svaka ru\u017ea pa\u017eljivo je odabrana zbog svoje intenzivne boje, svje\u017eine i savr\u0161enog oblika. Idealne za:\u2013 romanti\u010dne poklone\u2013 godi\u0161njice\u2013 ro\u0111endane\u2013 iznena\u0111enja za voljenu osobu\u2013 posebne datume i sve\u010dane prilike Za\u0161to odabrati na\u0161e crvene ru\u017ee?\u2713 Duboka, intenzivna boja\u2713 Dugotrajna svje\u017eina\u2713 Savr\u0161eno aran\u017eirane za elegantan izgled\u2713 Dostupne u razli\u010ditim koli\u010dinama i stilovima pakovanja Poklonite cvijet koji govori vi\u0161e od rije\u010di.Crvene ru\u017ee \u2013 bezvremeni klasik koji uvijek ostavlja utisak.\" \/>\n<meta property=\"og:url\" content=\"https:\/\/dekorativnisvijet.com\/bs\/proizvod\/buket-crvenih-ruza\/\" \/>\n<meta property=\"og:site_name\" content=\"Dekorativni svijet \u2013 Ru\u010dno ra\u0111eni i personalizirani pokloni\" \/>\n<meta property=\"article:publisher\" content=\"https:\/\/www.facebook.com\/profile.php?id=100089319944185\" \/>\n<meta property=\"og:image\" content=\"https:\/\/dekorativnisvijet.com\/wp-content\/uploads\/2025\/11\/viber_slika_2025-11-24_01-51-35-153-1.jpg\" \/>\n\t<meta property=\"og:image:width\" content=\"900\" \/>\n\t<meta property=\"og:image:height\" content=\"1600\" \/>\n\t<meta property=\"og:image:type\" content=\"image\/jpeg\" \/>\n<meta name=\"twitter:card\" content=\"summary_large_image\" \/>\n<script type=\"application\/ld+json\" class=\"yoast-schema-graph\">{\"@context\":\"https:\/\/schema.org\",\"@graph\":[{\"@type\":\"WebPage\",\"@id\":\"https:\/\/dekorativnisvijet.com\/product\/buket-crvenih-ruza\/\",\"url\":\"https:\/\/dekorativnisvijet.com\/product\/buket-crvenih-ruza\/\",\"name\":\"Buket crvenih ru\u017ea - Dekorativni svijet \u2013 Ru\u010dno ra\u0111eni i personalizirani pokloni\",\"isPartOf\":{\"@id\":\"https:\/\/dekorativnisvijet.com\/#website\"},\"primaryImageOfPage\":{\"@id\":\"https:\/\/dekorativnisvijet.com\/product\/buket-crvenih-ruza\/#primaryimage\"},\"image\":{\"@id\":\"https:\/\/dekorativnisvijet.com\/product\/buket-crvenih-ruza\/#primaryimage\"},\"thumbnailUrl\":\"https:\/\/dekorativnisvijet.com\/wp-content\/uploads\/2025\/11\/viber_slika_2025-11-24_01-51-35-153-1.jpg\",\"datePublished\":\"2025-11-24T01:19:50+00:00\",\"breadcrumb\":{\"@id\":\"https:\/\/dekorativnisvijet.com\/product\/buket-crvenih-ruza\/#breadcrumb\"},\"inLanguage\":\"bs-BA\",\"potentialAction\":[{\"@type\":\"ReadAction\",\"target\":[\"https:\/\/dekorativnisvijet.com\/product\/buket-crvenih-ruza\/\"]}]},{\"@type\":\"ImageObject\",\"inLanguage\":\"bs-BA\",\"@id\":\"https:\/\/dekorativnisvijet.com\/product\/buket-crvenih-ruza\/#primaryimage\",\"url\":\"https:\/\/dekorativnisvijet.com\/wp-content\/uploads\/2025\/11\/viber_slika_2025-11-24_01-51-35-153-1.jpg\",\"contentUrl\":\"https:\/\/dekorativnisvijet.com\/wp-content\/uploads\/2025\/11\/viber_slika_2025-11-24_01-51-35-153-1.jpg\",\"width\":900,\"height\":1600},{\"@type\":\"BreadcrumbList\",\"@id\":\"https:\/\/dekorativnisvijet.com\/product\/buket-crvenih-ruza\/#breadcrumb\",\"itemListElement\":[{\"@type\":\"ListItem\",\"position\":1,\"name\":\"Home\",\"item\":\"https:\/\/dekorativnisvijet.com\/\"},{\"@type\":\"ListItem\",\"position\":2,\"name\":\"Classic Shop\",\"item\":\"https:\/\/dekorativnisvijet.com\/bs\/demos\/shop-demos\/classic-shop\/\"},{\"@type\":\"ListItem\",\"position\":3,\"name\":\"Buket crvenih ru\u017ea\"}]},{\"@type\":\"WebSite\",\"@id\":\"https:\/\/dekorativnisvijet.com\/#website\",\"url\":\"https:\/\/dekorativnisvijet.com\/\",\"name\":\"dekorativnisvijet.com\",\"description\":\"Ru\u010dni rad i personalizovani pokloni\",\"publisher\":{\"@id\":\"https:\/\/dekorativnisvijet.com\/#\/schema\/person\/1defecf5e510b1dc3d648d2741c0252b\"},\"potentialAction\":[{\"@type\":\"SearchAction\",\"target\":{\"@type\":\"EntryPoint\",\"urlTemplate\":\"https:\/\/dekorativnisvijet.com\/?s={search_term_string}\"},\"query-input\":{\"@type\":\"PropertyValueSpecification\",\"valueRequired\":true,\"valueName\":\"search_term_string\"}}],\"inLanguage\":\"bs-BA\"},{\"@type\":[\"Person\",\"Organization\"],\"@id\":\"https:\/\/dekorativnisvijet.com\/#\/schema\/person\/1defecf5e510b1dc3d648d2741c0252b\",\"name\":\"Irhada Kurtalija\",\"image\":{\"@type\":\"ImageObject\",\"inLanguage\":\"bs-BA\",\"@id\":\"https:\/\/dekorativnisvijet.com\/#\/schema\/person\/image\/\",\"url\":\"https:\/\/dekorativnisvijet.com\/wp-content\/uploads\/2025\/12\/logo.jpg\",\"contentUrl\":\"https:\/\/dekorativnisvijet.com\/wp-content\/uploads\/2025\/12\/logo.jpg\",\"width\":1024,\"height\":1024,\"caption\":\"Irhada Kurtalija\"},\"logo\":{\"@id\":\"https:\/\/dekorativnisvijet.com\/#\/schema\/person\/image\/\"},\"sameAs\":[\"https:\/\/www.facebook.com\/profile.php?id=100089319944185\",\"https:\/\/www.instagram.com\/accounts\/edit\/?__coig_login=1\"]}]}<\/script>\n<!-- \/ Yoast SEO plugin. -->","yoast_head_json":{"title":"Buket crvenih ru\u017ea - Dekorativni svijet \u2013 Ru\u010dno ra\u0111eni i personalizirani pokloni","robots":{"index":"index","follow":"follow","max-snippet":"max-snippet:-1","max-image-preview":"max-image-preview:large","max-video-preview":"max-video-preview:-1"},"canonical":"https:\/\/dekorativnisvijet.com\/bs\/proizvod\/buket-crvenih-ruza\/","og_locale":"bs_BA","og_type":"article","og_title":"Buket crvenih ru\u017ea - Dekorativni svijet \u2013 Ru\u010dno ra\u0111eni i personalizirani pokloni","og_description":"Unesite da\u0161ak luksuza u svaki poseban trenutak uz na\u0161e crvene ru\u017ee vrhunskog kvaliteta. Svaka ru\u017ea pa\u017eljivo je odabrana zbog svoje intenzivne boje, svje\u017eine i savr\u0161enog oblika. Idealne za:\u2013 romanti\u010dne poklone\u2013 godi\u0161njice\u2013 ro\u0111endane\u2013 iznena\u0111enja za voljenu osobu\u2013 posebne datume i sve\u010dane prilike Za\u0161to odabrati na\u0161e crvene ru\u017ee?\u2713 Duboka, intenzivna boja\u2713 Dugotrajna svje\u017eina\u2713 Savr\u0161eno aran\u017eirane za elegantan izgled\u2713 Dostupne u razli\u010ditim koli\u010dinama i stilovima pakovanja Poklonite cvijet koji govori vi\u0161e od rije\u010di.Crvene ru\u017ee \u2013 bezvremeni klasik koji uvijek ostavlja utisak.","og_url":"https:\/\/dekorativnisvijet.com\/bs\/proizvod\/buket-crvenih-ruza\/","og_site_name":"Dekorativni svijet \u2013 Ru\u010dno ra\u0111eni i personalizirani pokloni","article_publisher":"https:\/\/www.facebook.com\/profile.php?id=100089319944185","og_image":[{"width":900,"height":1600,"url":"https:\/\/dekorativnisvijet.com\/wp-content\/uploads\/2025\/11\/viber_slika_2025-11-24_01-51-35-153-1.jpg","type":"image\/jpeg"}],"twitter_card":"summary_large_image","schema":{"@context":"https:\/\/schema.org","@graph":[{"@type":"WebPage","@id":"https:\/\/dekorativnisvijet.com\/product\/buket-crvenih-ruza\/","url":"https:\/\/dekorativnisvijet.com\/product\/buket-crvenih-ruza\/","name":"Buket crvenih ru\u017ea - Dekorativni svijet \u2013 Ru\u010dno ra\u0111eni i personalizirani pokloni","isPartOf":{"@id":"https:\/\/dekorativnisvijet.com\/#website"},"primaryImageOfPage":{"@id":"https:\/\/dekorativnisvijet.com\/product\/buket-crvenih-ruza\/#primaryimage"},"image":{"@id":"https:\/\/dekorativnisvijet.com\/product\/buket-crvenih-ruza\/#primaryimage"},"thumbnailUrl":"https:\/\/dekorativnisvijet.com\/wp-content\/uploads\/2025\/11\/viber_slika_2025-11-24_01-51-35-153-1.jpg","datePublished":"2025-11-24T01:19:50+00:00","breadcrumb":{"@id":"https:\/\/dekorativnisvijet.com\/product\/buket-crvenih-ruza\/#breadcrumb"},"inLanguage":"bs-BA","potentialAction":[{"@type":"ReadAction","target":["https:\/\/dekorativnisvijet.com\/product\/buket-crvenih-ruza\/"]}]},{"@type":"ImageObject","inLanguage":"bs-BA","@id":"https:\/\/dekorativnisvijet.com\/product\/buket-crvenih-ruza\/#primaryimage","url":"https:\/\/dekorativnisvijet.com\/wp-content\/uploads\/2025\/11\/viber_slika_2025-11-24_01-51-35-153-1.jpg","contentUrl":"https:\/\/dekorativnisvijet.com\/wp-content\/uploads\/2025\/11\/viber_slika_2025-11-24_01-51-35-153-1.jpg","width":900,"height":1600},{"@type":"BreadcrumbList","@id":"https:\/\/dekorativnisvijet.com\/product\/buket-crvenih-ruza\/#breadcrumb","itemListElement":[{"@type":"ListItem","position":1,"name":"Home","item":"https:\/\/dekorativnisvijet.com\/"},{"@type":"ListItem","position":2,"name":"Classic Shop","item":"https:\/\/dekorativnisvijet.com\/bs\/demos\/shop-demos\/classic-shop\/"},{"@type":"ListItem","position":3,"name":"Buket crvenih ru\u017ea"}]},{"@type":"WebSite","@id":"https:\/\/dekorativnisvijet.com\/#website","url":"https:\/\/dekorativnisvijet.com\/","name":"dekorativnisvijet.com","description":"Ru\u010dni rad i personalizovani pokloni","publisher":{"@id":"https:\/\/dekorativnisvijet.com\/#\/schema\/person\/1defecf5e510b1dc3d648d2741c0252b"},"potentialAction":[{"@type":"SearchAction","target":{"@type":"EntryPoint","urlTemplate":"https:\/\/dekorativnisvijet.com\/?s={search_term_string}"},"query-input":{"@type":"PropertyValueSpecification","valueRequired":true,"valueName":"search_term_string"}}],"inLanguage":"bs-BA"},{"@type":["Person","Organization"],"@id":"https:\/\/dekorativnisvijet.com\/#\/schema\/person\/1defecf5e510b1dc3d648d2741c0252b","name":"Irhada Kurtalija","image":{"@type":"ImageObject","inLanguage":"bs-BA","@id":"https:\/\/dekorativnisvijet.com\/#\/schema\/person\/image\/","url":"https:\/\/dekorativnisvijet.com\/wp-content\/uploads\/2025\/12\/logo.jpg","contentUrl":"https:\/\/dekorativnisvijet.com\/wp-content\/uploads\/2025\/12\/logo.jpg","width":1024,"height":1024,"caption":"Irhada Kurtalija"},"logo":{"@id":"https:\/\/dekorativnisvijet.com\/#\/schema\/person\/image\/"},"sameAs":["https:\/\/www.facebook.com\/profile.php?id=100089319944185","https:\/\/www.instagram.com\/accounts\/edit\/?__coig_login=1"]}]}},"jetpack_sharing_enabled":true,"_links":{"self":[{"href":"https:\/\/dekorativnisvijet.com\/bs\/wp-json\/wp\/v2\/product\/335","targetHints":{"allow":["GET"]}}],"collection":[{"href":"https:\/\/dekorativnisvijet.com\/bs\/wp-json\/wp\/v2\/product"}],"about":[{"href":"https:\/\/dekorativnisvijet.com\/bs\/wp-json\/wp\/v2\/types\/product"}],"replies":[{"embeddable":true,"href":"https:\/\/dekorativnisvijet.com\/bs\/wp-json\/wp\/v2\/comments?post=335"}],"wp:featuredmedia":[{"embeddable":true,"href":"https:\/\/dekorativnisvijet.com\/bs\/wp-json\/wp\/v2\/media\/338"}],"wp:attachment":[{"href":"https:\/\/dekorativnisvijet.com\/bs\/wp-json\/wp\/v2\/media?parent=335"}],"wp:term":[{"taxonomy":"product_brand","embeddable":true,"href":"https:\/\/dekorativnisvijet.com\/bs\/wp-json\/wp\/v2\/product_brand?post=335"},{"taxonomy":"product_cat","embeddable":true,"href":"https:\/\/dekorativnisvijet.com\/bs\/wp-json\/wp\/v2\/product_cat?post=335"},{"taxonomy":"product_tag","embeddable":true,"href":"https:\/\/dekorativnisvijet.com\/bs\/wp-json\/wp\/v2\/product_tag?post=335"}],"curies":[{"name":"wp","href":"https:\/\/api.w.org\/{rel}","templated":true}]}}