{"id":331,"date":"2025-11-24T02:16:05","date_gmt":"2025-11-24T01:16:05","guid":{"rendered":"https:\/\/dekorativnisvijet.com\/?post_type=product&#038;p=331"},"modified":"2025-11-24T02:16:05","modified_gmt":"2025-11-24T01:16:05","slug":"buket-101-ruza","status":"publish","type":"product","link":"https:\/\/dekorativnisvijet.com\/bs\/proizvod\/buket-101-ruza\/","title":{"rendered":"Buket 101 ru\u017ea"},"content":{"rendered":"<p><img loading=\"lazy\" decoding=\"async\" class=\"alignnone size-medium wp-image-332\" src=\"https:\/\/dekorativnisvijet.com\/wp-content\/uploads\/2025\/11\/viber_slika_2025-11-24_01-12-45-323-300x400.jpg\" alt=\"\" width=\"300\" height=\"400\" srcset=\"https:\/\/dekorativnisvijet.com\/wp-content\/uploads\/2025\/11\/viber_slika_2025-11-24_01-12-45-323-300x400.jpg 300w, https:\/\/dekorativnisvijet.com\/wp-content\/uploads\/2025\/11\/viber_slika_2025-11-24_01-12-45-323-600x800.jpg 600w, https:\/\/dekorativnisvijet.com\/wp-content\/uploads\/2025\/11\/viber_slika_2025-11-24_01-12-45-323-768x1024.jpg 768w, https:\/\/dekorativnisvijet.com\/wp-content\/uploads\/2025\/11\/viber_slika_2025-11-24_01-12-45-323-1152x1536.jpg 1152w, https:\/\/dekorativnisvijet.com\/wp-content\/uploads\/2025\/11\/viber_slika_2025-11-24_01-12-45-323-9x12.jpg 9w, https:\/\/dekorativnisvijet.com\/wp-content\/uploads\/2025\/11\/viber_slika_2025-11-24_01-12-45-323.jpg 1200w\" sizes=\"auto, (max-width: 300px) 100vw, 300px\" \/> <img loading=\"lazy\" decoding=\"async\" class=\"alignnone size-medium wp-image-333\" src=\"https:\/\/dekorativnisvijet.com\/wp-content\/uploads\/2025\/11\/101-300x400.jpg\" alt=\"\" width=\"300\" height=\"400\" srcset=\"https:\/\/dekorativnisvijet.com\/wp-content\/uploads\/2025\/11\/101-300x400.jpg 300w, https:\/\/dekorativnisvijet.com\/wp-content\/uploads\/2025\/11\/101-600x800.jpg 600w, https:\/\/dekorativnisvijet.com\/wp-content\/uploads\/2025\/11\/101-768x1024.jpg 768w, https:\/\/dekorativnisvijet.com\/wp-content\/uploads\/2025\/11\/101-1152x1536.jpg 1152w, https:\/\/dekorativnisvijet.com\/wp-content\/uploads\/2025\/11\/101-9x12.jpg 9w, https:\/\/dekorativnisvijet.com\/wp-content\/uploads\/2025\/11\/101.jpg 1200w\" sizes=\"auto, (max-width: 300px) 100vw, 300px\" \/> <img loading=\"lazy\" decoding=\"async\" class=\"alignnone size-medium wp-image-334\" src=\"https:\/\/dekorativnisvijet.com\/wp-content\/uploads\/2025\/11\/viber_slika_2025-11-24_01-12-44-922-300x400.jpg\" alt=\"\" width=\"300\" height=\"400\" srcset=\"https:\/\/dekorativnisvijet.com\/wp-content\/uploads\/2025\/11\/viber_slika_2025-11-24_01-12-44-922-300x400.jpg 300w, https:\/\/dekorativnisvijet.com\/wp-content\/uploads\/2025\/11\/viber_slika_2025-11-24_01-12-44-922-600x800.jpg 600w, https:\/\/dekorativnisvijet.com\/wp-content\/uploads\/2025\/11\/viber_slika_2025-11-24_01-12-44-922-768x1024.jpg 768w, https:\/\/dekorativnisvijet.com\/wp-content\/uploads\/2025\/11\/viber_slika_2025-11-24_01-12-44-922-1152x1536.jpg 1152w, https:\/\/dekorativnisvijet.com\/wp-content\/uploads\/2025\/11\/viber_slika_2025-11-24_01-12-44-922-9x12.jpg 9w, https:\/\/dekorativnisvijet.com\/wp-content\/uploads\/2025\/11\/viber_slika_2025-11-24_01-12-44-922.jpg 1200w\" sizes=\"auto, (max-width: 300px) 100vw, 300px\" \/><\/p>","protected":false},"excerpt":{"rendered":"<p>Ponekad je jedna ru\u017ea premalo\u2026<br data-start=\"920\" data-end=\"923\" \/>Zato smo kreirali buket od <strong data-start=\"950\" data-end=\"962\">101 ru\u017ee<\/strong> \u2013 da ka\u017ee sve ono \u0161to rije\u010di ne mogu.<br data-start=\"1000\" data-end=\"1003\" \/>Luksuzni, bogat i potpuno o\u010daravaju\u0107i.<\/p>","protected":false},"featured_media":334,"comment_status":"open","ping_status":"closed","template":"","meta":[],"product_brand":[],"product_cat":[70],"product_tag":[],"class_list":{"0":"post-331","1":"product","2":"type-product","3":"status-publish","4":"has-post-thumbnail","6":"product_cat-saten-ruze","8":"first","9":"instock","10":"shipping-taxable","11":"purchasable","12":"product-type-simple"},"yoast_head":"<!-- This site is optimized with the Yoast SEO plugin v26.5 - https:\/\/yoast.com\/wordpress\/plugins\/seo\/ -->\n<title>Buket 101 ru\u017ea - Dekorativni svijet \u2013 Ru\u010dno ra\u0111eni i personalizirani pokloni<\/title>\n<meta name=\"robots\" content=\"index, follow, max-snippet:-1, max-image-preview:large, max-video-preview:-1\" \/>\n<link rel=\"canonical\" href=\"https:\/\/dekorativnisvijet.com\/bs\/proizvod\/buket-101-ruza\/\" \/>\n<meta property=\"og:locale\" content=\"bs_BA\" \/>\n<meta property=\"og:type\" content=\"article\" \/>\n<meta property=\"og:title\" content=\"Buket 101 ru\u017ea - Dekorativni svijet \u2013 Ru\u010dno ra\u0111eni i personalizirani pokloni\" \/>\n<meta property=\"og:description\" content=\"Ponekad je jedna ru\u017ea premalo\u2026Zato smo kreirali buket od 101 ru\u017ee \u2013 da ka\u017ee sve ono \u0161to rije\u010di ne mogu.Luksuzni, bogat i potpuno o\u010daravaju\u0107i.\" \/>\n<meta property=\"og:url\" content=\"https:\/\/dekorativnisvijet.com\/bs\/proizvod\/buket-101-ruza\/\" \/>\n<meta property=\"og:site_name\" content=\"Dekorativni svijet \u2013 Ru\u010dno ra\u0111eni i personalizirani pokloni\" \/>\n<meta property=\"article:publisher\" content=\"https:\/\/www.facebook.com\/profile.php?id=100089319944185\" \/>\n<meta property=\"og:image\" content=\"https:\/\/dekorativnisvijet.com\/wp-content\/uploads\/2025\/11\/viber_slika_2025-11-24_01-12-44-922.jpg\" \/>\n\t<meta property=\"og:image:width\" content=\"1200\" \/>\n\t<meta property=\"og:image:height\" content=\"1600\" \/>\n\t<meta property=\"og:image:type\" content=\"image\/jpeg\" \/>\n<meta name=\"twitter:card\" content=\"summary_large_image\" \/>\n<script type=\"application\/ld+json\" class=\"yoast-schema-graph\">{\"@context\":\"https:\/\/schema.org\",\"@graph\":[{\"@type\":\"WebPage\",\"@id\":\"https:\/\/dekorativnisvijet.com\/product\/buket-101-ruza\/\",\"url\":\"https:\/\/dekorativnisvijet.com\/product\/buket-101-ruza\/\",\"name\":\"Buket 101 ru\u017ea - Dekorativni svijet \u2013 Ru\u010dno ra\u0111eni i personalizirani pokloni\",\"isPartOf\":{\"@id\":\"https:\/\/dekorativnisvijet.com\/#website\"},\"primaryImageOfPage\":{\"@id\":\"https:\/\/dekorativnisvijet.com\/product\/buket-101-ruza\/#primaryimage\"},\"image\":{\"@id\":\"https:\/\/dekorativnisvijet.com\/product\/buket-101-ruza\/#primaryimage\"},\"thumbnailUrl\":\"https:\/\/dekorativnisvijet.com\/wp-content\/uploads\/2025\/11\/viber_slika_2025-11-24_01-12-44-922.jpg\",\"datePublished\":\"2025-11-24T01:16:05+00:00\",\"breadcrumb\":{\"@id\":\"https:\/\/dekorativnisvijet.com\/product\/buket-101-ruza\/#breadcrumb\"},\"inLanguage\":\"bs-BA\",\"potentialAction\":[{\"@type\":\"ReadAction\",\"target\":[\"https:\/\/dekorativnisvijet.com\/product\/buket-101-ruza\/\"]}]},{\"@type\":\"ImageObject\",\"inLanguage\":\"bs-BA\",\"@id\":\"https:\/\/dekorativnisvijet.com\/product\/buket-101-ruza\/#primaryimage\",\"url\":\"https:\/\/dekorativnisvijet.com\/wp-content\/uploads\/2025\/11\/viber_slika_2025-11-24_01-12-44-922.jpg\",\"contentUrl\":\"https:\/\/dekorativnisvijet.com\/wp-content\/uploads\/2025\/11\/viber_slika_2025-11-24_01-12-44-922.jpg\",\"width\":1200,\"height\":1600},{\"@type\":\"BreadcrumbList\",\"@id\":\"https:\/\/dekorativnisvijet.com\/product\/buket-101-ruza\/#breadcrumb\",\"itemListElement\":[{\"@type\":\"ListItem\",\"position\":1,\"name\":\"Home\",\"item\":\"https:\/\/dekorativnisvijet.com\/\"},{\"@type\":\"ListItem\",\"position\":2,\"name\":\"Classic Shop\",\"item\":\"https:\/\/dekorativnisvijet.com\/bs\/demos\/shop-demos\/classic-shop\/\"},{\"@type\":\"ListItem\",\"position\":3,\"name\":\"Buket 101 ru\u017ea\"}]},{\"@type\":\"WebSite\",\"@id\":\"https:\/\/dekorativnisvijet.com\/#website\",\"url\":\"https:\/\/dekorativnisvijet.com\/\",\"name\":\"dekorativnisvijet.com\",\"description\":\"Ru\u010dni rad i personalizovani pokloni\",\"publisher\":{\"@id\":\"https:\/\/dekorativnisvijet.com\/#\/schema\/person\/1defecf5e510b1dc3d648d2741c0252b\"},\"potentialAction\":[{\"@type\":\"SearchAction\",\"target\":{\"@type\":\"EntryPoint\",\"urlTemplate\":\"https:\/\/dekorativnisvijet.com\/?s={search_term_string}\"},\"query-input\":{\"@type\":\"PropertyValueSpecification\",\"valueRequired\":true,\"valueName\":\"search_term_string\"}}],\"inLanguage\":\"bs-BA\"},{\"@type\":[\"Person\",\"Organization\"],\"@id\":\"https:\/\/dekorativnisvijet.com\/#\/schema\/person\/1defecf5e510b1dc3d648d2741c0252b\",\"name\":\"Irhada Kurtalija\",\"image\":{\"@type\":\"ImageObject\",\"inLanguage\":\"bs-BA\",\"@id\":\"https:\/\/dekorativnisvijet.com\/#\/schema\/person\/image\/\",\"url\":\"https:\/\/dekorativnisvijet.com\/wp-content\/uploads\/2025\/12\/logo.jpg\",\"contentUrl\":\"https:\/\/dekorativnisvijet.com\/wp-content\/uploads\/2025\/12\/logo.jpg\",\"width\":1024,\"height\":1024,\"caption\":\"Irhada Kurtalija\"},\"logo\":{\"@id\":\"https:\/\/dekorativnisvijet.com\/#\/schema\/person\/image\/\"},\"sameAs\":[\"https:\/\/www.facebook.com\/profile.php?id=100089319944185\",\"https:\/\/www.instagram.com\/accounts\/edit\/?__coig_login=1\"]}]}<\/script>\n<!-- \/ Yoast SEO plugin. -->","yoast_head_json":{"title":"Buket 101 ru\u017ea - Dekorativni svijet \u2013 Ru\u010dno ra\u0111eni i personalizirani pokloni","robots":{"index":"index","follow":"follow","max-snippet":"max-snippet:-1","max-image-preview":"max-image-preview:large","max-video-preview":"max-video-preview:-1"},"canonical":"https:\/\/dekorativnisvijet.com\/bs\/proizvod\/buket-101-ruza\/","og_locale":"bs_BA","og_type":"article","og_title":"Buket 101 ru\u017ea - Dekorativni svijet \u2013 Ru\u010dno ra\u0111eni i personalizirani pokloni","og_description":"Ponekad je jedna ru\u017ea premalo\u2026Zato smo kreirali buket od 101 ru\u017ee \u2013 da ka\u017ee sve ono \u0161to rije\u010di ne mogu.Luksuzni, bogat i potpuno o\u010daravaju\u0107i.","og_url":"https:\/\/dekorativnisvijet.com\/bs\/proizvod\/buket-101-ruza\/","og_site_name":"Dekorativni svijet \u2013 Ru\u010dno ra\u0111eni i personalizirani pokloni","article_publisher":"https:\/\/www.facebook.com\/profile.php?id=100089319944185","og_image":[{"width":1200,"height":1600,"url":"https:\/\/dekorativnisvijet.com\/wp-content\/uploads\/2025\/11\/viber_slika_2025-11-24_01-12-44-922.jpg","type":"image\/jpeg"}],"twitter_card":"summary_large_image","schema":{"@context":"https:\/\/schema.org","@graph":[{"@type":"WebPage","@id":"https:\/\/dekorativnisvijet.com\/product\/buket-101-ruza\/","url":"https:\/\/dekorativnisvijet.com\/product\/buket-101-ruza\/","name":"Buket 101 ru\u017ea - Dekorativni svijet \u2013 Ru\u010dno ra\u0111eni i personalizirani pokloni","isPartOf":{"@id":"https:\/\/dekorativnisvijet.com\/#website"},"primaryImageOfPage":{"@id":"https:\/\/dekorativnisvijet.com\/product\/buket-101-ruza\/#primaryimage"},"image":{"@id":"https:\/\/dekorativnisvijet.com\/product\/buket-101-ruza\/#primaryimage"},"thumbnailUrl":"https:\/\/dekorativnisvijet.com\/wp-content\/uploads\/2025\/11\/viber_slika_2025-11-24_01-12-44-922.jpg","datePublished":"2025-11-24T01:16:05+00:00","breadcrumb":{"@id":"https:\/\/dekorativnisvijet.com\/product\/buket-101-ruza\/#breadcrumb"},"inLanguage":"bs-BA","potentialAction":[{"@type":"ReadAction","target":["https:\/\/dekorativnisvijet.com\/product\/buket-101-ruza\/"]}]},{"@type":"ImageObject","inLanguage":"bs-BA","@id":"https:\/\/dekorativnisvijet.com\/product\/buket-101-ruza\/#primaryimage","url":"https:\/\/dekorativnisvijet.com\/wp-content\/uploads\/2025\/11\/viber_slika_2025-11-24_01-12-44-922.jpg","contentUrl":"https:\/\/dekorativnisvijet.com\/wp-content\/uploads\/2025\/11\/viber_slika_2025-11-24_01-12-44-922.jpg","width":1200,"height":1600},{"@type":"BreadcrumbList","@id":"https:\/\/dekorativnisvijet.com\/product\/buket-101-ruza\/#breadcrumb","itemListElement":[{"@type":"ListItem","position":1,"name":"Home","item":"https:\/\/dekorativnisvijet.com\/"},{"@type":"ListItem","position":2,"name":"Classic Shop","item":"https:\/\/dekorativnisvijet.com\/bs\/demos\/shop-demos\/classic-shop\/"},{"@type":"ListItem","position":3,"name":"Buket 101 ru\u017ea"}]},{"@type":"WebSite","@id":"https:\/\/dekorativnisvijet.com\/#website","url":"https:\/\/dekorativnisvijet.com\/","name":"dekorativnisvijet.com","description":"Ru\u010dni rad i personalizovani pokloni","publisher":{"@id":"https:\/\/dekorativnisvijet.com\/#\/schema\/person\/1defecf5e510b1dc3d648d2741c0252b"},"potentialAction":[{"@type":"SearchAction","target":{"@type":"EntryPoint","urlTemplate":"https:\/\/dekorativnisvijet.com\/?s={search_term_string}"},"query-input":{"@type":"PropertyValueSpecification","valueRequired":true,"valueName":"search_term_string"}}],"inLanguage":"bs-BA"},{"@type":["Person","Organization"],"@id":"https:\/\/dekorativnisvijet.com\/#\/schema\/person\/1defecf5e510b1dc3d648d2741c0252b","name":"Irhada Kurtalija","image":{"@type":"ImageObject","inLanguage":"bs-BA","@id":"https:\/\/dekorativnisvijet.com\/#\/schema\/person\/image\/","url":"https:\/\/dekorativnisvijet.com\/wp-content\/uploads\/2025\/12\/logo.jpg","contentUrl":"https:\/\/dekorativnisvijet.com\/wp-content\/uploads\/2025\/12\/logo.jpg","width":1024,"height":1024,"caption":"Irhada Kurtalija"},"logo":{"@id":"https:\/\/dekorativnisvijet.com\/#\/schema\/person\/image\/"},"sameAs":["https:\/\/www.facebook.com\/profile.php?id=100089319944185","https:\/\/www.instagram.com\/accounts\/edit\/?__coig_login=1"]}]}},"jetpack_sharing_enabled":true,"_links":{"self":[{"href":"https:\/\/dekorativnisvijet.com\/bs\/wp-json\/wp\/v2\/product\/331","targetHints":{"allow":["GET"]}}],"collection":[{"href":"https:\/\/dekorativnisvijet.com\/bs\/wp-json\/wp\/v2\/product"}],"about":[{"href":"https:\/\/dekorativnisvijet.com\/bs\/wp-json\/wp\/v2\/types\/product"}],"replies":[{"embeddable":true,"href":"https:\/\/dekorativnisvijet.com\/bs\/wp-json\/wp\/v2\/comments?post=331"}],"wp:featuredmedia":[{"embeddable":true,"href":"https:\/\/dekorativnisvijet.com\/bs\/wp-json\/wp\/v2\/media\/334"}],"wp:attachment":[{"href":"https:\/\/dekorativnisvijet.com\/bs\/wp-json\/wp\/v2\/media?parent=331"}],"wp:term":[{"taxonomy":"product_brand","embeddable":true,"href":"https:\/\/dekorativnisvijet.com\/bs\/wp-json\/wp\/v2\/product_brand?post=331"},{"taxonomy":"product_cat","embeddable":true,"href":"https:\/\/dekorativnisvijet.com\/bs\/wp-json\/wp\/v2\/product_cat?post=331"},{"taxonomy":"product_tag","embeddable":true,"href":"https:\/\/dekorativnisvijet.com\/bs\/wp-json\/wp\/v2\/product_tag?post=331"}],"curies":[{"name":"wp","href":"https:\/\/api.w.org\/{rel}","templated":true}]}}