{"id":329,"date":"2025-11-24T01:40:31","date_gmt":"2025-11-24T00:40:31","guid":{"rendered":"https:\/\/dekorativnisvijet.com\/?post_type=product&#038;p=329"},"modified":"2025-11-24T01:40:31","modified_gmt":"2025-11-24T00:40:31","slug":"buket","status":"publish","type":"product","link":"https:\/\/dekorativnisvijet.com\/bs\/proizvod\/buket\/","title":{"rendered":"Buket"},"content":{"rendered":"<p><img loading=\"lazy\" decoding=\"async\" class=\"alignnone size-medium wp-image-328\" src=\"https:\/\/dekorativnisvijet.com\/wp-content\/uploads\/2025\/11\/IMG_4459-1-300x400.jpeg\" alt=\"\" width=\"300\" height=\"400\" srcset=\"https:\/\/dekorativnisvijet.com\/wp-content\/uploads\/2025\/11\/IMG_4459-1-300x400.jpeg 300w, https:\/\/dekorativnisvijet.com\/wp-content\/uploads\/2025\/11\/IMG_4459-1-600x800.jpeg 600w, https:\/\/dekorativnisvijet.com\/wp-content\/uploads\/2025\/11\/IMG_4459-1-768x1024.jpeg 768w, https:\/\/dekorativnisvijet.com\/wp-content\/uploads\/2025\/11\/IMG_4459-1-1152x1536.jpeg 1152w, https:\/\/dekorativnisvijet.com\/wp-content\/uploads\/2025\/11\/IMG_4459-1-1536x2048.jpeg 1536w, https:\/\/dekorativnisvijet.com\/wp-content\/uploads\/2025\/11\/IMG_4459-1-9x12.jpeg 9w, https:\/\/dekorativnisvijet.com\/wp-content\/uploads\/2025\/11\/IMG_4459-1-1320x1760.jpeg 1320w, https:\/\/dekorativnisvijet.com\/wp-content\/uploads\/2025\/11\/IMG_4459-1-scaled.jpeg 1920w\" sizes=\"auto, (max-width: 300px) 100vw, 300px\" \/><\/p>","protected":false},"excerpt":{"rendered":"<p>Neka va\u0161e rije\u010di traju du\u017ee od svje\u017eeg cvijeta.<br data-start=\"701\" data-end=\"704\" \/><strong data-start=\"704\" data-end=\"731\">Buket od satenskih ru\u017ea<\/strong> \u010duva uspomene \u2014 ru\u010dno ra\u0111en, mekan, nje\u017ean i vje\u010dan. Savr\u0161en poklon za voljenu osobu, godi\u0161njice, ro\u0111endane i dane za pam\u0107enje.<\/p>","protected":false},"featured_media":328,"comment_status":"open","ping_status":"closed","template":"","meta":[],"product_brand":[],"product_cat":[70],"product_tag":[],"class_list":{"0":"post-329","1":"product","2":"type-product","3":"status-publish","4":"has-post-thumbnail","6":"product_cat-saten-ruze","8":"first","9":"instock","10":"shipping-taxable","11":"purchasable","12":"product-type-simple"},"yoast_head":"<!-- This site is optimized with the Yoast SEO plugin v26.5 - https:\/\/yoast.com\/wordpress\/plugins\/seo\/ -->\n<title>Buket - Dekorativni svijet \u2013 Ru\u010dno ra\u0111eni i personalizirani pokloni<\/title>\n<meta name=\"robots\" content=\"index, follow, max-snippet:-1, max-image-preview:large, max-video-preview:-1\" \/>\n<link rel=\"canonical\" href=\"https:\/\/dekorativnisvijet.com\/bs\/proizvod\/buket\/\" \/>\n<meta property=\"og:locale\" content=\"bs_BA\" \/>\n<meta property=\"og:type\" content=\"article\" \/>\n<meta property=\"og:title\" content=\"Buket - Dekorativni svijet \u2013 Ru\u010dno ra\u0111eni i personalizirani pokloni\" \/>\n<meta property=\"og:description\" content=\"Neka va\u0161e rije\u010di traju du\u017ee od svje\u017eeg cvijeta.Buket od satenskih ru\u017ea \u010duva uspomene \u2014 ru\u010dno ra\u0111en, mekan, nje\u017ean i vje\u010dan. Savr\u0161en poklon za voljenu osobu, godi\u0161njice, ro\u0111endane i dane za pam\u0107enje.\" \/>\n<meta property=\"og:url\" content=\"https:\/\/dekorativnisvijet.com\/bs\/proizvod\/buket\/\" \/>\n<meta property=\"og:site_name\" content=\"Dekorativni svijet \u2013 Ru\u010dno ra\u0111eni i personalizirani pokloni\" \/>\n<meta property=\"article:publisher\" content=\"https:\/\/www.facebook.com\/profile.php?id=100089319944185\" \/>\n<meta property=\"og:image\" content=\"https:\/\/dekorativnisvijet.com\/wp-content\/uploads\/2025\/11\/IMG_4459-1-scaled.jpeg\" \/>\n\t<meta property=\"og:image:width\" content=\"1920\" \/>\n\t<meta property=\"og:image:height\" content=\"2560\" \/>\n\t<meta property=\"og:image:type\" content=\"image\/jpeg\" \/>\n<meta name=\"twitter:card\" content=\"summary_large_image\" \/>\n<script type=\"application\/ld+json\" class=\"yoast-schema-graph\">{\"@context\":\"https:\/\/schema.org\",\"@graph\":[{\"@type\":\"WebPage\",\"@id\":\"https:\/\/dekorativnisvijet.com\/product\/buket\/\",\"url\":\"https:\/\/dekorativnisvijet.com\/product\/buket\/\",\"name\":\"Buket - Dekorativni svijet \u2013 Ru\u010dno ra\u0111eni i personalizirani pokloni\",\"isPartOf\":{\"@id\":\"https:\/\/dekorativnisvijet.com\/#website\"},\"primaryImageOfPage\":{\"@id\":\"https:\/\/dekorativnisvijet.com\/product\/buket\/#primaryimage\"},\"image\":{\"@id\":\"https:\/\/dekorativnisvijet.com\/product\/buket\/#primaryimage\"},\"thumbnailUrl\":\"https:\/\/dekorativnisvijet.com\/wp-content\/uploads\/2025\/11\/IMG_4459-1-scaled.jpeg\",\"datePublished\":\"2025-11-24T00:40:31+00:00\",\"breadcrumb\":{\"@id\":\"https:\/\/dekorativnisvijet.com\/product\/buket\/#breadcrumb\"},\"inLanguage\":\"bs-BA\",\"potentialAction\":[{\"@type\":\"ReadAction\",\"target\":[\"https:\/\/dekorativnisvijet.com\/product\/buket\/\"]}]},{\"@type\":\"ImageObject\",\"inLanguage\":\"bs-BA\",\"@id\":\"https:\/\/dekorativnisvijet.com\/product\/buket\/#primaryimage\",\"url\":\"https:\/\/dekorativnisvijet.com\/wp-content\/uploads\/2025\/11\/IMG_4459-1-scaled.jpeg\",\"contentUrl\":\"https:\/\/dekorativnisvijet.com\/wp-content\/uploads\/2025\/11\/IMG_4459-1-scaled.jpeg\",\"width\":1920,\"height\":2560},{\"@type\":\"BreadcrumbList\",\"@id\":\"https:\/\/dekorativnisvijet.com\/product\/buket\/#breadcrumb\",\"itemListElement\":[{\"@type\":\"ListItem\",\"position\":1,\"name\":\"Home\",\"item\":\"https:\/\/dekorativnisvijet.com\/\"},{\"@type\":\"ListItem\",\"position\":2,\"name\":\"Classic Shop\",\"item\":\"https:\/\/dekorativnisvijet.com\/bs\/demos\/shop-demos\/classic-shop\/\"},{\"@type\":\"ListItem\",\"position\":3,\"name\":\"Buket\"}]},{\"@type\":\"WebSite\",\"@id\":\"https:\/\/dekorativnisvijet.com\/#website\",\"url\":\"https:\/\/dekorativnisvijet.com\/\",\"name\":\"dekorativnisvijet.com\",\"description\":\"Ru\u010dni rad i personalizovani pokloni\",\"publisher\":{\"@id\":\"https:\/\/dekorativnisvijet.com\/#\/schema\/person\/1defecf5e510b1dc3d648d2741c0252b\"},\"potentialAction\":[{\"@type\":\"SearchAction\",\"target\":{\"@type\":\"EntryPoint\",\"urlTemplate\":\"https:\/\/dekorativnisvijet.com\/?s={search_term_string}\"},\"query-input\":{\"@type\":\"PropertyValueSpecification\",\"valueRequired\":true,\"valueName\":\"search_term_string\"}}],\"inLanguage\":\"bs-BA\"},{\"@type\":[\"Person\",\"Organization\"],\"@id\":\"https:\/\/dekorativnisvijet.com\/#\/schema\/person\/1defecf5e510b1dc3d648d2741c0252b\",\"name\":\"Irhada Kurtalija\",\"image\":{\"@type\":\"ImageObject\",\"inLanguage\":\"bs-BA\",\"@id\":\"https:\/\/dekorativnisvijet.com\/#\/schema\/person\/image\/\",\"url\":\"https:\/\/dekorativnisvijet.com\/wp-content\/uploads\/2025\/12\/logo.jpg\",\"contentUrl\":\"https:\/\/dekorativnisvijet.com\/wp-content\/uploads\/2025\/12\/logo.jpg\",\"width\":1024,\"height\":1024,\"caption\":\"Irhada Kurtalija\"},\"logo\":{\"@id\":\"https:\/\/dekorativnisvijet.com\/#\/schema\/person\/image\/\"},\"sameAs\":[\"https:\/\/www.facebook.com\/profile.php?id=100089319944185\",\"https:\/\/www.instagram.com\/accounts\/edit\/?__coig_login=1\"]}]}<\/script>\n<!-- \/ Yoast SEO plugin. -->","yoast_head_json":{"title":"Buket - Dekorativni svijet \u2013 Ru\u010dno ra\u0111eni i personalizirani pokloni","robots":{"index":"index","follow":"follow","max-snippet":"max-snippet:-1","max-image-preview":"max-image-preview:large","max-video-preview":"max-video-preview:-1"},"canonical":"https:\/\/dekorativnisvijet.com\/bs\/proizvod\/buket\/","og_locale":"bs_BA","og_type":"article","og_title":"Buket - Dekorativni svijet \u2013 Ru\u010dno ra\u0111eni i personalizirani pokloni","og_description":"Neka va\u0161e rije\u010di traju du\u017ee od svje\u017eeg cvijeta.Buket od satenskih ru\u017ea \u010duva uspomene \u2014 ru\u010dno ra\u0111en, mekan, nje\u017ean i vje\u010dan. Savr\u0161en poklon za voljenu osobu, godi\u0161njice, ro\u0111endane i dane za pam\u0107enje.","og_url":"https:\/\/dekorativnisvijet.com\/bs\/proizvod\/buket\/","og_site_name":"Dekorativni svijet \u2013 Ru\u010dno ra\u0111eni i personalizirani pokloni","article_publisher":"https:\/\/www.facebook.com\/profile.php?id=100089319944185","og_image":[{"width":1920,"height":2560,"url":"https:\/\/dekorativnisvijet.com\/wp-content\/uploads\/2025\/11\/IMG_4459-1-scaled.jpeg","type":"image\/jpeg"}],"twitter_card":"summary_large_image","schema":{"@context":"https:\/\/schema.org","@graph":[{"@type":"WebPage","@id":"https:\/\/dekorativnisvijet.com\/product\/buket\/","url":"https:\/\/dekorativnisvijet.com\/product\/buket\/","name":"Buket - Dekorativni svijet \u2013 Ru\u010dno ra\u0111eni i personalizirani pokloni","isPartOf":{"@id":"https:\/\/dekorativnisvijet.com\/#website"},"primaryImageOfPage":{"@id":"https:\/\/dekorativnisvijet.com\/product\/buket\/#primaryimage"},"image":{"@id":"https:\/\/dekorativnisvijet.com\/product\/buket\/#primaryimage"},"thumbnailUrl":"https:\/\/dekorativnisvijet.com\/wp-content\/uploads\/2025\/11\/IMG_4459-1-scaled.jpeg","datePublished":"2025-11-24T00:40:31+00:00","breadcrumb":{"@id":"https:\/\/dekorativnisvijet.com\/product\/buket\/#breadcrumb"},"inLanguage":"bs-BA","potentialAction":[{"@type":"ReadAction","target":["https:\/\/dekorativnisvijet.com\/product\/buket\/"]}]},{"@type":"ImageObject","inLanguage":"bs-BA","@id":"https:\/\/dekorativnisvijet.com\/product\/buket\/#primaryimage","url":"https:\/\/dekorativnisvijet.com\/wp-content\/uploads\/2025\/11\/IMG_4459-1-scaled.jpeg","contentUrl":"https:\/\/dekorativnisvijet.com\/wp-content\/uploads\/2025\/11\/IMG_4459-1-scaled.jpeg","width":1920,"height":2560},{"@type":"BreadcrumbList","@id":"https:\/\/dekorativnisvijet.com\/product\/buket\/#breadcrumb","itemListElement":[{"@type":"ListItem","position":1,"name":"Home","item":"https:\/\/dekorativnisvijet.com\/"},{"@type":"ListItem","position":2,"name":"Classic Shop","item":"https:\/\/dekorativnisvijet.com\/bs\/demos\/shop-demos\/classic-shop\/"},{"@type":"ListItem","position":3,"name":"Buket"}]},{"@type":"WebSite","@id":"https:\/\/dekorativnisvijet.com\/#website","url":"https:\/\/dekorativnisvijet.com\/","name":"dekorativnisvijet.com","description":"Ru\u010dni rad i personalizovani pokloni","publisher":{"@id":"https:\/\/dekorativnisvijet.com\/#\/schema\/person\/1defecf5e510b1dc3d648d2741c0252b"},"potentialAction":[{"@type":"SearchAction","target":{"@type":"EntryPoint","urlTemplate":"https:\/\/dekorativnisvijet.com\/?s={search_term_string}"},"query-input":{"@type":"PropertyValueSpecification","valueRequired":true,"valueName":"search_term_string"}}],"inLanguage":"bs-BA"},{"@type":["Person","Organization"],"@id":"https:\/\/dekorativnisvijet.com\/#\/schema\/person\/1defecf5e510b1dc3d648d2741c0252b","name":"Irhada Kurtalija","image":{"@type":"ImageObject","inLanguage":"bs-BA","@id":"https:\/\/dekorativnisvijet.com\/#\/schema\/person\/image\/","url":"https:\/\/dekorativnisvijet.com\/wp-content\/uploads\/2025\/12\/logo.jpg","contentUrl":"https:\/\/dekorativnisvijet.com\/wp-content\/uploads\/2025\/12\/logo.jpg","width":1024,"height":1024,"caption":"Irhada Kurtalija"},"logo":{"@id":"https:\/\/dekorativnisvijet.com\/#\/schema\/person\/image\/"},"sameAs":["https:\/\/www.facebook.com\/profile.php?id=100089319944185","https:\/\/www.instagram.com\/accounts\/edit\/?__coig_login=1"]}]}},"jetpack_sharing_enabled":true,"_links":{"self":[{"href":"https:\/\/dekorativnisvijet.com\/bs\/wp-json\/wp\/v2\/product\/329","targetHints":{"allow":["GET"]}}],"collection":[{"href":"https:\/\/dekorativnisvijet.com\/bs\/wp-json\/wp\/v2\/product"}],"about":[{"href":"https:\/\/dekorativnisvijet.com\/bs\/wp-json\/wp\/v2\/types\/product"}],"replies":[{"embeddable":true,"href":"https:\/\/dekorativnisvijet.com\/bs\/wp-json\/wp\/v2\/comments?post=329"}],"wp:featuredmedia":[{"embeddable":true,"href":"https:\/\/dekorativnisvijet.com\/bs\/wp-json\/wp\/v2\/media\/328"}],"wp:attachment":[{"href":"https:\/\/dekorativnisvijet.com\/bs\/wp-json\/wp\/v2\/media?parent=329"}],"wp:term":[{"taxonomy":"product_brand","embeddable":true,"href":"https:\/\/dekorativnisvijet.com\/bs\/wp-json\/wp\/v2\/product_brand?post=329"},{"taxonomy":"product_cat","embeddable":true,"href":"https:\/\/dekorativnisvijet.com\/bs\/wp-json\/wp\/v2\/product_cat?post=329"},{"taxonomy":"product_tag","embeddable":true,"href":"https:\/\/dekorativnisvijet.com\/bs\/wp-json\/wp\/v2\/product_tag?post=329"}],"curies":[{"name":"wp","href":"https:\/\/api.w.org\/{rel}","templated":true}]}}